{"id":28015,"date":"2026-01-31T14:34:10","date_gmt":"2026-01-31T13:34:10","guid":{"rendered":"https:\/\/costablancabuyers.com\/unsere-leistungen\/"},"modified":"2026-03-25T13:37:59","modified_gmt":"2026-03-25T12:37:59","slug":"unsere-leistungen","status":"publish","type":"page","link":"https:\/\/costablancabuyers.com\/de\/unsere-leistungen\/","title":{"rendered":"Leistungen"},"content":{"rendered":"\t\t<div data-elementor-type=\"wp-page\" data-elementor-id=\"28015\" class=\"elementor elementor-28015 elementor-7611\" data-elementor-post-type=\"page\">\n\t\t\t\t<div class=\"elementor-element elementor-element-5c4bcc92 e-flex e-con-boxed e-con e-parent\" data-id=\"5c4bcc92\" data-element_type=\"container\" data-e-type=\"container\" data-settings=\"{&quot;background_background&quot;:&quot;classic&quot;}\">\n\t\t\t\t\t<div class=\"e-con-inner\">\n\t\t\t\t\t<\/div>\n\t\t\t\t<\/div>\n\t\t<div class=\"elementor-element elementor-element-2d86404 e-flex e-con-boxed e-con e-parent\" data-id=\"2d86404\" data-element_type=\"container\" data-e-type=\"container\">\n\t\t\t\t\t<div class=\"e-con-inner\">\n\t\t\t\t<div class=\"elementor-element elementor-element-54842bd elementor-widget elementor-widget-heading\" data-id=\"54842bd\" data-element_type=\"widget\" data-e-type=\"widget\" data-widget_type=\"heading.default\">\n\t\t\t\t\t<h1 class=\"elementor-heading-title elementor-size-default\">Leistungen<\/h1>\t\t\t\t<\/div>\n\t\t\t\t<div class=\"elementor-element elementor-element-43a7b10 elementor-widget elementor-widget-text-editor\" data-id=\"43a7b10\" data-element_type=\"widget\" data-e-type=\"widget\" data-widget_type=\"text-editor.default\">\n\t\t\t\t\t\t\t\t\tWir handeln ausschlie\u00dflich im Interesse der K\u00e4ufer und sch\u00fctzen Ihre Interessen in jedem Schritt. Unsere Aufgabe ist es, korrekte und gepr\u00fcfte Informationen zu sammeln, vertrauensw\u00fcrdige Fachleute zu koordinieren und sicherzustellen, dass jede Entscheidung auf Fakten basiert \u2013 nicht auf Annahmen.<br><ol>\r\n \t<li><strong>Immobilien- &amp; Rechtspr\u00fcfung<\/strong>\r\nWir pr\u00fcfen vor dem Kauf den rechtlichen Status, die Eigentumsverh\u00e4ltnisse, Grundbucheintr\u00e4ge, bestehende Schulden, Baugenehmigungen sowie Gemeinschaftskosten. Keine \u00dcberraschungen nach dem Kauf.<\/li>\r\n \t<li><strong>NIE-Nummer &amp; rechtliche Einrichtung<\/strong>\r\nWir organisieren Ihre NIE-Nummer, koordinieren Anw\u00e4lte und Notare und stellen sicher, dass alle Unterlagen den spanischen gesetzlichen Vorgaben entsprechen.<\/li>\r\n \t<li><strong>Er\u00f6ffnung eines spanischen Bankkontos<\/strong>\r\nWir unterst\u00fctzen Sie bei der Er\u00f6ffnung eines spanischen Bankkontos, das f\u00fcr den Immobilienkauf, Versorgungsleistungen, Steuern und laufende Zahlungen erforderlich ist.<\/li>\r\n \t<li><strong>Hypothekenberatung<\/strong>\r\nWir bringen Sie mit zuverl\u00e4ssigen Banken und Hypothekenvermittlern zusammen, erkl\u00e4ren die Bedingungen klar, vergleichen Angebote und begleiten Sie bis zur Genehmigung.<\/li>\r\n \t<li><strong>Dokumenten\u00fcbersetzung<\/strong>\r\nWir organisieren professionelle \u00dcbersetzungen, damit Sie Vertr\u00e4ge, Kaufurkunden und offizielle Dokumente vor der Unterzeichnung vollst\u00e4ndig verstehen.<\/li>\r\n \t<li><strong>Notar- &amp; Kaufabwicklung<\/strong>\r\nWir koordinieren den gesamten Kaufprozess: Reservierungs- und Anzahlungsvertr\u00e4ge, Notartermin, Vollmacht falls erforderlich sowie die finale Unterzeichnung der Kaufurkunde.<\/li>\r\n \t<li><strong>Eintragung ins Grundbuch<\/strong>\r\nWir stellen sicher, dass die Immobilie nach dem Kauf korrekt auf Ihren Namen im spanischen Grundbuch (Registro de la Propiedad) eingetragen wird.<\/li>\r\n \t<li><strong>Versicherungen<\/strong>\r\nWir unterst\u00fctzen bei Haus-, Auto- und Krankenversicherungen und arbeiten mit etablierten Versicherern zusammen, um einen passenden Versicherungsschutz zu gew\u00e4hrleisten.<\/li>\r\n \t<li><strong>Umzug &amp; lokale Unterst\u00fctzung<\/strong>\r\nWir bieten verl\u00e4ssliche lokale Unterst\u00fctzung f\u00fcr den Alltag: Versorgungsanschl\u00fcsse, Internet, Anmeldung bei der Gemeinde sowie praktische Hilfe beim Ankommen.<\/li>\r\n \t<li><strong>Schulen &amp; Universit\u00e4ten<\/strong>\r\nWir unterst\u00fctzen Familien bei der Anmeldung an Schulen oder Universit\u00e4ten, einschlie\u00dflich \u00f6ffentlicher, privater und internationaler Einrichtungen an der Costa Blanca.<\/li>\r\n \t<li><strong>Neubau &amp; Renovierung<\/strong>\r\nBei Neubauten oder Renovierungen vermitteln wir gepr\u00fcfte Architekten, Bauunternehmen und Projektmanager und helfen, Zeitpl\u00e4ne und Genehmigungen zu verstehen.<\/li>\r\n \t<li><strong>Aufenthaltsrecht &amp; Relocation-Service<\/strong>\r\nWir begleiten Sie bei spanischen Aufenthalts- und Residenzoptionen, erkl\u00e4ren Voraussetzungen und koordinieren mit spezialisierten Einwanderungsexperten.<\/li>\r\n<\/ol><br><strong>Unser Versprechen<\/strong><br><br>Wir arbeiten mit einem sorgf\u00e4ltig ausgew\u00e4hlten Netzwerk aus Anw\u00e4lten, Notaren, Banken und Fachleuten zusammen. Unser Ziel ist klar: Transparenz, Sicherheit und ein reibungsloser Kauf ohne versteckte Risiken. Sie sind informiert, gesch\u00fctzt und begleitet \u2013 von der ersten Besichtigung bis weit \u00fcber den Kauf hinaus.<br><br><strong>Costa Blanca Buyers by Yohanne &amp; Jacqueline<\/strong>\t\t\t\t\t\t\t\t<\/div>\n\t\t\t\t\t<\/div>\n\t\t\t\t<\/div>\n\t\t<div class=\"elementor-element elementor-element-5a351bf e-flex e-con-boxed e-con e-parent\" data-id=\"5a351bf\" data-element_type=\"container\" data-e-type=\"container\">\n\t\t\t\t\t<div class=\"e-con-inner\">\n\t\t\t\t<div class=\"elementor-element elementor-element-73b2168d elementor-widget elementor-widget-heading\" data-id=\"73b2168d\" data-element_type=\"widget\" data-e-type=\"widget\" data-widget_type=\"heading.default\">\n\t\t\t\t\t<h2 class=\"elementor-heading-title elementor-size-default\">Nehmen Sie Kontakt auf<\/h2>\t\t\t\t<\/div>\n\t\t\t\t<div class=\"elementor-element elementor-element-56bd8536 elementor-button-align-start elementor-widget elementor-widget-global elementor-global-28108 elementor-global-8047 elementor-widget-form\" data-id=\"56bd8536\" data-element_type=\"widget\" data-e-type=\"widget\" data-settings=\"{&quot;button_width&quot;:&quot;25&quot;,&quot;step_next_label&quot;:&quot;Weiter&quot;,&quot;step_previous_label&quot;:&quot;Zur\\u00fcck&quot;,&quot;step_type&quot;:&quot;number_text&quot;,&quot;step_icon_shape&quot;:&quot;circle&quot;}\" data-widget_type=\"form.default\">\n\t\t\t\t\t\t\t<form class=\"elementor-form\" method=\"post\" id=\"getintouch\" name=\"Nehmen Sie Kontakt auf\" aria-label=\"Nehmen Sie Kontakt auf\">\n\t\t\t<input type=\"hidden\" name=\"post_id\" value=\"28015\"\/>\n\t\t\t<input type=\"hidden\" name=\"form_id\" value=\"56bd8536\"\/>\n\t\t\t<input type=\"hidden\" name=\"referer_title\" value=\"Costa Blanca Buyers by Yohanne &amp; Jacqueline\" \/>\n\n\t\t\t\n\t\t\t<div class=\"elementor-form-fields-wrapper elementor-labels-\">\n\t\t\t\t\t\t\t\t<div class=\"elementor-field-type-text elementor-field-group elementor-column elementor-field-group-name elementor-col-100\">\n\t\t\t\t\t\t\t\t\t\t\t\t<label for=\"form-field-name\" class=\"elementor-field-label elementor-screen-only\">\n\t\t\t\t\t\t\t\tName\t\t\t\t\t\t\t<\/label>\n\t\t\t\t\t\t\t\t\t\t\t\t\t\t<input size=\"1\" type=\"text\" name=\"form_fields[name]\" id=\"form-field-name\" class=\"elementor-field elementor-size-sm  elementor-field-textual\" placeholder=\"Name\">\n\t\t\t\t\t\t\t\t\t\t\t<\/div>\n\t\t\t\t\t\t\t\t<div class=\"elementor-field-type-email elementor-field-group elementor-column elementor-field-group-email elementor-col-100 elementor-field-required\">\n\t\t\t\t\t\t\t\t\t\t\t\t<label for=\"form-field-email\" class=\"elementor-field-label elementor-screen-only\">\n\t\t\t\t\t\t\t\tEmail\t\t\t\t\t\t\t<\/label>\n\t\t\t\t\t\t\t\t\t\t\t\t\t\t<input size=\"1\" type=\"email\" name=\"form_fields[email]\" id=\"form-field-email\" class=\"elementor-field elementor-size-sm  elementor-field-textual\" placeholder=\"Email\" required=\"required\">\n\t\t\t\t\t\t\t\t\t\t\t<\/div>\n\t\t\t\t\t\t\t\t<div class=\"elementor-field-type-tel elementor-field-group elementor-column elementor-field-group-phone elementor-col-100\">\n\t\t\t\t\t\t\t\t\t\t\t\t<label for=\"form-field-phone\" class=\"elementor-field-label elementor-screen-only\">\n\t\t\t\t\t\t\t\tTelefon\t\t\t\t\t\t\t<\/label>\n\t\t\t\t\t\t\t\t<input size=\"1\" type=\"tel\" name=\"form_fields[phone]\" id=\"form-field-phone\" class=\"elementor-field elementor-size-sm  elementor-field-textual\" placeholder=\"Telefon \/ WhatsApp Nummer\" pattern=\"[0-9()#&amp;+*-=.]+\" title=\"Nur Nummern oder Telefon-Zeichen (#, -, *, etc) werden akzeptiert.\">\n\n\t\t\t\t\t\t<\/div>\n\t\t\t\t\t\t\t\t<div class=\"elementor-field-type-select elementor-field-group elementor-column elementor-field-group-field_60ba265 elementor-col-100 elementor-field-required\">\n\t\t\t\t\t\t\t\t\t\t\t\t<label for=\"form-field-field_60ba265\" class=\"elementor-field-label elementor-screen-only\">\n\t\t\t\t\t\t\t\tIch interessiere mich f\u00fcr:\t\t\t\t\t\t\t<\/label>\n\t\t\t\t\t\t\t\t<div class=\"elementor-field elementor-select-wrapper remove-before \">\n\t\t\t<div class=\"select-caret-down-wrapper\">\n\t\t\t\t<svg aria-hidden=\"true\" class=\"e-font-icon-svg e-eicon-caret-down\" viewBox=\"0 0 571.4 571.4\" xmlns=\"http:\/\/www.w3.org\/2000\/svg\"><path d=\"M571 393Q571 407 561 418L311 668Q300 679 286 679T261 668L11 418Q0 407 0 393T11 368 36 357H536Q550 357 561 368T571 393Z\"><\/path><\/svg>\t\t\t<\/div>\n\t\t\t<select name=\"form_fields[field_60ba265]\" id=\"form-field-field_60ba265\" class=\"elementor-field-textual elementor-size-sm\" required=\"required\">\n\t\t\t\t\t\t\t\t\t<option value=\"Ich interessiere mich f\u00fcr:\">Ich interessiere mich f\u00fcr:<\/option>\n\t\t\t\t\t\t\t\t\t<option value=\"Diese Immobilie\">Diese Immobilie<\/option>\n\t\t\t\t\t\t\t\t\t<option value=\"Besichtigungsanfrage\">Besichtigungsanfrage<\/option>\n\t\t\t\t\t\t\t\t\t<option value=\"Preis &amp; Verf\u00fcgbarkeit\">Preis &amp; Verf\u00fcgbarkeit<\/option>\n\t\t\t\t\t\t\t\t\t<option value=\"Kaufprozess in Spanien\">Kaufprozess in Spanien<\/option>\n\t\t\t\t\t\t\t\t\t<option value=\"Weitere Informationen\">Weitere Informationen<\/option>\n\t\t\t\t\t\t\t<\/select>\n\t\t<\/div>\n\t\t\t\t\t\t<\/div>\n\t\t\t\t\t\t\t\t<div class=\"elementor-field-type-textarea elementor-field-group elementor-column elementor-field-group-message elementor-col-100\">\n\t\t\t\t\t\t\t\t\t\t\t\t<label for=\"form-field-message\" class=\"elementor-field-label elementor-screen-only\">\n\t\t\t\t\t\t\t\tNachricht\t\t\t\t\t\t\t<\/label>\n\t\t\t\t\t\t<textarea class=\"elementor-field-textual elementor-field  elementor-size-sm\" name=\"form_fields[message]\" id=\"form-field-message\" rows=\"4\" placeholder=\"Ihre Nachricht: Sie k\u00f6nnen Fragen stellen, Details anfordern oder uns mitteilen, wie wir Ihnen helfen k\u00f6nnen.\"><\/textarea>\t\t\t\t<\/div>\n\t\t\t\t\t\t\t\t<div class=\"elementor-field-type-hidden elementor-field-group elementor-column elementor-field-group-page_or_property elementor-col-100\">\n\t\t\t\t\t\t\t\t\t\t\t\t\t<input size=\"1\" type=\"hidden\" name=\"form_fields[page_or_property]\" id=\"form-field-page_or_property\" class=\"elementor-field elementor-size-sm  elementor-field-textual\">\n\t\t\t\t\t\t\t\t\t\t\t<\/div>\n\t\t\t\t\t\t\t\t<div class=\"elementor-field-group elementor-column elementor-field-type-submit elementor-col-25 e-form__buttons\">\n\t\t\t\t\t<button class=\"elementor-button elementor-size-sm\" type=\"submit\">\n\t\t\t\t\t\t<span class=\"elementor-button-content-wrapper\">\n\t\t\t\t\t\t\t\t\t\t\t\t\t\t\t\t\t\t\t\t\t\t<span class=\"elementor-button-text\">senden<\/span>\n\t\t\t\t\t\t\t\t\t\t\t\t\t<\/span>\n\t\t\t\t\t<\/button>\n\t\t\t\t<\/div>\n\t\t\t<\/div>\n\t\t<\/form>\n\t\t\t\t\t\t<\/div>\n\t\t\t\t\t<\/div>\n\t\t\t\t<\/div>\n\t\t\t\t<\/div>\n\t\t","protected":false},"excerpt":{"rendered":"<p>Wir handeln ausschlie\u00dflich im Interesse der K\u00e4ufer und sch\u00fctzen Ihre Interessen in jedem Schritt. Unsere Aufgabe ist es, korrekte und gepr\u00fcfte Informationen zu sammeln, vertrauensw\u00fcrdige Fachleute zu koordinieren und sicherzustellen, dass jede Entscheidung auf Fakten basiert \u2013 nicht auf Annahmen. Immobilien- &amp; Rechtspr\u00fcfung Wir pr\u00fcfen vor dem Kauf den rechtlichen Status, die Eigentumsverh\u00e4ltnisse, Grundbucheintr\u00e4ge, bestehende [&hellip;]<\/p>\n","protected":false},"author":1,"featured_media":28014,"parent":0,"menu_order":20,"comment_status":"closed","ping_status":"closed","template":"elementor_header_footer","meta":{"footnotes":""},"class_list":["post-28015","page","type-page","status-publish","has-post-thumbnail","hentry"],"yoast_head":"<!-- This site is optimized with the Yoast SEO plugin v27.6 - https:\/\/yoast.com\/product\/yoast-seo-wordpress\/ -->\n<title>Leistungen - Costa Blanca Buyers by Yohanne &amp; Jacqueline<\/title>\n<meta name=\"description\" content=\"Costa Blanca Buyers handelt ausschlie\u00dflich im Interesse der K\u00e4ufer und sch\u00fctzt Ihre Interessen in jedem Schritt.\" \/>\n<meta name=\"robots\" content=\"index, follow, max-snippet:-1, max-image-preview:large, max-video-preview:-1\" \/>\n<link rel=\"canonical\" href=\"https:\/\/costablancabuyers.com\/de\/unsere-leistungen\/\" \/>\n<meta property=\"og:locale\" content=\"de_DE\" \/>\n<meta property=\"og:type\" content=\"article\" \/>\n<meta property=\"og:title\" content=\"Leistungen - Costa Blanca Buyers by Yohanne &amp; Jacqueline\" \/>\n<meta property=\"og:description\" content=\"Costa Blanca Buyers handelt ausschlie\u00dflich im Interesse der K\u00e4ufer und sch\u00fctzt Ihre Interessen in jedem Schritt.\" \/>\n<meta property=\"og:url\" content=\"https:\/\/costablancabuyers.com\/de\/unsere-leistungen\/\" \/>\n<meta property=\"og:site_name\" content=\"Costa Blanca Buyers by Yohanne &amp; Jacqueline\" \/>\n<meta property=\"article:modified_time\" content=\"2026-03-25T12:37:59+00:00\" \/>\n<meta property=\"og:image\" content=\"https:\/\/costablancabuyers.com\/wp-content\/uploads\/2026\/02\/med-homes-services.jpg\" \/>\n\t<meta property=\"og:image:width\" content=\"1400\" \/>\n\t<meta property=\"og:image:height\" content=\"1202\" \/>\n\t<meta property=\"og:image:type\" content=\"image\/jpeg\" \/>\n<meta name=\"twitter:card\" content=\"summary_large_image\" \/>\n<meta name=\"twitter:label1\" content=\"Gesch\u00e4tzte Lesezeit\" \/>\n\t<meta name=\"twitter:data1\" content=\"2\u00a0Minuten\" \/>\n<script type=\"application\/ld+json\" class=\"yoast-schema-graph\">{\"@context\":\"https:\\\/\\\/schema.org\",\"@graph\":[{\"@type\":\"WebPage\",\"@id\":\"https:\\\/\\\/costablancabuyers.com\\\/de\\\/unsere-leistungen\\\/\",\"url\":\"https:\\\/\\\/costablancabuyers.com\\\/de\\\/unsere-leistungen\\\/\",\"name\":\"Leistungen - Costa Blanca Buyers by Yohanne &amp; Jacqueline\",\"isPartOf\":{\"@id\":\"https:\\\/\\\/costablancabuyers.com\\\/de\\\/#website\"},\"primaryImageOfPage\":{\"@id\":\"https:\\\/\\\/costablancabuyers.com\\\/de\\\/unsere-leistungen\\\/#primaryimage\"},\"image\":{\"@id\":\"https:\\\/\\\/costablancabuyers.com\\\/de\\\/unsere-leistungen\\\/#primaryimage\"},\"thumbnailUrl\":\"https:\\\/\\\/costablancabuyers.com\\\/wp-content\\\/uploads\\\/2026\\\/02\\\/med-homes-services.jpg\",\"datePublished\":\"2026-01-31T13:34:10+00:00\",\"dateModified\":\"2026-03-25T12:37:59+00:00\",\"description\":\"Costa Blanca Buyers handelt ausschlie\u00dflich im Interesse der K\u00e4ufer und sch\u00fctzt Ihre Interessen in jedem Schritt.\",\"breadcrumb\":{\"@id\":\"https:\\\/\\\/costablancabuyers.com\\\/de\\\/unsere-leistungen\\\/#breadcrumb\"},\"inLanguage\":\"de\",\"potentialAction\":[{\"@type\":\"ReadAction\",\"target\":[\"https:\\\/\\\/costablancabuyers.com\\\/de\\\/unsere-leistungen\\\/\"]}]},{\"@type\":\"ImageObject\",\"inLanguage\":\"de\",\"@id\":\"https:\\\/\\\/costablancabuyers.com\\\/de\\\/unsere-leistungen\\\/#primaryimage\",\"url\":\"https:\\\/\\\/costablancabuyers.com\\\/wp-content\\\/uploads\\\/2026\\\/02\\\/med-homes-services.jpg\",\"contentUrl\":\"https:\\\/\\\/costablancabuyers.com\\\/wp-content\\\/uploads\\\/2026\\\/02\\\/med-homes-services.jpg\",\"width\":1400,\"height\":1202},{\"@type\":\"BreadcrumbList\",\"@id\":\"https:\\\/\\\/costablancabuyers.com\\\/de\\\/unsere-leistungen\\\/#breadcrumb\",\"itemListElement\":[{\"@type\":\"ListItem\",\"position\":1,\"name\":\"Home\",\"item\":\"https:\\\/\\\/costablancabuyers.com\\\/de\\\/\"},{\"@type\":\"ListItem\",\"position\":2,\"name\":\"Leistungen\"}]},{\"@type\":\"WebSite\",\"@id\":\"https:\\\/\\\/costablancabuyers.com\\\/de\\\/#website\",\"url\":\"https:\\\/\\\/costablancabuyers.com\\\/de\\\/\",\"name\":\"Costa Blanca Buyers by Yohanne & Jacqueline\",\"description\":\"\",\"publisher\":{\"@id\":\"https:\\\/\\\/costablancabuyers.com\\\/de\\\/#organization\"},\"potentialAction\":[{\"@type\":\"SearchAction\",\"target\":{\"@type\":\"EntryPoint\",\"urlTemplate\":\"https:\\\/\\\/costablancabuyers.com\\\/de\\\/?s={search_term_string}\"},\"query-input\":{\"@type\":\"PropertyValueSpecification\",\"valueRequired\":true,\"valueName\":\"search_term_string\"}}],\"inLanguage\":\"de\"},{\"@type\":\"Organization\",\"@id\":\"https:\\\/\\\/costablancabuyers.com\\\/de\\\/#organization\",\"name\":\"Costa Blanca Buyers by Yohanne & Jacqueline\",\"url\":\"https:\\\/\\\/costablancabuyers.com\\\/de\\\/\",\"logo\":{\"@type\":\"ImageObject\",\"inLanguage\":\"de\",\"@id\":\"https:\\\/\\\/costablancabuyers.com\\\/de\\\/#\\\/schema\\\/logo\\\/image\\\/\",\"url\":\"https:\\\/\\\/costablancabuyers.com\\\/wp-content\\\/uploads\\\/2026\\\/01\\\/logo.svg\",\"contentUrl\":\"https:\\\/\\\/costablancabuyers.com\\\/wp-content\\\/uploads\\\/2026\\\/01\\\/logo.svg\",\"width\":500,\"height\":500,\"caption\":\"Costa Blanca Buyers by Yohanne & Jacqueline\"},\"image\":{\"@id\":\"https:\\\/\\\/costablancabuyers.com\\\/de\\\/#\\\/schema\\\/logo\\\/image\\\/\"}}]}<\/script>\n<!-- \/ Yoast SEO plugin. -->","yoast_head_json":{"title":"Leistungen - Costa Blanca Buyers by Yohanne &amp; Jacqueline","description":"Costa Blanca Buyers handelt ausschlie\u00dflich im Interesse der K\u00e4ufer und sch\u00fctzt Ihre Interessen in jedem Schritt.","robots":{"index":"index","follow":"follow","max-snippet":"max-snippet:-1","max-image-preview":"max-image-preview:large","max-video-preview":"max-video-preview:-1"},"canonical":"https:\/\/costablancabuyers.com\/de\/unsere-leistungen\/","og_locale":"de_DE","og_type":"article","og_title":"Leistungen - Costa Blanca Buyers by Yohanne &amp; Jacqueline","og_description":"Costa Blanca Buyers handelt ausschlie\u00dflich im Interesse der K\u00e4ufer und sch\u00fctzt Ihre Interessen in jedem Schritt.","og_url":"https:\/\/costablancabuyers.com\/de\/unsere-leistungen\/","og_site_name":"Costa Blanca Buyers by Yohanne &amp; Jacqueline","article_modified_time":"2026-03-25T12:37:59+00:00","og_image":[{"width":1400,"height":1202,"url":"https:\/\/costablancabuyers.com\/wp-content\/uploads\/2026\/02\/med-homes-services.jpg","type":"image\/jpeg"}],"twitter_card":"summary_large_image","twitter_misc":{"Gesch\u00e4tzte Lesezeit":"2\u00a0Minuten"},"schema":{"@context":"https:\/\/schema.org","@graph":[{"@type":"WebPage","@id":"https:\/\/costablancabuyers.com\/de\/unsere-leistungen\/","url":"https:\/\/costablancabuyers.com\/de\/unsere-leistungen\/","name":"Leistungen - Costa Blanca Buyers by Yohanne &amp; Jacqueline","isPartOf":{"@id":"https:\/\/costablancabuyers.com\/de\/#website"},"primaryImageOfPage":{"@id":"https:\/\/costablancabuyers.com\/de\/unsere-leistungen\/#primaryimage"},"image":{"@id":"https:\/\/costablancabuyers.com\/de\/unsere-leistungen\/#primaryimage"},"thumbnailUrl":"https:\/\/costablancabuyers.com\/wp-content\/uploads\/2026\/02\/med-homes-services.jpg","datePublished":"2026-01-31T13:34:10+00:00","dateModified":"2026-03-25T12:37:59+00:00","description":"Costa Blanca Buyers handelt ausschlie\u00dflich im Interesse der K\u00e4ufer und sch\u00fctzt Ihre Interessen in jedem Schritt.","breadcrumb":{"@id":"https:\/\/costablancabuyers.com\/de\/unsere-leistungen\/#breadcrumb"},"inLanguage":"de","potentialAction":[{"@type":"ReadAction","target":["https:\/\/costablancabuyers.com\/de\/unsere-leistungen\/"]}]},{"@type":"ImageObject","inLanguage":"de","@id":"https:\/\/costablancabuyers.com\/de\/unsere-leistungen\/#primaryimage","url":"https:\/\/costablancabuyers.com\/wp-content\/uploads\/2026\/02\/med-homes-services.jpg","contentUrl":"https:\/\/costablancabuyers.com\/wp-content\/uploads\/2026\/02\/med-homes-services.jpg","width":1400,"height":1202},{"@type":"BreadcrumbList","@id":"https:\/\/costablancabuyers.com\/de\/unsere-leistungen\/#breadcrumb","itemListElement":[{"@type":"ListItem","position":1,"name":"Home","item":"https:\/\/costablancabuyers.com\/de\/"},{"@type":"ListItem","position":2,"name":"Leistungen"}]},{"@type":"WebSite","@id":"https:\/\/costablancabuyers.com\/de\/#website","url":"https:\/\/costablancabuyers.com\/de\/","name":"Costa Blanca Buyers by Yohanne & Jacqueline","description":"","publisher":{"@id":"https:\/\/costablancabuyers.com\/de\/#organization"},"potentialAction":[{"@type":"SearchAction","target":{"@type":"EntryPoint","urlTemplate":"https:\/\/costablancabuyers.com\/de\/?s={search_term_string}"},"query-input":{"@type":"PropertyValueSpecification","valueRequired":true,"valueName":"search_term_string"}}],"inLanguage":"de"},{"@type":"Organization","@id":"https:\/\/costablancabuyers.com\/de\/#organization","name":"Costa Blanca Buyers by Yohanne & Jacqueline","url":"https:\/\/costablancabuyers.com\/de\/","logo":{"@type":"ImageObject","inLanguage":"de","@id":"https:\/\/costablancabuyers.com\/de\/#\/schema\/logo\/image\/","url":"https:\/\/costablancabuyers.com\/wp-content\/uploads\/2026\/01\/logo.svg","contentUrl":"https:\/\/costablancabuyers.com\/wp-content\/uploads\/2026\/01\/logo.svg","width":500,"height":500,"caption":"Costa Blanca Buyers by Yohanne & Jacqueline"},"image":{"@id":"https:\/\/costablancabuyers.com\/de\/#\/schema\/logo\/image\/"}}]}},"_links":{"self":[{"href":"https:\/\/costablancabuyers.com\/de\/wp-json\/wp\/v2\/pages\/28015","targetHints":{"allow":["GET"]}}],"collection":[{"href":"https:\/\/costablancabuyers.com\/de\/wp-json\/wp\/v2\/pages"}],"about":[{"href":"https:\/\/costablancabuyers.com\/de\/wp-json\/wp\/v2\/types\/page"}],"author":[{"embeddable":true,"href":"https:\/\/costablancabuyers.com\/de\/wp-json\/wp\/v2\/users\/1"}],"replies":[{"embeddable":true,"href":"https:\/\/costablancabuyers.com\/de\/wp-json\/wp\/v2\/comments?post=28015"}],"version-history":[{"count":0,"href":"https:\/\/costablancabuyers.com\/de\/wp-json\/wp\/v2\/pages\/28015\/revisions"}],"wp:featuredmedia":[{"embeddable":true,"href":"https:\/\/costablancabuyers.com\/de\/wp-json\/wp\/v2\/media\/28014"}],"wp:attachment":[{"href":"https:\/\/costablancabuyers.com\/de\/wp-json\/wp\/v2\/media?parent=28015"}],"curies":[{"name":"wp","href":"https:\/\/api.w.org\/{rel}","templated":true}]}}