{"id":28061,"date":"2026-02-01T12:30:04","date_gmt":"2026-02-01T11:30:04","guid":{"rendered":"https:\/\/costablancabuyers.com\/blog\/"},"modified":"2026-02-23T08:27:43","modified_gmt":"2026-02-23T07:27:43","slug":"blog","status":"publish","type":"page","link":"https:\/\/costablancabuyers.com\/de\/blog\/","title":{"rendered":"Blog"},"content":{"rendered":"\t\t<div data-elementor-type=\"wp-page\" data-elementor-id=\"28061\" class=\"elementor elementor-28061 elementor-7691\" data-elementor-post-type=\"page\">\n\t\t\t\t<div class=\"elementor-element elementor-element-27bcebd e-con-full e-flex e-con e-parent\" data-id=\"27bcebd\" data-element_type=\"container\" data-e-type=\"container\">\n\t\t\t\t<div class=\"elementor-element elementor-element-949f350 elementor-widget elementor-widget-heading\" data-id=\"949f350\" data-element_type=\"widget\" data-e-type=\"widget\" data-widget_type=\"heading.default\">\n\t\t\t\t\t<h2 class=\"elementor-heading-title elementor-size-default\">Blog<\/h2>\t\t\t\t<\/div>\n\t\t\t\t<div class=\"elementor-element elementor-element-1abb2b0 elementor-grid-2 elementor-grid-tablet-2 elementor-grid-mobile-1 elementor-posts--thumbnail-top elementor-card-shadow-yes elementor-posts__hover-gradient elementor-widget elementor-widget-posts\" data-id=\"1abb2b0\" data-element_type=\"widget\" data-e-type=\"widget\" data-settings=\"{&quot;cards_columns&quot;:&quot;2&quot;,&quot;cards_columns_tablet&quot;:&quot;2&quot;,&quot;cards_columns_mobile&quot;:&quot;1&quot;,&quot;cards_row_gap&quot;:{&quot;unit&quot;:&quot;px&quot;,&quot;size&quot;:35,&quot;sizes&quot;:[]},&quot;cards_row_gap_tablet&quot;:{&quot;unit&quot;:&quot;px&quot;,&quot;size&quot;:&quot;&quot;,&quot;sizes&quot;:[]},&quot;cards_row_gap_mobile&quot;:{&quot;unit&quot;:&quot;px&quot;,&quot;size&quot;:&quot;&quot;,&quot;sizes&quot;:[]}}\" data-widget_type=\"posts.cards\">\n\t\t\t\t<div class=\"elementor-widget-container\">\n\t\t\t\t\t\t\t<div class=\"elementor-posts-container elementor-posts elementor-posts--skin-cards elementor-grid\" role=\"list\">\n\t\t\t\t<article class=\"elementor-post elementor-grid-item post-39926 post type-post status-publish format-standard hentry category-geen-onderdeel-van-een-categorie\" role=\"listitem\">\n\t\t\t<div class=\"elementor-post__card\">\n\t\t\t\t<a class=\"elementor-post__thumbnail__link\" href=\"https:\/\/costablancabuyers.com\/de\/benidorm-eine-clevere-wahl-fuer-lebensstil-und-immobilieninvestitionen\/\" tabindex=\"-1\" ><div class=\"elementor-post__thumbnail\"><img fetchpriority=\"high\" decoding=\"async\" width=\"300\" height=\"200\" src=\"https:\/\/costablancabuyers.com\/wp-content\/uploads\/2026\/04\/Benidorm-\u2013-A-Smart-Choice-for-Lifestyle-and-Property-Investment.jpg\" class=\"attachment-medium size-medium wp-image-39924\" alt=\"Benidorm \u2013 A Smart Choice for Lifestyle and Property Investment\" srcset=\"https:\/\/costablancabuyers.com\/wp-content\/uploads\/2026\/04\/Benidorm-\u2013-A-Smart-Choice-for-Lifestyle-and-Property-Investment.jpg 1280w, https:\/\/costablancabuyers.com\/wp-content\/uploads\/2026\/04\/Benidorm-\u2013-A-Smart-Choice-for-Lifestyle-and-Property-Investment-1170x785.jpg 1170w\" sizes=\"(max-width: 300px) 100vw, 300px\" \/><\/div><\/a>\n\t\t\t\t<div class=\"elementor-post__badge\">Geen onderdeel van een categorie<\/div>\n\t\t\t\t<div class=\"elementor-post__text\">\n\t\t\t\t<h3 class=\"elementor-post__title\">\n\t\t\t<a href=\"https:\/\/costablancabuyers.com\/de\/benidorm-eine-clevere-wahl-fuer-lebensstil-und-immobilieninvestitionen\/\" >\n\t\t\t\tBenidorm \u2013 Eine clevere Wahl f\u00fcr Lebensstil und Immobilieninvestitionen\t\t\t<\/a>\n\t\t<\/h3>\n\t\t\t\t<div class=\"elementor-post__excerpt\">\n\t\t\t<p>Wenn man an die Costa Blanca denkt, f\u00e4llt einem sofort ein Ort ein, Benidorm. Die Skyline, das Meer, die Restaurants, die Str\u00e4nde. <\/p>\n\t\t<\/div>\n\t\t\n\t\t<a class=\"elementor-post__read-more\" href=\"https:\/\/costablancabuyers.com\/de\/benidorm-eine-clevere-wahl-fuer-lebensstil-und-immobilieninvestitionen\/\" aria-label=\"Mehr \u00fcber Benidorm \u2013 Eine clevere Wahl f\u00fcr Lebensstil und Immobilieninvestitionen\" tabindex=\"-1\" >\n\t\t\tmehr lesen \u00bb\t\t<\/a>\n\n\t\t\t\t<\/div>\n\t\t\t\t\t<\/div>\n\t\t<\/article>\n\t\t\t\t<article class=\"elementor-post elementor-grid-item post-39686 post type-post status-publish format-standard hentry category-immobilien-wirtschaft\" role=\"listitem\">\n\t\t\t<div class=\"elementor-post__card\">\n\t\t\t\t<a class=\"elementor-post__thumbnail__link\" href=\"https:\/\/costablancabuyers.com\/de\/treffen-sie-uns-in-excel-london-stand-e85\/\" tabindex=\"-1\" ><div class=\"elementor-post__thumbnail\"><img decoding=\"async\" width=\"300\" height=\"200\" src=\"https:\/\/costablancabuyers.com\/wp-content\/uploads\/2026\/04\/Join-Us-at-ExCeL-London-1.jpg\" class=\"attachment-medium size-medium wp-image-39685\" alt=\"Treffen Sie uns in ExCeL London \u2013 Stand E85\" srcset=\"https:\/\/costablancabuyers.com\/wp-content\/uploads\/2026\/04\/Join-Us-at-ExCeL-London-1.jpg 1280w, https:\/\/costablancabuyers.com\/wp-content\/uploads\/2026\/04\/Join-Us-at-ExCeL-London-1-1170x785.jpg 1170w\" sizes=\"(max-width: 300px) 100vw, 300px\" \/><\/div><\/a>\n\t\t\t\t<div class=\"elementor-post__badge\">Immobilien &amp; Wirtschaft<\/div>\n\t\t\t\t<div class=\"elementor-post__text\">\n\t\t\t\t<h3 class=\"elementor-post__title\">\n\t\t\t<a href=\"https:\/\/costablancabuyers.com\/de\/treffen-sie-uns-in-excel-london-stand-e85\/\" >\n\t\t\t\tTreffen Sie uns in ExCeL London \u2013 Stand E85\t\t\t<\/a>\n\t\t<\/h3>\n\t\t\t\t<div class=\"elementor-post__excerpt\">\n\t\t\t<p>Diese Woche freuen wir uns, Ihnen mitteilen zu k\u00f6nnen, dass wir an einer der beliebtesten Immobilienmessen f\u00fcr Auslandsimmobilien im Vereinigten K\u00f6nigreich teilnehmen.<\/p>\n\t\t<\/div>\n\t\t\n\t\t<a class=\"elementor-post__read-more\" href=\"https:\/\/costablancabuyers.com\/de\/treffen-sie-uns-in-excel-london-stand-e85\/\" aria-label=\"Mehr \u00fcber Treffen Sie uns in ExCeL London \u2013 Stand E85\" tabindex=\"-1\" >\n\t\t\tmehr lesen \u00bb\t\t<\/a>\n\n\t\t\t\t<\/div>\n\t\t\t\t\t<\/div>\n\t\t<\/article>\n\t\t\t\t<article class=\"elementor-post elementor-grid-item post-39696 post type-post status-publish format-standard hentry category-immobilien-wirtschaft\" role=\"listitem\">\n\t\t\t<div class=\"elementor-post__card\">\n\t\t\t\t<a class=\"elementor-post__thumbnail__link\" href=\"https:\/\/costablancabuyers.com\/de\/uk-kaeufer-leitfaden-costa-blanca-immobilien-2026\/\" tabindex=\"-1\" ><div class=\"elementor-post__thumbnail\"><img decoding=\"async\" width=\"300\" height=\"200\" src=\"https:\/\/costablancabuyers.com\/wp-content\/uploads\/2026\/04\/uk_buyer_guide_1280x853.jpg\" class=\"attachment-medium size-medium wp-image-39695\" alt=\"UK-K\u00e4ufer Leitfaden: Costa Blanca Immobilien 2026\" srcset=\"https:\/\/costablancabuyers.com\/wp-content\/uploads\/2026\/04\/uk_buyer_guide_1280x853.jpg 1280w, https:\/\/costablancabuyers.com\/wp-content\/uploads\/2026\/04\/uk_buyer_guide_1280x853-1170x785.jpg 1170w\" sizes=\"(max-width: 300px) 100vw, 300px\" \/><\/div><\/a>\n\t\t\t\t<div class=\"elementor-post__badge\">Immobilien &amp; Wirtschaft<\/div>\n\t\t\t\t<div class=\"elementor-post__text\">\n\t\t\t\t<h3 class=\"elementor-post__title\">\n\t\t\t<a href=\"https:\/\/costablancabuyers.com\/de\/uk-kaeufer-leitfaden-costa-blanca-immobilien-2026\/\" >\n\t\t\t\tUK-K\u00e4ufer Leitfaden: Costa Blanca Immobilien 2026\t\t\t<\/a>\n\t\t<\/h3>\n\t\t\t\t<div class=\"elementor-post__excerpt\">\n\t\t\t<p>Viele entdecken jedes Jahr die Costa Blanca und fragen sich: Warum nicht? Klima, Lebensstil und Meer machen die Region besonders attraktiv.<\/p>\n\t\t<\/div>\n\t\t\n\t\t<a class=\"elementor-post__read-more\" href=\"https:\/\/costablancabuyers.com\/de\/uk-kaeufer-leitfaden-costa-blanca-immobilien-2026\/\" aria-label=\"Mehr \u00fcber UK-K\u00e4ufer Leitfaden: Costa Blanca Immobilien 2026\" tabindex=\"-1\" >\n\t\t\tmehr lesen \u00bb\t\t<\/a>\n\n\t\t\t\t<\/div>\n\t\t\t\t\t<\/div>\n\t\t<\/article>\n\t\t\t\t<article class=\"elementor-post elementor-grid-item post-38250 post type-post status-publish format-standard hentry category-geen-onderdeel-van-een-categorie\" role=\"listitem\">\n\t\t\t<div class=\"elementor-post__card\">\n\t\t\t\t<a class=\"elementor-post__thumbnail__link\" href=\"https:\/\/costablancabuyers.com\/de\/osterwoche-semana-santa-an-der-costa-blanca\/\" tabindex=\"-1\" ><div class=\"elementor-post__thumbnail\"><img loading=\"lazy\" decoding=\"async\" width=\"300\" height=\"200\" src=\"https:\/\/costablancabuyers.com\/wp-content\/uploads\/2026\/04\/Easter-Week-Semana-Santa-in-Costa-Blanca.jpg\" class=\"attachment-medium size-medium wp-image-38249\" alt=\"\" srcset=\"https:\/\/costablancabuyers.com\/wp-content\/uploads\/2026\/04\/Easter-Week-Semana-Santa-in-Costa-Blanca.jpg 1280w, https:\/\/costablancabuyers.com\/wp-content\/uploads\/2026\/04\/Easter-Week-Semana-Santa-in-Costa-Blanca-1170x785.jpg 1170w\" sizes=\"(max-width: 300px) 100vw, 300px\" \/><\/div><\/a>\n\t\t\t\t<div class=\"elementor-post__badge\">Geen onderdeel van een categorie<\/div>\n\t\t\t\t<div class=\"elementor-post__text\">\n\t\t\t\t<h3 class=\"elementor-post__title\">\n\t\t\t<a href=\"https:\/\/costablancabuyers.com\/de\/osterwoche-semana-santa-an-der-costa-blanca\/\" >\n\t\t\t\tOsterwoche (Semana Santa) an der Costa Blanca\t\t\t<\/a>\n\t\t<\/h3>\n\t\t\t\t<div class=\"elementor-post__excerpt\">\n\t\t\t<p>Die Osterwoche, in Spanien als Semana Santa bekannt, geh\u00f6rt zu den eindrucksvollsten und emotionalsten Traditionen an der Costa Blanca.<\/p>\n\t\t<\/div>\n\t\t\n\t\t<a class=\"elementor-post__read-more\" href=\"https:\/\/costablancabuyers.com\/de\/osterwoche-semana-santa-an-der-costa-blanca\/\" aria-label=\"Mehr \u00fcber Osterwoche (Semana Santa) an der Costa Blanca\" tabindex=\"-1\" >\n\t\t\tmehr lesen \u00bb\t\t<\/a>\n\n\t\t\t\t<\/div>\n\t\t\t\t\t<\/div>\n\t\t<\/article>\n\t\t\t\t<article class=\"elementor-post elementor-grid-item post-37888 post type-post status-publish format-standard hentry category-immobilien-wirtschaft\" role=\"listitem\">\n\t\t\t<div class=\"elementor-post__card\">\n\t\t\t\t<a class=\"elementor-post__thumbnail__link\" href=\"https:\/\/costablancabuyers.com\/de\/top-3-zusatzkosten-beim-immobilienkauf-in-spanien\/\" tabindex=\"-1\" ><div class=\"elementor-post__thumbnail\"><img loading=\"lazy\" decoding=\"async\" width=\"300\" height=\"200\" src=\"https:\/\/costablancabuyers.com\/wp-content\/uploads\/2026\/03\/Top-3-Extra-Costs-When-Buying-in-Spain.jpg\" class=\"attachment-medium size-medium wp-image-37887\" alt=\"Top 3 Zusatzkosten beim Immobilienkauf in Spanien\" srcset=\"https:\/\/costablancabuyers.com\/wp-content\/uploads\/2026\/03\/Top-3-Extra-Costs-When-Buying-in-Spain.jpg 1280w, https:\/\/costablancabuyers.com\/wp-content\/uploads\/2026\/03\/Top-3-Extra-Costs-When-Buying-in-Spain-1170x785.jpg 1170w\" sizes=\"(max-width: 300px) 100vw, 300px\" \/><\/div><\/a>\n\t\t\t\t<div class=\"elementor-post__badge\">Immobilien &amp; Wirtschaft<\/div>\n\t\t\t\t<div class=\"elementor-post__text\">\n\t\t\t\t<h3 class=\"elementor-post__title\">\n\t\t\t<a href=\"https:\/\/costablancabuyers.com\/de\/top-3-zusatzkosten-beim-immobilienkauf-in-spanien\/\" >\n\t\t\t\tTop 3 Zusatzkosten beim Immobilienkauf in Spanien\t\t\t<\/a>\n\t\t<\/h3>\n\t\t\t\t<div class=\"elementor-post__excerpt\">\n\t\t\t<p>Der Kauf einer Immobilie in Spanien ist ein spannender Schritt, besonders wenn Sie planen, an die Costa Blanca zu ziehen.<\/p>\n\t\t<\/div>\n\t\t\n\t\t<a class=\"elementor-post__read-more\" href=\"https:\/\/costablancabuyers.com\/de\/top-3-zusatzkosten-beim-immobilienkauf-in-spanien\/\" aria-label=\"Mehr \u00fcber Top 3 Zusatzkosten beim Immobilienkauf in Spanien\" tabindex=\"-1\" >\n\t\t\tmehr lesen \u00bb\t\t<\/a>\n\n\t\t\t\t<\/div>\n\t\t\t\t\t<\/div>\n\t\t<\/article>\n\t\t\t\t<article class=\"elementor-post elementor-grid-item post-37114 post type-post status-publish format-standard hentry category-geen-onderdeel-van-een-categorie\" role=\"listitem\">\n\t\t\t<div class=\"elementor-post__card\">\n\t\t\t\t<a class=\"elementor-post__thumbnail__link\" href=\"https:\/\/costablancabuyers.com\/de\/mercat-del-riurau-jesus-pobre-sonntagsmarkt-costa-blanca\/\" tabindex=\"-1\" ><div class=\"elementor-post__thumbnail\"><img loading=\"lazy\" decoding=\"async\" width=\"294\" height=\"300\" src=\"https:\/\/costablancabuyers.com\/wp-content\/uploads\/2026\/03\/mercat-de3l-riurau-jesus-pobre.jpg\" class=\"attachment-medium size-medium wp-image-37113\" alt=\"\" \/><\/div><\/a>\n\t\t\t\t<div class=\"elementor-post__badge\">Geen onderdeel van een categorie<\/div>\n\t\t\t\t<div class=\"elementor-post__text\">\n\t\t\t\t<h3 class=\"elementor-post__title\">\n\t\t\t<a href=\"https:\/\/costablancabuyers.com\/de\/mercat-del-riurau-jesus-pobre-sonntagsmarkt-costa-blanca\/\" >\n\t\t\t\tMercat del Riurau Jes\u00fas Pobre Sonntagsmarkt Costa Blanca\t\t\t<\/a>\n\t\t<\/h3>\n\t\t\t\t<div class=\"elementor-post__excerpt\">\n\t\t\t<p>Es gibt etwas ganz Besonderes an Sonntagmorgen auf dem\u00a0echtes St\u00fcck mediterranes Mercat del Riurau\u00a0in Jes\u00fas Pobre.<\/p>\n\t\t<\/div>\n\t\t\n\t\t<a class=\"elementor-post__read-more\" href=\"https:\/\/costablancabuyers.com\/de\/mercat-del-riurau-jesus-pobre-sonntagsmarkt-costa-blanca\/\" aria-label=\"Mehr \u00fcber Mercat del Riurau Jes\u00fas Pobre Sonntagsmarkt Costa Blanca\" tabindex=\"-1\" >\n\t\t\tmehr lesen \u00bb\t\t<\/a>\n\n\t\t\t\t<\/div>\n\t\t\t\t\t<\/div>\n\t\t<\/article>\n\t\t\t\t<\/div>\n\t\t\n\t\t\t\t\t\t<\/div>\n\t\t\t\t<\/div>\n\t\t\t\t<\/div>\n\t\t\t\t<\/div>\n\t\t","protected":false},"excerpt":{"rendered":"","protected":false},"author":1,"featured_media":0,"parent":0,"menu_order":50,"comment_status":"closed","ping_status":"closed","template":"elementor_header_footer","meta":{"footnotes":""},"class_list":["post-28061","page","type-page","status-publish","hentry"],"yoast_head":"<!-- This site is optimized with the Yoast SEO plugin v27.5 - https:\/\/yoast.com\/product\/yoast-seo-wordpress\/ -->\n<title>Blog - Costa Blanca Buyers by Yohanne &amp; Jacqueline<\/title>\n<meta name=\"robots\" content=\"index, follow, max-snippet:-1, max-image-preview:large, max-video-preview:-1\" \/>\n<link rel=\"canonical\" href=\"https:\/\/costablancabuyers.com\/de\/blog\/\" \/>\n<meta property=\"og:locale\" content=\"de_DE\" \/>\n<meta property=\"og:type\" content=\"article\" \/>\n<meta property=\"og:title\" content=\"Blog - Costa Blanca Buyers by Yohanne &amp; Jacqueline\" \/>\n<meta property=\"og:url\" content=\"https:\/\/costablancabuyers.com\/de\/blog\/\" \/>\n<meta property=\"og:site_name\" content=\"Costa Blanca Buyers by Yohanne &amp; Jacqueline\" \/>\n<meta property=\"article:modified_time\" content=\"2026-02-23T07:27:43+00:00\" \/>\n<meta name=\"twitter:card\" content=\"summary_large_image\" \/>\n<script type=\"application\/ld+json\" class=\"yoast-schema-graph\">{\"@context\":\"https:\\\/\\\/schema.org\",\"@graph\":[{\"@type\":\"WebPage\",\"@id\":\"https:\\\/\\\/costablancabuyers.com\\\/de\\\/blog\\\/\",\"url\":\"https:\\\/\\\/costablancabuyers.com\\\/de\\\/blog\\\/\",\"name\":\"Blog - Costa Blanca Buyers by Yohanne &amp; Jacqueline\",\"isPartOf\":{\"@id\":\"https:\\\/\\\/costablancabuyers.com\\\/de\\\/#website\"},\"datePublished\":\"2026-02-01T11:30:04+00:00\",\"dateModified\":\"2026-02-23T07:27:43+00:00\",\"breadcrumb\":{\"@id\":\"https:\\\/\\\/costablancabuyers.com\\\/de\\\/blog\\\/#breadcrumb\"},\"inLanguage\":\"de\",\"potentialAction\":[{\"@type\":\"ReadAction\",\"target\":[\"https:\\\/\\\/costablancabuyers.com\\\/de\\\/blog\\\/\"]}]},{\"@type\":\"BreadcrumbList\",\"@id\":\"https:\\\/\\\/costablancabuyers.com\\\/de\\\/blog\\\/#breadcrumb\",\"itemListElement\":[{\"@type\":\"ListItem\",\"position\":1,\"name\":\"Home\",\"item\":\"https:\\\/\\\/costablancabuyers.com\\\/de\\\/\"},{\"@type\":\"ListItem\",\"position\":2,\"name\":\"Blog\"}]},{\"@type\":\"WebSite\",\"@id\":\"https:\\\/\\\/costablancabuyers.com\\\/de\\\/#website\",\"url\":\"https:\\\/\\\/costablancabuyers.com\\\/de\\\/\",\"name\":\"Costa Blanca Buyers by Yohanne & Jacqueline\",\"description\":\"\",\"publisher\":{\"@id\":\"https:\\\/\\\/costablancabuyers.com\\\/de\\\/#organization\"},\"potentialAction\":[{\"@type\":\"SearchAction\",\"target\":{\"@type\":\"EntryPoint\",\"urlTemplate\":\"https:\\\/\\\/costablancabuyers.com\\\/de\\\/?s={search_term_string}\"},\"query-input\":{\"@type\":\"PropertyValueSpecification\",\"valueRequired\":true,\"valueName\":\"search_term_string\"}}],\"inLanguage\":\"de\"},{\"@type\":\"Organization\",\"@id\":\"https:\\\/\\\/costablancabuyers.com\\\/de\\\/#organization\",\"name\":\"Costa Blanca Buyers by Yohanne & Jacqueline\",\"url\":\"https:\\\/\\\/costablancabuyers.com\\\/de\\\/\",\"logo\":{\"@type\":\"ImageObject\",\"inLanguage\":\"de\",\"@id\":\"https:\\\/\\\/costablancabuyers.com\\\/de\\\/#\\\/schema\\\/logo\\\/image\\\/\",\"url\":\"https:\\\/\\\/costablancabuyers.com\\\/wp-content\\\/uploads\\\/2026\\\/01\\\/logo.svg\",\"contentUrl\":\"https:\\\/\\\/costablancabuyers.com\\\/wp-content\\\/uploads\\\/2026\\\/01\\\/logo.svg\",\"width\":500,\"height\":500,\"caption\":\"Costa Blanca Buyers by Yohanne & Jacqueline\"},\"image\":{\"@id\":\"https:\\\/\\\/costablancabuyers.com\\\/de\\\/#\\\/schema\\\/logo\\\/image\\\/\"}}]}<\/script>\n<!-- \/ Yoast SEO plugin. -->","yoast_head_json":{"title":"Blog - Costa Blanca Buyers by Yohanne &amp; Jacqueline","robots":{"index":"index","follow":"follow","max-snippet":"max-snippet:-1","max-image-preview":"max-image-preview:large","max-video-preview":"max-video-preview:-1"},"canonical":"https:\/\/costablancabuyers.com\/de\/blog\/","og_locale":"de_DE","og_type":"article","og_title":"Blog - Costa Blanca Buyers by Yohanne &amp; Jacqueline","og_url":"https:\/\/costablancabuyers.com\/de\/blog\/","og_site_name":"Costa Blanca Buyers by Yohanne &amp; Jacqueline","article_modified_time":"2026-02-23T07:27:43+00:00","twitter_card":"summary_large_image","schema":{"@context":"https:\/\/schema.org","@graph":[{"@type":"WebPage","@id":"https:\/\/costablancabuyers.com\/de\/blog\/","url":"https:\/\/costablancabuyers.com\/de\/blog\/","name":"Blog - Costa Blanca Buyers by Yohanne &amp; Jacqueline","isPartOf":{"@id":"https:\/\/costablancabuyers.com\/de\/#website"},"datePublished":"2026-02-01T11:30:04+00:00","dateModified":"2026-02-23T07:27:43+00:00","breadcrumb":{"@id":"https:\/\/costablancabuyers.com\/de\/blog\/#breadcrumb"},"inLanguage":"de","potentialAction":[{"@type":"ReadAction","target":["https:\/\/costablancabuyers.com\/de\/blog\/"]}]},{"@type":"BreadcrumbList","@id":"https:\/\/costablancabuyers.com\/de\/blog\/#breadcrumb","itemListElement":[{"@type":"ListItem","position":1,"name":"Home","item":"https:\/\/costablancabuyers.com\/de\/"},{"@type":"ListItem","position":2,"name":"Blog"}]},{"@type":"WebSite","@id":"https:\/\/costablancabuyers.com\/de\/#website","url":"https:\/\/costablancabuyers.com\/de\/","name":"Costa Blanca Buyers by Yohanne & Jacqueline","description":"","publisher":{"@id":"https:\/\/costablancabuyers.com\/de\/#organization"},"potentialAction":[{"@type":"SearchAction","target":{"@type":"EntryPoint","urlTemplate":"https:\/\/costablancabuyers.com\/de\/?s={search_term_string}"},"query-input":{"@type":"PropertyValueSpecification","valueRequired":true,"valueName":"search_term_string"}}],"inLanguage":"de"},{"@type":"Organization","@id":"https:\/\/costablancabuyers.com\/de\/#organization","name":"Costa Blanca Buyers by Yohanne & Jacqueline","url":"https:\/\/costablancabuyers.com\/de\/","logo":{"@type":"ImageObject","inLanguage":"de","@id":"https:\/\/costablancabuyers.com\/de\/#\/schema\/logo\/image\/","url":"https:\/\/costablancabuyers.com\/wp-content\/uploads\/2026\/01\/logo.svg","contentUrl":"https:\/\/costablancabuyers.com\/wp-content\/uploads\/2026\/01\/logo.svg","width":500,"height":500,"caption":"Costa Blanca Buyers by Yohanne & Jacqueline"},"image":{"@id":"https:\/\/costablancabuyers.com\/de\/#\/schema\/logo\/image\/"}}]}},"_links":{"self":[{"href":"https:\/\/costablancabuyers.com\/de\/wp-json\/wp\/v2\/pages\/28061","targetHints":{"allow":["GET"]}}],"collection":[{"href":"https:\/\/costablancabuyers.com\/de\/wp-json\/wp\/v2\/pages"}],"about":[{"href":"https:\/\/costablancabuyers.com\/de\/wp-json\/wp\/v2\/types\/page"}],"author":[{"embeddable":true,"href":"https:\/\/costablancabuyers.com\/de\/wp-json\/wp\/v2\/users\/1"}],"replies":[{"embeddable":true,"href":"https:\/\/costablancabuyers.com\/de\/wp-json\/wp\/v2\/comments?post=28061"}],"version-history":[{"count":0,"href":"https:\/\/costablancabuyers.com\/de\/wp-json\/wp\/v2\/pages\/28061\/revisions"}],"wp:attachment":[{"href":"https:\/\/costablancabuyers.com\/de\/wp-json\/wp\/v2\/media?parent=28061"}],"curies":[{"name":"wp","href":"https:\/\/api.w.org\/{rel}","templated":true}]}}