{"id":28119,"date":"2026-02-05T09:10:33","date_gmt":"2026-02-05T08:10:33","guid":{"rendered":"https:\/\/costablancabuyers.com\/padel-urlaub\/"},"modified":"2026-03-13T19:05:28","modified_gmt":"2026-03-13T18:05:28","slug":"padel-urlaub","status":"publish","type":"page","link":"https:\/\/costablancabuyers.com\/de\/padel-urlaub\/","title":{"rendered":"Padel-Urlaub"},"content":{"rendered":"\t\t<div data-elementor-type=\"wp-page\" data-elementor-id=\"28119\" class=\"elementor elementor-28119 elementor-8586\" data-elementor-post-type=\"page\">\n\t\t\t\t<div class=\"elementor-element elementor-element-170bface e-flex e-con-boxed e-con e-parent\" data-id=\"170bface\" data-element_type=\"container\" data-e-type=\"container\" data-settings=\"{&quot;background_background&quot;:&quot;classic&quot;}\">\n\t\t\t\t\t<div class=\"e-con-inner\">\n\t\t\t\t\t<\/div>\n\t\t\t\t<\/div>\n\t\t<div class=\"elementor-element elementor-element-92fd6ae e-flex e-con-boxed e-con e-parent\" data-id=\"92fd6ae\" data-element_type=\"container\" data-e-type=\"container\">\n\t\t\t\t\t<div class=\"e-con-inner\">\n\t\t\t\t<div class=\"elementor-element elementor-element-9dea663 elementor-widget elementor-widget-heading\" data-id=\"9dea663\" data-element_type=\"widget\" data-e-type=\"widget\" data-widget_type=\"heading.default\">\n\t\t\t\t\t<h1 class=\"elementor-heading-title elementor-size-default\">Padel-Urlaub<\/h1>\t\t\t\t<\/div>\n\t\t\t\t<div class=\"elementor-element elementor-element-62c96b4 elementor-widget elementor-widget-text-editor\" data-id=\"62c96b4\" data-element_type=\"widget\" data-e-type=\"widget\" data-widget_type=\"text-editor.default\">\n\t\t\t\t\t\t\t\t\t<p><strong>Padel-Urlaub in Spanien f\u00fcr Padelspieler &amp; K\u00e4ufer. Spielen, investieren, den Lebensstil leben<\/strong><\/p>\n<p>Wenn Sie sich in Padel verliebt haben, wissen Sie bereits warum. Es ist sozial, dynamisch und leicht zug\u00e4nglich. Weniger aggressiv als Tennis und weniger intensiv als Squash passt Padel perfekt zu einem mediterranen Outdoor-Lebensstil.<\/p>\n<p>Entlang der K\u00fcste unserer Region an der Costa Blanca ist Padel Teil des t\u00e4glichen Lebens. Outdoor- und teil\u00fcberdachte Pl\u00e4tze, fast ganzj\u00e4hriger Sonnenschein und eine starke internationale Padel-Community machen diese K\u00fcste zu einem nat\u00fcrlichen Ziel f\u00fcr Padelspieler aus ganz Europa.<\/p>\n<p>Wir organisieren Padel-Urlaube entlang der K\u00fcste und verbinden Spiel, soziale Padel-Events und die Erfahrung, nahe bei den Pl\u00e4tzen und am Meer zu leben.<\/p>\n<p><strong>Wo wir spielen \u2013 Padel Point D\u00e9nia<\/strong><br \/>Eine unserer wichtigsten Padel-Basen ist Padel Point D\u00e9nia, ein Club, den wir gut kennen, da wir selbst dort spielen.<\/p>\n<p>Der Club bietet hochwertige Outdoor- und teil\u00fcberdachte Pl\u00e4tze, hervorragende Spielbedingungen das ganze Jahr \u00fcber sowie eine offene, internationale Atmosph\u00e4re mit Social Games, Ligen und Turnieren.<\/p>\n<p><a href=\"http:\/\/www.clubpadelpointdenia.com\/\" target=\"_blank\" rel=\"noopener\">www.clubpadelpointdenia.com<\/a><\/p>\n<p><strong>Padel-Community, Stil &amp; Coaching<\/strong><br \/>F\u00fcr englischsprachige Padelspieler arbeiten wir mit Love 4 Padel zusammen, einer Marke, die eng mit der Padel-Community verbunden ist und f\u00fcr Stil und Leidenschaft f\u00fcr den Sport steht.<\/p>\n<p>Folgen Sie ihnen auf Instagram:<br \/>Love 4 Padel (@love4.padel)<\/p>\n<p>Au\u00dferdem arbeiten wir eng mit David Gee zusammen, einem englischen Trainer mit mehr als 20 Jahren Erfahrung im Tennis- und Padel-Coaching. Nach einer langen Karriere im Tennis wechselte er zum Padel und bringt heute Spieler f\u00fcr Social-Padel-Wochen, strukturiertes Training und sportorientierte Urlaube an die K\u00fcste \u2013 angepasst an alle Spielst\u00e4rken.<\/p>\n<p><strong>Vom Padel-Urlaub zum Leben nahe den Pl\u00e4tzen<\/strong><br \/>Viele Padelspieler kommen zun\u00e4chst f\u00fcr einen Urlaub und verbinden sich nach und nach mit dem Lebensstil. Morgens spielen. Am Strand spazieren. Nahe bei den Padelpl\u00e4tzen leben \u2013 ohne lange Fahrzeiten.<\/p>\n<p>Wir helfen Padelspielern, Immobilien entlang der Costa Blanca in der N\u00e4he von Padelclubs zu finden, und begleiten sie durch K\u00fcstengebiete, in denen Apartments, Str\u00e4nde und Pl\u00e4tze nur wenige Minuten voneinander entfernt sind. Was als Padel-Urlaub beginnt, wird oft zu einer langfristigen Verbindung mit der Region.<\/p>\n<p>Padel am Morgen.<br \/>Strandspazierg\u00e4nge am Nachmittag.<br \/>Sonnenschein das ganze Jahr.<\/p>\n<p>Wie wir sagen:\u00a0<strong>Spielen Sie Padel und lassen Sie den Lebensstil zu Ihrer Adresse werden.<\/strong><\/p>\n<p>Kontaktieren Sie uns, um Padel-Urlaube und das Leben in der N\u00e4he von Padelpl\u00e4tzen an der Costa Blanca zu entdecken.<\/p>\n\t\t\t\t\t\t\t\t<\/div>\n\t\t\t\t\t<\/div>\n\t\t\t\t<\/div>\n\t\t<div class=\"elementor-element elementor-element-4c79f67 e-flex e-con-boxed e-con e-parent\" data-id=\"4c79f67\" data-element_type=\"container\" data-e-type=\"container\">\n\t\t\t\t\t<div class=\"e-con-inner\">\n\t\t\t\t<div class=\"elementor-element elementor-element-75ca93b elementor-widget elementor-widget-heading\" data-id=\"75ca93b\" data-element_type=\"widget\" data-e-type=\"widget\" data-widget_type=\"heading.default\">\n\t\t\t\t\t<h2 class=\"elementor-heading-title elementor-size-default\">Nehmen Sie Kontakt auf<\/h2>\t\t\t\t<\/div>\n\t\t\t\t<div class=\"elementor-element elementor-element-c62fe55 elementor-button-align-start elementor-widget elementor-widget-form\" data-id=\"c62fe55\" data-element_type=\"widget\" data-e-type=\"widget\" data-settings=\"{&quot;button_width&quot;:&quot;25&quot;,&quot;step_next_label&quot;:&quot;Weiter&quot;,&quot;step_previous_label&quot;:&quot;Zur\\u00fcck&quot;,&quot;step_type&quot;:&quot;number_text&quot;,&quot;step_icon_shape&quot;:&quot;circle&quot;}\" data-widget_type=\"form.default\">\n\t\t\t\t\t\t\t<form class=\"elementor-form\" method=\"post\" id=\"getintouch\" name=\"Nehmen Sie Kontakt auf\" aria-label=\"Nehmen Sie Kontakt auf\">\n\t\t\t<input type=\"hidden\" name=\"post_id\" value=\"28119\"\/>\n\t\t\t<input type=\"hidden\" name=\"form_id\" value=\"c62fe55\"\/>\n\t\t\t<input type=\"hidden\" name=\"referer_title\" value=\"Costa Blanca Buyers by Yohanne &amp; Jacqueline\" \/>\n\n\t\t\t\n\t\t\t<div class=\"elementor-form-fields-wrapper elementor-labels-\">\n\t\t\t\t\t\t\t\t<div class=\"elementor-field-type-text elementor-field-group elementor-column elementor-field-group-name elementor-col-100\">\n\t\t\t\t\t\t\t\t\t\t\t\t<label for=\"form-field-name\" class=\"elementor-field-label elementor-screen-only\">\n\t\t\t\t\t\t\t\tName\t\t\t\t\t\t\t<\/label>\n\t\t\t\t\t\t\t\t\t\t\t\t\t\t<input size=\"1\" type=\"text\" name=\"form_fields[name]\" id=\"form-field-name\" class=\"elementor-field elementor-size-sm  elementor-field-textual\" placeholder=\"Name\">\n\t\t\t\t\t\t\t\t\t\t\t<\/div>\n\t\t\t\t\t\t\t\t<div class=\"elementor-field-type-email elementor-field-group elementor-column elementor-field-group-email elementor-col-100 elementor-field-required\">\n\t\t\t\t\t\t\t\t\t\t\t\t<label for=\"form-field-email\" class=\"elementor-field-label elementor-screen-only\">\n\t\t\t\t\t\t\t\tEmail\t\t\t\t\t\t\t<\/label>\n\t\t\t\t\t\t\t\t\t\t\t\t\t\t<input size=\"1\" type=\"email\" name=\"form_fields[email]\" id=\"form-field-email\" class=\"elementor-field elementor-size-sm  elementor-field-textual\" placeholder=\"Email\" required=\"required\">\n\t\t\t\t\t\t\t\t\t\t\t<\/div>\n\t\t\t\t\t\t\t\t<div class=\"elementor-field-type-tel elementor-field-group elementor-column elementor-field-group-phone elementor-col-100\">\n\t\t\t\t\t\t\t\t\t\t\t\t<label for=\"form-field-phone\" class=\"elementor-field-label elementor-screen-only\">\n\t\t\t\t\t\t\t\tTelefon\t\t\t\t\t\t\t<\/label>\n\t\t\t\t\t\t\t\t<input size=\"1\" type=\"tel\" name=\"form_fields[phone]\" id=\"form-field-phone\" class=\"elementor-field elementor-size-sm  elementor-field-textual\" placeholder=\"Telefon \/ WhatsApp Nummer\" pattern=\"[0-9()#&amp;+*-=.]+\" title=\"Nur Nummern oder Telefon-Zeichen (#, -, *, etc) werden akzeptiert.\">\n\n\t\t\t\t\t\t<\/div>\n\t\t\t\t\t\t\t\t<div class=\"elementor-field-type-select elementor-field-group elementor-column elementor-field-group-field_60ba265 elementor-col-100 elementor-field-required\">\n\t\t\t\t\t\t\t\t\t\t\t\t<label for=\"form-field-field_60ba265\" class=\"elementor-field-label elementor-screen-only\">\n\t\t\t\t\t\t\t\tIch interessiere mich f\u00fcr:\t\t\t\t\t\t\t<\/label>\n\t\t\t\t\t\t\t\t<div class=\"elementor-field elementor-select-wrapper remove-before \">\n\t\t\t<div class=\"select-caret-down-wrapper\">\n\t\t\t\t<svg aria-hidden=\"true\" class=\"e-font-icon-svg e-eicon-caret-down\" viewBox=\"0 0 571.4 571.4\" xmlns=\"http:\/\/www.w3.org\/2000\/svg\"><path d=\"M571 393Q571 407 561 418L311 668Q300 679 286 679T261 668L11 418Q0 407 0 393T11 368 36 357H536Q550 357 561 368T571 393Z\"><\/path><\/svg>\t\t\t<\/div>\n\t\t\t<select name=\"form_fields[field_60ba265]\" id=\"form-field-field_60ba265\" class=\"elementor-field-textual elementor-size-sm\" required=\"required\">\n\t\t\t\t\t\t\t\t\t<option value=\"Ich interessiere mich f\u00fcr:\">Ich interessiere mich f\u00fcr:<\/option>\n\t\t\t\t\t\t\t\t\t<option value=\"Padel-Urlaub\">Padel-Urlaub<\/option>\n\t\t\t\t\t\t\t\t\t<option value=\"Preise &amp; verf\u00fcgbare Termine\">Preise &amp; verf\u00fcgbare Termine<\/option>\n\t\t\t\t\t\t\t\t\t<option value=\"Hauskauf in der N\u00e4he von Padelpl\u00e4tzen\">Hauskauf in der N\u00e4he von Padelpl\u00e4tzen<\/option>\n\t\t\t\t\t\t\t\t\t<option value=\"Alle drei\">Alle drei<\/option>\n\t\t\t\t\t\t\t<\/select>\n\t\t<\/div>\n\t\t\t\t\t\t<\/div>\n\t\t\t\t\t\t\t\t<div class=\"elementor-field-type-date elementor-field-group elementor-column elementor-field-group-arrival elementor-col-50\">\n\t\t\t\t\t\t\t\t\t\t\t\t<label for=\"form-field-arrival\" class=\"elementor-field-label elementor-screen-only\">\n\t\t\t\t\t\t\t\tAnreise\t\t\t\t\t\t\t<\/label>\n\t\t\t\t\t\t\n\t\t<input type=\"date\" name=\"form_fields[arrival]\" id=\"form-field-arrival\" class=\"elementor-field elementor-size-sm  elementor-field-textual elementor-date-field\" placeholder=\"Wunschtermin f\u00fcr die Anreise\" pattern=\"[0-9]{4}-[0-9]{2}-[0-9]{2}\">\n\t\t\t\t\t\t<\/div>\n\t\t\t\t\t\t\t\t<div class=\"elementor-field-type-date elementor-field-group elementor-column elementor-field-group-departure elementor-col-50\">\n\t\t\t\t\t\t\t\t\t\t\t\t<label for=\"form-field-departure\" class=\"elementor-field-label elementor-screen-only\">\n\t\t\t\t\t\t\t\tAbreise\t\t\t\t\t\t\t<\/label>\n\t\t\t\t\t\t\n\t\t<input type=\"date\" name=\"form_fields[departure]\" id=\"form-field-departure\" class=\"elementor-field elementor-size-sm  elementor-field-textual elementor-date-field\" placeholder=\"Wunschtermin f\u00fcr die Abreise\" pattern=\"[0-9]{4}-[0-9]{2}-[0-9]{2}\">\n\t\t\t\t\t\t<\/div>\n\t\t\t\t\t\t\t\t<div class=\"elementor-field-type-textarea elementor-field-group elementor-column elementor-field-group-message elementor-col-100\">\n\t\t\t\t\t\t\t\t\t\t\t\t<label for=\"form-field-message\" class=\"elementor-field-label elementor-screen-only\">\n\t\t\t\t\t\t\t\tNachricht\t\t\t\t\t\t\t<\/label>\n\t\t\t\t\t\t<textarea class=\"elementor-field-textual elementor-field  elementor-size-sm\" name=\"form_fields[message]\" id=\"form-field-message\" rows=\"4\" placeholder=\" Tell us how many players, your padel level, or if you\u2019d like information about homes near padel courts.\"><\/textarea>\t\t\t\t<\/div>\n\t\t\t\t\t\t\t\t<div class=\"elementor-field-type-hidden elementor-field-group elementor-column elementor-field-group-page_or_property elementor-col-100\">\n\t\t\t\t\t\t\t\t\t\t\t\t\t<input size=\"1\" type=\"hidden\" name=\"form_fields[page_or_property]\" id=\"form-field-page_or_property\" class=\"elementor-field elementor-size-sm  elementor-field-textual\">\n\t\t\t\t\t\t\t\t\t\t\t<\/div>\n\t\t\t\t\t\t\t\t<div class=\"elementor-field-group elementor-column elementor-field-type-submit elementor-col-25 e-form__buttons\">\n\t\t\t\t\t<button class=\"elementor-button elementor-size-sm\" type=\"submit\">\n\t\t\t\t\t\t<span class=\"elementor-button-content-wrapper\">\n\t\t\t\t\t\t\t\t\t\t\t\t\t\t\t\t\t\t\t\t\t\t<span class=\"elementor-button-text\">senden<\/span>\n\t\t\t\t\t\t\t\t\t\t\t\t\t<\/span>\n\t\t\t\t\t<\/button>\n\t\t\t\t<\/div>\n\t\t\t<\/div>\n\t\t<\/form>\n\t\t\t\t\t\t<\/div>\n\t\t\t\t\t<\/div>\n\t\t\t\t<\/div>\n\t\t\t\t<\/div>\n\t\t","protected":false},"excerpt":{"rendered":"<p>Entlang der K\u00fcste unserer Region an der Costa Blanca ist Padel Teil des t\u00e4glichen Lebens. <\/p>\n","protected":false},"author":1,"featured_media":28118,"parent":0,"menu_order":90,"comment_status":"closed","ping_status":"closed","template":"elementor_header_footer","meta":{"footnotes":""},"class_list":["post-28119","page","type-page","status-publish","has-post-thumbnail","hentry"],"yoast_head":"<!-- This site is optimized with the Yoast SEO plugin v27.6 - https:\/\/yoast.com\/product\/yoast-seo-wordpress\/ -->\n<title>Padel-Urlaub - Costa Blanca Buyers by Yohanne &amp; Jacqueline<\/title>\n<meta name=\"description\" content=\"Entlang der K\u00fcste unserer Region an der Costa Blanca ist Padel Teil des t\u00e4glichen Lebens.\" \/>\n<meta name=\"robots\" content=\"index, follow, max-snippet:-1, max-image-preview:large, max-video-preview:-1\" \/>\n<link rel=\"canonical\" href=\"https:\/\/costablancabuyers.com\/de\/padel-urlaub\/\" \/>\n<meta property=\"og:locale\" content=\"de_DE\" \/>\n<meta property=\"og:type\" content=\"article\" \/>\n<meta property=\"og:title\" content=\"Padel-Urlaub - Costa Blanca Buyers by Yohanne &amp; Jacqueline\" \/>\n<meta property=\"og:description\" content=\"Entlang der K\u00fcste unserer Region an der Costa Blanca ist Padel Teil des t\u00e4glichen Lebens.\" \/>\n<meta property=\"og:url\" content=\"https:\/\/costablancabuyers.com\/de\/padel-urlaub\/\" \/>\n<meta property=\"og:site_name\" content=\"Costa Blanca Buyers by Yohanne &amp; Jacqueline\" \/>\n<meta property=\"article:modified_time\" content=\"2026-03-13T18:05:28+00:00\" \/>\n<meta property=\"og:image\" content=\"https:\/\/costablancabuyers.com\/wp-content\/uploads\/2026\/02\/padel-header.jpg\" \/>\n\t<meta property=\"og:image:width\" content=\"1400\" \/>\n\t<meta property=\"og:image:height\" content=\"788\" \/>\n\t<meta property=\"og:image:type\" content=\"image\/jpeg\" \/>\n<meta name=\"twitter:card\" content=\"summary_large_image\" \/>\n<meta name=\"twitter:label1\" content=\"Gesch\u00e4tzte Lesezeit\" \/>\n\t<meta name=\"twitter:data1\" content=\"2\u00a0Minuten\" \/>\n<script type=\"application\/ld+json\" class=\"yoast-schema-graph\">{\"@context\":\"https:\\\/\\\/schema.org\",\"@graph\":[{\"@type\":\"WebPage\",\"@id\":\"https:\\\/\\\/costablancabuyers.com\\\/de\\\/padel-urlaub\\\/\",\"url\":\"https:\\\/\\\/costablancabuyers.com\\\/de\\\/padel-urlaub\\\/\",\"name\":\"Padel-Urlaub - Costa Blanca Buyers by Yohanne &amp; Jacqueline\",\"isPartOf\":{\"@id\":\"https:\\\/\\\/costablancabuyers.com\\\/de\\\/#website\"},\"primaryImageOfPage\":{\"@id\":\"https:\\\/\\\/costablancabuyers.com\\\/de\\\/padel-urlaub\\\/#primaryimage\"},\"image\":{\"@id\":\"https:\\\/\\\/costablancabuyers.com\\\/de\\\/padel-urlaub\\\/#primaryimage\"},\"thumbnailUrl\":\"https:\\\/\\\/costablancabuyers.com\\\/wp-content\\\/uploads\\\/2026\\\/02\\\/padel-header.jpg\",\"datePublished\":\"2026-02-05T08:10:33+00:00\",\"dateModified\":\"2026-03-13T18:05:28+00:00\",\"description\":\"Entlang der K\u00fcste unserer Region an der Costa Blanca ist Padel Teil des t\u00e4glichen Lebens.\",\"breadcrumb\":{\"@id\":\"https:\\\/\\\/costablancabuyers.com\\\/de\\\/padel-urlaub\\\/#breadcrumb\"},\"inLanguage\":\"de\",\"potentialAction\":[{\"@type\":\"ReadAction\",\"target\":[\"https:\\\/\\\/costablancabuyers.com\\\/de\\\/padel-urlaub\\\/\"]}]},{\"@type\":\"ImageObject\",\"inLanguage\":\"de\",\"@id\":\"https:\\\/\\\/costablancabuyers.com\\\/de\\\/padel-urlaub\\\/#primaryimage\",\"url\":\"https:\\\/\\\/costablancabuyers.com\\\/wp-content\\\/uploads\\\/2026\\\/02\\\/padel-header.jpg\",\"contentUrl\":\"https:\\\/\\\/costablancabuyers.com\\\/wp-content\\\/uploads\\\/2026\\\/02\\\/padel-header.jpg\",\"width\":1400,\"height\":788},{\"@type\":\"BreadcrumbList\",\"@id\":\"https:\\\/\\\/costablancabuyers.com\\\/de\\\/padel-urlaub\\\/#breadcrumb\",\"itemListElement\":[{\"@type\":\"ListItem\",\"position\":1,\"name\":\"Home\",\"item\":\"https:\\\/\\\/costablancabuyers.com\\\/de\\\/\"},{\"@type\":\"ListItem\",\"position\":2,\"name\":\"Padel-Urlaub\"}]},{\"@type\":\"WebSite\",\"@id\":\"https:\\\/\\\/costablancabuyers.com\\\/de\\\/#website\",\"url\":\"https:\\\/\\\/costablancabuyers.com\\\/de\\\/\",\"name\":\"Costa Blanca Buyers by Yohanne & Jacqueline\",\"description\":\"\",\"publisher\":{\"@id\":\"https:\\\/\\\/costablancabuyers.com\\\/de\\\/#organization\"},\"potentialAction\":[{\"@type\":\"SearchAction\",\"target\":{\"@type\":\"EntryPoint\",\"urlTemplate\":\"https:\\\/\\\/costablancabuyers.com\\\/de\\\/?s={search_term_string}\"},\"query-input\":{\"@type\":\"PropertyValueSpecification\",\"valueRequired\":true,\"valueName\":\"search_term_string\"}}],\"inLanguage\":\"de\"},{\"@type\":\"Organization\",\"@id\":\"https:\\\/\\\/costablancabuyers.com\\\/de\\\/#organization\",\"name\":\"Costa Blanca Buyers by Yohanne & Jacqueline\",\"url\":\"https:\\\/\\\/costablancabuyers.com\\\/de\\\/\",\"logo\":{\"@type\":\"ImageObject\",\"inLanguage\":\"de\",\"@id\":\"https:\\\/\\\/costablancabuyers.com\\\/de\\\/#\\\/schema\\\/logo\\\/image\\\/\",\"url\":\"https:\\\/\\\/costablancabuyers.com\\\/wp-content\\\/uploads\\\/2026\\\/01\\\/logo.svg\",\"contentUrl\":\"https:\\\/\\\/costablancabuyers.com\\\/wp-content\\\/uploads\\\/2026\\\/01\\\/logo.svg\",\"width\":500,\"height\":500,\"caption\":\"Costa Blanca Buyers by Yohanne & Jacqueline\"},\"image\":{\"@id\":\"https:\\\/\\\/costablancabuyers.com\\\/de\\\/#\\\/schema\\\/logo\\\/image\\\/\"}}]}<\/script>\n<!-- \/ Yoast SEO plugin. -->","yoast_head_json":{"title":"Padel-Urlaub - Costa Blanca Buyers by Yohanne &amp; Jacqueline","description":"Entlang der K\u00fcste unserer Region an der Costa Blanca ist Padel Teil des t\u00e4glichen Lebens.","robots":{"index":"index","follow":"follow","max-snippet":"max-snippet:-1","max-image-preview":"max-image-preview:large","max-video-preview":"max-video-preview:-1"},"canonical":"https:\/\/costablancabuyers.com\/de\/padel-urlaub\/","og_locale":"de_DE","og_type":"article","og_title":"Padel-Urlaub - Costa Blanca Buyers by Yohanne &amp; Jacqueline","og_description":"Entlang der K\u00fcste unserer Region an der Costa Blanca ist Padel Teil des t\u00e4glichen Lebens.","og_url":"https:\/\/costablancabuyers.com\/de\/padel-urlaub\/","og_site_name":"Costa Blanca Buyers by Yohanne &amp; Jacqueline","article_modified_time":"2026-03-13T18:05:28+00:00","og_image":[{"width":1400,"height":788,"url":"https:\/\/costablancabuyers.com\/wp-content\/uploads\/2026\/02\/padel-header.jpg","type":"image\/jpeg"}],"twitter_card":"summary_large_image","twitter_misc":{"Gesch\u00e4tzte Lesezeit":"2\u00a0Minuten"},"schema":{"@context":"https:\/\/schema.org","@graph":[{"@type":"WebPage","@id":"https:\/\/costablancabuyers.com\/de\/padel-urlaub\/","url":"https:\/\/costablancabuyers.com\/de\/padel-urlaub\/","name":"Padel-Urlaub - Costa Blanca Buyers by Yohanne &amp; Jacqueline","isPartOf":{"@id":"https:\/\/costablancabuyers.com\/de\/#website"},"primaryImageOfPage":{"@id":"https:\/\/costablancabuyers.com\/de\/padel-urlaub\/#primaryimage"},"image":{"@id":"https:\/\/costablancabuyers.com\/de\/padel-urlaub\/#primaryimage"},"thumbnailUrl":"https:\/\/costablancabuyers.com\/wp-content\/uploads\/2026\/02\/padel-header.jpg","datePublished":"2026-02-05T08:10:33+00:00","dateModified":"2026-03-13T18:05:28+00:00","description":"Entlang der K\u00fcste unserer Region an der Costa Blanca ist Padel Teil des t\u00e4glichen Lebens.","breadcrumb":{"@id":"https:\/\/costablancabuyers.com\/de\/padel-urlaub\/#breadcrumb"},"inLanguage":"de","potentialAction":[{"@type":"ReadAction","target":["https:\/\/costablancabuyers.com\/de\/padel-urlaub\/"]}]},{"@type":"ImageObject","inLanguage":"de","@id":"https:\/\/costablancabuyers.com\/de\/padel-urlaub\/#primaryimage","url":"https:\/\/costablancabuyers.com\/wp-content\/uploads\/2026\/02\/padel-header.jpg","contentUrl":"https:\/\/costablancabuyers.com\/wp-content\/uploads\/2026\/02\/padel-header.jpg","width":1400,"height":788},{"@type":"BreadcrumbList","@id":"https:\/\/costablancabuyers.com\/de\/padel-urlaub\/#breadcrumb","itemListElement":[{"@type":"ListItem","position":1,"name":"Home","item":"https:\/\/costablancabuyers.com\/de\/"},{"@type":"ListItem","position":2,"name":"Padel-Urlaub"}]},{"@type":"WebSite","@id":"https:\/\/costablancabuyers.com\/de\/#website","url":"https:\/\/costablancabuyers.com\/de\/","name":"Costa Blanca Buyers by Yohanne & Jacqueline","description":"","publisher":{"@id":"https:\/\/costablancabuyers.com\/de\/#organization"},"potentialAction":[{"@type":"SearchAction","target":{"@type":"EntryPoint","urlTemplate":"https:\/\/costablancabuyers.com\/de\/?s={search_term_string}"},"query-input":{"@type":"PropertyValueSpecification","valueRequired":true,"valueName":"search_term_string"}}],"inLanguage":"de"},{"@type":"Organization","@id":"https:\/\/costablancabuyers.com\/de\/#organization","name":"Costa Blanca Buyers by Yohanne & Jacqueline","url":"https:\/\/costablancabuyers.com\/de\/","logo":{"@type":"ImageObject","inLanguage":"de","@id":"https:\/\/costablancabuyers.com\/de\/#\/schema\/logo\/image\/","url":"https:\/\/costablancabuyers.com\/wp-content\/uploads\/2026\/01\/logo.svg","contentUrl":"https:\/\/costablancabuyers.com\/wp-content\/uploads\/2026\/01\/logo.svg","width":500,"height":500,"caption":"Costa Blanca Buyers by Yohanne & Jacqueline"},"image":{"@id":"https:\/\/costablancabuyers.com\/de\/#\/schema\/logo\/image\/"}}]}},"_links":{"self":[{"href":"https:\/\/costablancabuyers.com\/de\/wp-json\/wp\/v2\/pages\/28119","targetHints":{"allow":["GET"]}}],"collection":[{"href":"https:\/\/costablancabuyers.com\/de\/wp-json\/wp\/v2\/pages"}],"about":[{"href":"https:\/\/costablancabuyers.com\/de\/wp-json\/wp\/v2\/types\/page"}],"author":[{"embeddable":true,"href":"https:\/\/costablancabuyers.com\/de\/wp-json\/wp\/v2\/users\/1"}],"replies":[{"embeddable":true,"href":"https:\/\/costablancabuyers.com\/de\/wp-json\/wp\/v2\/comments?post=28119"}],"version-history":[{"count":0,"href":"https:\/\/costablancabuyers.com\/de\/wp-json\/wp\/v2\/pages\/28119\/revisions"}],"wp:featuredmedia":[{"embeddable":true,"href":"https:\/\/costablancabuyers.com\/de\/wp-json\/wp\/v2\/media\/28118"}],"wp:attachment":[{"href":"https:\/\/costablancabuyers.com\/de\/wp-json\/wp\/v2\/media?parent=28119"}],"curies":[{"name":"wp","href":"https:\/\/api.w.org\/{rel}","templated":true}]}}