{"id":28127,"date":"2026-02-06T09:51:01","date_gmt":"2026-02-06T08:51:01","guid":{"rendered":"https:\/\/costablancabuyers.com\/projekte\/destiny-by-bergen-la-nucia\/"},"modified":"2026-03-13T19:05:23","modified_gmt":"2026-03-13T18:05:23","slug":"destiny-by-bergen-la-nucia","status":"publish","type":"page","link":"https:\/\/costablancabuyers.com\/de\/projekte\/destiny-by-bergen-la-nucia\/","title":{"rendered":"Destiny by Bergen La Nuc\u00eda"},"content":{"rendered":"\t\t<div data-elementor-type=\"wp-page\" data-elementor-id=\"28127\" class=\"elementor elementor-28127 elementor-9366\" data-elementor-post-type=\"page\">\n\t\t\t\t<div class=\"elementor-element elementor-element-7233c10c e-flex e-con-boxed e-con e-parent\" data-id=\"7233c10c\" data-element_type=\"container\" data-e-type=\"container\" data-settings=\"{&quot;background_background&quot;:&quot;classic&quot;}\">\n\t\t\t\t\t<div class=\"e-con-inner\">\n\t\t\t\t\t<\/div>\n\t\t\t\t<\/div>\n\t\t<div class=\"elementor-element elementor-element-c38b724 e-flex e-con-boxed e-con e-parent\" data-id=\"c38b724\" data-element_type=\"container\" data-e-type=\"container\">\n\t\t\t\t\t<div class=\"e-con-inner\">\n\t\t\t\t<div class=\"elementor-element elementor-element-fe13a96 elementor-widget elementor-widget-heading\" data-id=\"fe13a96\" data-element_type=\"widget\" data-e-type=\"widget\" data-widget_type=\"heading.default\">\n\t\t\t\t\t<h1 class=\"elementor-heading-title elementor-size-default\">Destiny by Bergen La Nuc\u00eda<\/h1>\t\t\t\t<\/div>\n\t\t\t\t<div class=\"elementor-element elementor-element-d277575 elementor-widget elementor-widget-text-editor\" data-id=\"d277575\" data-element_type=\"widget\" data-e-type=\"widget\" data-widget_type=\"text-editor.default\">\n\t\t\t\t\t\t\t\t\t<h2><strong>Luxuri\u00f6se Lifestyle-Wohnungen neben der Ciudad Deportiva | Padel-, Sport- &amp; Strandleben an der Costa Blanca<\/strong><\/h2>\n<p>Destiny by Bergen ist ein modernes Wohnprojekt in La Nuc\u00eda, direkt neben der renommierten Ciudad Deportiva Camilo Cano. Dieses Projekt richtet sich an K\u00e4ufer und Sportliebhaber, die Lebensstil, Wohlbefinden und intelligentes mediterranes Wohnen miteinander verbinden m\u00f6chten.<\/p>\n<h3><strong>Eine einzigartige, sportorientierte Lage<\/strong><\/h3>\n<p>La Nuc\u00eda ist international als eine der bedeutendsten Sportst\u00e4dte an der Costa Blanca bekannt. Die Ciudad Deportiva Camilo Cano ist Austragungsort internationaler Wettk\u00e4mpfe und bietet erstklassige Einrichtungen wie Leichtathletik, Fu\u00dfball, Schwimmen, Fitnessbereiche und hervorragende Padelpl\u00e4tze. Hier zu leben bedeutet, Teil einer aktiven, gesunden und internationalen Gemeinschaft zu sein.<\/p>\n<p>F\u00fcr Padel-Enthusiasten ist diese Lage ideal. Sie sind nur 5 Minuten vom Padel entfernt, sodass t\u00e4gliches Training, lockere Spiele oder Wettk\u00e4mpfe einfach und bequem m\u00f6glich sind \u2013 und das bei gleichzeitig ruhigem Wohnumfeld.<\/p>\n<h3><strong>Perfekte Anbindung<\/strong><\/h3>\n<p>Destiny by Bergen vereint Sport, Komfort und Erreichbarkeit:<\/p>\n<ul>\n<li>5 Minuten zu Padel<\/li>\n<li>5 Minuten zum Golf<\/li>\n<li>10 Minuten zum Strand<\/li>\n<li>40 Minuten zum Flughafen Alicante<\/li>\n<\/ul>\n<p>Diese Balance macht das Projekt ideal f\u00fcr dauerhaftes Wohnen, Zweitwohnsitze oder als Investition.<\/p>\n<p><strong>Das Projekt<\/strong><br \/>Destiny by Bergen umfasst 64 moderne Apartments und Penth\u00e4user mit 2 und 3 Schlafzimmern. Die Wohnungen sind im zeitgem\u00e4\u00dfen mediterranen Stil gestaltet, mit hochwertigen Materialien und Grundrissen, die nat\u00fcrliches Licht, Komfort und Funktionalit\u00e4t maximieren.<\/p>\n<p>Bewohner profitieren von erstklassigen Gemeinschaftseinrichtungen:<\/p>\n<ul>\n<li>Voll ausgestattetes Fitnessstudio<\/li>\n<li>Spa- und Wellnessbereich<\/li>\n<li>Gepflegte Gartenanlagen<\/li>\n<li>Gro\u00dfer Gemeinschaftspool<\/li>\n<li>Moderner Co-Working-Bereich<\/li>\n<li>Eleganter Social Club<\/li>\n<\/ul>\n<p>Alles ist darauf ausgerichtet, einen aktiven, sozialen und ausgewogenen Lebensstil zu f\u00f6rdern.<\/p>\n<h3><strong>Preise und Wert<\/strong><\/h3>\n<p>Die Preise beginnen bei 297.000 \u20ac und bieten ein starkes Preis-Leistungs-Verh\u00e4ltnis f\u00fcr ein lebensstilorientiertes Projekt in La Nuc\u00eda. Die Kombination aus hervorragender Sportinfrastruktur, N\u00e4he zur K\u00fcste und hochwertigen Gemeinschaftseinrichtungen macht diese Anlage sowohl zum Wohnen als auch zur Vermietung besonders attraktiv.<\/p>\n<h3><strong>K\u00e4uferorientierte Betreuung<\/strong><\/h3>\n<p>Als reine K\u00e4uferagentur vertreten wir ausschlie\u00dflich Ihre Interessen. Wir organisieren private Besichtigungen und virtuelle Rundg\u00e4nge, pr\u00fcfen Vertr\u00e4ge im Detail, kontrollieren die Bauqualit\u00e4t, erkl\u00e4ren alle Kosten transparent und verhandeln, damit unsere K\u00e4ufer die bestm\u00f6glichen Konditionen in Bezug auf Preis, Vertragsbedingungen und Qualit\u00e4t erhalten.<\/p>\n<p>\ud83d\udce9\u00a0<strong>Kontaktieren Sie uns noch heute<\/strong>, um eine Besichtigung oder eine virtuelle Besichtigung von Destiny by Bergen zu vereinbaren.<br \/>Gerne begleiten wir Sie durch das Projekt und helfen Ihnen zu entscheiden, ob diese sport- und lifestyleorientierte Wohnanlage die richtige Wahl f\u00fcr Sie ist.<\/p>\n\t\t\t\t\t\t\t\t<\/div>\n\t\t\t\t<div class=\"elementor-element elementor-element-b8be969 elementor-widget elementor-widget-gallery\" data-id=\"b8be969\" data-element_type=\"widget\" data-e-type=\"widget\" data-settings=\"{&quot;columns&quot;:2,&quot;gap&quot;:{&quot;unit&quot;:&quot;px&quot;,&quot;size&quot;:20,&quot;sizes&quot;:[]},&quot;lazyload&quot;:&quot;yes&quot;,&quot;gallery_layout&quot;:&quot;grid&quot;,&quot;columns_tablet&quot;:2,&quot;columns_mobile&quot;:1,&quot;gap_tablet&quot;:{&quot;unit&quot;:&quot;px&quot;,&quot;size&quot;:10,&quot;sizes&quot;:[]},&quot;gap_mobile&quot;:{&quot;unit&quot;:&quot;px&quot;,&quot;size&quot;:10,&quot;sizes&quot;:[]},&quot;link_to&quot;:&quot;file&quot;,&quot;aspect_ratio&quot;:&quot;3:2&quot;,&quot;overlay_background&quot;:&quot;yes&quot;,&quot;content_hover_animation&quot;:&quot;fade-in&quot;}\" data-widget_type=\"gallery.default\">\n\t\t\t\t\t\t\t<div class=\"elementor-gallery__container\">\n\t\t\t\t\t\t\t<a class=\"e-gallery-item elementor-gallery-item elementor-animated-content\" href=\"https:\/\/costablancabuyers.com\/wp-content\/uploads\/2026\/02\/destiny.jpeg\" data-elementor-open-lightbox=\"yes\" data-elementor-lightbox-slideshow=\"b8be969\" data-elementor-lightbox-title=\"destiny\" data-e-action-hash=\"#elementor-action%3Aaction%3Dlightbox%26settings%3DeyJpZCI6MjgxMjQsInVybCI6Imh0dHBzOlwvXC9jb3N0YWJsYW5jYWJ1eWVycy5jb21cL3dwLWNvbnRlbnRcL3VwbG9hZHNcLzIwMjZcLzAyXC9kZXN0aW55LmpwZWciLCJzbGlkZXNob3ciOiJiOGJlOTY5In0%3D\">\n\t\t\t\t\t<div class=\"e-gallery-image elementor-gallery-item__image\" data-thumbnail=\"https:\/\/costablancabuyers.com\/wp-content\/uploads\/2026\/02\/destiny.jpeg\" data-width=\"300\" data-height=\"168\" aria-label=\"\" role=\"img\" ><\/div>\n\t\t\t\t\t\t\t\t\t\t\t<div class=\"elementor-gallery-item__overlay\"><\/div>\n\t\t\t\t\t\t\t\t\t\t\t\t\t\t<\/a>\n\t\t\t\t\t\t\t<a class=\"e-gallery-item elementor-gallery-item elementor-animated-content\" href=\"https:\/\/costablancabuyers.com\/wp-content\/uploads\/2026\/02\/deport.jpg\" data-elementor-open-lightbox=\"yes\" data-elementor-lightbox-slideshow=\"b8be969\" data-elementor-lightbox-title=\"deport\" data-e-action-hash=\"#elementor-action%3Aaction%3Dlightbox%26settings%3DeyJpZCI6MjgxMjUsInVybCI6Imh0dHBzOlwvXC9jb3N0YWJsYW5jYWJ1eWVycy5jb21cL3dwLWNvbnRlbnRcL3VwbG9hZHNcLzIwMjZcLzAyXC9kZXBvcnQuanBnIiwic2xpZGVzaG93IjoiYjhiZTk2OSJ9\">\n\t\t\t\t\t<div class=\"e-gallery-image elementor-gallery-item__image\" data-thumbnail=\"https:\/\/costablancabuyers.com\/wp-content\/uploads\/2026\/02\/deport.jpg\" data-width=\"300\" data-height=\"163\" aria-label=\"\" role=\"img\" ><\/div>\n\t\t\t\t\t\t\t\t\t\t\t<div class=\"elementor-gallery-item__overlay\"><\/div>\n\t\t\t\t\t\t\t\t\t\t\t\t\t\t<\/a>\n\t\t\t\t\t<\/div>\n\t\t\t\t\t<\/div>\n\t\t\t\t\t<\/div>\n\t\t\t\t<\/div>\n\t\t<div class=\"elementor-element elementor-element-1ec5497d e-flex e-con-boxed e-con e-parent\" data-id=\"1ec5497d\" data-element_type=\"container\" data-e-type=\"container\">\n\t\t\t\t\t<div class=\"e-con-inner\">\n\t\t\t\t<div class=\"elementor-element elementor-element-4440d9a7 elementor-widget elementor-widget-heading\" data-id=\"4440d9a7\" data-element_type=\"widget\" data-e-type=\"widget\" data-widget_type=\"heading.default\">\n\t\t\t\t\t<h2 class=\"elementor-heading-title elementor-size-default\">Nehmen Sie Kontakt auf<\/h2>\t\t\t\t<\/div>\n\t\t\t\t<div class=\"elementor-element elementor-element-17f41e6c elementor-button-align-start elementor-widget elementor-widget-global elementor-global-28108 elementor-global-8047 elementor-widget-form\" data-id=\"17f41e6c\" data-element_type=\"widget\" data-e-type=\"widget\" data-settings=\"{&quot;button_width&quot;:&quot;25&quot;,&quot;step_next_label&quot;:&quot;Weiter&quot;,&quot;step_previous_label&quot;:&quot;Zur\\u00fcck&quot;,&quot;step_type&quot;:&quot;number_text&quot;,&quot;step_icon_shape&quot;:&quot;circle&quot;}\" data-widget_type=\"form.default\">\n\t\t\t\t\t\t\t<form class=\"elementor-form\" method=\"post\" id=\"getintouch\" name=\"Nehmen Sie Kontakt auf\" aria-label=\"Nehmen Sie Kontakt auf\">\n\t\t\t<input type=\"hidden\" name=\"post_id\" value=\"28127\"\/>\n\t\t\t<input type=\"hidden\" name=\"form_id\" value=\"17f41e6c\"\/>\n\t\t\t<input type=\"hidden\" name=\"referer_title\" value=\"Costa Blanca Buyers by Yohanne &amp; Jacqueline\" \/>\n\n\t\t\t\n\t\t\t<div class=\"elementor-form-fields-wrapper elementor-labels-\">\n\t\t\t\t\t\t\t\t<div class=\"elementor-field-type-text elementor-field-group elementor-column elementor-field-group-name elementor-col-100\">\n\t\t\t\t\t\t\t\t\t\t\t\t<label for=\"form-field-name\" class=\"elementor-field-label elementor-screen-only\">\n\t\t\t\t\t\t\t\tName\t\t\t\t\t\t\t<\/label>\n\t\t\t\t\t\t\t\t\t\t\t\t\t\t<input size=\"1\" type=\"text\" name=\"form_fields[name]\" id=\"form-field-name\" class=\"elementor-field elementor-size-sm  elementor-field-textual\" placeholder=\"Name\">\n\t\t\t\t\t\t\t\t\t\t\t<\/div>\n\t\t\t\t\t\t\t\t<div class=\"elementor-field-type-email elementor-field-group elementor-column elementor-field-group-email elementor-col-100 elementor-field-required\">\n\t\t\t\t\t\t\t\t\t\t\t\t<label for=\"form-field-email\" class=\"elementor-field-label elementor-screen-only\">\n\t\t\t\t\t\t\t\tEmail\t\t\t\t\t\t\t<\/label>\n\t\t\t\t\t\t\t\t\t\t\t\t\t\t<input size=\"1\" type=\"email\" name=\"form_fields[email]\" id=\"form-field-email\" class=\"elementor-field elementor-size-sm  elementor-field-textual\" placeholder=\"Email\" required=\"required\">\n\t\t\t\t\t\t\t\t\t\t\t<\/div>\n\t\t\t\t\t\t\t\t<div class=\"elementor-field-type-tel elementor-field-group elementor-column elementor-field-group-phone elementor-col-100\">\n\t\t\t\t\t\t\t\t\t\t\t\t<label for=\"form-field-phone\" class=\"elementor-field-label elementor-screen-only\">\n\t\t\t\t\t\t\t\tTelefon\t\t\t\t\t\t\t<\/label>\n\t\t\t\t\t\t\t\t<input size=\"1\" type=\"tel\" name=\"form_fields[phone]\" id=\"form-field-phone\" class=\"elementor-field elementor-size-sm  elementor-field-textual\" placeholder=\"Telefon \/ WhatsApp Nummer\" pattern=\"[0-9()#&amp;+*-=.]+\" title=\"Nur Nummern oder Telefon-Zeichen (#, -, *, etc) werden akzeptiert.\">\n\n\t\t\t\t\t\t<\/div>\n\t\t\t\t\t\t\t\t<div class=\"elementor-field-type-select elementor-field-group elementor-column elementor-field-group-field_60ba265 elementor-col-100 elementor-field-required\">\n\t\t\t\t\t\t\t\t\t\t\t\t<label for=\"form-field-field_60ba265\" class=\"elementor-field-label elementor-screen-only\">\n\t\t\t\t\t\t\t\tIch interessiere mich f\u00fcr:\t\t\t\t\t\t\t<\/label>\n\t\t\t\t\t\t\t\t<div class=\"elementor-field elementor-select-wrapper remove-before \">\n\t\t\t<div class=\"select-caret-down-wrapper\">\n\t\t\t\t<svg aria-hidden=\"true\" class=\"e-font-icon-svg e-eicon-caret-down\" viewBox=\"0 0 571.4 571.4\" xmlns=\"http:\/\/www.w3.org\/2000\/svg\"><path d=\"M571 393Q571 407 561 418L311 668Q300 679 286 679T261 668L11 418Q0 407 0 393T11 368 36 357H536Q550 357 561 368T571 393Z\"><\/path><\/svg>\t\t\t<\/div>\n\t\t\t<select name=\"form_fields[field_60ba265]\" id=\"form-field-field_60ba265\" class=\"elementor-field-textual elementor-size-sm\" required=\"required\">\n\t\t\t\t\t\t\t\t\t<option value=\"Ich interessiere mich f\u00fcr:\">Ich interessiere mich f\u00fcr:<\/option>\n\t\t\t\t\t\t\t\t\t<option value=\"Diese Immobilie\">Diese Immobilie<\/option>\n\t\t\t\t\t\t\t\t\t<option value=\"Besichtigungsanfrage\">Besichtigungsanfrage<\/option>\n\t\t\t\t\t\t\t\t\t<option value=\"Preis &amp; Verf\u00fcgbarkeit\">Preis &amp; Verf\u00fcgbarkeit<\/option>\n\t\t\t\t\t\t\t\t\t<option value=\"Kaufprozess in Spanien\">Kaufprozess in Spanien<\/option>\n\t\t\t\t\t\t\t\t\t<option value=\"Weitere Informationen\">Weitere Informationen<\/option>\n\t\t\t\t\t\t\t<\/select>\n\t\t<\/div>\n\t\t\t\t\t\t<\/div>\n\t\t\t\t\t\t\t\t<div class=\"elementor-field-type-textarea elementor-field-group elementor-column elementor-field-group-message elementor-col-100\">\n\t\t\t\t\t\t\t\t\t\t\t\t<label for=\"form-field-message\" class=\"elementor-field-label elementor-screen-only\">\n\t\t\t\t\t\t\t\tNachricht\t\t\t\t\t\t\t<\/label>\n\t\t\t\t\t\t<textarea class=\"elementor-field-textual elementor-field  elementor-size-sm\" name=\"form_fields[message]\" id=\"form-field-message\" rows=\"4\" placeholder=\"Ihre Nachricht: Sie k\u00f6nnen Fragen stellen, Details anfordern oder uns mitteilen, wie wir Ihnen helfen k\u00f6nnen.\"><\/textarea>\t\t\t\t<\/div>\n\t\t\t\t\t\t\t\t<div class=\"elementor-field-type-hidden elementor-field-group elementor-column elementor-field-group-page_or_property elementor-col-100\">\n\t\t\t\t\t\t\t\t\t\t\t\t\t<input size=\"1\" type=\"hidden\" name=\"form_fields[page_or_property]\" id=\"form-field-page_or_property\" class=\"elementor-field elementor-size-sm  elementor-field-textual\">\n\t\t\t\t\t\t\t\t\t\t\t<\/div>\n\t\t\t\t\t\t\t\t<div class=\"elementor-field-group elementor-column elementor-field-type-submit elementor-col-25 e-form__buttons\">\n\t\t\t\t\t<button class=\"elementor-button elementor-size-sm\" type=\"submit\">\n\t\t\t\t\t\t<span class=\"elementor-button-content-wrapper\">\n\t\t\t\t\t\t\t\t\t\t\t\t\t\t\t\t\t\t\t\t\t\t<span class=\"elementor-button-text\">senden<\/span>\n\t\t\t\t\t\t\t\t\t\t\t\t\t<\/span>\n\t\t\t\t\t<\/button>\n\t\t\t\t<\/div>\n\t\t\t<\/div>\n\t\t<\/form>\n\t\t\t\t\t\t<\/div>\n\t\t\t\t\t<\/div>\n\t\t\t\t<\/div>\n\t\t\t\t<\/div>\n\t\t","protected":false},"excerpt":{"rendered":"<p>Destiny by Bergen ist ein modernes Wohnprojekt in La Nuc\u00eda, direkt neben der renommierten Ciudad Deportiva Camilo Cano.<\/p>\n","protected":false},"author":1,"featured_media":28126,"parent":28059,"menu_order":10,"comment_status":"closed","ping_status":"closed","template":"elementor_header_footer","meta":{"footnotes":""},"class_list":["post-28127","page","type-page","status-publish","has-post-thumbnail","hentry"],"yoast_head":"<!-- This site is optimized with the Yoast SEO plugin v27.6 - https:\/\/yoast.com\/product\/yoast-seo-wordpress\/ -->\n<title>Destiny by Bergen La Nuc\u00eda - Costa Blanca Buyers by Yohanne &amp; Jacqueline<\/title>\n<meta name=\"description\" content=\"Destiny by Bergen ist ein modernes Wohnprojekt in La Nuc\u00eda, direkt neben der renommierten Ciudad Deportiva Camilo Cano.\" \/>\n<meta name=\"robots\" content=\"index, follow, max-snippet:-1, max-image-preview:large, max-video-preview:-1\" \/>\n<link rel=\"canonical\" href=\"https:\/\/costablancabuyers.com\/de\/projekte\/destiny-by-bergen-la-nucia\/\" \/>\n<meta property=\"og:locale\" content=\"de_DE\" \/>\n<meta property=\"og:type\" content=\"article\" \/>\n<meta property=\"og:title\" content=\"Destiny by Bergen La Nuc\u00eda - Costa Blanca Buyers by Yohanne &amp; Jacqueline\" \/>\n<meta property=\"og:description\" content=\"Destiny by Bergen ist ein modernes Wohnprojekt in La Nuc\u00eda, direkt neben der renommierten Ciudad Deportiva Camilo Cano.\" \/>\n<meta property=\"og:url\" content=\"https:\/\/costablancabuyers.com\/de\/projekte\/destiny-by-bergen-la-nucia\/\" \/>\n<meta property=\"og:site_name\" content=\"Costa Blanca Buyers by Yohanne &amp; Jacqueline\" \/>\n<meta property=\"article:modified_time\" content=\"2026-03-13T18:05:23+00:00\" \/>\n<meta property=\"og:image\" content=\"https:\/\/costablancabuyers.com\/wp-content\/uploads\/2026\/02\/destiny.jpg\" \/>\n\t<meta property=\"og:image:width\" content=\"1280\" \/>\n\t<meta property=\"og:image:height\" content=\"720\" \/>\n\t<meta property=\"og:image:type\" content=\"image\/jpeg\" \/>\n<meta name=\"twitter:card\" content=\"summary_large_image\" \/>\n<meta name=\"twitter:label1\" content=\"Gesch\u00e4tzte Lesezeit\" \/>\n\t<meta name=\"twitter:data1\" content=\"2\u00a0Minuten\" \/>\n<script type=\"application\/ld+json\" class=\"yoast-schema-graph\">{\"@context\":\"https:\\\/\\\/schema.org\",\"@graph\":[{\"@type\":\"WebPage\",\"@id\":\"https:\\\/\\\/costablancabuyers.com\\\/de\\\/projekte\\\/destiny-by-bergen-la-nucia\\\/\",\"url\":\"https:\\\/\\\/costablancabuyers.com\\\/de\\\/projekte\\\/destiny-by-bergen-la-nucia\\\/\",\"name\":\"Destiny by Bergen La Nuc\u00eda - Costa Blanca Buyers by Yohanne &amp; Jacqueline\",\"isPartOf\":{\"@id\":\"https:\\\/\\\/costablancabuyers.com\\\/de\\\/#website\"},\"primaryImageOfPage\":{\"@id\":\"https:\\\/\\\/costablancabuyers.com\\\/de\\\/projekte\\\/destiny-by-bergen-la-nucia\\\/#primaryimage\"},\"image\":{\"@id\":\"https:\\\/\\\/costablancabuyers.com\\\/de\\\/projekte\\\/destiny-by-bergen-la-nucia\\\/#primaryimage\"},\"thumbnailUrl\":\"https:\\\/\\\/costablancabuyers.com\\\/wp-content\\\/uploads\\\/2026\\\/02\\\/destiny.jpg\",\"datePublished\":\"2026-02-06T08:51:01+00:00\",\"dateModified\":\"2026-03-13T18:05:23+00:00\",\"description\":\"Destiny by Bergen ist ein modernes Wohnprojekt in La Nuc\u00eda, direkt neben der renommierten Ciudad Deportiva Camilo Cano.\",\"breadcrumb\":{\"@id\":\"https:\\\/\\\/costablancabuyers.com\\\/de\\\/projekte\\\/destiny-by-bergen-la-nucia\\\/#breadcrumb\"},\"inLanguage\":\"de\",\"potentialAction\":[{\"@type\":\"ReadAction\",\"target\":[\"https:\\\/\\\/costablancabuyers.com\\\/de\\\/projekte\\\/destiny-by-bergen-la-nucia\\\/\"]}]},{\"@type\":\"ImageObject\",\"inLanguage\":\"de\",\"@id\":\"https:\\\/\\\/costablancabuyers.com\\\/de\\\/projekte\\\/destiny-by-bergen-la-nucia\\\/#primaryimage\",\"url\":\"https:\\\/\\\/costablancabuyers.com\\\/wp-content\\\/uploads\\\/2026\\\/02\\\/destiny.jpg\",\"contentUrl\":\"https:\\\/\\\/costablancabuyers.com\\\/wp-content\\\/uploads\\\/2026\\\/02\\\/destiny.jpg\",\"width\":1280,\"height\":720},{\"@type\":\"BreadcrumbList\",\"@id\":\"https:\\\/\\\/costablancabuyers.com\\\/de\\\/projekte\\\/destiny-by-bergen-la-nucia\\\/#breadcrumb\",\"itemListElement\":[{\"@type\":\"ListItem\",\"position\":1,\"name\":\"Home\",\"item\":\"https:\\\/\\\/costablancabuyers.com\\\/de\\\/\"},{\"@type\":\"ListItem\",\"position\":2,\"name\":\"Projekte\",\"item\":\"https:\\\/\\\/costablancabuyers.com\\\/de\\\/promotions\\\/\"},{\"@type\":\"ListItem\",\"position\":3,\"name\":\"Destiny by Bergen La Nuc\u00eda\"}]},{\"@type\":\"WebSite\",\"@id\":\"https:\\\/\\\/costablancabuyers.com\\\/de\\\/#website\",\"url\":\"https:\\\/\\\/costablancabuyers.com\\\/de\\\/\",\"name\":\"Costa Blanca Buyers by Yohanne & Jacqueline\",\"description\":\"\",\"publisher\":{\"@id\":\"https:\\\/\\\/costablancabuyers.com\\\/de\\\/#organization\"},\"potentialAction\":[{\"@type\":\"SearchAction\",\"target\":{\"@type\":\"EntryPoint\",\"urlTemplate\":\"https:\\\/\\\/costablancabuyers.com\\\/de\\\/?s={search_term_string}\"},\"query-input\":{\"@type\":\"PropertyValueSpecification\",\"valueRequired\":true,\"valueName\":\"search_term_string\"}}],\"inLanguage\":\"de\"},{\"@type\":\"Organization\",\"@id\":\"https:\\\/\\\/costablancabuyers.com\\\/de\\\/#organization\",\"name\":\"Costa Blanca Buyers by Yohanne & Jacqueline\",\"url\":\"https:\\\/\\\/costablancabuyers.com\\\/de\\\/\",\"logo\":{\"@type\":\"ImageObject\",\"inLanguage\":\"de\",\"@id\":\"https:\\\/\\\/costablancabuyers.com\\\/de\\\/#\\\/schema\\\/logo\\\/image\\\/\",\"url\":\"https:\\\/\\\/costablancabuyers.com\\\/wp-content\\\/uploads\\\/2026\\\/01\\\/logo.svg\",\"contentUrl\":\"https:\\\/\\\/costablancabuyers.com\\\/wp-content\\\/uploads\\\/2026\\\/01\\\/logo.svg\",\"width\":500,\"height\":500,\"caption\":\"Costa Blanca Buyers by Yohanne & Jacqueline\"},\"image\":{\"@id\":\"https:\\\/\\\/costablancabuyers.com\\\/de\\\/#\\\/schema\\\/logo\\\/image\\\/\"}}]}<\/script>\n<!-- \/ Yoast SEO plugin. -->","yoast_head_json":{"title":"Destiny by Bergen La Nuc\u00eda - Costa Blanca Buyers by Yohanne &amp; Jacqueline","description":"Destiny by Bergen ist ein modernes Wohnprojekt in La Nuc\u00eda, direkt neben der renommierten Ciudad Deportiva Camilo Cano.","robots":{"index":"index","follow":"follow","max-snippet":"max-snippet:-1","max-image-preview":"max-image-preview:large","max-video-preview":"max-video-preview:-1"},"canonical":"https:\/\/costablancabuyers.com\/de\/projekte\/destiny-by-bergen-la-nucia\/","og_locale":"de_DE","og_type":"article","og_title":"Destiny by Bergen La Nuc\u00eda - Costa Blanca Buyers by Yohanne &amp; Jacqueline","og_description":"Destiny by Bergen ist ein modernes Wohnprojekt in La Nuc\u00eda, direkt neben der renommierten Ciudad Deportiva Camilo Cano.","og_url":"https:\/\/costablancabuyers.com\/de\/projekte\/destiny-by-bergen-la-nucia\/","og_site_name":"Costa Blanca Buyers by Yohanne &amp; Jacqueline","article_modified_time":"2026-03-13T18:05:23+00:00","og_image":[{"width":1280,"height":720,"url":"https:\/\/costablancabuyers.com\/wp-content\/uploads\/2026\/02\/destiny.jpg","type":"image\/jpeg"}],"twitter_card":"summary_large_image","twitter_misc":{"Gesch\u00e4tzte Lesezeit":"2\u00a0Minuten"},"schema":{"@context":"https:\/\/schema.org","@graph":[{"@type":"WebPage","@id":"https:\/\/costablancabuyers.com\/de\/projekte\/destiny-by-bergen-la-nucia\/","url":"https:\/\/costablancabuyers.com\/de\/projekte\/destiny-by-bergen-la-nucia\/","name":"Destiny by Bergen La Nuc\u00eda - Costa Blanca Buyers by Yohanne &amp; Jacqueline","isPartOf":{"@id":"https:\/\/costablancabuyers.com\/de\/#website"},"primaryImageOfPage":{"@id":"https:\/\/costablancabuyers.com\/de\/projekte\/destiny-by-bergen-la-nucia\/#primaryimage"},"image":{"@id":"https:\/\/costablancabuyers.com\/de\/projekte\/destiny-by-bergen-la-nucia\/#primaryimage"},"thumbnailUrl":"https:\/\/costablancabuyers.com\/wp-content\/uploads\/2026\/02\/destiny.jpg","datePublished":"2026-02-06T08:51:01+00:00","dateModified":"2026-03-13T18:05:23+00:00","description":"Destiny by Bergen ist ein modernes Wohnprojekt in La Nuc\u00eda, direkt neben der renommierten Ciudad Deportiva Camilo Cano.","breadcrumb":{"@id":"https:\/\/costablancabuyers.com\/de\/projekte\/destiny-by-bergen-la-nucia\/#breadcrumb"},"inLanguage":"de","potentialAction":[{"@type":"ReadAction","target":["https:\/\/costablancabuyers.com\/de\/projekte\/destiny-by-bergen-la-nucia\/"]}]},{"@type":"ImageObject","inLanguage":"de","@id":"https:\/\/costablancabuyers.com\/de\/projekte\/destiny-by-bergen-la-nucia\/#primaryimage","url":"https:\/\/costablancabuyers.com\/wp-content\/uploads\/2026\/02\/destiny.jpg","contentUrl":"https:\/\/costablancabuyers.com\/wp-content\/uploads\/2026\/02\/destiny.jpg","width":1280,"height":720},{"@type":"BreadcrumbList","@id":"https:\/\/costablancabuyers.com\/de\/projekte\/destiny-by-bergen-la-nucia\/#breadcrumb","itemListElement":[{"@type":"ListItem","position":1,"name":"Home","item":"https:\/\/costablancabuyers.com\/de\/"},{"@type":"ListItem","position":2,"name":"Projekte","item":"https:\/\/costablancabuyers.com\/de\/promotions\/"},{"@type":"ListItem","position":3,"name":"Destiny by Bergen La Nuc\u00eda"}]},{"@type":"WebSite","@id":"https:\/\/costablancabuyers.com\/de\/#website","url":"https:\/\/costablancabuyers.com\/de\/","name":"Costa Blanca Buyers by Yohanne & Jacqueline","description":"","publisher":{"@id":"https:\/\/costablancabuyers.com\/de\/#organization"},"potentialAction":[{"@type":"SearchAction","target":{"@type":"EntryPoint","urlTemplate":"https:\/\/costablancabuyers.com\/de\/?s={search_term_string}"},"query-input":{"@type":"PropertyValueSpecification","valueRequired":true,"valueName":"search_term_string"}}],"inLanguage":"de"},{"@type":"Organization","@id":"https:\/\/costablancabuyers.com\/de\/#organization","name":"Costa Blanca Buyers by Yohanne & Jacqueline","url":"https:\/\/costablancabuyers.com\/de\/","logo":{"@type":"ImageObject","inLanguage":"de","@id":"https:\/\/costablancabuyers.com\/de\/#\/schema\/logo\/image\/","url":"https:\/\/costablancabuyers.com\/wp-content\/uploads\/2026\/01\/logo.svg","contentUrl":"https:\/\/costablancabuyers.com\/wp-content\/uploads\/2026\/01\/logo.svg","width":500,"height":500,"caption":"Costa Blanca Buyers by Yohanne & Jacqueline"},"image":{"@id":"https:\/\/costablancabuyers.com\/de\/#\/schema\/logo\/image\/"}}]}},"_links":{"self":[{"href":"https:\/\/costablancabuyers.com\/de\/wp-json\/wp\/v2\/pages\/28127","targetHints":{"allow":["GET"]}}],"collection":[{"href":"https:\/\/costablancabuyers.com\/de\/wp-json\/wp\/v2\/pages"}],"about":[{"href":"https:\/\/costablancabuyers.com\/de\/wp-json\/wp\/v2\/types\/page"}],"author":[{"embeddable":true,"href":"https:\/\/costablancabuyers.com\/de\/wp-json\/wp\/v2\/users\/1"}],"replies":[{"embeddable":true,"href":"https:\/\/costablancabuyers.com\/de\/wp-json\/wp\/v2\/comments?post=28127"}],"version-history":[{"count":0,"href":"https:\/\/costablancabuyers.com\/de\/wp-json\/wp\/v2\/pages\/28127\/revisions"}],"up":[{"embeddable":true,"href":"https:\/\/costablancabuyers.com\/de\/wp-json\/wp\/v2\/pages\/28059"}],"wp:featuredmedia":[{"embeddable":true,"href":"https:\/\/costablancabuyers.com\/de\/wp-json\/wp\/v2\/media\/28126"}],"wp:attachment":[{"href":"https:\/\/costablancabuyers.com\/de\/wp-json\/wp\/v2\/media?parent=28127"}],"curies":[{"name":"wp","href":"https:\/\/api.w.org\/{rel}","templated":true}]}}