{"id":29216,"date":"2026-02-02T11:14:20","date_gmt":"2026-02-02T10:14:20","guid":{"rendered":"https:\/\/costablancabuyers.com\/benidorm\/"},"modified":"2026-04-26T12:50:01","modified_gmt":"2026-04-26T10:50:01","slug":"benidorm","status":"publish","type":"page","link":"https:\/\/costablancabuyers.com\/de\/costa-blanca\/benidorm\/","title":{"rendered":"Benidorm"},"content":{"rendered":"\t\t<div data-elementor-type=\"wp-page\" data-elementor-id=\"29216\" class=\"elementor elementor-29216 elementor-7989\" data-elementor-post-type=\"page\">\n\t\t\t\t<div class=\"elementor-element elementor-element-18e08b33 e-flex e-con-boxed e-con e-parent\" data-id=\"18e08b33\" data-element_type=\"container\" data-e-type=\"container\">\n\t\t\t\t\t<div class=\"e-con-inner\">\n\t\t\t\t<div class=\"elementor-element elementor-element-f26325f elementor-widget elementor-widget-image\" data-id=\"f26325f\" data-element_type=\"widget\" data-e-type=\"widget\" data-widget_type=\"image.default\">\n\t\t\t\t\t\t\t\t\t\t\t\t\t\t\t<img fetchpriority=\"high\" decoding=\"async\" width=\"1536\" height=\"1024\" src=\"https:\/\/costablancabuyers.com\/wp-content\/uploads\/2026\/02\/Benidorm.jpg\" class=\"attachment-full size-full wp-image-29215\" alt=\"\" \/>\t\t\t\t\t\t\t\t\t\t\t\t\t\t\t<\/div>\n\t\t\t\t\t<\/div>\n\t\t\t\t<\/div>\n\t\t<div class=\"elementor-element elementor-element-c7937e2 e-flex e-con-boxed e-con e-parent\" data-id=\"c7937e2\" data-element_type=\"container\" data-e-type=\"container\">\n\t\t\t\t\t<div class=\"e-con-inner\">\n\t\t\t\t<div class=\"elementor-element elementor-element-a52e33a elementor-widget elementor-widget-heading\" data-id=\"a52e33a\" data-element_type=\"widget\" data-e-type=\"widget\" data-widget_type=\"heading.default\">\n\t\t\t\t\t<h1 class=\"elementor-heading-title elementor-size-default\">Benidorm - Costa Blanca, Spanien<\/h1>\t\t\t\t<\/div>\n\t\t\t\t<div class=\"elementor-element elementor-element-2fa8fcb elementor-widget elementor-widget-text-editor\" data-id=\"2fa8fcb\" data-element_type=\"widget\" data-e-type=\"widget\" data-widget_type=\"text-editor.default\">\n\t\t\t\t\t\t\t\t\t<p>Benidorm ist eine der etabliertesten K\u00fcstenst\u00e4dte an der Costa Blanca und bietet eine Kombination aus mediterranem Lebensstil, moderner Infrastruktur und ganzj\u00e4hriger Aktivit\u00e4t. Die Stadt ist eine beliebte Wahl f\u00fcr internationale K\u00e4ufer, die in Spanien eine Immobilie in Strandn\u00e4he sowie in der N\u00e4he von Dienstleistungen und Sporteinrichtungen kaufen m\u00f6chten.<\/p>\n<p><strong>Leben in Benidorm<\/strong><br \/>Benidorm hat rund 70.000 st\u00e4ndige Einwohner und eine starke internationale Gemeinschaft aus den Niederlanden, Belgien, Deutschland, Frankreich und dem Vereinigten K\u00f6nigreich. Im Gegensatz zu vielen K\u00fcstenorten ist Benidorm das ganze Jahr \u00fcber aktiv und nicht nur in der Sommersaison, was es ideal f\u00fcr dauerhaftes Wohnen, l\u00e4ngere Aufenthalte oder als Mietinvestition macht.<\/p>\n<p>Die Stadt bietet:<br \/>\u2022 lange Sandstr\u00e4nde und Promenaden<br \/>\u2022 Krankenh\u00e4user, private Kliniken und internationale Dienstleistungen<br \/>\u2022 Restaurants, Gesch\u00e4fte und Caf\u00e9s ganzj\u00e4hrig ge\u00f6ffnet<\/p>\n<p><strong>Str\u00e4nde &amp; Lebensstil<\/strong><br \/>Benidorm ist bekannt f\u00fcr seine zwei Hauptstr\u00e4nde:<br \/>\u2022\u00a0<strong>Levante Strand<\/strong>\u00a0\u2013 lebendig, zentral und nahe dem Stadtzentrum<br \/>\u2022\u00a0<strong>Poniente Strand<\/strong>\u00a0\u2013 breiter und ruhiger, beliebt bei Familien und Langzeitbewohnern<\/p>\n<p>Beide Str\u00e4nde sind sehr gepflegt und f\u00fcr ganzj\u00e4hriges Wohnen geeignet.<\/p>\n<p><strong>Golf &amp; Padel nahe Benidorm<\/strong><br \/>Benidorm ist ideal gelegen f\u00fcr K\u00e4ufer mit aktivem Lebensstil.<\/p>\n<p>Golfpl\u00e4tze in der N\u00e4he von Benidorm:<br \/>\u2022 Villaitana Golf \u2013 zwei Championship-Golfpl\u00e4tze in Stadtn\u00e4he<\/p>\n<p>Padel-Clubs in und um Benidorm:<br \/>\u2022 Padel Point Villaitana<br \/>\u2022 IQL Sports Tennis &amp; Padel Club<\/p>\n<p>Padel ist lokal sehr beliebt und erleichtert soziale Kontakte und die Integration in die Gemeinschaft.<\/p>\n<p><strong>M\u00e4rkte &amp; frische Produkte in Benidorm<\/strong><br \/>W\u00f6chentliche M\u00e4rkte sind ein wichtiger Bestandteil des mediterranen Alltagslebens und bieten frisches Obst, Gem\u00fcse, Fisch und regionale Produkte.<\/p>\n<p>W\u00f6chentliche M\u00e4rkte in Benidorm:<br \/>\u2022 Foietes Markt \u2013 Mittwochvormittag<br \/>\u2022 Rinc\u00f3n de Loix Markt \u2013 Mittwoch- &amp; Sonntagvormittag<br \/>\u2022 Mercat Municipal de Benidorm \u2013 t\u00e4glich ge\u00f6ffnet (au\u00dfer Sonntag)<br \/>Frischer Fisch, Fleisch, Obst, Gem\u00fcse und lokale Delikatessen<\/p>\n<p>Diese M\u00e4rkte finden in der Regel vom Morgen bis zum fr\u00fchen Nachmittag statt und geh\u00f6ren zum t\u00e4glichen Leben der Einheimischen.<\/p>\n<p><strong>Erreichbarkeit<\/strong><br \/>Flughafen Alicante: ca. 45 Minuten (55 km)<br \/>\u2022 Direkter Autobahnanschluss \u00fcber die AP-7<br \/>\u2022 TRAM- und Busverbindungen entlang der Costa Blanca<\/p>\n<p><strong>Immobilienkauf in Benidorm<\/strong><br \/>Benidorm bietet eine gro\u00dfe Auswahl an Immobilien, von Apartments mit Meerblick bis hin zu modernen Neubauten. Besonders attraktiv f\u00fcr K\u00e4ufer, die suchen nach:<br \/>\u2022 Wohnungen nahe Strand und Dienstleistungen<br \/>\u2022 hoher Mietnachfrage<br \/>\u2022 einfacher Wiederverkaufbarkeit und langfristigem Wert<br \/>\u2022 Golf- und Padelanlagen in der N\u00e4he<\/p>\n<p><strong>M\u00f6chten Sie ein Haus in Benidorm oder Umgebung kaufen?<\/strong><br \/>Wenn Sie eine Immobilie in Benidorm oder an der Costa Blanca kaufen m\u00f6chten, begleitet Sie unsere K\u00e4uferagentur vom ersten Suchschritt bis zum finalen Kauf. Wir unterst\u00fctzen internationale K\u00e4ufer bei der Suche nach Immobilien, die zu Budget, Lebensstil und langfristigen Zielen passen \u2013 stets mit ausschlie\u00dflicher K\u00e4ufervertretung.<\/p>\n<p>\ud83d\udc49 Kontaktieren Sie uns f\u00fcr pers\u00f6nliche Beratung, verf\u00fcgbare Immobilien in Benidorm und Unterst\u00fctzung beim Kauf in Strand-, Golf-, Padel- und Marktn\u00e4he.<\/p>\n\t\t\t\t\t\t\t\t<\/div>\n\t\t\t\t\t<\/div>\n\t\t\t\t<\/div>\n\t\t<div class=\"elementor-element elementor-element-cfa3d34 e-flex e-con-boxed e-con e-parent\" data-id=\"cfa3d34\" data-element_type=\"container\" data-e-type=\"container\">\n\t\t\t\t\t<div class=\"e-con-inner\">\n\t\t\t\t<div class=\"elementor-element elementor-element-f07266e elementor-widget elementor-widget-heading\" data-id=\"f07266e\" data-element_type=\"widget\" data-e-type=\"widget\" data-widget_type=\"heading.default\">\n\t\t\t\t\t<h2 class=\"elementor-heading-title elementor-size-default\">Nehmen Sie Kontakt auf<\/h2>\t\t\t\t<\/div>\n\t\t\t\t<div class=\"elementor-element elementor-element-34bb6cb elementor-button-align-start elementor-widget elementor-widget-global elementor-global-28108 elementor-global-8047 elementor-widget-form\" data-id=\"34bb6cb\" data-element_type=\"widget\" data-e-type=\"widget\" data-settings=\"{&quot;button_width&quot;:&quot;25&quot;,&quot;step_next_label&quot;:&quot;Weiter&quot;,&quot;step_previous_label&quot;:&quot;Zur\\u00fcck&quot;,&quot;step_type&quot;:&quot;number_text&quot;,&quot;step_icon_shape&quot;:&quot;circle&quot;}\" data-widget_type=\"form.default\">\n\t\t\t\t\t\t\t<form class=\"elementor-form\" method=\"post\" id=\"getintouch\" name=\"Nehmen Sie Kontakt auf\" aria-label=\"Nehmen Sie Kontakt auf\">\n\t\t\t<input type=\"hidden\" name=\"post_id\" value=\"29216\"\/>\n\t\t\t<input type=\"hidden\" name=\"form_id\" value=\"34bb6cb\"\/>\n\t\t\t<input type=\"hidden\" name=\"referer_title\" value=\"Costa Blanca Buyers by Yohanne &amp; Jacqueline\" \/>\n\n\t\t\t\n\t\t\t<div class=\"elementor-form-fields-wrapper elementor-labels-\">\n\t\t\t\t\t\t\t\t<div class=\"elementor-field-type-text elementor-field-group elementor-column elementor-field-group-name elementor-col-100\">\n\t\t\t\t\t\t\t\t\t\t\t\t<label for=\"form-field-name\" class=\"elementor-field-label elementor-screen-only\">\n\t\t\t\t\t\t\t\tName\t\t\t\t\t\t\t<\/label>\n\t\t\t\t\t\t\t\t\t\t\t\t\t\t<input size=\"1\" type=\"text\" name=\"form_fields[name]\" id=\"form-field-name\" class=\"elementor-field elementor-size-sm  elementor-field-textual\" placeholder=\"Name\">\n\t\t\t\t\t\t\t\t\t\t\t<\/div>\n\t\t\t\t\t\t\t\t<div class=\"elementor-field-type-email elementor-field-group elementor-column elementor-field-group-email elementor-col-100 elementor-field-required\">\n\t\t\t\t\t\t\t\t\t\t\t\t<label for=\"form-field-email\" class=\"elementor-field-label elementor-screen-only\">\n\t\t\t\t\t\t\t\tEmail\t\t\t\t\t\t\t<\/label>\n\t\t\t\t\t\t\t\t\t\t\t\t\t\t<input size=\"1\" type=\"email\" name=\"form_fields[email]\" id=\"form-field-email\" class=\"elementor-field elementor-size-sm  elementor-field-textual\" placeholder=\"Email\" required=\"required\">\n\t\t\t\t\t\t\t\t\t\t\t<\/div>\n\t\t\t\t\t\t\t\t<div class=\"elementor-field-type-tel elementor-field-group elementor-column elementor-field-group-phone elementor-col-100\">\n\t\t\t\t\t\t\t\t\t\t\t\t<label for=\"form-field-phone\" class=\"elementor-field-label elementor-screen-only\">\n\t\t\t\t\t\t\t\tTelefon\t\t\t\t\t\t\t<\/label>\n\t\t\t\t\t\t\t\t<input size=\"1\" type=\"tel\" name=\"form_fields[phone]\" id=\"form-field-phone\" class=\"elementor-field elementor-size-sm  elementor-field-textual\" placeholder=\"Telefon \/ WhatsApp Nummer\" pattern=\"[0-9()#&amp;+*-=.]+\" title=\"Nur Nummern oder Telefon-Zeichen (#, -, *, etc) werden akzeptiert.\">\n\n\t\t\t\t\t\t<\/div>\n\t\t\t\t\t\t\t\t<div class=\"elementor-field-type-select elementor-field-group elementor-column elementor-field-group-field_60ba265 elementor-col-100 elementor-field-required\">\n\t\t\t\t\t\t\t\t\t\t\t\t<label for=\"form-field-field_60ba265\" class=\"elementor-field-label elementor-screen-only\">\n\t\t\t\t\t\t\t\tIch interessiere mich f\u00fcr:\t\t\t\t\t\t\t<\/label>\n\t\t\t\t\t\t\t\t<div class=\"elementor-field elementor-select-wrapper remove-before \">\n\t\t\t<div class=\"select-caret-down-wrapper\">\n\t\t\t\t<svg aria-hidden=\"true\" class=\"e-font-icon-svg e-eicon-caret-down\" viewBox=\"0 0 571.4 571.4\" xmlns=\"http:\/\/www.w3.org\/2000\/svg\"><path d=\"M571 393Q571 407 561 418L311 668Q300 679 286 679T261 668L11 418Q0 407 0 393T11 368 36 357H536Q550 357 561 368T571 393Z\"><\/path><\/svg>\t\t\t<\/div>\n\t\t\t<select name=\"form_fields[field_60ba265]\" id=\"form-field-field_60ba265\" class=\"elementor-field-textual elementor-size-sm\" required=\"required\">\n\t\t\t\t\t\t\t\t\t<option value=\"Ich interessiere mich f\u00fcr:\">Ich interessiere mich f\u00fcr:<\/option>\n\t\t\t\t\t\t\t\t\t<option value=\"Diese Immobilie\">Diese Immobilie<\/option>\n\t\t\t\t\t\t\t\t\t<option value=\"Besichtigungsanfrage\">Besichtigungsanfrage<\/option>\n\t\t\t\t\t\t\t\t\t<option value=\"Preis &amp; Verf\u00fcgbarkeit\">Preis &amp; Verf\u00fcgbarkeit<\/option>\n\t\t\t\t\t\t\t\t\t<option value=\"Kaufprozess in Spanien\">Kaufprozess in Spanien<\/option>\n\t\t\t\t\t\t\t\t\t<option value=\"Weitere Informationen\">Weitere Informationen<\/option>\n\t\t\t\t\t\t\t<\/select>\n\t\t<\/div>\n\t\t\t\t\t\t<\/div>\n\t\t\t\t\t\t\t\t<div class=\"elementor-field-type-textarea elementor-field-group elementor-column elementor-field-group-message elementor-col-100\">\n\t\t\t\t\t\t\t\t\t\t\t\t<label for=\"form-field-message\" class=\"elementor-field-label elementor-screen-only\">\n\t\t\t\t\t\t\t\tNachricht\t\t\t\t\t\t\t<\/label>\n\t\t\t\t\t\t<textarea class=\"elementor-field-textual elementor-field  elementor-size-sm\" name=\"form_fields[message]\" id=\"form-field-message\" rows=\"4\" placeholder=\"Ihre Nachricht: Sie k\u00f6nnen Fragen stellen, Details anfordern oder uns mitteilen, wie wir Ihnen helfen k\u00f6nnen.\"><\/textarea>\t\t\t\t<\/div>\n\t\t\t\t\t\t\t\t<div class=\"elementor-field-type-hidden elementor-field-group elementor-column elementor-field-group-page_or_property elementor-col-100\">\n\t\t\t\t\t\t\t\t\t\t\t\t\t<input size=\"1\" type=\"hidden\" name=\"form_fields[page_or_property]\" id=\"form-field-page_or_property\" class=\"elementor-field elementor-size-sm  elementor-field-textual\">\n\t\t\t\t\t\t\t\t\t\t\t<\/div>\n\t\t\t\t\t\t\t\t<div class=\"elementor-field-group elementor-column elementor-field-type-submit elementor-col-25 e-form__buttons\">\n\t\t\t\t\t<button class=\"elementor-button elementor-size-sm\" type=\"submit\">\n\t\t\t\t\t\t<span class=\"elementor-button-content-wrapper\">\n\t\t\t\t\t\t\t\t\t\t\t\t\t\t\t\t\t\t\t\t\t\t<span class=\"elementor-button-text\">senden<\/span>\n\t\t\t\t\t\t\t\t\t\t\t\t\t<\/span>\n\t\t\t\t\t<\/button>\n\t\t\t\t<\/div>\n\t\t\t<\/div>\n\t\t<\/form>\n\t\t\t\t\t\t<\/div>\n\t\t\t\t\t<\/div>\n\t\t\t\t<\/div>\n\t\t\t\t<\/div>\n\t\t","protected":false},"excerpt":{"rendered":"<p>Benidorm ist eine der etabliertesten K\u00fcstenst\u00e4dte an der Costa Blanca und bietet eine mediterranem Lebensstil. <\/p>\n","protected":false},"author":1,"featured_media":29215,"parent":31631,"menu_order":10,"comment_status":"closed","ping_status":"closed","template":"elementor_header_footer","meta":{"footnotes":""},"class_list":["post-29216","page","type-page","status-publish","has-post-thumbnail","hentry"],"yoast_head":"<!-- This site is optimized with the Yoast SEO plugin v27.6 - https:\/\/yoast.com\/product\/yoast-seo-wordpress\/ -->\n<title>Benidorm - Costa Blanca Buyers by Yohanne &amp; Jacqueline Benidorm Costa Blanca Spanje<\/title>\n<meta name=\"description\" content=\"Benidorm ist eine der etabliertesten K\u00fcstenst\u00e4dte an der Costa Blanca und bietet eine mediterranem Lebensstil.\" \/>\n<meta name=\"robots\" content=\"index, follow, max-snippet:-1, max-image-preview:large, max-video-preview:-1\" \/>\n<link rel=\"canonical\" href=\"https:\/\/costablancabuyers.com\/de\/costa-blanca\/benidorm\/\" \/>\n<meta property=\"og:locale\" content=\"de_DE\" \/>\n<meta property=\"og:type\" content=\"article\" \/>\n<meta property=\"og:title\" content=\"Benidorm - Costa Blanca Buyers by Yohanne &amp; Jacqueline Benidorm Costa Blanca Spanje\" \/>\n<meta property=\"og:description\" content=\"Benidorm ist eine der etabliertesten K\u00fcstenst\u00e4dte an der Costa Blanca und bietet eine mediterranem Lebensstil.\" \/>\n<meta property=\"og:url\" content=\"https:\/\/costablancabuyers.com\/de\/costa-blanca\/benidorm\/\" \/>\n<meta property=\"og:site_name\" content=\"Costa Blanca Buyers by Yohanne &amp; Jacqueline\" \/>\n<meta property=\"article:modified_time\" content=\"2026-04-26T10:50:01+00:00\" \/>\n<meta property=\"og:image\" content=\"https:\/\/costablancabuyers.com\/wp-content\/uploads\/2026\/02\/Benidorm.jpg\" \/>\n\t<meta property=\"og:image:width\" content=\"1536\" \/>\n\t<meta property=\"og:image:height\" content=\"1024\" \/>\n\t<meta property=\"og:image:type\" content=\"image\/jpeg\" \/>\n<meta name=\"twitter:card\" content=\"summary_large_image\" \/>\n<meta name=\"twitter:label1\" content=\"Gesch\u00e4tzte Lesezeit\" \/>\n\t<meta name=\"twitter:data1\" content=\"2\u00a0Minuten\" \/>\n<script type=\"application\/ld+json\" class=\"yoast-schema-graph\">{\"@context\":\"https:\\\/\\\/schema.org\",\"@graph\":[{\"@type\":\"WebPage\",\"@id\":\"https:\\\/\\\/costablancabuyers.com\\\/de\\\/costa-blanca\\\/benidorm\\\/\",\"url\":\"https:\\\/\\\/costablancabuyers.com\\\/de\\\/costa-blanca\\\/benidorm\\\/\",\"name\":\"Benidorm - Costa Blanca Buyers by Yohanne &amp; Jacqueline Benidorm Costa Blanca Spanje\",\"isPartOf\":{\"@id\":\"https:\\\/\\\/costablancabuyers.com\\\/de\\\/#website\"},\"primaryImageOfPage\":{\"@id\":\"https:\\\/\\\/costablancabuyers.com\\\/de\\\/costa-blanca\\\/benidorm\\\/#primaryimage\"},\"image\":{\"@id\":\"https:\\\/\\\/costablancabuyers.com\\\/de\\\/costa-blanca\\\/benidorm\\\/#primaryimage\"},\"thumbnailUrl\":\"https:\\\/\\\/costablancabuyers.com\\\/wp-content\\\/uploads\\\/2026\\\/02\\\/Benidorm.jpg\",\"datePublished\":\"2026-02-02T10:14:20+00:00\",\"dateModified\":\"2026-04-26T10:50:01+00:00\",\"description\":\"Benidorm ist eine der etabliertesten K\u00fcstenst\u00e4dte an der Costa Blanca und bietet eine mediterranem Lebensstil.\",\"breadcrumb\":{\"@id\":\"https:\\\/\\\/costablancabuyers.com\\\/de\\\/costa-blanca\\\/benidorm\\\/#breadcrumb\"},\"inLanguage\":\"de\",\"potentialAction\":[{\"@type\":\"ReadAction\",\"target\":[\"https:\\\/\\\/costablancabuyers.com\\\/de\\\/costa-blanca\\\/benidorm\\\/\"]}]},{\"@type\":\"ImageObject\",\"inLanguage\":\"de\",\"@id\":\"https:\\\/\\\/costablancabuyers.com\\\/de\\\/costa-blanca\\\/benidorm\\\/#primaryimage\",\"url\":\"https:\\\/\\\/costablancabuyers.com\\\/wp-content\\\/uploads\\\/2026\\\/02\\\/Benidorm.jpg\",\"contentUrl\":\"https:\\\/\\\/costablancabuyers.com\\\/wp-content\\\/uploads\\\/2026\\\/02\\\/Benidorm.jpg\",\"width\":1536,\"height\":1024},{\"@type\":\"BreadcrumbList\",\"@id\":\"https:\\\/\\\/costablancabuyers.com\\\/de\\\/costa-blanca\\\/benidorm\\\/#breadcrumb\",\"itemListElement\":[{\"@type\":\"ListItem\",\"position\":1,\"name\":\"Home\",\"item\":\"https:\\\/\\\/costablancabuyers.com\\\/de\\\/\"},{\"@type\":\"ListItem\",\"position\":2,\"name\":\"Costa Blanca\",\"item\":\"https:\\\/\\\/costablancabuyers.com\\\/de\\\/costa-blanca\\\/\"},{\"@type\":\"ListItem\",\"position\":3,\"name\":\"Benidorm\"}]},{\"@type\":\"WebSite\",\"@id\":\"https:\\\/\\\/costablancabuyers.com\\\/de\\\/#website\",\"url\":\"https:\\\/\\\/costablancabuyers.com\\\/de\\\/\",\"name\":\"Costa Blanca Buyers by Yohanne & Jacqueline\",\"description\":\"\",\"publisher\":{\"@id\":\"https:\\\/\\\/costablancabuyers.com\\\/de\\\/#organization\"},\"potentialAction\":[{\"@type\":\"SearchAction\",\"target\":{\"@type\":\"EntryPoint\",\"urlTemplate\":\"https:\\\/\\\/costablancabuyers.com\\\/de\\\/?s={search_term_string}\"},\"query-input\":{\"@type\":\"PropertyValueSpecification\",\"valueRequired\":true,\"valueName\":\"search_term_string\"}}],\"inLanguage\":\"de\"},{\"@type\":\"Organization\",\"@id\":\"https:\\\/\\\/costablancabuyers.com\\\/de\\\/#organization\",\"name\":\"Costa Blanca Buyers by Yohanne & Jacqueline\",\"url\":\"https:\\\/\\\/costablancabuyers.com\\\/de\\\/\",\"logo\":{\"@type\":\"ImageObject\",\"inLanguage\":\"de\",\"@id\":\"https:\\\/\\\/costablancabuyers.com\\\/de\\\/#\\\/schema\\\/logo\\\/image\\\/\",\"url\":\"https:\\\/\\\/costablancabuyers.com\\\/wp-content\\\/uploads\\\/2026\\\/01\\\/logo.svg\",\"contentUrl\":\"https:\\\/\\\/costablancabuyers.com\\\/wp-content\\\/uploads\\\/2026\\\/01\\\/logo.svg\",\"width\":500,\"height\":500,\"caption\":\"Costa Blanca Buyers by Yohanne & Jacqueline\"},\"image\":{\"@id\":\"https:\\\/\\\/costablancabuyers.com\\\/de\\\/#\\\/schema\\\/logo\\\/image\\\/\"}}]}<\/script>\n<!-- \/ Yoast SEO plugin. -->","yoast_head_json":{"title":"Benidorm - Costa Blanca Buyers by Yohanne &amp; Jacqueline Benidorm Costa Blanca Spanje","description":"Benidorm ist eine der etabliertesten K\u00fcstenst\u00e4dte an der Costa Blanca und bietet eine mediterranem Lebensstil.","robots":{"index":"index","follow":"follow","max-snippet":"max-snippet:-1","max-image-preview":"max-image-preview:large","max-video-preview":"max-video-preview:-1"},"canonical":"https:\/\/costablancabuyers.com\/de\/costa-blanca\/benidorm\/","og_locale":"de_DE","og_type":"article","og_title":"Benidorm - Costa Blanca Buyers by Yohanne &amp; Jacqueline Benidorm Costa Blanca Spanje","og_description":"Benidorm ist eine der etabliertesten K\u00fcstenst\u00e4dte an der Costa Blanca und bietet eine mediterranem Lebensstil.","og_url":"https:\/\/costablancabuyers.com\/de\/costa-blanca\/benidorm\/","og_site_name":"Costa Blanca Buyers by Yohanne &amp; Jacqueline","article_modified_time":"2026-04-26T10:50:01+00:00","og_image":[{"width":1536,"height":1024,"url":"https:\/\/costablancabuyers.com\/wp-content\/uploads\/2026\/02\/Benidorm.jpg","type":"image\/jpeg"}],"twitter_card":"summary_large_image","twitter_misc":{"Gesch\u00e4tzte Lesezeit":"2\u00a0Minuten"},"schema":{"@context":"https:\/\/schema.org","@graph":[{"@type":"WebPage","@id":"https:\/\/costablancabuyers.com\/de\/costa-blanca\/benidorm\/","url":"https:\/\/costablancabuyers.com\/de\/costa-blanca\/benidorm\/","name":"Benidorm - Costa Blanca Buyers by Yohanne &amp; Jacqueline Benidorm Costa Blanca Spanje","isPartOf":{"@id":"https:\/\/costablancabuyers.com\/de\/#website"},"primaryImageOfPage":{"@id":"https:\/\/costablancabuyers.com\/de\/costa-blanca\/benidorm\/#primaryimage"},"image":{"@id":"https:\/\/costablancabuyers.com\/de\/costa-blanca\/benidorm\/#primaryimage"},"thumbnailUrl":"https:\/\/costablancabuyers.com\/wp-content\/uploads\/2026\/02\/Benidorm.jpg","datePublished":"2026-02-02T10:14:20+00:00","dateModified":"2026-04-26T10:50:01+00:00","description":"Benidorm ist eine der etabliertesten K\u00fcstenst\u00e4dte an der Costa Blanca und bietet eine mediterranem Lebensstil.","breadcrumb":{"@id":"https:\/\/costablancabuyers.com\/de\/costa-blanca\/benidorm\/#breadcrumb"},"inLanguage":"de","potentialAction":[{"@type":"ReadAction","target":["https:\/\/costablancabuyers.com\/de\/costa-blanca\/benidorm\/"]}]},{"@type":"ImageObject","inLanguage":"de","@id":"https:\/\/costablancabuyers.com\/de\/costa-blanca\/benidorm\/#primaryimage","url":"https:\/\/costablancabuyers.com\/wp-content\/uploads\/2026\/02\/Benidorm.jpg","contentUrl":"https:\/\/costablancabuyers.com\/wp-content\/uploads\/2026\/02\/Benidorm.jpg","width":1536,"height":1024},{"@type":"BreadcrumbList","@id":"https:\/\/costablancabuyers.com\/de\/costa-blanca\/benidorm\/#breadcrumb","itemListElement":[{"@type":"ListItem","position":1,"name":"Home","item":"https:\/\/costablancabuyers.com\/de\/"},{"@type":"ListItem","position":2,"name":"Costa Blanca","item":"https:\/\/costablancabuyers.com\/de\/costa-blanca\/"},{"@type":"ListItem","position":3,"name":"Benidorm"}]},{"@type":"WebSite","@id":"https:\/\/costablancabuyers.com\/de\/#website","url":"https:\/\/costablancabuyers.com\/de\/","name":"Costa Blanca Buyers by Yohanne & Jacqueline","description":"","publisher":{"@id":"https:\/\/costablancabuyers.com\/de\/#organization"},"potentialAction":[{"@type":"SearchAction","target":{"@type":"EntryPoint","urlTemplate":"https:\/\/costablancabuyers.com\/de\/?s={search_term_string}"},"query-input":{"@type":"PropertyValueSpecification","valueRequired":true,"valueName":"search_term_string"}}],"inLanguage":"de"},{"@type":"Organization","@id":"https:\/\/costablancabuyers.com\/de\/#organization","name":"Costa Blanca Buyers by Yohanne & Jacqueline","url":"https:\/\/costablancabuyers.com\/de\/","logo":{"@type":"ImageObject","inLanguage":"de","@id":"https:\/\/costablancabuyers.com\/de\/#\/schema\/logo\/image\/","url":"https:\/\/costablancabuyers.com\/wp-content\/uploads\/2026\/01\/logo.svg","contentUrl":"https:\/\/costablancabuyers.com\/wp-content\/uploads\/2026\/01\/logo.svg","width":500,"height":500,"caption":"Costa Blanca Buyers by Yohanne & Jacqueline"},"image":{"@id":"https:\/\/costablancabuyers.com\/de\/#\/schema\/logo\/image\/"}}]}},"_links":{"self":[{"href":"https:\/\/costablancabuyers.com\/de\/wp-json\/wp\/v2\/pages\/29216","targetHints":{"allow":["GET"]}}],"collection":[{"href":"https:\/\/costablancabuyers.com\/de\/wp-json\/wp\/v2\/pages"}],"about":[{"href":"https:\/\/costablancabuyers.com\/de\/wp-json\/wp\/v2\/types\/page"}],"author":[{"embeddable":true,"href":"https:\/\/costablancabuyers.com\/de\/wp-json\/wp\/v2\/users\/1"}],"replies":[{"embeddable":true,"href":"https:\/\/costablancabuyers.com\/de\/wp-json\/wp\/v2\/comments?post=29216"}],"version-history":[{"count":0,"href":"https:\/\/costablancabuyers.com\/de\/wp-json\/wp\/v2\/pages\/29216\/revisions"}],"up":[{"embeddable":true,"href":"https:\/\/costablancabuyers.com\/de\/wp-json\/wp\/v2\/pages\/31631"}],"wp:featuredmedia":[{"embeddable":true,"href":"https:\/\/costablancabuyers.com\/de\/wp-json\/wp\/v2\/media\/29215"}],"wp:attachment":[{"href":"https:\/\/costablancabuyers.com\/de\/wp-json\/wp\/v2\/media?parent=29216"}],"curies":[{"name":"wp","href":"https:\/\/api.w.org\/{rel}","templated":true}]}}