{"id":31425,"date":"2026-02-02T11:16:48","date_gmt":"2026-02-02T10:16:48","guid":{"rendered":"https:\/\/costablancabuyers.com\/calpe\/"},"modified":"2026-03-04T18:06:51","modified_gmt":"2026-03-04T17:06:51","slug":"calpe","status":"publish","type":"page","link":"https:\/\/costablancabuyers.com\/de\/costa-blanca\/calpe\/","title":{"rendered":"Calpe"},"content":{"rendered":"\t\t<div data-elementor-type=\"wp-page\" data-elementor-id=\"31425\" class=\"elementor elementor-31425 elementor-7993\" data-elementor-post-type=\"page\">\n\t\t\t\t<div class=\"elementor-element elementor-element-74e4f822 e-flex e-con-boxed e-con e-parent\" data-id=\"74e4f822\" data-element_type=\"container\" data-e-type=\"container\">\n\t\t\t\t\t<div class=\"e-con-inner\">\n\t\t\t\t<div class=\"elementor-element elementor-element-12dadab3 elementor-widget elementor-widget-image\" data-id=\"12dadab3\" data-element_type=\"widget\" data-e-type=\"widget\" data-widget_type=\"image.default\">\n\t\t\t\t\t\t\t\t\t\t\t\t\t\t\t<img fetchpriority=\"high\" decoding=\"async\" width=\"1536\" height=\"1024\" src=\"https:\/\/costablancabuyers.com\/wp-content\/uploads\/2026\/02\/Calpe.jpg\" class=\"attachment-full size-full wp-image-30059\" alt=\"\" \/>\t\t\t\t\t\t\t\t\t\t\t\t\t\t\t<\/div>\n\t\t\t\t\t<\/div>\n\t\t\t\t<\/div>\n\t\t<div class=\"elementor-element elementor-element-d4ae86c e-flex e-con-boxed e-con e-parent\" data-id=\"d4ae86c\" data-element_type=\"container\" data-e-type=\"container\">\n\t\t\t\t\t<div class=\"e-con-inner\">\n\t\t\t\t<div class=\"elementor-element elementor-element-2f84a62 elementor-widget elementor-widget-heading\" data-id=\"2f84a62\" data-element_type=\"widget\" data-e-type=\"widget\" data-widget_type=\"heading.default\">\n\t\t\t\t\t<h2 class=\"elementor-heading-title elementor-size-default\">Calpe \u2013 Costa Blanca, Spanien<\/h2>\t\t\t\t<\/div>\n\t\t\t\t<div class=\"elementor-element elementor-element-c9b52fe elementor-widget elementor-widget-text-editor\" data-id=\"c9b52fe\" data-element_type=\"widget\" data-e-type=\"widget\" data-widget_type=\"text-editor.default\">\n\t\t\t\t\t\t\t\t\t<p>Calpe ist eine der bekanntesten St\u00e4dte an der Costa Blanca, gepr\u00e4gt vom ikonischen Naturpark Pe\u00f1\u00f3n de Ifach. Die Stadt vereint lange Str\u00e4nde, einen traditionellen Fischerhafen und eine starke ganzj\u00e4hrige Wohnbev\u00f6lkerung und ist besonders attraktiv f\u00fcr internationale K\u00e4ufer, die Komfort, gute Infrastruktur und mediterranes Leben suchen.<\/p>\n<h3>Leben in Calpe (internationale &amp; deutsche Gemeinschaft)<\/h3>\n<p>Calpe hat etwa 25.000 permanente Einwohner und gilt als eine der deutschsprachigsten St\u00e4dte an der Costa Blanca. Es gibt eine lang etablierte Gemeinschaft aus Deutschland, \u00d6sterreich und der Schweiz sowie niederl\u00e4ndische, belgische und andere europ\u00e4ische Bewohner.<\/p>\n<p>Daher bietet Calpe:<\/p>\n<ul>\n<li>deutschsprachige \u00c4rzte, Zahn\u00e4rzte und private Kliniken<\/li>\n<li>kleine deutsche Superm\u00e4rkte, B\u00e4ckereien und Fachgesch\u00e4fte<\/li>\n<li>auf internationale und \u00e4ltere Bewohner ausgerichtete Dienstleistungen<\/li>\n<li>ein ruhiges, sicheres und gut organisiertes Umfeld<\/li>\n<\/ul>\n<p>Viele \u00e4ltere deutsche Einwohner und Langzeitaufenthaltsg\u00e4ste f\u00fchlen sich in Calpe wohl, dank guter medizinischer Versorgung, flacher Spazierwege und vertrauter Services \u2013 bei gleichzeitigem Genuss des mediterranen Klimas und Lebensstils.<\/p>\n<h3>\u00a0Str\u00e4nde, Natur &amp; Alltag<\/h3>\n<p>Calpe bietet eine Mischung aus breiten Sandstr\u00e4nden und kleinen Buchten:<\/p>\n<ul>\n<li>Playa del Arenal-Bol \u2013 zentraler Strand nahe der Altstadt<\/li>\n<li>Playa de la Fossa (Levante-Strand) \u2013 langer Sandstrand mit Promenade<\/li>\n<li>kleinere Buchten rund um den Pe\u00f1\u00f3n de Ifach<\/li>\n<\/ul>\n<p>Promenaden, Str\u00e4nde und die Stadtstruktur machen Calpe ideal f\u00fcr t\u00e4gliche Spazierg\u00e4nge, Schwimmen und ganzj\u00e4hriges Leben im Freien.<\/p>\n<h3>Pe\u00f1\u00f3n de Ifach &amp; Sehensw\u00fcrdigkeiten<\/h3>\n<p>Der Naturpark Pe\u00f1\u00f3n de Ifach ist das Wahrzeichen von Calpe und eine der wichtigsten Naturattraktionen der Costa Blanca.<\/p>\n<ul>\n<li>gesch\u00fctzter Naturpark mit Wanderwegen<\/li>\n<li>Panoramablicke \u00fcber Calpe und das Mittelmeer<\/li>\n<li>von den meisten Wohngebieten sichtbar<\/li>\n<\/ul>\n<p>Die N\u00e4he zu diesem gesch\u00fctzten Naturgebiet verleiht der Stadt langfristigen Wert und besonderen Charakter.<\/p>\n<h3>Hafen, Marina &amp; Tradition<\/h3>\n<p>Calpe verf\u00fcgt \u00fcber einen aktiven Fischerhafen, der der Stadt ihre authentische Identit\u00e4t verleiht.<\/p>\n<ul>\n<li>t\u00e4gliche Fischauktionen<\/li>\n<li>traditionelle Fischrestaurants am Hafen<\/li>\n<li>K\u00fcstenwege, die Str\u00e4nde und Hafen verbinden<\/li>\n<\/ul>\n<p>Diese Kombination aus Tradition und modernem Wohnen z\u00e4hlt zu den gr\u00f6\u00dften St\u00e4rken von Calpe.<\/p>\n<h3>Radfahren, Golf &amp; Sport<\/h3>\n<p>Calpe ist international als Radsportstadt bekannt und wird wegen Klima und Topografie von Profi- und Hobbyradfahrern genutzt.<\/p>\n<ul>\n<li>K\u00fcsten- und Bergstrecken direkt ab Stadt<\/li>\n<li>beliebter Winter-Trainingsort f\u00fcr europ\u00e4ische Teams<\/li>\n<\/ul>\n<p>Golf in der N\u00e4he von Calpe:<\/p>\n<ul>\n<li>Ifach Golf Club \u2013 9-Loch-Platz nahe Wohngebieten<\/li>\n<li>Club de Golf Don Cayo (Altea) \u2013 ca. 20 Minuten<\/li>\n<\/ul>\n<p>Padel &amp; Sport:<\/p>\n<ul>\n<li>Padel Calpe Club<\/li>\n<li>st\u00e4dtische Sportzentren und Fitnessstudios im gesamten Ort<\/li>\n<\/ul>\n<p><\/p>\n<h3>Wochenm\u00e4rkte &amp; frische Produkte<\/h3>\n<p>Frischem\u00e4rkte geh\u00f6ren zum mediterranen Alltag in Calpe.<\/p>\n<ul>\n<li>Wochenmarkt Calpe \u2013 Samstagvormittag, Avenida Pa\u00eds Valenci\u00e0<\/li>\n<li>Fischmarkt am Hafen \u2013 t\u00e4glich frischer Fisch<\/li>\n<\/ul>\n<p>Die M\u00e4rkte finden meist vormittags bis zum fr\u00fchen Nachmittag statt und sind bei Einheimischen wie Langzeitbewohnern sehr beliebt.<\/p>\n<h3>Erreichbarkeit<\/h3>\n<p><\/p>\n<ul>\n<li>Flughafen Alicante: ca. 1 Stunde (75 km)<\/li>\n<li>schnelle Anbindung \u00fcber die Autobahn AP-7<\/li>\n<li>TRAM-Verbindung nach Benidorm, Altea und Alicante<\/li>\n<\/ul>\n<p><\/p>\n<h3>Immobilienkauf in Calpe (K\u00e4uferperspektive)<\/h3>\n<p>Calpe ist besonders attraktiv f\u00fcr K\u00e4ufer, die suchen:<\/p>\n<ul>\n<li>fu\u00dfl\u00e4ufiges Wohnen nahe Strand und Dienstleistungen<\/li>\n<li>starke internationale und deutschsprachige Gemeinschaft<\/li>\n<li>gute medizinische Versorgung<\/li>\n<li>stabile Mietnachfrage<\/li>\n<li>langfristigen Wert durch Natur und Lage<\/li>\n<\/ul>\n<p>Das Angebot reicht von zentralen Apartments und Strandwohnungen bis zu Villen in erh\u00f6hter Lage mit Blick auf den Pe\u00f1\u00f3n und das Meer.<\/p>\n<h3>M\u00f6chten Sie eine Immobilie in Calpe oder Umgebung kaufen?<\/h3>\n<p>Wenn Sie in Calpe oder an der Costa Blanca kaufen m\u00f6chten, begleitet Sie unsere Buyer\u2019s Agency von der ersten Suche bis zum Abschluss. Wir unterst\u00fctzen internationale K\u00e4ufer bei der Auswahl von Immobilien, die zu Lebensstil, Budget und langfristigen Zielen passen \u2013 mit reiner K\u00e4ufervertretung.<\/p>\n<p>Kontaktieren Sie uns f\u00fcr pers\u00f6nliche Beratung, verf\u00fcgbare Immobilien in Calpe und Unterst\u00fctzung beim Kauf nahe Strand, Pe\u00f1\u00f3n de Ifach, Radstrecken, Golfpl\u00e4tzen, Padelclubs, medizinischer Versorgung und Wochenm\u00e4rkten.<\/p>\n\t\t\t\t\t\t\t\t<\/div>\n\t\t\t\t\t<\/div>\n\t\t\t\t<\/div>\n\t\t<div class=\"elementor-element elementor-element-63360f3f e-flex e-con-boxed e-con e-parent\" data-id=\"63360f3f\" data-element_type=\"container\" data-e-type=\"container\">\n\t\t\t\t\t<div class=\"e-con-inner\">\n\t\t\t\t<div class=\"elementor-element elementor-element-5ae7e480 elementor-widget elementor-widget-heading\" data-id=\"5ae7e480\" data-element_type=\"widget\" data-e-type=\"widget\" data-widget_type=\"heading.default\">\n\t\t\t\t\t<h2 class=\"elementor-heading-title elementor-size-default\">Nehmen Sie Kontakt auf<\/h2>\t\t\t\t<\/div>\n\t\t\t\t<div class=\"elementor-element elementor-element-d18c0b2 elementor-button-align-start elementor-widget elementor-widget-global elementor-global-28108 elementor-global-8047 elementor-widget-form\" data-id=\"d18c0b2\" data-element_type=\"widget\" data-e-type=\"widget\" data-settings=\"{&quot;button_width&quot;:&quot;25&quot;,&quot;step_next_label&quot;:&quot;Weiter&quot;,&quot;step_previous_label&quot;:&quot;Zur\\u00fcck&quot;,&quot;step_type&quot;:&quot;number_text&quot;,&quot;step_icon_shape&quot;:&quot;circle&quot;}\" data-widget_type=\"form.default\">\n\t\t\t\t\t\t\t<form class=\"elementor-form\" method=\"post\" id=\"getintouch\" name=\"Nehmen Sie Kontakt auf\" aria-label=\"Nehmen Sie Kontakt auf\">\n\t\t\t<input type=\"hidden\" name=\"post_id\" value=\"31425\"\/>\n\t\t\t<input type=\"hidden\" name=\"form_id\" value=\"d18c0b2\"\/>\n\t\t\t<input type=\"hidden\" name=\"referer_title\" value=\"Costa Blanca Buyers by Yohanne &amp; Jacqueline\" \/>\n\n\t\t\t\n\t\t\t<div class=\"elementor-form-fields-wrapper elementor-labels-\">\n\t\t\t\t\t\t\t\t<div class=\"elementor-field-type-text elementor-field-group elementor-column elementor-field-group-name elementor-col-100\">\n\t\t\t\t\t\t\t\t\t\t\t\t<label for=\"form-field-name\" class=\"elementor-field-label elementor-screen-only\">\n\t\t\t\t\t\t\t\tName\t\t\t\t\t\t\t<\/label>\n\t\t\t\t\t\t\t\t\t\t\t\t\t\t<input size=\"1\" type=\"text\" name=\"form_fields[name]\" id=\"form-field-name\" class=\"elementor-field elementor-size-sm  elementor-field-textual\" placeholder=\"Name\">\n\t\t\t\t\t\t\t\t\t\t\t<\/div>\n\t\t\t\t\t\t\t\t<div class=\"elementor-field-type-email elementor-field-group elementor-column elementor-field-group-email elementor-col-100 elementor-field-required\">\n\t\t\t\t\t\t\t\t\t\t\t\t<label for=\"form-field-email\" class=\"elementor-field-label elementor-screen-only\">\n\t\t\t\t\t\t\t\tEmail\t\t\t\t\t\t\t<\/label>\n\t\t\t\t\t\t\t\t\t\t\t\t\t\t<input size=\"1\" type=\"email\" name=\"form_fields[email]\" id=\"form-field-email\" class=\"elementor-field elementor-size-sm  elementor-field-textual\" placeholder=\"Email\" required=\"required\">\n\t\t\t\t\t\t\t\t\t\t\t<\/div>\n\t\t\t\t\t\t\t\t<div class=\"elementor-field-type-tel elementor-field-group elementor-column elementor-field-group-phone elementor-col-100\">\n\t\t\t\t\t\t\t\t\t\t\t\t<label for=\"form-field-phone\" class=\"elementor-field-label elementor-screen-only\">\n\t\t\t\t\t\t\t\tTelefon\t\t\t\t\t\t\t<\/label>\n\t\t\t\t\t\t\t\t<input size=\"1\" type=\"tel\" name=\"form_fields[phone]\" id=\"form-field-phone\" class=\"elementor-field elementor-size-sm  elementor-field-textual\" placeholder=\"Telefon \/ WhatsApp Nummer\" pattern=\"[0-9()#&amp;+*-=.]+\" title=\"Nur Nummern oder Telefon-Zeichen (#, -, *, etc) werden akzeptiert.\">\n\n\t\t\t\t\t\t<\/div>\n\t\t\t\t\t\t\t\t<div class=\"elementor-field-type-select elementor-field-group elementor-column elementor-field-group-field_60ba265 elementor-col-100 elementor-field-required\">\n\t\t\t\t\t\t\t\t\t\t\t\t<label for=\"form-field-field_60ba265\" class=\"elementor-field-label elementor-screen-only\">\n\t\t\t\t\t\t\t\tIch interessiere mich f\u00fcr:\t\t\t\t\t\t\t<\/label>\n\t\t\t\t\t\t\t\t<div class=\"elementor-field elementor-select-wrapper remove-before \">\n\t\t\t<div class=\"select-caret-down-wrapper\">\n\t\t\t\t<svg aria-hidden=\"true\" class=\"e-font-icon-svg e-eicon-caret-down\" viewBox=\"0 0 571.4 571.4\" xmlns=\"http:\/\/www.w3.org\/2000\/svg\"><path d=\"M571 393Q571 407 561 418L311 668Q300 679 286 679T261 668L11 418Q0 407 0 393T11 368 36 357H536Q550 357 561 368T571 393Z\"><\/path><\/svg>\t\t\t<\/div>\n\t\t\t<select name=\"form_fields[field_60ba265]\" id=\"form-field-field_60ba265\" class=\"elementor-field-textual elementor-size-sm\" required=\"required\">\n\t\t\t\t\t\t\t\t\t<option value=\"Ich interessiere mich f\u00fcr:\">Ich interessiere mich f\u00fcr:<\/option>\n\t\t\t\t\t\t\t\t\t<option value=\"Diese Immobilie\">Diese Immobilie<\/option>\n\t\t\t\t\t\t\t\t\t<option value=\"Besichtigungsanfrage\">Besichtigungsanfrage<\/option>\n\t\t\t\t\t\t\t\t\t<option value=\"Preis &amp; Verf\u00fcgbarkeit\">Preis &amp; Verf\u00fcgbarkeit<\/option>\n\t\t\t\t\t\t\t\t\t<option value=\"Kaufprozess in Spanien\">Kaufprozess in Spanien<\/option>\n\t\t\t\t\t\t\t\t\t<option value=\"Weitere Informationen\">Weitere Informationen<\/option>\n\t\t\t\t\t\t\t<\/select>\n\t\t<\/div>\n\t\t\t\t\t\t<\/div>\n\t\t\t\t\t\t\t\t<div class=\"elementor-field-type-textarea elementor-field-group elementor-column elementor-field-group-message elementor-col-100\">\n\t\t\t\t\t\t\t\t\t\t\t\t<label for=\"form-field-message\" class=\"elementor-field-label elementor-screen-only\">\n\t\t\t\t\t\t\t\tNachricht\t\t\t\t\t\t\t<\/label>\n\t\t\t\t\t\t<textarea class=\"elementor-field-textual elementor-field  elementor-size-sm\" name=\"form_fields[message]\" id=\"form-field-message\" rows=\"4\" placeholder=\"Ihre Nachricht: Sie k\u00f6nnen Fragen stellen, Details anfordern oder uns mitteilen, wie wir Ihnen helfen k\u00f6nnen.\"><\/textarea>\t\t\t\t<\/div>\n\t\t\t\t\t\t\t\t<div class=\"elementor-field-type-hidden elementor-field-group elementor-column elementor-field-group-page_or_property elementor-col-100\">\n\t\t\t\t\t\t\t\t\t\t\t\t\t<input size=\"1\" type=\"hidden\" name=\"form_fields[page_or_property]\" id=\"form-field-page_or_property\" class=\"elementor-field elementor-size-sm  elementor-field-textual\">\n\t\t\t\t\t\t\t\t\t\t\t<\/div>\n\t\t\t\t\t\t\t\t<div class=\"elementor-field-group elementor-column elementor-field-type-submit elementor-col-25 e-form__buttons\">\n\t\t\t\t\t<button class=\"elementor-button elementor-size-sm\" type=\"submit\">\n\t\t\t\t\t\t<span class=\"elementor-button-content-wrapper\">\n\t\t\t\t\t\t\t\t\t\t\t\t\t\t\t\t\t\t\t\t\t\t<span class=\"elementor-button-text\">senden<\/span>\n\t\t\t\t\t\t\t\t\t\t\t\t\t<\/span>\n\t\t\t\t\t<\/button>\n\t\t\t\t<\/div>\n\t\t\t<\/div>\n\t\t<\/form>\n\t\t\t\t\t\t<\/div>\n\t\t\t\t\t<\/div>\n\t\t\t\t<\/div>\n\t\t\t\t<\/div>\n\t\t","protected":false},"excerpt":{"rendered":"<p>Calpe ist eine der bekanntesten St\u00e4dte an der Costa Blanca, gepr\u00e4gt vom ikonischen Naturpark Pe\u00f1\u00f3n de Ifach.<\/p>\n","protected":false},"author":1,"featured_media":30059,"parent":31631,"menu_order":30,"comment_status":"closed","ping_status":"closed","template":"elementor_header_footer","meta":{"footnotes":""},"class_list":["post-31425","page","type-page","status-publish","has-post-thumbnail","hentry"],"yoast_head":"<!-- This site is optimized with the Yoast SEO plugin v27.6 - https:\/\/yoast.com\/product\/yoast-seo-wordpress\/ -->\n<title>Calpe - Costa Blanca Buyers by Yohanne &amp; Jacqueline<\/title>\n<meta name=\"description\" content=\"Calpe ist eine der bekanntesten St\u00e4dte an der Costa Blanca, gepr\u00e4gt vom ikonischen Naturpark Pe\u00f1\u00f3n de Ifach.\" \/>\n<meta name=\"robots\" content=\"index, follow, max-snippet:-1, max-image-preview:large, max-video-preview:-1\" \/>\n<link rel=\"canonical\" href=\"https:\/\/costablancabuyers.com\/de\/costa-blanca\/calpe\/\" \/>\n<meta property=\"og:locale\" content=\"de_DE\" \/>\n<meta property=\"og:type\" content=\"article\" \/>\n<meta property=\"og:title\" content=\"Calpe - Costa Blanca Buyers by Yohanne &amp; Jacqueline\" \/>\n<meta property=\"og:description\" content=\"Calpe ist eine der bekanntesten St\u00e4dte an der Costa Blanca, gepr\u00e4gt vom ikonischen Naturpark Pe\u00f1\u00f3n de Ifach.\" \/>\n<meta property=\"og:url\" content=\"https:\/\/costablancabuyers.com\/de\/costa-blanca\/calpe\/\" \/>\n<meta property=\"og:site_name\" content=\"Costa Blanca Buyers by Yohanne &amp; Jacqueline\" \/>\n<meta property=\"article:modified_time\" content=\"2026-03-04T17:06:51+00:00\" \/>\n<meta property=\"og:image\" content=\"https:\/\/costablancabuyers.com\/wp-content\/uploads\/2026\/02\/Calpe.jpg\" \/>\n\t<meta property=\"og:image:width\" content=\"1536\" \/>\n\t<meta property=\"og:image:height\" content=\"1024\" \/>\n\t<meta property=\"og:image:type\" content=\"image\/jpeg\" \/>\n<meta name=\"twitter:card\" content=\"summary_large_image\" \/>\n<meta name=\"twitter:label1\" content=\"Gesch\u00e4tzte Lesezeit\" \/>\n\t<meta name=\"twitter:data1\" content=\"3\u00a0Minuten\" \/>\n<script type=\"application\/ld+json\" class=\"yoast-schema-graph\">{\"@context\":\"https:\\\/\\\/schema.org\",\"@graph\":[{\"@type\":\"WebPage\",\"@id\":\"https:\\\/\\\/costablancabuyers.com\\\/de\\\/costa-blanca\\\/calpe\\\/\",\"url\":\"https:\\\/\\\/costablancabuyers.com\\\/de\\\/costa-blanca\\\/calpe\\\/\",\"name\":\"Calpe - Costa Blanca Buyers by Yohanne &amp; Jacqueline\",\"isPartOf\":{\"@id\":\"https:\\\/\\\/costablancabuyers.com\\\/de\\\/#website\"},\"primaryImageOfPage\":{\"@id\":\"https:\\\/\\\/costablancabuyers.com\\\/de\\\/costa-blanca\\\/calpe\\\/#primaryimage\"},\"image\":{\"@id\":\"https:\\\/\\\/costablancabuyers.com\\\/de\\\/costa-blanca\\\/calpe\\\/#primaryimage\"},\"thumbnailUrl\":\"https:\\\/\\\/costablancabuyers.com\\\/wp-content\\\/uploads\\\/2026\\\/02\\\/Calpe.jpg\",\"datePublished\":\"2026-02-02T10:16:48+00:00\",\"dateModified\":\"2026-03-04T17:06:51+00:00\",\"description\":\"Calpe ist eine der bekanntesten St\u00e4dte an der Costa Blanca, gepr\u00e4gt vom ikonischen Naturpark Pe\u00f1\u00f3n de Ifach.\",\"breadcrumb\":{\"@id\":\"https:\\\/\\\/costablancabuyers.com\\\/de\\\/costa-blanca\\\/calpe\\\/#breadcrumb\"},\"inLanguage\":\"de\",\"potentialAction\":[{\"@type\":\"ReadAction\",\"target\":[\"https:\\\/\\\/costablancabuyers.com\\\/de\\\/costa-blanca\\\/calpe\\\/\"]}]},{\"@type\":\"ImageObject\",\"inLanguage\":\"de\",\"@id\":\"https:\\\/\\\/costablancabuyers.com\\\/de\\\/costa-blanca\\\/calpe\\\/#primaryimage\",\"url\":\"https:\\\/\\\/costablancabuyers.com\\\/wp-content\\\/uploads\\\/2026\\\/02\\\/Calpe.jpg\",\"contentUrl\":\"https:\\\/\\\/costablancabuyers.com\\\/wp-content\\\/uploads\\\/2026\\\/02\\\/Calpe.jpg\",\"width\":1536,\"height\":1024},{\"@type\":\"BreadcrumbList\",\"@id\":\"https:\\\/\\\/costablancabuyers.com\\\/de\\\/costa-blanca\\\/calpe\\\/#breadcrumb\",\"itemListElement\":[{\"@type\":\"ListItem\",\"position\":1,\"name\":\"Home\",\"item\":\"https:\\\/\\\/costablancabuyers.com\\\/de\\\/\"},{\"@type\":\"ListItem\",\"position\":2,\"name\":\"Costa Blanca\",\"item\":\"https:\\\/\\\/costablancabuyers.com\\\/de\\\/costa-blanca\\\/\"},{\"@type\":\"ListItem\",\"position\":3,\"name\":\"Calpe\"}]},{\"@type\":\"WebSite\",\"@id\":\"https:\\\/\\\/costablancabuyers.com\\\/de\\\/#website\",\"url\":\"https:\\\/\\\/costablancabuyers.com\\\/de\\\/\",\"name\":\"Costa Blanca Buyers by Yohanne & Jacqueline\",\"description\":\"\",\"publisher\":{\"@id\":\"https:\\\/\\\/costablancabuyers.com\\\/de\\\/#organization\"},\"potentialAction\":[{\"@type\":\"SearchAction\",\"target\":{\"@type\":\"EntryPoint\",\"urlTemplate\":\"https:\\\/\\\/costablancabuyers.com\\\/de\\\/?s={search_term_string}\"},\"query-input\":{\"@type\":\"PropertyValueSpecification\",\"valueRequired\":true,\"valueName\":\"search_term_string\"}}],\"inLanguage\":\"de\"},{\"@type\":\"Organization\",\"@id\":\"https:\\\/\\\/costablancabuyers.com\\\/de\\\/#organization\",\"name\":\"Costa Blanca Buyers by Yohanne & Jacqueline\",\"url\":\"https:\\\/\\\/costablancabuyers.com\\\/de\\\/\",\"logo\":{\"@type\":\"ImageObject\",\"inLanguage\":\"de\",\"@id\":\"https:\\\/\\\/costablancabuyers.com\\\/de\\\/#\\\/schema\\\/logo\\\/image\\\/\",\"url\":\"https:\\\/\\\/costablancabuyers.com\\\/wp-content\\\/uploads\\\/2026\\\/01\\\/logo.svg\",\"contentUrl\":\"https:\\\/\\\/costablancabuyers.com\\\/wp-content\\\/uploads\\\/2026\\\/01\\\/logo.svg\",\"width\":500,\"height\":500,\"caption\":\"Costa Blanca Buyers by Yohanne & Jacqueline\"},\"image\":{\"@id\":\"https:\\\/\\\/costablancabuyers.com\\\/de\\\/#\\\/schema\\\/logo\\\/image\\\/\"}}]}<\/script>\n<!-- \/ Yoast SEO plugin. -->","yoast_head_json":{"title":"Calpe - Costa Blanca Buyers by Yohanne &amp; Jacqueline","description":"Calpe ist eine der bekanntesten St\u00e4dte an der Costa Blanca, gepr\u00e4gt vom ikonischen Naturpark Pe\u00f1\u00f3n de Ifach.","robots":{"index":"index","follow":"follow","max-snippet":"max-snippet:-1","max-image-preview":"max-image-preview:large","max-video-preview":"max-video-preview:-1"},"canonical":"https:\/\/costablancabuyers.com\/de\/costa-blanca\/calpe\/","og_locale":"de_DE","og_type":"article","og_title":"Calpe - Costa Blanca Buyers by Yohanne &amp; Jacqueline","og_description":"Calpe ist eine der bekanntesten St\u00e4dte an der Costa Blanca, gepr\u00e4gt vom ikonischen Naturpark Pe\u00f1\u00f3n de Ifach.","og_url":"https:\/\/costablancabuyers.com\/de\/costa-blanca\/calpe\/","og_site_name":"Costa Blanca Buyers by Yohanne &amp; Jacqueline","article_modified_time":"2026-03-04T17:06:51+00:00","og_image":[{"width":1536,"height":1024,"url":"https:\/\/costablancabuyers.com\/wp-content\/uploads\/2026\/02\/Calpe.jpg","type":"image\/jpeg"}],"twitter_card":"summary_large_image","twitter_misc":{"Gesch\u00e4tzte Lesezeit":"3\u00a0Minuten"},"schema":{"@context":"https:\/\/schema.org","@graph":[{"@type":"WebPage","@id":"https:\/\/costablancabuyers.com\/de\/costa-blanca\/calpe\/","url":"https:\/\/costablancabuyers.com\/de\/costa-blanca\/calpe\/","name":"Calpe - Costa Blanca Buyers by Yohanne &amp; Jacqueline","isPartOf":{"@id":"https:\/\/costablancabuyers.com\/de\/#website"},"primaryImageOfPage":{"@id":"https:\/\/costablancabuyers.com\/de\/costa-blanca\/calpe\/#primaryimage"},"image":{"@id":"https:\/\/costablancabuyers.com\/de\/costa-blanca\/calpe\/#primaryimage"},"thumbnailUrl":"https:\/\/costablancabuyers.com\/wp-content\/uploads\/2026\/02\/Calpe.jpg","datePublished":"2026-02-02T10:16:48+00:00","dateModified":"2026-03-04T17:06:51+00:00","description":"Calpe ist eine der bekanntesten St\u00e4dte an der Costa Blanca, gepr\u00e4gt vom ikonischen Naturpark Pe\u00f1\u00f3n de Ifach.","breadcrumb":{"@id":"https:\/\/costablancabuyers.com\/de\/costa-blanca\/calpe\/#breadcrumb"},"inLanguage":"de","potentialAction":[{"@type":"ReadAction","target":["https:\/\/costablancabuyers.com\/de\/costa-blanca\/calpe\/"]}]},{"@type":"ImageObject","inLanguage":"de","@id":"https:\/\/costablancabuyers.com\/de\/costa-blanca\/calpe\/#primaryimage","url":"https:\/\/costablancabuyers.com\/wp-content\/uploads\/2026\/02\/Calpe.jpg","contentUrl":"https:\/\/costablancabuyers.com\/wp-content\/uploads\/2026\/02\/Calpe.jpg","width":1536,"height":1024},{"@type":"BreadcrumbList","@id":"https:\/\/costablancabuyers.com\/de\/costa-blanca\/calpe\/#breadcrumb","itemListElement":[{"@type":"ListItem","position":1,"name":"Home","item":"https:\/\/costablancabuyers.com\/de\/"},{"@type":"ListItem","position":2,"name":"Costa Blanca","item":"https:\/\/costablancabuyers.com\/de\/costa-blanca\/"},{"@type":"ListItem","position":3,"name":"Calpe"}]},{"@type":"WebSite","@id":"https:\/\/costablancabuyers.com\/de\/#website","url":"https:\/\/costablancabuyers.com\/de\/","name":"Costa Blanca Buyers by Yohanne & Jacqueline","description":"","publisher":{"@id":"https:\/\/costablancabuyers.com\/de\/#organization"},"potentialAction":[{"@type":"SearchAction","target":{"@type":"EntryPoint","urlTemplate":"https:\/\/costablancabuyers.com\/de\/?s={search_term_string}"},"query-input":{"@type":"PropertyValueSpecification","valueRequired":true,"valueName":"search_term_string"}}],"inLanguage":"de"},{"@type":"Organization","@id":"https:\/\/costablancabuyers.com\/de\/#organization","name":"Costa Blanca Buyers by Yohanne & Jacqueline","url":"https:\/\/costablancabuyers.com\/de\/","logo":{"@type":"ImageObject","inLanguage":"de","@id":"https:\/\/costablancabuyers.com\/de\/#\/schema\/logo\/image\/","url":"https:\/\/costablancabuyers.com\/wp-content\/uploads\/2026\/01\/logo.svg","contentUrl":"https:\/\/costablancabuyers.com\/wp-content\/uploads\/2026\/01\/logo.svg","width":500,"height":500,"caption":"Costa Blanca Buyers by Yohanne & Jacqueline"},"image":{"@id":"https:\/\/costablancabuyers.com\/de\/#\/schema\/logo\/image\/"}}]}},"_links":{"self":[{"href":"https:\/\/costablancabuyers.com\/de\/wp-json\/wp\/v2\/pages\/31425","targetHints":{"allow":["GET"]}}],"collection":[{"href":"https:\/\/costablancabuyers.com\/de\/wp-json\/wp\/v2\/pages"}],"about":[{"href":"https:\/\/costablancabuyers.com\/de\/wp-json\/wp\/v2\/types\/page"}],"author":[{"embeddable":true,"href":"https:\/\/costablancabuyers.com\/de\/wp-json\/wp\/v2\/users\/1"}],"replies":[{"embeddable":true,"href":"https:\/\/costablancabuyers.com\/de\/wp-json\/wp\/v2\/comments?post=31425"}],"version-history":[{"count":0,"href":"https:\/\/costablancabuyers.com\/de\/wp-json\/wp\/v2\/pages\/31425\/revisions"}],"up":[{"embeddable":true,"href":"https:\/\/costablancabuyers.com\/de\/wp-json\/wp\/v2\/pages\/31631"}],"wp:featuredmedia":[{"embeddable":true,"href":"https:\/\/costablancabuyers.com\/de\/wp-json\/wp\/v2\/media\/30059"}],"wp:attachment":[{"href":"https:\/\/costablancabuyers.com\/de\/wp-json\/wp\/v2\/media?parent=31425"}],"curies":[{"name":"wp","href":"https:\/\/api.w.org\/{rel}","templated":true}]}}