{"id":31618,"date":"2026-02-03T09:56:18","date_gmt":"2026-02-03T08:56:18","guid":{"rendered":"https:\/\/costablancabuyers.com\/albir\/"},"modified":"2026-03-04T18:06:52","modified_gmt":"2026-03-04T17:06:52","slug":"albir","status":"publish","type":"page","link":"https:\/\/costablancabuyers.com\/de\/costa-blanca\/albir\/","title":{"rendered":"Albir"},"content":{"rendered":"\t\t<div data-elementor-type=\"wp-page\" data-elementor-id=\"31618\" class=\"elementor elementor-31618 elementor-8074\" data-elementor-post-type=\"page\">\n\t\t\t\t<div class=\"elementor-element elementor-element-6c8c1eac e-flex e-con-boxed e-con e-parent\" data-id=\"6c8c1eac\" data-element_type=\"container\" data-e-type=\"container\">\n\t\t\t\t\t<div class=\"e-con-inner\">\n\t\t\t\t<div class=\"elementor-element elementor-element-207491f7 elementor-widget elementor-widget-image\" data-id=\"207491f7\" data-element_type=\"widget\" data-e-type=\"widget\" data-widget_type=\"image.default\">\n\t\t\t\t\t\t\t\t\t\t\t\t\t\t\t<img fetchpriority=\"high\" decoding=\"async\" width=\"1536\" height=\"1024\" src=\"https:\/\/costablancabuyers.com\/wp-content\/uploads\/2026\/02\/Albir.jpg\" class=\"attachment-full size-full wp-image-30062\" alt=\"albir\" \/>\t\t\t\t\t\t\t\t\t\t\t\t\t\t\t<\/div>\n\t\t\t\t\t<\/div>\n\t\t\t\t<\/div>\n\t\t<div class=\"elementor-element elementor-element-1d6132f e-flex e-con-boxed e-con e-parent\" data-id=\"1d6132f\" data-element_type=\"container\" data-e-type=\"container\">\n\t\t\t\t\t<div class=\"e-con-inner\">\n\t\t\t\t<div class=\"elementor-element elementor-element-eed0416 elementor-widget elementor-widget-heading\" data-id=\"eed0416\" data-element_type=\"widget\" data-e-type=\"widget\" data-widget_type=\"heading.default\">\n\t\t\t\t\t<h2 class=\"elementor-heading-title elementor-size-default\">Albir \u2013 Costa Blanca, Spanien<\/h2>\t\t\t\t<\/div>\n\t\t\t\t<div class=\"elementor-element elementor-element-a70df8c elementor-widget elementor-widget-text-editor\" data-id=\"a70df8c\" data-element_type=\"widget\" data-e-type=\"widget\" data-widget_type=\"text-editor.default\">\n\t\t\t\t\t\t\t\t\t<p>Albir (El Albir) ist ein charmantes K\u00fcstenst\u00e4dtchen in der Gemeinde Alfaz del Pi. Bekannt f\u00fcr seinen sch\u00f6nen Strand, die ruhige Wohnatmosph\u00e4re und eine starke skandinavische Gemeinschaft. Besonders beliebt bei K\u00e4ufern, die Wert auf Lebensqualit\u00e4t, Natur und einen entspannten mediterranen Lebensstil nahe am Meer legen.<\/p>\n<h3>Leben in Albir<\/h3>\n<p>Albir verf\u00fcgt \u00fcber eine etablierte internationale Bev\u00f6lkerung und ist besonders f\u00fcr seine gro\u00dfe norwegische und skandinavische Gemeinschaft bekannt. Dies pr\u00e4gt den Alltag mit sehr guter Infrastruktur und auf internationale Bewohner ausgerichteten Dienstleistungen.<\/p>\n<p>Albir bietet:<\/p>\n<ul>\n<li>eine sichere, saubere und gut organisierte Umgebung<\/li>\n<li>medizinische Versorgung und internationale Kliniken in der N\u00e4he<\/li>\n<li>ganzj\u00e4hrig ge\u00f6ffnete Restaurants und Caf\u00e9s<\/li>\n<li>ein starkes Gemeinschaftsgef\u00fchl<\/li>\n<\/ul>\n<p>Viele Bewohner entscheiden sich f\u00fcr Albir als dauerhaften Wohnsitz oder f\u00fcr l\u00e4ngere Aufenthalte, vor allem Ruhest\u00e4ndler und Paare, die Ruhe und einfache Abl\u00e4ufe sch\u00e4tzen.<\/p>\n<h3>Norwegische &amp; internationale Gemeinschaft<\/h3>\n<p>Albir ist eines der wichtigsten norwegischen Zentren an der Costa Blanca.<\/p>\n<ul>\n<li>Norwegische Schule Costa Blanca in der N\u00e4he<\/li>\n<li>Skandinavische Vereine und kulturelle Aktivit\u00e4ten<\/li>\n<li>Dienstleistungen, die auf internationale und \u00e4ltere Bewohner eingestellt sind<\/li>\n<\/ul>\n<p>Das macht Albir besonders attraktiv f\u00fcr norwegische und nordeurop\u00e4ische K\u00e4ufer, die nach Spanien umziehen oder l\u00e4ngere Zeit dort verbringen m\u00f6chten.<\/p>\n<h3>Romantischer Strand &amp; Leben an der Promenade<\/h3>\n<p>Der Strand von Albir z\u00e4hlt zu den elegantesten und romantischsten Str\u00e4nden der Costa Blanca.<\/p>\n<ul>\n<li>Kiesstrand mit kristallklarem Wasser<\/li>\n<li>Palmenpromenade mit Caf\u00e9s und Restaurants<\/li>\n<li>Wundersch\u00f6ne Sonnenunterg\u00e4nge und Meerblick<\/li>\n<li>Ruhige Atmosph\u00e4re, nie \u00fcberf\u00fcllt<\/li>\n<\/ul>\n<p>Strand und Promenade eignen sich ideal f\u00fcr t\u00e4gliche Spazierg\u00e4nge, Schwimmen und entspannte Abende.<\/p>\n<h3>Naturpark Serra Gelada &amp; K\u00fcstenweg nach Altea<\/h3>\n<p>Ein besonderes Merkmal von Albir ist der direkte Zugang zum Naturpark Serra Gelada.<\/p>\n<ul>\n<li>Gesch\u00fctztes Naturgebiet mit Meer- und Bergblick<\/li>\n<li>Wander- und Spazierwege<\/li>\n<li>Ikonischer K\u00fcstenweg von Albir nach Altea<\/li>\n<\/ul>\n<p>Dieser Weg geh\u00f6rt zu den sch\u00f6nsten der Costa Blanca und verbindet Albir mit der Altstadt von Altea.<\/p>\n<h3>Golf in der N\u00e4he von Albir<\/h3>\n<p>Albir ist gut gelegen f\u00fcr Golfliebhaber.<\/p>\n<ul>\n<li>Club de Golf Don Cayo (Altea la Vella) \u2013 ca. 15 Minuten<\/li>\n<li>Villaitana Golf (Benidorm) \u2013 zwei Meisterschaftspl\u00e4tze, ca. 20 Minuten<\/li>\n<\/ul>\n<p><\/p>\n<h3>M\u00e4rkte &amp; Alltag<\/h3>\n<p>Frische M\u00e4rkte und lokales Einkaufen geh\u00f6ren zum Alltag.<\/p>\n<ul>\n<li>Wochenmarkt Alfaz del Pi \u2013 Freitagvormittag<\/li>\n<li>Lokale B\u00e4ckereien, Caf\u00e9s und Superm\u00e4rkte ganzj\u00e4hrig ge\u00f6ffnet<\/li>\n<\/ul>\n<p><\/p>\n<h3>Erreichbarkeit<\/h3>\n<p><\/p>\n<ul>\n<li>Flughafen Alicante\u2013Elche: ca. 50 Minuten (65 km)<\/li>\n<li>Gute Anbindung \u00fcber N-332 und AP-7<\/li>\n<li>Nahe Benidorm, Altea, La Nuc\u00eda und Villajoyosa<\/li>\n<\/ul>\n<p><\/p>\n<h3>Immobilienkauf in Albir (K\u00e4uferperspektive)<\/h3>\n<p>Ideal f\u00fcr K\u00e4ufer, die suchen:<\/p>\n<ul>\n<li>ruhiges Wohnen am Meer<\/li>\n<li>starke norwegische und internationale Gemeinschaft<\/li>\n<li>romantischer Strand- und Promenadenstil<\/li>\n<li>N\u00e4he zur Natur und K\u00fcstenwanderwegen<\/li>\n<li>Golf ohne Massentourismus<\/li>\n<\/ul>\n\t\t\t\t\t\t\t\t<\/div>\n\t\t\t\t\t<\/div>\n\t\t\t\t<\/div>\n\t\t<div class=\"elementor-element elementor-element-3a94b5c2 e-flex e-con-boxed e-con e-parent\" data-id=\"3a94b5c2\" data-element_type=\"container\" data-e-type=\"container\">\n\t\t\t\t\t<div class=\"e-con-inner\">\n\t\t\t\t<div class=\"elementor-element elementor-element-5a204b84 elementor-widget elementor-widget-heading\" data-id=\"5a204b84\" data-element_type=\"widget\" data-e-type=\"widget\" data-widget_type=\"heading.default\">\n\t\t\t\t\t<h2 class=\"elementor-heading-title elementor-size-default\">Nehmen Sie Kontakt auf<\/h2>\t\t\t\t<\/div>\n\t\t\t\t<div class=\"elementor-element elementor-element-759354e3 elementor-button-align-start elementor-widget elementor-widget-global elementor-global-28108 elementor-global-8047 elementor-widget-form\" data-id=\"759354e3\" data-element_type=\"widget\" data-e-type=\"widget\" data-settings=\"{&quot;button_width&quot;:&quot;25&quot;,&quot;step_next_label&quot;:&quot;Weiter&quot;,&quot;step_previous_label&quot;:&quot;Zur\\u00fcck&quot;,&quot;step_type&quot;:&quot;number_text&quot;,&quot;step_icon_shape&quot;:&quot;circle&quot;}\" data-widget_type=\"form.default\">\n\t\t\t\t\t\t\t<form class=\"elementor-form\" method=\"post\" id=\"getintouch\" name=\"Nehmen Sie Kontakt auf\" aria-label=\"Nehmen Sie Kontakt auf\">\n\t\t\t<input type=\"hidden\" name=\"post_id\" value=\"31618\"\/>\n\t\t\t<input type=\"hidden\" name=\"form_id\" value=\"759354e3\"\/>\n\t\t\t<input type=\"hidden\" name=\"referer_title\" value=\"Costa Blanca Buyers by Yohanne &amp; Jacqueline\" \/>\n\n\t\t\t\n\t\t\t<div class=\"elementor-form-fields-wrapper elementor-labels-\">\n\t\t\t\t\t\t\t\t<div class=\"elementor-field-type-text elementor-field-group elementor-column elementor-field-group-name elementor-col-100\">\n\t\t\t\t\t\t\t\t\t\t\t\t<label for=\"form-field-name\" class=\"elementor-field-label elementor-screen-only\">\n\t\t\t\t\t\t\t\tName\t\t\t\t\t\t\t<\/label>\n\t\t\t\t\t\t\t\t\t\t\t\t\t\t<input size=\"1\" type=\"text\" name=\"form_fields[name]\" id=\"form-field-name\" class=\"elementor-field elementor-size-sm  elementor-field-textual\" placeholder=\"Name\">\n\t\t\t\t\t\t\t\t\t\t\t<\/div>\n\t\t\t\t\t\t\t\t<div class=\"elementor-field-type-email elementor-field-group elementor-column elementor-field-group-email elementor-col-100 elementor-field-required\">\n\t\t\t\t\t\t\t\t\t\t\t\t<label for=\"form-field-email\" class=\"elementor-field-label elementor-screen-only\">\n\t\t\t\t\t\t\t\tEmail\t\t\t\t\t\t\t<\/label>\n\t\t\t\t\t\t\t\t\t\t\t\t\t\t<input size=\"1\" type=\"email\" name=\"form_fields[email]\" id=\"form-field-email\" class=\"elementor-field elementor-size-sm  elementor-field-textual\" placeholder=\"Email\" required=\"required\">\n\t\t\t\t\t\t\t\t\t\t\t<\/div>\n\t\t\t\t\t\t\t\t<div class=\"elementor-field-type-tel elementor-field-group elementor-column elementor-field-group-phone elementor-col-100\">\n\t\t\t\t\t\t\t\t\t\t\t\t<label for=\"form-field-phone\" class=\"elementor-field-label elementor-screen-only\">\n\t\t\t\t\t\t\t\tTelefon\t\t\t\t\t\t\t<\/label>\n\t\t\t\t\t\t\t\t<input size=\"1\" type=\"tel\" name=\"form_fields[phone]\" id=\"form-field-phone\" class=\"elementor-field elementor-size-sm  elementor-field-textual\" placeholder=\"Telefon \/ WhatsApp Nummer\" pattern=\"[0-9()#&amp;+*-=.]+\" title=\"Nur Nummern oder Telefon-Zeichen (#, -, *, etc) werden akzeptiert.\">\n\n\t\t\t\t\t\t<\/div>\n\t\t\t\t\t\t\t\t<div class=\"elementor-field-type-select elementor-field-group elementor-column elementor-field-group-field_60ba265 elementor-col-100 elementor-field-required\">\n\t\t\t\t\t\t\t\t\t\t\t\t<label for=\"form-field-field_60ba265\" class=\"elementor-field-label elementor-screen-only\">\n\t\t\t\t\t\t\t\tIch interessiere mich f\u00fcr:\t\t\t\t\t\t\t<\/label>\n\t\t\t\t\t\t\t\t<div class=\"elementor-field elementor-select-wrapper remove-before \">\n\t\t\t<div class=\"select-caret-down-wrapper\">\n\t\t\t\t<svg aria-hidden=\"true\" class=\"e-font-icon-svg e-eicon-caret-down\" viewBox=\"0 0 571.4 571.4\" xmlns=\"http:\/\/www.w3.org\/2000\/svg\"><path d=\"M571 393Q571 407 561 418L311 668Q300 679 286 679T261 668L11 418Q0 407 0 393T11 368 36 357H536Q550 357 561 368T571 393Z\"><\/path><\/svg>\t\t\t<\/div>\n\t\t\t<select name=\"form_fields[field_60ba265]\" id=\"form-field-field_60ba265\" class=\"elementor-field-textual elementor-size-sm\" required=\"required\">\n\t\t\t\t\t\t\t\t\t<option value=\"Ich interessiere mich f\u00fcr:\">Ich interessiere mich f\u00fcr:<\/option>\n\t\t\t\t\t\t\t\t\t<option value=\"Diese Immobilie\">Diese Immobilie<\/option>\n\t\t\t\t\t\t\t\t\t<option value=\"Besichtigungsanfrage\">Besichtigungsanfrage<\/option>\n\t\t\t\t\t\t\t\t\t<option value=\"Preis &amp; Verf\u00fcgbarkeit\">Preis &amp; Verf\u00fcgbarkeit<\/option>\n\t\t\t\t\t\t\t\t\t<option value=\"Kaufprozess in Spanien\">Kaufprozess in Spanien<\/option>\n\t\t\t\t\t\t\t\t\t<option value=\"Weitere Informationen\">Weitere Informationen<\/option>\n\t\t\t\t\t\t\t<\/select>\n\t\t<\/div>\n\t\t\t\t\t\t<\/div>\n\t\t\t\t\t\t\t\t<div class=\"elementor-field-type-textarea elementor-field-group elementor-column elementor-field-group-message elementor-col-100\">\n\t\t\t\t\t\t\t\t\t\t\t\t<label for=\"form-field-message\" class=\"elementor-field-label elementor-screen-only\">\n\t\t\t\t\t\t\t\tNachricht\t\t\t\t\t\t\t<\/label>\n\t\t\t\t\t\t<textarea class=\"elementor-field-textual elementor-field  elementor-size-sm\" name=\"form_fields[message]\" id=\"form-field-message\" rows=\"4\" placeholder=\"Ihre Nachricht: Sie k\u00f6nnen Fragen stellen, Details anfordern oder uns mitteilen, wie wir Ihnen helfen k\u00f6nnen.\"><\/textarea>\t\t\t\t<\/div>\n\t\t\t\t\t\t\t\t<div class=\"elementor-field-type-hidden elementor-field-group elementor-column elementor-field-group-page_or_property elementor-col-100\">\n\t\t\t\t\t\t\t\t\t\t\t\t\t<input size=\"1\" type=\"hidden\" name=\"form_fields[page_or_property]\" id=\"form-field-page_or_property\" class=\"elementor-field elementor-size-sm  elementor-field-textual\">\n\t\t\t\t\t\t\t\t\t\t\t<\/div>\n\t\t\t\t\t\t\t\t<div class=\"elementor-field-group elementor-column elementor-field-type-submit elementor-col-25 e-form__buttons\">\n\t\t\t\t\t<button class=\"elementor-button elementor-size-sm\" type=\"submit\">\n\t\t\t\t\t\t<span class=\"elementor-button-content-wrapper\">\n\t\t\t\t\t\t\t\t\t\t\t\t\t\t\t\t\t\t\t\t\t\t<span class=\"elementor-button-text\">senden<\/span>\n\t\t\t\t\t\t\t\t\t\t\t\t\t<\/span>\n\t\t\t\t\t<\/button>\n\t\t\t\t<\/div>\n\t\t\t<\/div>\n\t\t<\/form>\n\t\t\t\t\t\t<\/div>\n\t\t\t\t\t<\/div>\n\t\t\t\t<\/div>\n\t\t\t\t<\/div>\n\t\t","protected":false},"excerpt":{"rendered":"<p>Albir ist ein charmantes K\u00fcstenst\u00e4dtchen. bekannt f\u00fcr seinen sch\u00f6nen Strand, die ruhige Wohnatmosph\u00e4re und eine starke skandinavische Gemeinschaft.<\/p>\n","protected":false},"author":1,"featured_media":30062,"parent":31631,"menu_order":70,"comment_status":"closed","ping_status":"closed","template":"elementor_header_footer","meta":{"footnotes":""},"class_list":["post-31618","page","type-page","status-publish","has-post-thumbnail","hentry"],"yoast_head":"<!-- This site is optimized with the Yoast SEO plugin v27.6 - https:\/\/yoast.com\/product\/yoast-seo-wordpress\/ -->\n<title>Albir - Costa Blanca Buyers by Yohanne &amp; Jacqueline<\/title>\n<meta name=\"description\" content=\"Albir ist ein charmantes K\u00fcstenst\u00e4dtchen. bekannt f\u00fcr seinen sch\u00f6nen Strand, die ruhige Wohnatmosph\u00e4re und eine starke skandinavische Gemeinschaft.\" \/>\n<meta name=\"robots\" content=\"index, follow, max-snippet:-1, max-image-preview:large, max-video-preview:-1\" \/>\n<link rel=\"canonical\" href=\"https:\/\/costablancabuyers.com\/de\/costa-blanca\/albir\/\" \/>\n<meta property=\"og:locale\" content=\"de_DE\" \/>\n<meta property=\"og:type\" content=\"article\" \/>\n<meta property=\"og:title\" content=\"Albir - Costa Blanca Buyers by Yohanne &amp; Jacqueline\" \/>\n<meta property=\"og:description\" content=\"Albir ist ein charmantes K\u00fcstenst\u00e4dtchen. bekannt f\u00fcr seinen sch\u00f6nen Strand, die ruhige Wohnatmosph\u00e4re und eine starke skandinavische Gemeinschaft.\" \/>\n<meta property=\"og:url\" content=\"https:\/\/costablancabuyers.com\/de\/costa-blanca\/albir\/\" \/>\n<meta property=\"og:site_name\" content=\"Costa Blanca Buyers by Yohanne &amp; Jacqueline\" \/>\n<meta property=\"article:modified_time\" content=\"2026-03-04T17:06:52+00:00\" \/>\n<meta property=\"og:image\" content=\"https:\/\/costablancabuyers.com\/wp-content\/uploads\/2026\/02\/Albir.jpg\" \/>\n\t<meta property=\"og:image:width\" content=\"1536\" \/>\n\t<meta property=\"og:image:height\" content=\"1024\" \/>\n\t<meta property=\"og:image:type\" content=\"image\/jpeg\" \/>\n<meta name=\"twitter:card\" content=\"summary_large_image\" \/>\n<meta name=\"twitter:label1\" content=\"Gesch\u00e4tzte Lesezeit\" \/>\n\t<meta name=\"twitter:data1\" content=\"2\u00a0Minuten\" \/>\n<script type=\"application\/ld+json\" class=\"yoast-schema-graph\">{\"@context\":\"https:\\\/\\\/schema.org\",\"@graph\":[{\"@type\":\"WebPage\",\"@id\":\"https:\\\/\\\/costablancabuyers.com\\\/de\\\/costa-blanca\\\/albir\\\/\",\"url\":\"https:\\\/\\\/costablancabuyers.com\\\/de\\\/costa-blanca\\\/albir\\\/\",\"name\":\"Albir - Costa Blanca Buyers by Yohanne &amp; Jacqueline\",\"isPartOf\":{\"@id\":\"https:\\\/\\\/costablancabuyers.com\\\/de\\\/#website\"},\"primaryImageOfPage\":{\"@id\":\"https:\\\/\\\/costablancabuyers.com\\\/de\\\/costa-blanca\\\/albir\\\/#primaryimage\"},\"image\":{\"@id\":\"https:\\\/\\\/costablancabuyers.com\\\/de\\\/costa-blanca\\\/albir\\\/#primaryimage\"},\"thumbnailUrl\":\"https:\\\/\\\/costablancabuyers.com\\\/wp-content\\\/uploads\\\/2026\\\/02\\\/Albir.jpg\",\"datePublished\":\"2026-02-03T08:56:18+00:00\",\"dateModified\":\"2026-03-04T17:06:52+00:00\",\"description\":\"Albir ist ein charmantes K\u00fcstenst\u00e4dtchen. bekannt f\u00fcr seinen sch\u00f6nen Strand, die ruhige Wohnatmosph\u00e4re und eine starke skandinavische Gemeinschaft.\",\"breadcrumb\":{\"@id\":\"https:\\\/\\\/costablancabuyers.com\\\/de\\\/costa-blanca\\\/albir\\\/#breadcrumb\"},\"inLanguage\":\"de\",\"potentialAction\":[{\"@type\":\"ReadAction\",\"target\":[\"https:\\\/\\\/costablancabuyers.com\\\/de\\\/costa-blanca\\\/albir\\\/\"]}]},{\"@type\":\"ImageObject\",\"inLanguage\":\"de\",\"@id\":\"https:\\\/\\\/costablancabuyers.com\\\/de\\\/costa-blanca\\\/albir\\\/#primaryimage\",\"url\":\"https:\\\/\\\/costablancabuyers.com\\\/wp-content\\\/uploads\\\/2026\\\/02\\\/Albir.jpg\",\"contentUrl\":\"https:\\\/\\\/costablancabuyers.com\\\/wp-content\\\/uploads\\\/2026\\\/02\\\/Albir.jpg\",\"width\":1536,\"height\":1024,\"caption\":\"albir\"},{\"@type\":\"BreadcrumbList\",\"@id\":\"https:\\\/\\\/costablancabuyers.com\\\/de\\\/costa-blanca\\\/albir\\\/#breadcrumb\",\"itemListElement\":[{\"@type\":\"ListItem\",\"position\":1,\"name\":\"Home\",\"item\":\"https:\\\/\\\/costablancabuyers.com\\\/de\\\/\"},{\"@type\":\"ListItem\",\"position\":2,\"name\":\"Costa Blanca\",\"item\":\"https:\\\/\\\/costablancabuyers.com\\\/de\\\/costa-blanca\\\/\"},{\"@type\":\"ListItem\",\"position\":3,\"name\":\"Albir\"}]},{\"@type\":\"WebSite\",\"@id\":\"https:\\\/\\\/costablancabuyers.com\\\/de\\\/#website\",\"url\":\"https:\\\/\\\/costablancabuyers.com\\\/de\\\/\",\"name\":\"Costa Blanca Buyers by Yohanne & Jacqueline\",\"description\":\"\",\"publisher\":{\"@id\":\"https:\\\/\\\/costablancabuyers.com\\\/de\\\/#organization\"},\"potentialAction\":[{\"@type\":\"SearchAction\",\"target\":{\"@type\":\"EntryPoint\",\"urlTemplate\":\"https:\\\/\\\/costablancabuyers.com\\\/de\\\/?s={search_term_string}\"},\"query-input\":{\"@type\":\"PropertyValueSpecification\",\"valueRequired\":true,\"valueName\":\"search_term_string\"}}],\"inLanguage\":\"de\"},{\"@type\":\"Organization\",\"@id\":\"https:\\\/\\\/costablancabuyers.com\\\/de\\\/#organization\",\"name\":\"Costa Blanca Buyers by Yohanne & Jacqueline\",\"url\":\"https:\\\/\\\/costablancabuyers.com\\\/de\\\/\",\"logo\":{\"@type\":\"ImageObject\",\"inLanguage\":\"de\",\"@id\":\"https:\\\/\\\/costablancabuyers.com\\\/de\\\/#\\\/schema\\\/logo\\\/image\\\/\",\"url\":\"https:\\\/\\\/costablancabuyers.com\\\/wp-content\\\/uploads\\\/2026\\\/01\\\/logo.svg\",\"contentUrl\":\"https:\\\/\\\/costablancabuyers.com\\\/wp-content\\\/uploads\\\/2026\\\/01\\\/logo.svg\",\"width\":500,\"height\":500,\"caption\":\"Costa Blanca Buyers by Yohanne & Jacqueline\"},\"image\":{\"@id\":\"https:\\\/\\\/costablancabuyers.com\\\/de\\\/#\\\/schema\\\/logo\\\/image\\\/\"}}]}<\/script>\n<!-- \/ Yoast SEO plugin. -->","yoast_head_json":{"title":"Albir - Costa Blanca Buyers by Yohanne &amp; Jacqueline","description":"Albir ist ein charmantes K\u00fcstenst\u00e4dtchen. bekannt f\u00fcr seinen sch\u00f6nen Strand, die ruhige Wohnatmosph\u00e4re und eine starke skandinavische Gemeinschaft.","robots":{"index":"index","follow":"follow","max-snippet":"max-snippet:-1","max-image-preview":"max-image-preview:large","max-video-preview":"max-video-preview:-1"},"canonical":"https:\/\/costablancabuyers.com\/de\/costa-blanca\/albir\/","og_locale":"de_DE","og_type":"article","og_title":"Albir - Costa Blanca Buyers by Yohanne &amp; Jacqueline","og_description":"Albir ist ein charmantes K\u00fcstenst\u00e4dtchen. bekannt f\u00fcr seinen sch\u00f6nen Strand, die ruhige Wohnatmosph\u00e4re und eine starke skandinavische Gemeinschaft.","og_url":"https:\/\/costablancabuyers.com\/de\/costa-blanca\/albir\/","og_site_name":"Costa Blanca Buyers by Yohanne &amp; Jacqueline","article_modified_time":"2026-03-04T17:06:52+00:00","og_image":[{"width":1536,"height":1024,"url":"https:\/\/costablancabuyers.com\/wp-content\/uploads\/2026\/02\/Albir.jpg","type":"image\/jpeg"}],"twitter_card":"summary_large_image","twitter_misc":{"Gesch\u00e4tzte Lesezeit":"2\u00a0Minuten"},"schema":{"@context":"https:\/\/schema.org","@graph":[{"@type":"WebPage","@id":"https:\/\/costablancabuyers.com\/de\/costa-blanca\/albir\/","url":"https:\/\/costablancabuyers.com\/de\/costa-blanca\/albir\/","name":"Albir - Costa Blanca Buyers by Yohanne &amp; Jacqueline","isPartOf":{"@id":"https:\/\/costablancabuyers.com\/de\/#website"},"primaryImageOfPage":{"@id":"https:\/\/costablancabuyers.com\/de\/costa-blanca\/albir\/#primaryimage"},"image":{"@id":"https:\/\/costablancabuyers.com\/de\/costa-blanca\/albir\/#primaryimage"},"thumbnailUrl":"https:\/\/costablancabuyers.com\/wp-content\/uploads\/2026\/02\/Albir.jpg","datePublished":"2026-02-03T08:56:18+00:00","dateModified":"2026-03-04T17:06:52+00:00","description":"Albir ist ein charmantes K\u00fcstenst\u00e4dtchen. bekannt f\u00fcr seinen sch\u00f6nen Strand, die ruhige Wohnatmosph\u00e4re und eine starke skandinavische Gemeinschaft.","breadcrumb":{"@id":"https:\/\/costablancabuyers.com\/de\/costa-blanca\/albir\/#breadcrumb"},"inLanguage":"de","potentialAction":[{"@type":"ReadAction","target":["https:\/\/costablancabuyers.com\/de\/costa-blanca\/albir\/"]}]},{"@type":"ImageObject","inLanguage":"de","@id":"https:\/\/costablancabuyers.com\/de\/costa-blanca\/albir\/#primaryimage","url":"https:\/\/costablancabuyers.com\/wp-content\/uploads\/2026\/02\/Albir.jpg","contentUrl":"https:\/\/costablancabuyers.com\/wp-content\/uploads\/2026\/02\/Albir.jpg","width":1536,"height":1024,"caption":"albir"},{"@type":"BreadcrumbList","@id":"https:\/\/costablancabuyers.com\/de\/costa-blanca\/albir\/#breadcrumb","itemListElement":[{"@type":"ListItem","position":1,"name":"Home","item":"https:\/\/costablancabuyers.com\/de\/"},{"@type":"ListItem","position":2,"name":"Costa Blanca","item":"https:\/\/costablancabuyers.com\/de\/costa-blanca\/"},{"@type":"ListItem","position":3,"name":"Albir"}]},{"@type":"WebSite","@id":"https:\/\/costablancabuyers.com\/de\/#website","url":"https:\/\/costablancabuyers.com\/de\/","name":"Costa Blanca Buyers by Yohanne & Jacqueline","description":"","publisher":{"@id":"https:\/\/costablancabuyers.com\/de\/#organization"},"potentialAction":[{"@type":"SearchAction","target":{"@type":"EntryPoint","urlTemplate":"https:\/\/costablancabuyers.com\/de\/?s={search_term_string}"},"query-input":{"@type":"PropertyValueSpecification","valueRequired":true,"valueName":"search_term_string"}}],"inLanguage":"de"},{"@type":"Organization","@id":"https:\/\/costablancabuyers.com\/de\/#organization","name":"Costa Blanca Buyers by Yohanne & Jacqueline","url":"https:\/\/costablancabuyers.com\/de\/","logo":{"@type":"ImageObject","inLanguage":"de","@id":"https:\/\/costablancabuyers.com\/de\/#\/schema\/logo\/image\/","url":"https:\/\/costablancabuyers.com\/wp-content\/uploads\/2026\/01\/logo.svg","contentUrl":"https:\/\/costablancabuyers.com\/wp-content\/uploads\/2026\/01\/logo.svg","width":500,"height":500,"caption":"Costa Blanca Buyers by Yohanne & Jacqueline"},"image":{"@id":"https:\/\/costablancabuyers.com\/de\/#\/schema\/logo\/image\/"}}]}},"_links":{"self":[{"href":"https:\/\/costablancabuyers.com\/de\/wp-json\/wp\/v2\/pages\/31618","targetHints":{"allow":["GET"]}}],"collection":[{"href":"https:\/\/costablancabuyers.com\/de\/wp-json\/wp\/v2\/pages"}],"about":[{"href":"https:\/\/costablancabuyers.com\/de\/wp-json\/wp\/v2\/types\/page"}],"author":[{"embeddable":true,"href":"https:\/\/costablancabuyers.com\/de\/wp-json\/wp\/v2\/users\/1"}],"replies":[{"embeddable":true,"href":"https:\/\/costablancabuyers.com\/de\/wp-json\/wp\/v2\/comments?post=31618"}],"version-history":[{"count":0,"href":"https:\/\/costablancabuyers.com\/de\/wp-json\/wp\/v2\/pages\/31618\/revisions"}],"up":[{"embeddable":true,"href":"https:\/\/costablancabuyers.com\/de\/wp-json\/wp\/v2\/pages\/31631"}],"wp:featuredmedia":[{"embeddable":true,"href":"https:\/\/costablancabuyers.com\/de\/wp-json\/wp\/v2\/media\/30062"}],"wp:attachment":[{"href":"https:\/\/costablancabuyers.com\/de\/wp-json\/wp\/v2\/media?parent=31618"}],"curies":[{"name":"wp","href":"https:\/\/api.w.org\/{rel}","templated":true}]}}