{"id":31629,"date":"2026-02-03T10:09:32","date_gmt":"2026-02-03T09:09:32","guid":{"rendered":"https:\/\/costablancabuyers.com\/la-nucia\/"},"modified":"2026-03-04T18:06:52","modified_gmt":"2026-03-04T17:06:52","slug":"la-nucia","status":"publish","type":"page","link":"https:\/\/costablancabuyers.com\/de\/costa-blanca\/la-nucia\/","title":{"rendered":"La Nuc\u00eda"},"content":{"rendered":"\t\t<div data-elementor-type=\"wp-page\" data-elementor-id=\"31629\" class=\"elementor elementor-31629 elementor-8084\" data-elementor-post-type=\"page\">\n\t\t\t\t<div class=\"elementor-element elementor-element-4b22dc13 e-flex e-con-boxed e-con e-parent\" data-id=\"4b22dc13\" data-element_type=\"container\" data-e-type=\"container\">\n\t\t\t\t\t<div class=\"e-con-inner\">\n\t\t\t\t<div class=\"elementor-element elementor-element-4aea1df4 elementor-widget elementor-widget-image\" data-id=\"4aea1df4\" data-element_type=\"widget\" data-e-type=\"widget\" data-widget_type=\"image.default\">\n\t\t\t\t\t\t\t\t\t\t\t\t\t\t\t<img fetchpriority=\"high\" decoding=\"async\" width=\"1536\" height=\"1024\" src=\"https:\/\/costablancabuyers.com\/wp-content\/uploads\/2026\/02\/La-Nucia.jpg\" class=\"attachment-full size-full wp-image-30064\" alt=\"La Nucia\" \/>\t\t\t\t\t\t\t\t\t\t\t\t\t\t\t<\/div>\n\t\t\t\t\t<\/div>\n\t\t\t\t<\/div>\n\t\t<div class=\"elementor-element elementor-element-7fb8dd1 e-flex e-con-boxed e-con e-parent\" data-id=\"7fb8dd1\" data-element_type=\"container\" data-e-type=\"container\">\n\t\t\t\t\t<div class=\"e-con-inner\">\n\t\t\t\t<div class=\"elementor-element elementor-element-ba6576a elementor-widget elementor-widget-heading\" data-id=\"ba6576a\" data-element_type=\"widget\" data-e-type=\"widget\" data-widget_type=\"heading.default\">\n\t\t\t\t\t<h2 class=\"elementor-heading-title elementor-size-default\">La Nuc\u00eda \u2013 Costa Blanca, Spanien<\/h2>\t\t\t\t<\/div>\n\t\t\t\t<div class=\"elementor-element elementor-element-bc3c6d4 elementor-widget elementor-widget-text-editor\" data-id=\"bc3c6d4\" data-element_type=\"widget\" data-e-type=\"widget\" data-widget_type=\"text-editor.default\">\n\t\t\t\t\t\t\t\t\t<p>La Nuc\u00eda ist eine der am besten organisierten und am schnellsten wachsenden Wohnst\u00e4dte an der Costa Blanca und international bekannt f\u00fcr ihre Sportinfrastruktur, hohe Lebensqualit\u00e4t und familienfreundliche Umgebung. Besonders attraktiv f\u00fcr K\u00e4ufer, die Platz, moderne Einrichtungen und einen aktiven Lebensstil nahe der K\u00fcste suchen.<\/p>\n<h3>Leben in La Nuc\u00eda<\/h3>\n<p>La Nuc\u00eda hat etwa 18.000 permanente Einwohner und eine sehr vielf\u00e4ltige internationale Bev\u00f6lkerung, darunter spanische, niederl\u00e4ndische, belgische, britische, deutsche und skandinavische Bewohner.<\/p>\n<p>Die Stadt ist bekannt f\u00fcr:<\/p>\n<ul>\n<li>saubere, gepflegte Wohngebiete<\/li>\n<li>moderne Infrastruktur und \u00f6ffentliche Dienstleistungen<\/li>\n<li>starkes Gemeinschaftsgef\u00fchl<\/li>\n<li>ruhiges Wohnen mit schneller Anbindung an die K\u00fcste<\/li>\n<\/ul>\n<p>La Nuc\u00eda eignet sich ideal f\u00fcr dauerhaftes Wohnen, Familien und K\u00e4ufer, die Organisation, Sicherheit und hochwertige Einrichtungen sch\u00e4tzen.<\/p>\n<h3>Sportstadt \u2013 eine der besten in Spanien<\/h3>\n<p>La Nuc\u00eda ist offiziell als \u201eCiudad del Deporte\u201c (Stadt des Sports) anerkannt und beherbergt ganzj\u00e4hrig internationale Wettk\u00e4mpfe und Trainingslager.<\/p>\n<ul>\n<li>Sportanlagen auf olympischem Niveau<\/li>\n<li>Leichtathletikstadion, Fu\u00dfballpl\u00e4tze, Schwimmb\u00e4der<\/li>\n<li>Tennis-, Padel-, Radsport- und Fitnesszentren<\/li>\n<\/ul>\n<p>Dieser starke Fokus auf Sport verleiht La Nuc\u00eda eine einzigartige Identit\u00e4t an der Costa Blanca.<\/p>\n<h3>Padel &amp; aktiver Lebensstil<\/h3>\n<p>Padel ist ein zentraler Bestandteil des t\u00e4glichen Lebens in La Nuc\u00eda und einer der Hauptgr\u00fcnde, warum internationale Bewohner diese Gegend w\u00e4hlen.<\/p>\n<p>Padel Point La Nuc\u00eda ist eines der gr\u00f6\u00dften und modernsten Padelzentren der Region.<\/p>\n<ul>\n<li>Gro\u00dfe Anlage mit vielen Indoor- und Outdoor-Pl\u00e4tzen<\/li>\n<li>Sehr aktive internationale und spanische Padel-Community<\/li>\n<li>Regelm\u00e4\u00dfige Ligen, Turniere und Social Matches<\/li>\n<li>Training f\u00fcr Anf\u00e4nger und Fortgeschrittene<\/li>\n<li>Einfache Parkm\u00f6glichkeiten und moderne Einrichtungen<\/li>\n<\/ul>\n<p>Egal ob Einsteiger oder Wettkampfspieler \u2013 La Nuc\u00eda bietet eines der besten Padel-Umfelder an der Costa Blanca.<\/p>\n<h3>Golf in der N\u00e4he von La Nuc\u00eda<\/h3>\n<p>Mehrere hochwertige Golfpl\u00e4tze sind in kurzer Fahrzeit erreichbar:<\/p>\n<ul>\n<li>Villaitana Golf (Benidorm) \u2013 zwei Championship-Golfpl\u00e4tze<\/li>\n<li>Club de Golf Don Cayo (Altea la Vella) \u2013 technischer Platz in gr\u00fcner Umgebung<\/li>\n<\/ul>\n<p><\/p>\n<h3>M\u00e4rkte &amp; Alltag<\/h3>\n<p>La Nuc\u00eda bietet einen komfortablen Alltag mit Gesch\u00e4ften, Dienstleistungen und M\u00e4rkten in der N\u00e4he.<\/p>\n<ul>\n<li>Wochenmarkt La Nuc\u00eda \u2013 Samstagvormittag<\/li>\n<li>Superm\u00e4rkte, B\u00e4ckereien, Caf\u00e9s und Schulen in kurzer Distanz<\/li>\n<\/ul>\n<p><\/p>\n<h3>Erreichbarkeit<\/h3>\n<p><\/p>\n<ul>\n<li>Flughafen Alicante\u2013Elche: ca. 55 Minuten (65 km)<\/li>\n<li>10\u201315 Minuten nach Benidorm, Albir und Villajoyosa<\/li>\n<li>Gute Anbindung \u00fcber AP-7 und N-332<\/li>\n<\/ul>\n<p><\/p>\n<h3>Immobilienkauf in La Nuc\u00eda (K\u00e4uferperspektive)<\/h3>\n<p>La Nuc\u00eda ist ideal f\u00fcr K\u00e4ufer, die suchen:<\/p>\n<ul>\n<li>moderne Villen und gro\u00dfz\u00fcgige Wohnh\u00e4user<\/li>\n<li>starken Sport- und Padel-Lifestyle<\/li>\n<li>familienfreundliches Umfeld<\/li>\n<li>weniger Tourismus, st\u00e4rkerer Wohncharakter<\/li>\n<li>gutes langfristiges Wertpotenzial<\/li>\n<\/ul>\n\t\t\t\t\t\t\t\t<\/div>\n\t\t\t\t\t<\/div>\n\t\t\t\t<\/div>\n\t\t<div class=\"elementor-element elementor-element-11bd23e e-flex e-con-boxed e-con e-parent\" data-id=\"11bd23e\" data-element_type=\"container\" data-e-type=\"container\">\n\t\t\t\t\t<div class=\"e-con-inner\">\n\t\t\t\t<div class=\"elementor-element elementor-element-7eb76761 elementor-widget elementor-widget-heading\" data-id=\"7eb76761\" data-element_type=\"widget\" data-e-type=\"widget\" data-widget_type=\"heading.default\">\n\t\t\t\t\t<h2 class=\"elementor-heading-title elementor-size-default\">Nehmen Sie Kontakt auf<\/h2>\t\t\t\t<\/div>\n\t\t\t\t<div class=\"elementor-element elementor-element-4b67f36 elementor-button-align-start elementor-widget elementor-widget-global elementor-global-28108 elementor-global-8047 elementor-widget-form\" data-id=\"4b67f36\" data-element_type=\"widget\" data-e-type=\"widget\" data-settings=\"{&quot;button_width&quot;:&quot;25&quot;,&quot;step_next_label&quot;:&quot;Weiter&quot;,&quot;step_previous_label&quot;:&quot;Zur\\u00fcck&quot;,&quot;step_type&quot;:&quot;number_text&quot;,&quot;step_icon_shape&quot;:&quot;circle&quot;}\" data-widget_type=\"form.default\">\n\t\t\t\t\t\t\t<form class=\"elementor-form\" method=\"post\" id=\"getintouch\" name=\"Nehmen Sie Kontakt auf\" aria-label=\"Nehmen Sie Kontakt auf\">\n\t\t\t<input type=\"hidden\" name=\"post_id\" value=\"31629\"\/>\n\t\t\t<input type=\"hidden\" name=\"form_id\" value=\"4b67f36\"\/>\n\t\t\t<input type=\"hidden\" name=\"referer_title\" value=\"Costa Blanca Buyers by Yohanne &amp; Jacqueline\" \/>\n\n\t\t\t\n\t\t\t<div class=\"elementor-form-fields-wrapper elementor-labels-\">\n\t\t\t\t\t\t\t\t<div class=\"elementor-field-type-text elementor-field-group elementor-column elementor-field-group-name elementor-col-100\">\n\t\t\t\t\t\t\t\t\t\t\t\t<label for=\"form-field-name\" class=\"elementor-field-label elementor-screen-only\">\n\t\t\t\t\t\t\t\tName\t\t\t\t\t\t\t<\/label>\n\t\t\t\t\t\t\t\t\t\t\t\t\t\t<input size=\"1\" type=\"text\" name=\"form_fields[name]\" id=\"form-field-name\" class=\"elementor-field elementor-size-sm  elementor-field-textual\" placeholder=\"Name\">\n\t\t\t\t\t\t\t\t\t\t\t<\/div>\n\t\t\t\t\t\t\t\t<div class=\"elementor-field-type-email elementor-field-group elementor-column elementor-field-group-email elementor-col-100 elementor-field-required\">\n\t\t\t\t\t\t\t\t\t\t\t\t<label for=\"form-field-email\" class=\"elementor-field-label elementor-screen-only\">\n\t\t\t\t\t\t\t\tEmail\t\t\t\t\t\t\t<\/label>\n\t\t\t\t\t\t\t\t\t\t\t\t\t\t<input size=\"1\" type=\"email\" name=\"form_fields[email]\" id=\"form-field-email\" class=\"elementor-field elementor-size-sm  elementor-field-textual\" placeholder=\"Email\" required=\"required\">\n\t\t\t\t\t\t\t\t\t\t\t<\/div>\n\t\t\t\t\t\t\t\t<div class=\"elementor-field-type-tel elementor-field-group elementor-column elementor-field-group-phone elementor-col-100\">\n\t\t\t\t\t\t\t\t\t\t\t\t<label for=\"form-field-phone\" class=\"elementor-field-label elementor-screen-only\">\n\t\t\t\t\t\t\t\tTelefon\t\t\t\t\t\t\t<\/label>\n\t\t\t\t\t\t\t\t<input size=\"1\" type=\"tel\" name=\"form_fields[phone]\" id=\"form-field-phone\" class=\"elementor-field elementor-size-sm  elementor-field-textual\" placeholder=\"Telefon \/ WhatsApp Nummer\" pattern=\"[0-9()#&amp;+*-=.]+\" title=\"Nur Nummern oder Telefon-Zeichen (#, -, *, etc) werden akzeptiert.\">\n\n\t\t\t\t\t\t<\/div>\n\t\t\t\t\t\t\t\t<div class=\"elementor-field-type-select elementor-field-group elementor-column elementor-field-group-field_60ba265 elementor-col-100 elementor-field-required\">\n\t\t\t\t\t\t\t\t\t\t\t\t<label for=\"form-field-field_60ba265\" class=\"elementor-field-label elementor-screen-only\">\n\t\t\t\t\t\t\t\tIch interessiere mich f\u00fcr:\t\t\t\t\t\t\t<\/label>\n\t\t\t\t\t\t\t\t<div class=\"elementor-field elementor-select-wrapper remove-before \">\n\t\t\t<div class=\"select-caret-down-wrapper\">\n\t\t\t\t<svg aria-hidden=\"true\" class=\"e-font-icon-svg e-eicon-caret-down\" viewBox=\"0 0 571.4 571.4\" xmlns=\"http:\/\/www.w3.org\/2000\/svg\"><path d=\"M571 393Q571 407 561 418L311 668Q300 679 286 679T261 668L11 418Q0 407 0 393T11 368 36 357H536Q550 357 561 368T571 393Z\"><\/path><\/svg>\t\t\t<\/div>\n\t\t\t<select name=\"form_fields[field_60ba265]\" id=\"form-field-field_60ba265\" class=\"elementor-field-textual elementor-size-sm\" required=\"required\">\n\t\t\t\t\t\t\t\t\t<option value=\"Ich interessiere mich f\u00fcr:\">Ich interessiere mich f\u00fcr:<\/option>\n\t\t\t\t\t\t\t\t\t<option value=\"Diese Immobilie\">Diese Immobilie<\/option>\n\t\t\t\t\t\t\t\t\t<option value=\"Besichtigungsanfrage\">Besichtigungsanfrage<\/option>\n\t\t\t\t\t\t\t\t\t<option value=\"Preis &amp; Verf\u00fcgbarkeit\">Preis &amp; Verf\u00fcgbarkeit<\/option>\n\t\t\t\t\t\t\t\t\t<option value=\"Kaufprozess in Spanien\">Kaufprozess in Spanien<\/option>\n\t\t\t\t\t\t\t\t\t<option value=\"Weitere Informationen\">Weitere Informationen<\/option>\n\t\t\t\t\t\t\t<\/select>\n\t\t<\/div>\n\t\t\t\t\t\t<\/div>\n\t\t\t\t\t\t\t\t<div class=\"elementor-field-type-textarea elementor-field-group elementor-column elementor-field-group-message elementor-col-100\">\n\t\t\t\t\t\t\t\t\t\t\t\t<label for=\"form-field-message\" class=\"elementor-field-label elementor-screen-only\">\n\t\t\t\t\t\t\t\tNachricht\t\t\t\t\t\t\t<\/label>\n\t\t\t\t\t\t<textarea class=\"elementor-field-textual elementor-field  elementor-size-sm\" name=\"form_fields[message]\" id=\"form-field-message\" rows=\"4\" placeholder=\"Ihre Nachricht: Sie k\u00f6nnen Fragen stellen, Details anfordern oder uns mitteilen, wie wir Ihnen helfen k\u00f6nnen.\"><\/textarea>\t\t\t\t<\/div>\n\t\t\t\t\t\t\t\t<div class=\"elementor-field-type-hidden elementor-field-group elementor-column elementor-field-group-page_or_property elementor-col-100\">\n\t\t\t\t\t\t\t\t\t\t\t\t\t<input size=\"1\" type=\"hidden\" name=\"form_fields[page_or_property]\" id=\"form-field-page_or_property\" class=\"elementor-field elementor-size-sm  elementor-field-textual\">\n\t\t\t\t\t\t\t\t\t\t\t<\/div>\n\t\t\t\t\t\t\t\t<div class=\"elementor-field-group elementor-column elementor-field-type-submit elementor-col-25 e-form__buttons\">\n\t\t\t\t\t<button class=\"elementor-button elementor-size-sm\" type=\"submit\">\n\t\t\t\t\t\t<span class=\"elementor-button-content-wrapper\">\n\t\t\t\t\t\t\t\t\t\t\t\t\t\t\t\t\t\t\t\t\t\t<span class=\"elementor-button-text\">senden<\/span>\n\t\t\t\t\t\t\t\t\t\t\t\t\t<\/span>\n\t\t\t\t\t<\/button>\n\t\t\t\t<\/div>\n\t\t\t<\/div>\n\t\t<\/form>\n\t\t\t\t\t\t<\/div>\n\t\t\t\t\t<\/div>\n\t\t\t\t<\/div>\n\t\t\t\t<\/div>\n\t\t","protected":false},"excerpt":{"rendered":"<p>La Nuc\u00eda ist eine der am besten organisierten und am schnellsten wachsenden Wohnst\u00e4dte an der Costa Blanca.<\/p>\n","protected":false},"author":1,"featured_media":30064,"parent":31631,"menu_order":90,"comment_status":"closed","ping_status":"closed","template":"elementor_header_footer","meta":{"footnotes":""},"class_list":["post-31629","page","type-page","status-publish","has-post-thumbnail","hentry"],"yoast_head":"<!-- This site is optimized with the Yoast SEO plugin v27.6 - https:\/\/yoast.com\/product\/yoast-seo-wordpress\/ -->\n<title>La Nuc\u00eda - Costa Blanca Buyers by Yohanne &amp; Jacqueline<\/title>\n<meta name=\"description\" content=\"La Nuc\u00eda ist eine der am besten organisierten und am schnellsten wachsenden Wohnst\u00e4dte an der Costa Blanca.\" \/>\n<meta name=\"robots\" content=\"index, follow, max-snippet:-1, max-image-preview:large, max-video-preview:-1\" \/>\n<link rel=\"canonical\" href=\"https:\/\/costablancabuyers.com\/de\/costa-blanca\/la-nucia\/\" \/>\n<meta property=\"og:locale\" content=\"de_DE\" \/>\n<meta property=\"og:type\" content=\"article\" \/>\n<meta property=\"og:title\" content=\"La Nuc\u00eda - Costa Blanca Buyers by Yohanne &amp; Jacqueline\" \/>\n<meta property=\"og:description\" content=\"La Nuc\u00eda ist eine der am besten organisierten und am schnellsten wachsenden Wohnst\u00e4dte an der Costa Blanca.\" \/>\n<meta property=\"og:url\" content=\"https:\/\/costablancabuyers.com\/de\/costa-blanca\/la-nucia\/\" \/>\n<meta property=\"og:site_name\" content=\"Costa Blanca Buyers by Yohanne &amp; Jacqueline\" \/>\n<meta property=\"article:modified_time\" content=\"2026-03-04T17:06:52+00:00\" \/>\n<meta property=\"og:image\" content=\"https:\/\/costablancabuyers.com\/wp-content\/uploads\/2026\/02\/La-Nucia.jpg\" \/>\n\t<meta property=\"og:image:width\" content=\"1536\" \/>\n\t<meta property=\"og:image:height\" content=\"1024\" \/>\n\t<meta property=\"og:image:type\" content=\"image\/jpeg\" \/>\n<meta name=\"twitter:card\" content=\"summary_large_image\" \/>\n<meta name=\"twitter:label1\" content=\"Gesch\u00e4tzte Lesezeit\" \/>\n\t<meta name=\"twitter:data1\" content=\"2\u00a0Minuten\" \/>\n<script type=\"application\/ld+json\" class=\"yoast-schema-graph\">{\"@context\":\"https:\\\/\\\/schema.org\",\"@graph\":[{\"@type\":\"WebPage\",\"@id\":\"https:\\\/\\\/costablancabuyers.com\\\/de\\\/costa-blanca\\\/la-nucia\\\/\",\"url\":\"https:\\\/\\\/costablancabuyers.com\\\/de\\\/costa-blanca\\\/la-nucia\\\/\",\"name\":\"La Nuc\u00eda - Costa Blanca Buyers by Yohanne &amp; Jacqueline\",\"isPartOf\":{\"@id\":\"https:\\\/\\\/costablancabuyers.com\\\/de\\\/#website\"},\"primaryImageOfPage\":{\"@id\":\"https:\\\/\\\/costablancabuyers.com\\\/de\\\/costa-blanca\\\/la-nucia\\\/#primaryimage\"},\"image\":{\"@id\":\"https:\\\/\\\/costablancabuyers.com\\\/de\\\/costa-blanca\\\/la-nucia\\\/#primaryimage\"},\"thumbnailUrl\":\"https:\\\/\\\/costablancabuyers.com\\\/wp-content\\\/uploads\\\/2026\\\/02\\\/La-Nucia.jpg\",\"datePublished\":\"2026-02-03T09:09:32+00:00\",\"dateModified\":\"2026-03-04T17:06:52+00:00\",\"description\":\"La Nuc\u00eda ist eine der am besten organisierten und am schnellsten wachsenden Wohnst\u00e4dte an der Costa Blanca.\",\"breadcrumb\":{\"@id\":\"https:\\\/\\\/costablancabuyers.com\\\/de\\\/costa-blanca\\\/la-nucia\\\/#breadcrumb\"},\"inLanguage\":\"de\",\"potentialAction\":[{\"@type\":\"ReadAction\",\"target\":[\"https:\\\/\\\/costablancabuyers.com\\\/de\\\/costa-blanca\\\/la-nucia\\\/\"]}]},{\"@type\":\"ImageObject\",\"inLanguage\":\"de\",\"@id\":\"https:\\\/\\\/costablancabuyers.com\\\/de\\\/costa-blanca\\\/la-nucia\\\/#primaryimage\",\"url\":\"https:\\\/\\\/costablancabuyers.com\\\/wp-content\\\/uploads\\\/2026\\\/02\\\/La-Nucia.jpg\",\"contentUrl\":\"https:\\\/\\\/costablancabuyers.com\\\/wp-content\\\/uploads\\\/2026\\\/02\\\/La-Nucia.jpg\",\"width\":1536,\"height\":1024,\"caption\":\"La Nucia\"},{\"@type\":\"BreadcrumbList\",\"@id\":\"https:\\\/\\\/costablancabuyers.com\\\/de\\\/costa-blanca\\\/la-nucia\\\/#breadcrumb\",\"itemListElement\":[{\"@type\":\"ListItem\",\"position\":1,\"name\":\"Home\",\"item\":\"https:\\\/\\\/costablancabuyers.com\\\/de\\\/\"},{\"@type\":\"ListItem\",\"position\":2,\"name\":\"Costa Blanca\",\"item\":\"https:\\\/\\\/costablancabuyers.com\\\/de\\\/costa-blanca\\\/\"},{\"@type\":\"ListItem\",\"position\":3,\"name\":\"La Nuc\u00eda\"}]},{\"@type\":\"WebSite\",\"@id\":\"https:\\\/\\\/costablancabuyers.com\\\/de\\\/#website\",\"url\":\"https:\\\/\\\/costablancabuyers.com\\\/de\\\/\",\"name\":\"Costa Blanca Buyers by Yohanne & Jacqueline\",\"description\":\"\",\"publisher\":{\"@id\":\"https:\\\/\\\/costablancabuyers.com\\\/de\\\/#organization\"},\"potentialAction\":[{\"@type\":\"SearchAction\",\"target\":{\"@type\":\"EntryPoint\",\"urlTemplate\":\"https:\\\/\\\/costablancabuyers.com\\\/de\\\/?s={search_term_string}\"},\"query-input\":{\"@type\":\"PropertyValueSpecification\",\"valueRequired\":true,\"valueName\":\"search_term_string\"}}],\"inLanguage\":\"de\"},{\"@type\":\"Organization\",\"@id\":\"https:\\\/\\\/costablancabuyers.com\\\/de\\\/#organization\",\"name\":\"Costa Blanca Buyers by Yohanne & Jacqueline\",\"url\":\"https:\\\/\\\/costablancabuyers.com\\\/de\\\/\",\"logo\":{\"@type\":\"ImageObject\",\"inLanguage\":\"de\",\"@id\":\"https:\\\/\\\/costablancabuyers.com\\\/de\\\/#\\\/schema\\\/logo\\\/image\\\/\",\"url\":\"https:\\\/\\\/costablancabuyers.com\\\/wp-content\\\/uploads\\\/2026\\\/01\\\/logo.svg\",\"contentUrl\":\"https:\\\/\\\/costablancabuyers.com\\\/wp-content\\\/uploads\\\/2026\\\/01\\\/logo.svg\",\"width\":500,\"height\":500,\"caption\":\"Costa Blanca Buyers by Yohanne & Jacqueline\"},\"image\":{\"@id\":\"https:\\\/\\\/costablancabuyers.com\\\/de\\\/#\\\/schema\\\/logo\\\/image\\\/\"}}]}<\/script>\n<!-- \/ Yoast SEO plugin. -->","yoast_head_json":{"title":"La Nuc\u00eda - Costa Blanca Buyers by Yohanne &amp; Jacqueline","description":"La Nuc\u00eda ist eine der am besten organisierten und am schnellsten wachsenden Wohnst\u00e4dte an der Costa Blanca.","robots":{"index":"index","follow":"follow","max-snippet":"max-snippet:-1","max-image-preview":"max-image-preview:large","max-video-preview":"max-video-preview:-1"},"canonical":"https:\/\/costablancabuyers.com\/de\/costa-blanca\/la-nucia\/","og_locale":"de_DE","og_type":"article","og_title":"La Nuc\u00eda - Costa Blanca Buyers by Yohanne &amp; Jacqueline","og_description":"La Nuc\u00eda ist eine der am besten organisierten und am schnellsten wachsenden Wohnst\u00e4dte an der Costa Blanca.","og_url":"https:\/\/costablancabuyers.com\/de\/costa-blanca\/la-nucia\/","og_site_name":"Costa Blanca Buyers by Yohanne &amp; Jacqueline","article_modified_time":"2026-03-04T17:06:52+00:00","og_image":[{"width":1536,"height":1024,"url":"https:\/\/costablancabuyers.com\/wp-content\/uploads\/2026\/02\/La-Nucia.jpg","type":"image\/jpeg"}],"twitter_card":"summary_large_image","twitter_misc":{"Gesch\u00e4tzte Lesezeit":"2\u00a0Minuten"},"schema":{"@context":"https:\/\/schema.org","@graph":[{"@type":"WebPage","@id":"https:\/\/costablancabuyers.com\/de\/costa-blanca\/la-nucia\/","url":"https:\/\/costablancabuyers.com\/de\/costa-blanca\/la-nucia\/","name":"La Nuc\u00eda - Costa Blanca Buyers by Yohanne &amp; Jacqueline","isPartOf":{"@id":"https:\/\/costablancabuyers.com\/de\/#website"},"primaryImageOfPage":{"@id":"https:\/\/costablancabuyers.com\/de\/costa-blanca\/la-nucia\/#primaryimage"},"image":{"@id":"https:\/\/costablancabuyers.com\/de\/costa-blanca\/la-nucia\/#primaryimage"},"thumbnailUrl":"https:\/\/costablancabuyers.com\/wp-content\/uploads\/2026\/02\/La-Nucia.jpg","datePublished":"2026-02-03T09:09:32+00:00","dateModified":"2026-03-04T17:06:52+00:00","description":"La Nuc\u00eda ist eine der am besten organisierten und am schnellsten wachsenden Wohnst\u00e4dte an der Costa Blanca.","breadcrumb":{"@id":"https:\/\/costablancabuyers.com\/de\/costa-blanca\/la-nucia\/#breadcrumb"},"inLanguage":"de","potentialAction":[{"@type":"ReadAction","target":["https:\/\/costablancabuyers.com\/de\/costa-blanca\/la-nucia\/"]}]},{"@type":"ImageObject","inLanguage":"de","@id":"https:\/\/costablancabuyers.com\/de\/costa-blanca\/la-nucia\/#primaryimage","url":"https:\/\/costablancabuyers.com\/wp-content\/uploads\/2026\/02\/La-Nucia.jpg","contentUrl":"https:\/\/costablancabuyers.com\/wp-content\/uploads\/2026\/02\/La-Nucia.jpg","width":1536,"height":1024,"caption":"La Nucia"},{"@type":"BreadcrumbList","@id":"https:\/\/costablancabuyers.com\/de\/costa-blanca\/la-nucia\/#breadcrumb","itemListElement":[{"@type":"ListItem","position":1,"name":"Home","item":"https:\/\/costablancabuyers.com\/de\/"},{"@type":"ListItem","position":2,"name":"Costa Blanca","item":"https:\/\/costablancabuyers.com\/de\/costa-blanca\/"},{"@type":"ListItem","position":3,"name":"La Nuc\u00eda"}]},{"@type":"WebSite","@id":"https:\/\/costablancabuyers.com\/de\/#website","url":"https:\/\/costablancabuyers.com\/de\/","name":"Costa Blanca Buyers by Yohanne & Jacqueline","description":"","publisher":{"@id":"https:\/\/costablancabuyers.com\/de\/#organization"},"potentialAction":[{"@type":"SearchAction","target":{"@type":"EntryPoint","urlTemplate":"https:\/\/costablancabuyers.com\/de\/?s={search_term_string}"},"query-input":{"@type":"PropertyValueSpecification","valueRequired":true,"valueName":"search_term_string"}}],"inLanguage":"de"},{"@type":"Organization","@id":"https:\/\/costablancabuyers.com\/de\/#organization","name":"Costa Blanca Buyers by Yohanne & Jacqueline","url":"https:\/\/costablancabuyers.com\/de\/","logo":{"@type":"ImageObject","inLanguage":"de","@id":"https:\/\/costablancabuyers.com\/de\/#\/schema\/logo\/image\/","url":"https:\/\/costablancabuyers.com\/wp-content\/uploads\/2026\/01\/logo.svg","contentUrl":"https:\/\/costablancabuyers.com\/wp-content\/uploads\/2026\/01\/logo.svg","width":500,"height":500,"caption":"Costa Blanca Buyers by Yohanne & Jacqueline"},"image":{"@id":"https:\/\/costablancabuyers.com\/de\/#\/schema\/logo\/image\/"}}]}},"_links":{"self":[{"href":"https:\/\/costablancabuyers.com\/de\/wp-json\/wp\/v2\/pages\/31629","targetHints":{"allow":["GET"]}}],"collection":[{"href":"https:\/\/costablancabuyers.com\/de\/wp-json\/wp\/v2\/pages"}],"about":[{"href":"https:\/\/costablancabuyers.com\/de\/wp-json\/wp\/v2\/types\/page"}],"author":[{"embeddable":true,"href":"https:\/\/costablancabuyers.com\/de\/wp-json\/wp\/v2\/users\/1"}],"replies":[{"embeddable":true,"href":"https:\/\/costablancabuyers.com\/de\/wp-json\/wp\/v2\/comments?post=31629"}],"version-history":[{"count":0,"href":"https:\/\/costablancabuyers.com\/de\/wp-json\/wp\/v2\/pages\/31629\/revisions"}],"up":[{"embeddable":true,"href":"https:\/\/costablancabuyers.com\/de\/wp-json\/wp\/v2\/pages\/31631"}],"wp:featuredmedia":[{"embeddable":true,"href":"https:\/\/costablancabuyers.com\/de\/wp-json\/wp\/v2\/media\/30064"}],"wp:attachment":[{"href":"https:\/\/costablancabuyers.com\/de\/wp-json\/wp\/v2\/media?parent=31629"}],"curies":[{"name":"wp","href":"https:\/\/api.w.org\/{rel}","templated":true}]}}