{"id":28018,"date":"2026-01-31T14:34:10","date_gmt":"2026-01-31T13:34:10","guid":{"rendered":"https:\/\/costablancabuyers.com\/nuestros-servicios\/"},"modified":"2026-03-25T14:20:23","modified_gmt":"2026-03-25T13:20:23","slug":"nuestros-servicios","status":"publish","type":"page","link":"https:\/\/costablancabuyers.com\/es\/nuestros-servicios\/","title":{"rendered":"Servicios"},"content":{"rendered":"\t\t<div data-elementor-type=\"wp-page\" data-elementor-id=\"28018\" class=\"elementor elementor-28018 elementor-7611\" data-elementor-post-type=\"page\">\n\t\t\t\t<div class=\"elementor-element elementor-element-5c4bcc92 e-flex e-con-boxed e-con e-parent\" data-id=\"5c4bcc92\" data-element_type=\"container\" data-e-type=\"container\" data-settings=\"{&quot;background_background&quot;:&quot;classic&quot;}\">\n\t\t\t\t\t<div class=\"e-con-inner\">\n\t\t\t\t\t<\/div>\n\t\t\t\t<\/div>\n\t\t<div class=\"elementor-element elementor-element-2d86404 e-flex e-con-boxed e-con e-parent\" data-id=\"2d86404\" data-element_type=\"container\" data-e-type=\"container\">\n\t\t\t\t\t<div class=\"e-con-inner\">\n\t\t\t\t<div class=\"elementor-element elementor-element-54842bd elementor-widget elementor-widget-heading\" data-id=\"54842bd\" data-element_type=\"widget\" data-e-type=\"widget\" data-widget_type=\"heading.default\">\n\t\t\t\t\t<h1 class=\"elementor-heading-title elementor-size-default\">Servicios<\/h1>\t\t\t\t<\/div>\n\t\t\t\t<div class=\"elementor-element elementor-element-43a7b10 elementor-widget elementor-widget-text-editor\" data-id=\"43a7b10\" data-element_type=\"widget\" data-e-type=\"widget\" data-widget_type=\"text-editor.default\">\n\t\t\t\t\t\t\t\t\tActuamos exclusivamente en nombre del comprador y protegemos sus intereses en cada etapa del proceso. Nuestro papel es recopilar informaci\u00f3n precisa y verificada, coordinar profesionales de confianza y garantizar que cada decisi\u00f3n se base en hechos y no en suposiciones.<br><ol>\r\n \t<li><strong>Situaci\u00f3n legal de la propiedad<\/strong>\r\nVerificamos el estado legal, la titularidad, los registros en el Registro de la Propiedad, posibles deudas, licencias de obra y gastos de comunidad antes de que se comprometa a la compra. Sin sorpresas despu\u00e9s.<\/li>\r\n \t<li><strong>NIE y configuraci\u00f3n legal<\/strong>\r\nGestionamos su n\u00famero NIE, coordinamos con abogados y notarios y garantizamos que toda la documentaci\u00f3n cumpla con la legislaci\u00f3n espa\u00f1ola.<\/li>\r\n \t<li><strong>Apertura de cuenta bancaria en Espa\u00f1a<\/strong>\r\nLe asistimos en la apertura de una cuenta bancaria espa\u00f1ola necesaria para la compra del inmueble, suministros, impuestos y pagos recurrentes.<\/li>\r\n \t<li><strong>Asistencia hipotecaria<\/strong>\r\nLe ponemos en contacto con bancos y brokers hipotecarios fiables, explicamos claramente las condiciones, comparamos ofertas y le acompa\u00f1amos durante todo el proceso de aprobaci\u00f3n.<\/li>\r\n \t<li><strong>Traducci\u00f3n de documentos<\/strong>\r\nOrganizamos traducciones profesionales para que comprenda plenamente contratos, escrituras y documentos oficiales antes de firmar.<\/li>\r\n \t<li><strong>Notar\u00eda y organizaci\u00f3n de la compraventa<\/strong>\r\nCoordinamos todo el proceso de transmisi\u00f3n: contratos de reserva y arras, cita con el notario, poder notarial si es necesario y la firma final de la escritura.<\/li>\r\n \t<li><strong>Inscripci\u00f3n en el Registro de la Propiedad<\/strong>\r\nNos aseguramos de que la vivienda quede correctamente inscrita a su nombre en el Registro de la Propiedad tras la finalizaci\u00f3n de la compra.<\/li>\r\n \t<li><strong>Contrataci\u00f3n de seguros<\/strong>\r\nLe ayudamos con seguros de hogar, coche y salud, trabajando con aseguradoras consolidadas para garantizar una cobertura adecuada.<\/li>\r\n \t<li><strong>Reubicaci\u00f3n y orientaci\u00f3n local<\/strong>\r\nOfrecemos orientaci\u00f3n local de confianza para la vida diaria: altas de suministros, internet, empadronamiento y apoyo pr\u00e1ctico para su instalaci\u00f3n.<\/li>\r\n \t<li><strong>Colegios y universidades<\/strong>\r\nAyudamos a las familias con la inscripci\u00f3n en colegios o universidades, incluyendo opciones p\u00fablicas, privadas e internacionales en la zona de la Costa Blanca.<\/li>\r\n \t<li><strong>Construcci\u00f3n y reformas<\/strong>\r\nPara obra nueva o reformas, le conectamos con arquitectos, constructores y project managers verificados y le ayudamos a entender plazos y permisos.<\/li>\r\n \t<li><strong>Residencia y apoyo en reubicaci\u00f3n<\/strong>\r\nLe guiamos a trav\u00e9s de las opciones de residencia en Espa\u00f1a, los requisitos y la coordinaci\u00f3n con profesionales especializados en inmigraci\u00f3n.<\/li>\r\n<\/ol><br><strong>Nuestro compromiso<\/strong><br><br>Trabajamos con una red cuidadosamente seleccionada de abogados, notarios, bancos y profesionales. Nuestro objetivo es simple: claridad, seguridad y una compra fluida sin riesgos ocultos. Usted estar\u00e1 informado, protegido y acompa\u00f1ado desde la primera visita hasta mucho despu\u00e9s de la compra.<br><br><strong>Costa Blanca Buyers by Yohanne &amp; Jacqueline<\/strong>\t\t\t\t\t\t\t\t<\/div>\n\t\t\t\t\t<\/div>\n\t\t\t\t<\/div>\n\t\t<div class=\"elementor-element elementor-element-5a351bf e-flex e-con-boxed e-con e-parent\" data-id=\"5a351bf\" data-element_type=\"container\" data-e-type=\"container\">\n\t\t\t\t\t<div class=\"e-con-inner\">\n\t\t\t\t<div class=\"elementor-element elementor-element-73b2168d elementor-widget elementor-widget-heading\" data-id=\"73b2168d\" data-element_type=\"widget\" data-e-type=\"widget\" data-widget_type=\"heading.default\">\n\t\t\t\t\t<h2 class=\"elementor-heading-title elementor-size-default\">Cont\u00e1ctanos<\/h2>\t\t\t\t<\/div>\n\t\t\t\t<div class=\"elementor-element elementor-element-56bd8536 elementor-button-align-start elementor-widget elementor-widget-global elementor-global-28106 elementor-global-8047 elementor-widget-form\" data-id=\"56bd8536\" data-element_type=\"widget\" data-e-type=\"widget\" data-settings=\"{&quot;button_width&quot;:&quot;25&quot;,&quot;step_next_label&quot;:&quot;Siguiente&quot;,&quot;step_previous_label&quot;:&quot;Anterior&quot;,&quot;step_type&quot;:&quot;number_text&quot;,&quot;step_icon_shape&quot;:&quot;circle&quot;}\" data-widget_type=\"form.default\">\n\t\t\t\t\t\t\t<form class=\"elementor-form\" method=\"post\" id=\"getintouch\" name=\"Cont\u00e1ctanos\" aria-label=\"Cont\u00e1ctanos\">\n\t\t\t<input type=\"hidden\" name=\"post_id\" value=\"28018\"\/>\n\t\t\t<input type=\"hidden\" name=\"form_id\" value=\"56bd8536\"\/>\n\t\t\t<input type=\"hidden\" name=\"referer_title\" value=\"Costa Blanca Buyers by Yohanne &amp; Jacqueline\" \/>\n\n\t\t\t\n\t\t\t<div class=\"elementor-form-fields-wrapper elementor-labels-\">\n\t\t\t\t\t\t\t\t<div class=\"elementor-field-type-text elementor-field-group elementor-column elementor-field-group-name elementor-col-100\">\n\t\t\t\t\t\t\t\t\t\t\t\t<label for=\"form-field-name\" class=\"elementor-field-label elementor-screen-only\">\n\t\t\t\t\t\t\t\tNombre\t\t\t\t\t\t\t<\/label>\n\t\t\t\t\t\t\t\t\t\t\t\t\t\t<input size=\"1\" type=\"text\" name=\"form_fields[name]\" id=\"form-field-name\" class=\"elementor-field elementor-size-sm  elementor-field-textual\" placeholder=\"Nombre y apellidos\">\n\t\t\t\t\t\t\t\t\t\t\t<\/div>\n\t\t\t\t\t\t\t\t<div class=\"elementor-field-type-email elementor-field-group elementor-column elementor-field-group-email elementor-col-100 elementor-field-required\">\n\t\t\t\t\t\t\t\t\t\t\t\t<label for=\"form-field-email\" class=\"elementor-field-label elementor-screen-only\">\n\t\t\t\t\t\t\t\tCorreo electr\u00f3nico\t\t\t\t\t\t\t<\/label>\n\t\t\t\t\t\t\t\t\t\t\t\t\t\t<input size=\"1\" type=\"email\" name=\"form_fields[email]\" id=\"form-field-email\" class=\"elementor-field elementor-size-sm  elementor-field-textual\" placeholder=\"Correo electr\u00f3nico\" required=\"required\">\n\t\t\t\t\t\t\t\t\t\t\t<\/div>\n\t\t\t\t\t\t\t\t<div class=\"elementor-field-type-tel elementor-field-group elementor-column elementor-field-group-phone elementor-col-100\">\n\t\t\t\t\t\t\t\t\t\t\t\t<label for=\"form-field-phone\" class=\"elementor-field-label elementor-screen-only\">\n\t\t\t\t\t\t\t\tTel\u00e9fono\t\t\t\t\t\t\t<\/label>\n\t\t\t\t\t\t\t\t<input size=\"1\" type=\"tel\" name=\"form_fields[phone]\" id=\"form-field-phone\" class=\"elementor-field elementor-size-sm  elementor-field-textual\" placeholder=\"Tel\u00e9fono \/ WhatsApp\" pattern=\"[0-9()#&amp;+*-=.]+\" title=\"Solo se aceptan n\u00fameros y caracteres de tel\u00e9fono (#,-,*,etc).\">\n\n\t\t\t\t\t\t<\/div>\n\t\t\t\t\t\t\t\t<div class=\"elementor-field-type-select elementor-field-group elementor-column elementor-field-group-field_60ba265 elementor-col-100 elementor-field-required\">\n\t\t\t\t\t\t\t\t\t\t\t\t<label for=\"form-field-field_60ba265\" class=\"elementor-field-label elementor-screen-only\">\n\t\t\t\t\t\t\t\tInteresado en:\t\t\t\t\t\t\t<\/label>\n\t\t\t\t\t\t\t\t<div class=\"elementor-field elementor-select-wrapper remove-before \">\n\t\t\t<div class=\"select-caret-down-wrapper\">\n\t\t\t\t<svg aria-hidden=\"true\" class=\"e-font-icon-svg e-eicon-caret-down\" viewBox=\"0 0 571.4 571.4\" xmlns=\"http:\/\/www.w3.org\/2000\/svg\"><path d=\"M571 393Q571 407 561 418L311 668Q300 679 286 679T261 668L11 418Q0 407 0 393T11 368 36 357H536Q550 357 561 368T571 393Z\"><\/path><\/svg>\t\t\t<\/div>\n\t\t\t<select name=\"form_fields[field_60ba265]\" id=\"form-field-field_60ba265\" class=\"elementor-field-textual elementor-size-sm\" required=\"required\">\n\t\t\t\t\t\t\t\t\t<option value=\"Estoy interesado en:\">Estoy interesado en:<\/option>\n\t\t\t\t\t\t\t\t\t<option value=\"Esta propiedad\">Esta propiedad<\/option>\n\t\t\t\t\t\t\t\t\t<option value=\"Solicitud de visita\">Solicitud de visita<\/option>\n\t\t\t\t\t\t\t\t\t<option value=\"Precio y disponibilidad\">Precio y disponibilidad<\/option>\n\t\t\t\t\t\t\t\t\t<option value=\"Proceso de compra en Espa\u00f1a\">Proceso de compra en Espa\u00f1a<\/option>\n\t\t\t\t\t\t\t\t\t<option value=\"Otra informaci\u00f3n\">Otra informaci\u00f3n<\/option>\n\t\t\t\t\t\t\t<\/select>\n\t\t<\/div>\n\t\t\t\t\t\t<\/div>\n\t\t\t\t\t\t\t\t<div class=\"elementor-field-type-textarea elementor-field-group elementor-column elementor-field-group-message elementor-col-100\">\n\t\t\t\t\t\t\t\t\t\t\t\t<label for=\"form-field-message\" class=\"elementor-field-label elementor-screen-only\">\n\t\t\t\t\t\t\t\tMensaje\t\t\t\t\t\t\t<\/label>\n\t\t\t\t\t\t<textarea class=\"elementor-field-textual elementor-field  elementor-size-sm\" name=\"form_fields[message]\" id=\"form-field-message\" rows=\"4\" placeholder=\"Your message: You can ask questions, request details, or tell us how we can help\"><\/textarea>\t\t\t\t<\/div>\n\t\t\t\t\t\t\t\t<div class=\"elementor-field-type-hidden elementor-field-group elementor-column elementor-field-group-page_or_property elementor-col-100\">\n\t\t\t\t\t\t\t\t\t\t\t\t\t<input size=\"1\" type=\"hidden\" name=\"form_fields[page_or_property]\" id=\"form-field-page_or_property\" class=\"elementor-field elementor-size-sm  elementor-field-textual\">\n\t\t\t\t\t\t\t\t\t\t\t<\/div>\n\t\t\t\t\t\t\t\t<div class=\"elementor-field-group elementor-column elementor-field-type-submit elementor-col-25 e-form__buttons\">\n\t\t\t\t\t<button class=\"elementor-button elementor-size-sm\" type=\"submit\">\n\t\t\t\t\t\t<span class=\"elementor-button-content-wrapper\">\n\t\t\t\t\t\t\t\t\t\t\t\t\t\t\t\t\t\t\t\t\t\t<span class=\"elementor-button-text\">enviar<\/span>\n\t\t\t\t\t\t\t\t\t\t\t\t\t<\/span>\n\t\t\t\t\t<\/button>\n\t\t\t\t<\/div>\n\t\t\t<\/div>\n\t\t<\/form>\n\t\t\t\t\t\t<\/div>\n\t\t\t\t\t<\/div>\n\t\t\t\t<\/div>\n\t\t\t\t<\/div>\n\t\t","protected":false},"excerpt":{"rendered":"<p>Actuamos exclusivamente en nombre del comprador y protegemos sus intereses en cada etapa del proceso. Nuestro papel es recopilar informaci\u00f3n precisa y verificada, coordinar profesionales de confianza y garantizar que cada decisi\u00f3n se base en hechos y no en suposiciones. Situaci\u00f3n legal de la propiedad Verificamos el estado legal, la titularidad, los registros en el [&hellip;]<\/p>\n","protected":false},"author":1,"featured_media":28017,"parent":0,"menu_order":20,"comment_status":"closed","ping_status":"closed","template":"elementor_header_footer","meta":{"footnotes":""},"class_list":["post-28018","page","type-page","status-publish","has-post-thumbnail","hentry"],"yoast_head":"<!-- This site is optimized with the Yoast SEO plugin v27.5 - https:\/\/yoast.com\/product\/yoast-seo-wordpress\/ -->\n<title>Servicios - Costa Blanca Buyers by Yohanne &amp; Jacqueline<\/title>\n<meta name=\"description\" content=\"Costa Blanca Buyers actua exclusivamente en nombre del comprador y protega sus intereses en cada etapa del proceso.\" \/>\n<meta name=\"robots\" content=\"index, follow, max-snippet:-1, max-image-preview:large, max-video-preview:-1\" \/>\n<link rel=\"canonical\" href=\"https:\/\/costablancabuyers.com\/es\/nuestros-servicios\/\" \/>\n<meta property=\"og:locale\" content=\"es_ES\" \/>\n<meta property=\"og:type\" content=\"article\" \/>\n<meta property=\"og:title\" content=\"Servicios - Costa Blanca Buyers by Yohanne &amp; Jacqueline\" \/>\n<meta property=\"og:description\" content=\"Costa Blanca Buyers actua exclusivamente en nombre del comprador y protega sus intereses en cada etapa del proceso.\" \/>\n<meta property=\"og:url\" content=\"https:\/\/costablancabuyers.com\/es\/nuestros-servicios\/\" \/>\n<meta property=\"og:site_name\" content=\"Costa Blanca Buyers by Yohanne &amp; Jacqueline\" \/>\n<meta property=\"article:modified_time\" content=\"2026-03-25T13:20:23+00:00\" \/>\n<meta property=\"og:image\" content=\"https:\/\/costablancabuyers.com\/wp-content\/uploads\/2026\/02\/med-homes-services.jpg\" \/>\n\t<meta property=\"og:image:width\" content=\"1400\" \/>\n\t<meta property=\"og:image:height\" content=\"1202\" \/>\n\t<meta property=\"og:image:type\" content=\"image\/jpeg\" \/>\n<meta name=\"twitter:card\" content=\"summary_large_image\" \/>\n<meta name=\"twitter:label1\" content=\"Tiempo de lectura\" \/>\n\t<meta name=\"twitter:data1\" content=\"2 minutos\" \/>\n<script type=\"application\/ld+json\" class=\"yoast-schema-graph\">{\"@context\":\"https:\\\/\\\/schema.org\",\"@graph\":[{\"@type\":\"WebPage\",\"@id\":\"https:\\\/\\\/costablancabuyers.com\\\/es\\\/nuestros-servicios\\\/\",\"url\":\"https:\\\/\\\/costablancabuyers.com\\\/es\\\/nuestros-servicios\\\/\",\"name\":\"Servicios - Costa Blanca Buyers by Yohanne &amp; Jacqueline\",\"isPartOf\":{\"@id\":\"https:\\\/\\\/costablancabuyers.com\\\/es\\\/#website\"},\"primaryImageOfPage\":{\"@id\":\"https:\\\/\\\/costablancabuyers.com\\\/es\\\/nuestros-servicios\\\/#primaryimage\"},\"image\":{\"@id\":\"https:\\\/\\\/costablancabuyers.com\\\/es\\\/nuestros-servicios\\\/#primaryimage\"},\"thumbnailUrl\":\"https:\\\/\\\/costablancabuyers.com\\\/wp-content\\\/uploads\\\/2026\\\/02\\\/med-homes-services.jpg\",\"datePublished\":\"2026-01-31T13:34:10+00:00\",\"dateModified\":\"2026-03-25T13:20:23+00:00\",\"description\":\"Costa Blanca Buyers actua exclusivamente en nombre del comprador y protega sus intereses en cada etapa del proceso.\",\"breadcrumb\":{\"@id\":\"https:\\\/\\\/costablancabuyers.com\\\/es\\\/nuestros-servicios\\\/#breadcrumb\"},\"inLanguage\":\"es\",\"potentialAction\":[{\"@type\":\"ReadAction\",\"target\":[\"https:\\\/\\\/costablancabuyers.com\\\/es\\\/nuestros-servicios\\\/\"]}]},{\"@type\":\"ImageObject\",\"inLanguage\":\"es\",\"@id\":\"https:\\\/\\\/costablancabuyers.com\\\/es\\\/nuestros-servicios\\\/#primaryimage\",\"url\":\"https:\\\/\\\/costablancabuyers.com\\\/wp-content\\\/uploads\\\/2026\\\/02\\\/med-homes-services.jpg\",\"contentUrl\":\"https:\\\/\\\/costablancabuyers.com\\\/wp-content\\\/uploads\\\/2026\\\/02\\\/med-homes-services.jpg\",\"width\":1400,\"height\":1202},{\"@type\":\"BreadcrumbList\",\"@id\":\"https:\\\/\\\/costablancabuyers.com\\\/es\\\/nuestros-servicios\\\/#breadcrumb\",\"itemListElement\":[{\"@type\":\"ListItem\",\"position\":1,\"name\":\"Home\",\"item\":\"https:\\\/\\\/costablancabuyers.com\\\/es\\\/\"},{\"@type\":\"ListItem\",\"position\":2,\"name\":\"Servicios\"}]},{\"@type\":\"WebSite\",\"@id\":\"https:\\\/\\\/costablancabuyers.com\\\/es\\\/#website\",\"url\":\"https:\\\/\\\/costablancabuyers.com\\\/es\\\/\",\"name\":\"Costa Blanca Buyers by Yohanne & Jacqueline\",\"description\":\"\",\"publisher\":{\"@id\":\"https:\\\/\\\/costablancabuyers.com\\\/es\\\/#organization\"},\"potentialAction\":[{\"@type\":\"SearchAction\",\"target\":{\"@type\":\"EntryPoint\",\"urlTemplate\":\"https:\\\/\\\/costablancabuyers.com\\\/es\\\/?s={search_term_string}\"},\"query-input\":{\"@type\":\"PropertyValueSpecification\",\"valueRequired\":true,\"valueName\":\"search_term_string\"}}],\"inLanguage\":\"es\"},{\"@type\":\"Organization\",\"@id\":\"https:\\\/\\\/costablancabuyers.com\\\/es\\\/#organization\",\"name\":\"Costa Blanca Buyers by Yohanne & Jacqueline\",\"url\":\"https:\\\/\\\/costablancabuyers.com\\\/es\\\/\",\"logo\":{\"@type\":\"ImageObject\",\"inLanguage\":\"es\",\"@id\":\"https:\\\/\\\/costablancabuyers.com\\\/es\\\/#\\\/schema\\\/logo\\\/image\\\/\",\"url\":\"https:\\\/\\\/costablancabuyers.com\\\/wp-content\\\/uploads\\\/2026\\\/01\\\/logo.svg\",\"contentUrl\":\"https:\\\/\\\/costablancabuyers.com\\\/wp-content\\\/uploads\\\/2026\\\/01\\\/logo.svg\",\"width\":500,\"height\":500,\"caption\":\"Costa Blanca Buyers by Yohanne & Jacqueline\"},\"image\":{\"@id\":\"https:\\\/\\\/costablancabuyers.com\\\/es\\\/#\\\/schema\\\/logo\\\/image\\\/\"}}]}<\/script>\n<!-- \/ Yoast SEO plugin. -->","yoast_head_json":{"title":"Servicios - Costa Blanca Buyers by Yohanne &amp; Jacqueline","description":"Costa Blanca Buyers actua exclusivamente en nombre del comprador y protega sus intereses en cada etapa del proceso.","robots":{"index":"index","follow":"follow","max-snippet":"max-snippet:-1","max-image-preview":"max-image-preview:large","max-video-preview":"max-video-preview:-1"},"canonical":"https:\/\/costablancabuyers.com\/es\/nuestros-servicios\/","og_locale":"es_ES","og_type":"article","og_title":"Servicios - Costa Blanca Buyers by Yohanne &amp; Jacqueline","og_description":"Costa Blanca Buyers actua exclusivamente en nombre del comprador y protega sus intereses en cada etapa del proceso.","og_url":"https:\/\/costablancabuyers.com\/es\/nuestros-servicios\/","og_site_name":"Costa Blanca Buyers by Yohanne &amp; Jacqueline","article_modified_time":"2026-03-25T13:20:23+00:00","og_image":[{"width":1400,"height":1202,"url":"https:\/\/costablancabuyers.com\/wp-content\/uploads\/2026\/02\/med-homes-services.jpg","type":"image\/jpeg"}],"twitter_card":"summary_large_image","twitter_misc":{"Tiempo de lectura":"2 minutos"},"schema":{"@context":"https:\/\/schema.org","@graph":[{"@type":"WebPage","@id":"https:\/\/costablancabuyers.com\/es\/nuestros-servicios\/","url":"https:\/\/costablancabuyers.com\/es\/nuestros-servicios\/","name":"Servicios - Costa Blanca Buyers by Yohanne &amp; Jacqueline","isPartOf":{"@id":"https:\/\/costablancabuyers.com\/es\/#website"},"primaryImageOfPage":{"@id":"https:\/\/costablancabuyers.com\/es\/nuestros-servicios\/#primaryimage"},"image":{"@id":"https:\/\/costablancabuyers.com\/es\/nuestros-servicios\/#primaryimage"},"thumbnailUrl":"https:\/\/costablancabuyers.com\/wp-content\/uploads\/2026\/02\/med-homes-services.jpg","datePublished":"2026-01-31T13:34:10+00:00","dateModified":"2026-03-25T13:20:23+00:00","description":"Costa Blanca Buyers actua exclusivamente en nombre del comprador y protega sus intereses en cada etapa del proceso.","breadcrumb":{"@id":"https:\/\/costablancabuyers.com\/es\/nuestros-servicios\/#breadcrumb"},"inLanguage":"es","potentialAction":[{"@type":"ReadAction","target":["https:\/\/costablancabuyers.com\/es\/nuestros-servicios\/"]}]},{"@type":"ImageObject","inLanguage":"es","@id":"https:\/\/costablancabuyers.com\/es\/nuestros-servicios\/#primaryimage","url":"https:\/\/costablancabuyers.com\/wp-content\/uploads\/2026\/02\/med-homes-services.jpg","contentUrl":"https:\/\/costablancabuyers.com\/wp-content\/uploads\/2026\/02\/med-homes-services.jpg","width":1400,"height":1202},{"@type":"BreadcrumbList","@id":"https:\/\/costablancabuyers.com\/es\/nuestros-servicios\/#breadcrumb","itemListElement":[{"@type":"ListItem","position":1,"name":"Home","item":"https:\/\/costablancabuyers.com\/es\/"},{"@type":"ListItem","position":2,"name":"Servicios"}]},{"@type":"WebSite","@id":"https:\/\/costablancabuyers.com\/es\/#website","url":"https:\/\/costablancabuyers.com\/es\/","name":"Costa Blanca Buyers by Yohanne & Jacqueline","description":"","publisher":{"@id":"https:\/\/costablancabuyers.com\/es\/#organization"},"potentialAction":[{"@type":"SearchAction","target":{"@type":"EntryPoint","urlTemplate":"https:\/\/costablancabuyers.com\/es\/?s={search_term_string}"},"query-input":{"@type":"PropertyValueSpecification","valueRequired":true,"valueName":"search_term_string"}}],"inLanguage":"es"},{"@type":"Organization","@id":"https:\/\/costablancabuyers.com\/es\/#organization","name":"Costa Blanca Buyers by Yohanne & Jacqueline","url":"https:\/\/costablancabuyers.com\/es\/","logo":{"@type":"ImageObject","inLanguage":"es","@id":"https:\/\/costablancabuyers.com\/es\/#\/schema\/logo\/image\/","url":"https:\/\/costablancabuyers.com\/wp-content\/uploads\/2026\/01\/logo.svg","contentUrl":"https:\/\/costablancabuyers.com\/wp-content\/uploads\/2026\/01\/logo.svg","width":500,"height":500,"caption":"Costa Blanca Buyers by Yohanne & Jacqueline"},"image":{"@id":"https:\/\/costablancabuyers.com\/es\/#\/schema\/logo\/image\/"}}]}},"_links":{"self":[{"href":"https:\/\/costablancabuyers.com\/es\/wp-json\/wp\/v2\/pages\/28018","targetHints":{"allow":["GET"]}}],"collection":[{"href":"https:\/\/costablancabuyers.com\/es\/wp-json\/wp\/v2\/pages"}],"about":[{"href":"https:\/\/costablancabuyers.com\/es\/wp-json\/wp\/v2\/types\/page"}],"author":[{"embeddable":true,"href":"https:\/\/costablancabuyers.com\/es\/wp-json\/wp\/v2\/users\/1"}],"replies":[{"embeddable":true,"href":"https:\/\/costablancabuyers.com\/es\/wp-json\/wp\/v2\/comments?post=28018"}],"version-history":[{"count":0,"href":"https:\/\/costablancabuyers.com\/es\/wp-json\/wp\/v2\/pages\/28018\/revisions"}],"wp:featuredmedia":[{"embeddable":true,"href":"https:\/\/costablancabuyers.com\/es\/wp-json\/wp\/v2\/media\/28017"}],"wp:attachment":[{"href":"https:\/\/costablancabuyers.com\/es\/wp-json\/wp\/v2\/media?parent=28018"}],"curies":[{"name":"wp","href":"https:\/\/api.w.org\/{rel}","templated":true}]}}