{"id":28063,"date":"2026-02-01T12:30:04","date_gmt":"2026-02-01T11:30:04","guid":{"rendered":"https:\/\/costablancabuyers.com\/blog\/"},"modified":"2026-02-23T08:28:19","modified_gmt":"2026-02-23T07:28:19","slug":"blog","status":"publish","type":"page","link":"https:\/\/costablancabuyers.com\/es\/blog\/","title":{"rendered":"Blog"},"content":{"rendered":"\t\t<div data-elementor-type=\"wp-page\" data-elementor-id=\"28063\" class=\"elementor elementor-28063 elementor-7691\" data-elementor-post-type=\"page\">\n\t\t\t\t<div class=\"elementor-element elementor-element-27bcebd e-con-full e-flex e-con e-parent\" data-id=\"27bcebd\" data-element_type=\"container\" data-e-type=\"container\">\n\t\t\t\t<div class=\"elementor-element elementor-element-949f350 elementor-widget elementor-widget-heading\" data-id=\"949f350\" data-element_type=\"widget\" data-e-type=\"widget\" data-widget_type=\"heading.default\">\n\t\t\t\t\t<h2 class=\"elementor-heading-title elementor-size-default\">Blog<\/h2>\t\t\t\t<\/div>\n\t\t\t\t<div class=\"elementor-element elementor-element-1abb2b0 elementor-grid-2 elementor-grid-tablet-2 elementor-grid-mobile-1 elementor-posts--thumbnail-top elementor-card-shadow-yes elementor-posts__hover-gradient elementor-widget elementor-widget-posts\" data-id=\"1abb2b0\" data-element_type=\"widget\" data-e-type=\"widget\" data-settings=\"{&quot;cards_columns&quot;:&quot;2&quot;,&quot;cards_columns_tablet&quot;:&quot;2&quot;,&quot;cards_columns_mobile&quot;:&quot;1&quot;,&quot;cards_row_gap&quot;:{&quot;unit&quot;:&quot;px&quot;,&quot;size&quot;:35,&quot;sizes&quot;:[]},&quot;cards_row_gap_tablet&quot;:{&quot;unit&quot;:&quot;px&quot;,&quot;size&quot;:&quot;&quot;,&quot;sizes&quot;:[]},&quot;cards_row_gap_mobile&quot;:{&quot;unit&quot;:&quot;px&quot;,&quot;size&quot;:&quot;&quot;,&quot;sizes&quot;:[]}}\" data-widget_type=\"posts.cards\">\n\t\t\t\t<div class=\"elementor-widget-container\">\n\t\t\t\t\t\t\t<div class=\"elementor-posts-container elementor-posts elementor-posts--skin-cards elementor-grid\" role=\"list\">\n\t\t\t\t<article class=\"elementor-post elementor-grid-item post-39928 post type-post status-publish format-standard has-post-thumbnail hentry category-costa-blanca-lifestyle\" role=\"listitem\">\n\t\t\t<div class=\"elementor-post__card\">\n\t\t\t\t<a class=\"elementor-post__thumbnail__link\" href=\"https:\/\/costablancabuyers.com\/es\/benidorm-una-eleccion-inteligente-para-estilo-de-vida-e-inversion-inmobiliaria\/\" tabindex=\"-1\" ><div class=\"elementor-post__thumbnail\"><img fetchpriority=\"high\" decoding=\"async\" width=\"300\" height=\"200\" src=\"https:\/\/costablancabuyers.com\/wp-content\/uploads\/2026\/04\/Benidorm-\u2013-A-Smart-Choice-for-Lifestyle-and-Property-Investment.jpg\" class=\"attachment-medium size-medium wp-image-39927\" alt=\"Benidorm \u2013 Una elecci\u00f3n inteligente para estilo de vida e inversi\u00f3n inmobiliaria\" srcset=\"https:\/\/costablancabuyers.com\/wp-content\/uploads\/2026\/04\/Benidorm-\u2013-A-Smart-Choice-for-Lifestyle-and-Property-Investment.jpg 1280w, https:\/\/costablancabuyers.com\/wp-content\/uploads\/2026\/04\/Benidorm-\u2013-A-Smart-Choice-for-Lifestyle-and-Property-Investment-1170x785.jpg 1170w\" sizes=\"(max-width: 300px) 100vw, 300px\" \/><\/div><\/a>\n\t\t\t\t<div class=\"elementor-post__badge\">Costa Blanca Lifestyle<\/div>\n\t\t\t\t<div class=\"elementor-post__text\">\n\t\t\t\t<h3 class=\"elementor-post__title\">\n\t\t\t<a href=\"https:\/\/costablancabuyers.com\/es\/benidorm-una-eleccion-inteligente-para-estilo-de-vida-e-inversion-inmobiliaria\/\" >\n\t\t\t\tBenidorm \u2013 Una elecci\u00f3n inteligente para estilo de vida e inversi\u00f3n inmobiliaria\t\t\t<\/a>\n\t\t<\/h3>\n\t\t\t\t<div class=\"elementor-post__excerpt\">\n\t\t\t<p>Cuando se piensa en la Costa Blanca, hay un lugar que siempre destaca, Benidorm. El mar, la ciudad, los restaurantes, las playas. <\/p>\n\t\t<\/div>\n\t\t\n\t\t<a class=\"elementor-post__read-more\" href=\"https:\/\/costablancabuyers.com\/es\/benidorm-una-eleccion-inteligente-para-estilo-de-vida-e-inversion-inmobiliaria\/\" aria-label=\"M\u00e1s informaci\u00f3n sobre Benidorm \u2013 Una elecci\u00f3n inteligente para estilo de vida e inversi\u00f3n inmobiliaria\" tabindex=\"-1\" >\n\t\t\tLeer m\u00e1s \u00bb\t\t<\/a>\n\n\t\t\t\t<\/div>\n\t\t\t\t\t<\/div>\n\t\t<\/article>\n\t\t\t\t<article class=\"elementor-post elementor-grid-item post-39689 post type-post status-publish format-standard has-post-thumbnail hentry category-inmobilaria-negocios\" role=\"listitem\">\n\t\t\t<div class=\"elementor-post__card\">\n\t\t\t\t<a class=\"elementor-post__thumbnail__link\" href=\"https:\/\/costablancabuyers.com\/es\/visitanos-en-excel-london-stand-e85\/\" tabindex=\"-1\" ><div class=\"elementor-post__thumbnail\"><img decoding=\"async\" width=\"300\" height=\"200\" src=\"https:\/\/costablancabuyers.com\/wp-content\/uploads\/2026\/04\/Join-Us-at-ExCeL-London-1.jpg\" class=\"attachment-medium size-medium wp-image-39688\" alt=\"Vis\u00edtanos en ExCeL London \u2013 Stand E85\" srcset=\"https:\/\/costablancabuyers.com\/wp-content\/uploads\/2026\/04\/Join-Us-at-ExCeL-London-1.jpg 1280w, https:\/\/costablancabuyers.com\/wp-content\/uploads\/2026\/04\/Join-Us-at-ExCeL-London-1-1170x785.jpg 1170w\" sizes=\"(max-width: 300px) 100vw, 300px\" \/><\/div><\/a>\n\t\t\t\t<div class=\"elementor-post__badge\">inmobilaria &amp; Negocios<\/div>\n\t\t\t\t<div class=\"elementor-post__text\">\n\t\t\t\t<h3 class=\"elementor-post__title\">\n\t\t\t<a href=\"https:\/\/costablancabuyers.com\/es\/visitanos-en-excel-london-stand-e85\/\" >\n\t\t\t\tVis\u00edtanos en ExCeL London \u2013 Stand E85\t\t\t<\/a>\n\t\t<\/h3>\n\t\t\t\t<div class=\"elementor-post__excerpt\">\n\t\t\t<p>Esta semana nos complace compartir que estaremos presentes en una de las ferias inmobiliarias internacionales m\u00e1s importantes del Reino Unido.<\/p>\n\t\t<\/div>\n\t\t\n\t\t<a class=\"elementor-post__read-more\" href=\"https:\/\/costablancabuyers.com\/es\/visitanos-en-excel-london-stand-e85\/\" aria-label=\"M\u00e1s informaci\u00f3n sobre Vis\u00edtanos en ExCeL London \u2013 Stand E85\" tabindex=\"-1\" >\n\t\t\tLeer m\u00e1s \u00bb\t\t<\/a>\n\n\t\t\t\t<\/div>\n\t\t\t\t\t<\/div>\n\t\t<\/article>\n\t\t\t\t<article class=\"elementor-post elementor-grid-item post-39698 post type-post status-publish format-standard has-post-thumbnail hentry category-inmobilaria-negocios\" role=\"listitem\">\n\t\t\t<div class=\"elementor-post__card\">\n\t\t\t\t<a class=\"elementor-post__thumbnail__link\" href=\"https:\/\/costablancabuyers.com\/es\/guia-para-compradores-britanicos-costa-blanca-2026\/\" tabindex=\"-1\" ><div class=\"elementor-post__thumbnail\"><img decoding=\"async\" width=\"300\" height=\"200\" src=\"https:\/\/costablancabuyers.com\/wp-content\/uploads\/2026\/04\/uk_buyer_guide_1280x853.jpg\" class=\"attachment-medium size-medium wp-image-39697\" alt=\"Gu\u00eda para compradores brit\u00e1nicos: Costa Blanca 2026\" srcset=\"https:\/\/costablancabuyers.com\/wp-content\/uploads\/2026\/04\/uk_buyer_guide_1280x853.jpg 1280w, https:\/\/costablancabuyers.com\/wp-content\/uploads\/2026\/04\/uk_buyer_guide_1280x853-1170x785.jpg 1170w\" sizes=\"(max-width: 300px) 100vw, 300px\" \/><\/div><\/a>\n\t\t\t\t<div class=\"elementor-post__badge\">inmobilaria &amp; Negocios<\/div>\n\t\t\t\t<div class=\"elementor-post__text\">\n\t\t\t\t<h3 class=\"elementor-post__title\">\n\t\t\t<a href=\"https:\/\/costablancabuyers.com\/es\/guia-para-compradores-britanicos-costa-blanca-2026\/\" >\n\t\t\t\tGu\u00eda para compradores brit\u00e1nicos: Costa Blanca 2026\t\t\t<\/a>\n\t\t<\/h3>\n\t\t\t\t<div class=\"elementor-post__excerpt\">\n\t\t\t<p>Si est\u00e1s en el Reino Unido pensando en comprar una casa al sol, la Costa Blanca es una de las mejores opciones.<\/p>\n\t\t<\/div>\n\t\t\n\t\t<a class=\"elementor-post__read-more\" href=\"https:\/\/costablancabuyers.com\/es\/guia-para-compradores-britanicos-costa-blanca-2026\/\" aria-label=\"M\u00e1s informaci\u00f3n sobre Gu\u00eda para compradores brit\u00e1nicos: Costa Blanca 2026\" tabindex=\"-1\" >\n\t\t\tLeer m\u00e1s \u00bb\t\t<\/a>\n\n\t\t\t\t<\/div>\n\t\t\t\t\t<\/div>\n\t\t<\/article>\n\t\t\t\t<article class=\"elementor-post elementor-grid-item post-38248 post type-post status-publish format-standard has-post-thumbnail hentry category-costa-blanca-lifestyle\" role=\"listitem\">\n\t\t\t<div class=\"elementor-post__card\">\n\t\t\t\t<a class=\"elementor-post__thumbnail__link\" href=\"https:\/\/costablancabuyers.com\/es\/semana-santa-easter-week-en-la-costa-blanca\/\" tabindex=\"-1\" ><div class=\"elementor-post__thumbnail\"><img loading=\"lazy\" decoding=\"async\" width=\"300\" height=\"200\" src=\"https:\/\/costablancabuyers.com\/wp-content\/uploads\/2026\/04\/Easter-Week-Semana-Santa-in-Costa-Blanca.jpg\" class=\"attachment-medium size-medium wp-image-38247\" alt=\"\" srcset=\"https:\/\/costablancabuyers.com\/wp-content\/uploads\/2026\/04\/Easter-Week-Semana-Santa-in-Costa-Blanca.jpg 1280w, https:\/\/costablancabuyers.com\/wp-content\/uploads\/2026\/04\/Easter-Week-Semana-Santa-in-Costa-Blanca-1170x785.jpg 1170w\" sizes=\"(max-width: 300px) 100vw, 300px\" \/><\/div><\/a>\n\t\t\t\t<div class=\"elementor-post__badge\">Costa Blanca Lifestyle<\/div>\n\t\t\t\t<div class=\"elementor-post__text\">\n\t\t\t\t<h3 class=\"elementor-post__title\">\n\t\t\t<a href=\"https:\/\/costablancabuyers.com\/es\/semana-santa-easter-week-en-la-costa-blanca\/\" >\n\t\t\t\tSemana Santa (Easter Week) en la Costa Blanca\t\t\t<\/a>\n\t\t<\/h3>\n\t\t\t\t<div class=\"elementor-post__excerpt\">\n\t\t\t<p>La Semana Santa es una de las tradiciones m\u00e1s emocionantes y significativas de la Costa Blanca, especialmente en la provincia de Alicante.<\/p>\n\t\t<\/div>\n\t\t\n\t\t<a class=\"elementor-post__read-more\" href=\"https:\/\/costablancabuyers.com\/es\/semana-santa-easter-week-en-la-costa-blanca\/\" aria-label=\"M\u00e1s informaci\u00f3n sobre Semana Santa (Easter Week) en la Costa Blanca\" tabindex=\"-1\" >\n\t\t\tLeer m\u00e1s \u00bb\t\t<\/a>\n\n\t\t\t\t<\/div>\n\t\t\t\t\t<\/div>\n\t\t<\/article>\n\t\t\t\t<article class=\"elementor-post elementor-grid-item post-37890 post type-post status-publish format-standard has-post-thumbnail hentry category-inmobilaria-negocios\" role=\"listitem\">\n\t\t\t<div class=\"elementor-post__card\">\n\t\t\t\t<a class=\"elementor-post__thumbnail__link\" href=\"https:\/\/costablancabuyers.com\/es\/top-3-costes-adicionales-al-comprar-en-espana\/\" tabindex=\"-1\" ><div class=\"elementor-post__thumbnail\"><img loading=\"lazy\" decoding=\"async\" width=\"300\" height=\"200\" src=\"https:\/\/costablancabuyers.com\/wp-content\/uploads\/2026\/03\/Top-3-Extra-Costs-When-Buying-in-Spain.jpg\" class=\"attachment-medium size-medium wp-image-37889\" alt=\"Top 3 costes adicionales al comprar en Espa\u00f1a\" srcset=\"https:\/\/costablancabuyers.com\/wp-content\/uploads\/2026\/03\/Top-3-Extra-Costs-When-Buying-in-Spain.jpg 1280w, https:\/\/costablancabuyers.com\/wp-content\/uploads\/2026\/03\/Top-3-Extra-Costs-When-Buying-in-Spain-1170x785.jpg 1170w\" sizes=\"(max-width: 300px) 100vw, 300px\" \/><\/div><\/a>\n\t\t\t\t<div class=\"elementor-post__badge\">inmobilaria &amp; Negocios<\/div>\n\t\t\t\t<div class=\"elementor-post__text\">\n\t\t\t\t<h3 class=\"elementor-post__title\">\n\t\t\t<a href=\"https:\/\/costablancabuyers.com\/es\/top-3-costes-adicionales-al-comprar-en-espana\/\" >\n\t\t\t\tTop 3 costes adicionales al comprar en Espa\u00f1a\t\t\t<\/a>\n\t\t<\/h3>\n\t\t\t\t<div class=\"elementor-post__excerpt\">\n\t\t\t<p>Comprar una propiedad en Espa\u00f1a es un paso muy emocionante, especialmente si est\u00e1s pensando en mudarte a la Costa Blanca.<\/p>\n\t\t<\/div>\n\t\t\n\t\t<a class=\"elementor-post__read-more\" href=\"https:\/\/costablancabuyers.com\/es\/top-3-costes-adicionales-al-comprar-en-espana\/\" aria-label=\"M\u00e1s informaci\u00f3n sobre Top 3 costes adicionales al comprar en Espa\u00f1a\" tabindex=\"-1\" >\n\t\t\tLeer m\u00e1s \u00bb\t\t<\/a>\n\n\t\t\t\t<\/div>\n\t\t\t\t\t<\/div>\n\t\t<\/article>\n\t\t\t\t<article class=\"elementor-post elementor-grid-item post-37116 post type-post status-publish format-standard has-post-thumbnail hentry category-costa-blanca-lifestyle\" role=\"listitem\">\n\t\t\t<div class=\"elementor-post__card\">\n\t\t\t\t<a class=\"elementor-post__thumbnail__link\" href=\"https:\/\/costablancabuyers.com\/es\/mercat-del-riurau-jesus-pobre-mercado-domingo-costa-blanca\/\" tabindex=\"-1\" ><div class=\"elementor-post__thumbnail\"><img loading=\"lazy\" decoding=\"async\" width=\"294\" height=\"300\" src=\"https:\/\/costablancabuyers.com\/wp-content\/uploads\/2026\/03\/mercat-de3l-riurau-jesus-pobre.jpg\" class=\"attachment-medium size-medium wp-image-37115\" alt=\"\" \/><\/div><\/a>\n\t\t\t\t<div class=\"elementor-post__badge\">Costa Blanca Lifestyle<\/div>\n\t\t\t\t<div class=\"elementor-post__text\">\n\t\t\t\t<h3 class=\"elementor-post__title\">\n\t\t\t<a href=\"https:\/\/costablancabuyers.com\/es\/mercat-del-riurau-jesus-pobre-mercado-domingo-costa-blanca\/\" >\n\t\t\t\tMercat del Riurau Jes\u00fas Pobre Mercado Domingo Costa Blanca\t\t\t<\/a>\n\t\t<\/h3>\n\t\t\t\t<div class=\"elementor-post__excerpt\">\n\t\t\t<p>Hay algo realmente especial en las ma\u00f1anas de domingo en el\u00a0aut\u00e9ntico mediterr\u00e1neo Mercat del Riurau\u00a0en Jes\u00fas Pobre.<\/p>\n\t\t<\/div>\n\t\t\n\t\t<a class=\"elementor-post__read-more\" href=\"https:\/\/costablancabuyers.com\/es\/mercat-del-riurau-jesus-pobre-mercado-domingo-costa-blanca\/\" aria-label=\"M\u00e1s informaci\u00f3n sobre Mercat del Riurau Jes\u00fas Pobre Mercado Domingo Costa Blanca\" tabindex=\"-1\" >\n\t\t\tLeer m\u00e1s \u00bb\t\t<\/a>\n\n\t\t\t\t<\/div>\n\t\t\t\t\t<\/div>\n\t\t<\/article>\n\t\t\t\t<\/div>\n\t\t\n\t\t\t\t\t\t<\/div>\n\t\t\t\t<\/div>\n\t\t\t\t<\/div>\n\t\t\t\t<\/div>\n\t\t","protected":false},"excerpt":{"rendered":"","protected":false},"author":1,"featured_media":0,"parent":0,"menu_order":50,"comment_status":"closed","ping_status":"closed","template":"elementor_header_footer","meta":{"footnotes":""},"class_list":["post-28063","page","type-page","status-publish","hentry"],"yoast_head":"<!-- This site is optimized with the Yoast SEO plugin v27.5 - https:\/\/yoast.com\/product\/yoast-seo-wordpress\/ -->\n<title>Blog - Costa Blanca Buyers by Yohanne &amp; Jacqueline<\/title>\n<meta name=\"robots\" content=\"index, follow, max-snippet:-1, max-image-preview:large, max-video-preview:-1\" \/>\n<link rel=\"canonical\" href=\"https:\/\/costablancabuyers.com\/es\/blog\/\" \/>\n<meta property=\"og:locale\" content=\"es_ES\" \/>\n<meta property=\"og:type\" content=\"article\" \/>\n<meta property=\"og:title\" content=\"Blog - Costa Blanca Buyers by Yohanne &amp; Jacqueline\" \/>\n<meta property=\"og:url\" content=\"https:\/\/costablancabuyers.com\/es\/blog\/\" \/>\n<meta property=\"og:site_name\" content=\"Costa Blanca Buyers by Yohanne &amp; Jacqueline\" \/>\n<meta property=\"article:modified_time\" content=\"2026-02-23T07:28:19+00:00\" \/>\n<meta name=\"twitter:card\" content=\"summary_large_image\" \/>\n<script type=\"application\/ld+json\" class=\"yoast-schema-graph\">{\"@context\":\"https:\\\/\\\/schema.org\",\"@graph\":[{\"@type\":\"WebPage\",\"@id\":\"https:\\\/\\\/costablancabuyers.com\\\/es\\\/blog\\\/\",\"url\":\"https:\\\/\\\/costablancabuyers.com\\\/es\\\/blog\\\/\",\"name\":\"Blog - Costa Blanca Buyers by Yohanne &amp; Jacqueline\",\"isPartOf\":{\"@id\":\"https:\\\/\\\/costablancabuyers.com\\\/es\\\/#website\"},\"datePublished\":\"2026-02-01T11:30:04+00:00\",\"dateModified\":\"2026-02-23T07:28:19+00:00\",\"breadcrumb\":{\"@id\":\"https:\\\/\\\/costablancabuyers.com\\\/es\\\/blog\\\/#breadcrumb\"},\"inLanguage\":\"es\",\"potentialAction\":[{\"@type\":\"ReadAction\",\"target\":[\"https:\\\/\\\/costablancabuyers.com\\\/es\\\/blog\\\/\"]}]},{\"@type\":\"BreadcrumbList\",\"@id\":\"https:\\\/\\\/costablancabuyers.com\\\/es\\\/blog\\\/#breadcrumb\",\"itemListElement\":[{\"@type\":\"ListItem\",\"position\":1,\"name\":\"Home\",\"item\":\"https:\\\/\\\/costablancabuyers.com\\\/es\\\/\"},{\"@type\":\"ListItem\",\"position\":2,\"name\":\"Blog\"}]},{\"@type\":\"WebSite\",\"@id\":\"https:\\\/\\\/costablancabuyers.com\\\/es\\\/#website\",\"url\":\"https:\\\/\\\/costablancabuyers.com\\\/es\\\/\",\"name\":\"Costa Blanca Buyers by Yohanne & Jacqueline\",\"description\":\"\",\"publisher\":{\"@id\":\"https:\\\/\\\/costablancabuyers.com\\\/es\\\/#organization\"},\"potentialAction\":[{\"@type\":\"SearchAction\",\"target\":{\"@type\":\"EntryPoint\",\"urlTemplate\":\"https:\\\/\\\/costablancabuyers.com\\\/es\\\/?s={search_term_string}\"},\"query-input\":{\"@type\":\"PropertyValueSpecification\",\"valueRequired\":true,\"valueName\":\"search_term_string\"}}],\"inLanguage\":\"es\"},{\"@type\":\"Organization\",\"@id\":\"https:\\\/\\\/costablancabuyers.com\\\/es\\\/#organization\",\"name\":\"Costa Blanca Buyers by Yohanne & Jacqueline\",\"url\":\"https:\\\/\\\/costablancabuyers.com\\\/es\\\/\",\"logo\":{\"@type\":\"ImageObject\",\"inLanguage\":\"es\",\"@id\":\"https:\\\/\\\/costablancabuyers.com\\\/es\\\/#\\\/schema\\\/logo\\\/image\\\/\",\"url\":\"https:\\\/\\\/costablancabuyers.com\\\/wp-content\\\/uploads\\\/2026\\\/01\\\/logo.svg\",\"contentUrl\":\"https:\\\/\\\/costablancabuyers.com\\\/wp-content\\\/uploads\\\/2026\\\/01\\\/logo.svg\",\"width\":500,\"height\":500,\"caption\":\"Costa Blanca Buyers by Yohanne & Jacqueline\"},\"image\":{\"@id\":\"https:\\\/\\\/costablancabuyers.com\\\/es\\\/#\\\/schema\\\/logo\\\/image\\\/\"}}]}<\/script>\n<!-- \/ Yoast SEO plugin. -->","yoast_head_json":{"title":"Blog - Costa Blanca Buyers by Yohanne &amp; Jacqueline","robots":{"index":"index","follow":"follow","max-snippet":"max-snippet:-1","max-image-preview":"max-image-preview:large","max-video-preview":"max-video-preview:-1"},"canonical":"https:\/\/costablancabuyers.com\/es\/blog\/","og_locale":"es_ES","og_type":"article","og_title":"Blog - Costa Blanca Buyers by Yohanne &amp; Jacqueline","og_url":"https:\/\/costablancabuyers.com\/es\/blog\/","og_site_name":"Costa Blanca Buyers by Yohanne &amp; Jacqueline","article_modified_time":"2026-02-23T07:28:19+00:00","twitter_card":"summary_large_image","schema":{"@context":"https:\/\/schema.org","@graph":[{"@type":"WebPage","@id":"https:\/\/costablancabuyers.com\/es\/blog\/","url":"https:\/\/costablancabuyers.com\/es\/blog\/","name":"Blog - Costa Blanca Buyers by Yohanne &amp; Jacqueline","isPartOf":{"@id":"https:\/\/costablancabuyers.com\/es\/#website"},"datePublished":"2026-02-01T11:30:04+00:00","dateModified":"2026-02-23T07:28:19+00:00","breadcrumb":{"@id":"https:\/\/costablancabuyers.com\/es\/blog\/#breadcrumb"},"inLanguage":"es","potentialAction":[{"@type":"ReadAction","target":["https:\/\/costablancabuyers.com\/es\/blog\/"]}]},{"@type":"BreadcrumbList","@id":"https:\/\/costablancabuyers.com\/es\/blog\/#breadcrumb","itemListElement":[{"@type":"ListItem","position":1,"name":"Home","item":"https:\/\/costablancabuyers.com\/es\/"},{"@type":"ListItem","position":2,"name":"Blog"}]},{"@type":"WebSite","@id":"https:\/\/costablancabuyers.com\/es\/#website","url":"https:\/\/costablancabuyers.com\/es\/","name":"Costa Blanca Buyers by Yohanne & Jacqueline","description":"","publisher":{"@id":"https:\/\/costablancabuyers.com\/es\/#organization"},"potentialAction":[{"@type":"SearchAction","target":{"@type":"EntryPoint","urlTemplate":"https:\/\/costablancabuyers.com\/es\/?s={search_term_string}"},"query-input":{"@type":"PropertyValueSpecification","valueRequired":true,"valueName":"search_term_string"}}],"inLanguage":"es"},{"@type":"Organization","@id":"https:\/\/costablancabuyers.com\/es\/#organization","name":"Costa Blanca Buyers by Yohanne & Jacqueline","url":"https:\/\/costablancabuyers.com\/es\/","logo":{"@type":"ImageObject","inLanguage":"es","@id":"https:\/\/costablancabuyers.com\/es\/#\/schema\/logo\/image\/","url":"https:\/\/costablancabuyers.com\/wp-content\/uploads\/2026\/01\/logo.svg","contentUrl":"https:\/\/costablancabuyers.com\/wp-content\/uploads\/2026\/01\/logo.svg","width":500,"height":500,"caption":"Costa Blanca Buyers by Yohanne & Jacqueline"},"image":{"@id":"https:\/\/costablancabuyers.com\/es\/#\/schema\/logo\/image\/"}}]}},"_links":{"self":[{"href":"https:\/\/costablancabuyers.com\/es\/wp-json\/wp\/v2\/pages\/28063","targetHints":{"allow":["GET"]}}],"collection":[{"href":"https:\/\/costablancabuyers.com\/es\/wp-json\/wp\/v2\/pages"}],"about":[{"href":"https:\/\/costablancabuyers.com\/es\/wp-json\/wp\/v2\/types\/page"}],"author":[{"embeddable":true,"href":"https:\/\/costablancabuyers.com\/es\/wp-json\/wp\/v2\/users\/1"}],"replies":[{"embeddable":true,"href":"https:\/\/costablancabuyers.com\/es\/wp-json\/wp\/v2\/comments?post=28063"}],"version-history":[{"count":0,"href":"https:\/\/costablancabuyers.com\/es\/wp-json\/wp\/v2\/pages\/28063\/revisions"}],"wp:attachment":[{"href":"https:\/\/costablancabuyers.com\/es\/wp-json\/wp\/v2\/media?parent=28063"}],"curies":[{"name":"wp","href":"https:\/\/api.w.org\/{rel}","templated":true}]}}