{"id":29213,"date":"2026-02-02T11:14:20","date_gmt":"2026-02-02T10:14:20","guid":{"rendered":"https:\/\/costablancabuyers.com\/benidorm\/"},"modified":"2026-04-28T12:03:15","modified_gmt":"2026-04-28T10:03:15","slug":"benidorm","status":"publish","type":"page","link":"https:\/\/costablancabuyers.com\/es\/costa-blanca\/benidorm\/","title":{"rendered":"Benidorm"},"content":{"rendered":"\t\t<div data-elementor-type=\"wp-page\" data-elementor-id=\"29213\" class=\"elementor elementor-29213 elementor-7989\" data-elementor-post-type=\"page\">\n\t\t\t\t<div class=\"elementor-element elementor-element-18e08b33 e-flex e-con-boxed e-con e-parent\" data-id=\"18e08b33\" data-element_type=\"container\" data-e-type=\"container\">\n\t\t\t\t\t<div class=\"e-con-inner\">\n\t\t\t\t<div class=\"elementor-element elementor-element-f26325f elementor-widget elementor-widget-image\" data-id=\"f26325f\" data-element_type=\"widget\" data-e-type=\"widget\" data-widget_type=\"image.default\">\n\t\t\t\t\t\t\t\t\t\t\t\t\t\t\t<img fetchpriority=\"high\" decoding=\"async\" width=\"1536\" height=\"1024\" src=\"https:\/\/costablancabuyers.com\/wp-content\/uploads\/2026\/02\/Benidorm.jpg\" class=\"attachment-full size-full wp-image-29212\" alt=\"\" \/>\t\t\t\t\t\t\t\t\t\t\t\t\t\t\t<\/div>\n\t\t\t\t\t<\/div>\n\t\t\t\t<\/div>\n\t\t<div class=\"elementor-element elementor-element-c7937e2 e-flex e-con-boxed e-con e-parent\" data-id=\"c7937e2\" data-element_type=\"container\" data-e-type=\"container\">\n\t\t\t\t\t<div class=\"e-con-inner\">\n\t\t\t\t<div class=\"elementor-element elementor-element-a52e33a elementor-widget elementor-widget-heading\" data-id=\"a52e33a\" data-element_type=\"widget\" data-e-type=\"widget\" data-widget_type=\"heading.default\">\n\t\t\t\t\t<h1 class=\"elementor-heading-title elementor-size-default\">Benidorm - Costa Blanca<\/h1>\t\t\t\t<\/div>\n\t\t\t\t<div class=\"elementor-element elementor-element-2fa8fcb elementor-widget elementor-widget-text-editor\" data-id=\"2fa8fcb\" data-element_type=\"widget\" data-e-type=\"widget\" data-widget_type=\"text-editor.default\">\n\t\t\t\t\t\t\t\t\t<p>Benidorm es una de las ciudades costeras m\u00e1s consolidadas de la Costa Blanca, ofreciendo una combinaci\u00f3n de estilo de vida mediterr\u00e1neo, infraestructura moderna y actividad durante todo el a\u00f1o. Es una opci\u00f3n muy popular entre compradores internacionales que desean comprar una propiedad en Espa\u00f1a cerca de playas, servicios e instalaciones deportivas.<\/p>\n<p><strong>Vivir en Benidorm<\/strong><br \/>Benidorm cuenta con aproximadamente 70.000 residentes permanentes y una s\u00f3lida comunidad internacional procedente de los Pa\u00edses Bajos, B\u00e9lgica, Alemania, Francia y el Reino Unido. A diferencia de muchos municipios costeros, Benidorm funciona todo el a\u00f1o y no solo en temporada de verano, lo que lo hace ideal para vivir de forma permanente, estancias largas o inversi\u00f3n en alquiler.<\/p>\n<p>La ciudad ofrece:<br \/>\u2022 largas playas de arena y paseos mar\u00edtimos<br \/>\u2022 hospitales, cl\u00ednicas privadas y servicios internacionales<br \/>\u2022 restaurantes, tiendas y cafeter\u00edas abiertos todo el a\u00f1o<\/p>\n<p><strong>Playas &amp; estilo de vida<\/strong><br \/>Benidorm es conocida por sus dos playas principales:<br \/>\u2022\u00a0<strong>Playa de Levante<\/strong>\u00a0\u2013 animada, c\u00e9ntrica y cerca del centro urbano<br \/>\u2022\u00a0<strong>Playa de Poniente<\/strong>\u00a0\u2013 m\u00e1s amplia y tranquila, popular entre familias y residentes de larga duraci\u00f3n<\/p>\n<p>Ambas playas est\u00e1n bien mantenidas y son adecuadas para vivir durante todo el a\u00f1o.<\/p>\n<p><strong>Golf &amp; P\u00e1del cerca de Benidorm<\/strong><br \/>Benidorm est\u00e1 muy bien situada para quienes disfrutan de un estilo de vida activo.<\/p>\n<p>Campos de golf cerca de Benidorm:<br \/>\u2022 Villaitana Golf \u2013 dos campos de campeonato cerca de la ciudad<\/p>\n<p>Clubes de p\u00e1del en Benidorm y alrededores:<br \/>\u2022 Padel Point Villaitana<br \/>\u2022 IQL Sports Tennis &amp; Padel Club<\/p>\n<p>El p\u00e1del es muy popular a nivel local, facilitando la socializaci\u00f3n y la integraci\u00f3n en la comunidad.<\/p>\n<p><strong>Mercados &amp; productos frescos en Benidorm<\/strong><br \/>Los mercados semanales forman parte esencial de la vida mediterr\u00e1nea, ofreciendo fruta fresca, verduras, pescado y productos regionales.<\/p>\n<p>Mercados semanales en Benidorm:<br \/>\u2022 Mercado de Foietes \u2013 mi\u00e9rcoles por la ma\u00f1ana<br \/>\u2022 Mercado de Rinc\u00f3n de Loix \u2013 mi\u00e9rcoles y domingos por la ma\u00f1ana<br \/>\u2022 Mercado Municipal de Benidorm \u2013 abierto a diario (excepto domingo)<br \/>Pescado fresco, carne, fruta, verduras y delicatessen locales<\/p>\n<p>Normalmente se celebran desde la ma\u00f1ana hasta primeras horas de la tarde y forman parte de la rutina diaria local.<\/p>\n<p><strong>Accesibilidad<\/strong><br \/>Aeropuerto Internacional de Alicante: aprox. 45 minutos (55 km)<br \/>\u2022 Acceso f\u00e1cil por autopista AP-7<br \/>\u2022 Conexiones de TRAM y autob\u00fas a lo largo de la Costa Blanca<\/p>\n<p><strong>Comprar propiedad en Benidorm<\/strong><br \/>Benidorm ofrece una amplia variedad de propiedades, desde apartamentos con vistas al mar hasta promociones modernas. Es especialmente atractiva para compradores que buscan:<br \/>\u2022 viviendas cerca de playas y servicios<br \/>\u2022 alta demanda de alquiler<br \/>\u2022 facilidad de reventa y valor a largo plazo<br \/>\u2022 golf y p\u00e1del cerca<\/p>\n<p><strong>\u00bfBuscando comprar una vivienda en Benidorm o alrededores?<\/strong><br \/>Si desea comprar una propiedad en Benidorm o en la Costa Blanca, nuestra agencia de compradores le acompa\u00f1a desde la primera b\u00fasqueda hasta la compra final. Ayudamos a compradores internacionales a encontrar viviendas que se adapten a su presupuesto, estilo de vida y planes a largo plazo, siempre con representaci\u00f3n exclusiva del comprador.<\/p>\n<p>\ud83d\udc49 Cont\u00e1ctenos para recibir asesoramiento personalizado, propiedades disponibles en Benidorm y gu\u00eda completa para comprar cerca de playas, campos de golf, clubes de p\u00e1del y mercados locales.<\/p>\n\t\t\t\t\t\t\t\t<\/div>\n\t\t\t\t\t<\/div>\n\t\t\t\t<\/div>\n\t\t<div class=\"elementor-element elementor-element-cfa3d34 e-flex e-con-boxed e-con e-parent\" data-id=\"cfa3d34\" data-element_type=\"container\" data-e-type=\"container\">\n\t\t\t\t\t<div class=\"e-con-inner\">\n\t\t\t\t<div class=\"elementor-element elementor-element-f07266e elementor-widget elementor-widget-heading\" data-id=\"f07266e\" data-element_type=\"widget\" data-e-type=\"widget\" data-widget_type=\"heading.default\">\n\t\t\t\t\t<h2 class=\"elementor-heading-title elementor-size-default\">Cont\u00e1ctanos<\/h2>\t\t\t\t<\/div>\n\t\t\t\t<div class=\"elementor-element elementor-element-34bb6cb elementor-button-align-start elementor-widget elementor-widget-global elementor-global-28106 elementor-global-8047 elementor-widget-form\" data-id=\"34bb6cb\" data-element_type=\"widget\" data-e-type=\"widget\" data-settings=\"{&quot;button_width&quot;:&quot;25&quot;,&quot;step_next_label&quot;:&quot;Siguiente&quot;,&quot;step_previous_label&quot;:&quot;Anterior&quot;,&quot;step_type&quot;:&quot;number_text&quot;,&quot;step_icon_shape&quot;:&quot;circle&quot;}\" data-widget_type=\"form.default\">\n\t\t\t\t\t\t\t<form class=\"elementor-form\" method=\"post\" id=\"getintouch\" name=\"Cont\u00e1ctanos\" aria-label=\"Cont\u00e1ctanos\">\n\t\t\t<input type=\"hidden\" name=\"post_id\" value=\"29213\"\/>\n\t\t\t<input type=\"hidden\" name=\"form_id\" value=\"34bb6cb\"\/>\n\t\t\t<input type=\"hidden\" name=\"referer_title\" value=\"Costa Blanca Buyers by Yohanne &amp; Jacqueline\" \/>\n\n\t\t\t\n\t\t\t<div class=\"elementor-form-fields-wrapper elementor-labels-\">\n\t\t\t\t\t\t\t\t<div class=\"elementor-field-type-text elementor-field-group elementor-column elementor-field-group-name elementor-col-100\">\n\t\t\t\t\t\t\t\t\t\t\t\t<label for=\"form-field-name\" class=\"elementor-field-label elementor-screen-only\">\n\t\t\t\t\t\t\t\tNombre\t\t\t\t\t\t\t<\/label>\n\t\t\t\t\t\t\t\t\t\t\t\t\t\t<input size=\"1\" type=\"text\" name=\"form_fields[name]\" id=\"form-field-name\" class=\"elementor-field elementor-size-sm  elementor-field-textual\" placeholder=\"Nombre y apellidos\">\n\t\t\t\t\t\t\t\t\t\t\t<\/div>\n\t\t\t\t\t\t\t\t<div class=\"elementor-field-type-email elementor-field-group elementor-column elementor-field-group-email elementor-col-100 elementor-field-required\">\n\t\t\t\t\t\t\t\t\t\t\t\t<label for=\"form-field-email\" class=\"elementor-field-label elementor-screen-only\">\n\t\t\t\t\t\t\t\tCorreo electr\u00f3nico\t\t\t\t\t\t\t<\/label>\n\t\t\t\t\t\t\t\t\t\t\t\t\t\t<input size=\"1\" type=\"email\" name=\"form_fields[email]\" id=\"form-field-email\" class=\"elementor-field elementor-size-sm  elementor-field-textual\" placeholder=\"Correo electr\u00f3nico\" required=\"required\">\n\t\t\t\t\t\t\t\t\t\t\t<\/div>\n\t\t\t\t\t\t\t\t<div class=\"elementor-field-type-tel elementor-field-group elementor-column elementor-field-group-phone elementor-col-100\">\n\t\t\t\t\t\t\t\t\t\t\t\t<label for=\"form-field-phone\" class=\"elementor-field-label elementor-screen-only\">\n\t\t\t\t\t\t\t\tTel\u00e9fono\t\t\t\t\t\t\t<\/label>\n\t\t\t\t\t\t\t\t<input size=\"1\" type=\"tel\" name=\"form_fields[phone]\" id=\"form-field-phone\" class=\"elementor-field elementor-size-sm  elementor-field-textual\" placeholder=\"Tel\u00e9fono \/ WhatsApp\" pattern=\"[0-9()#&amp;+*-=.]+\" title=\"Solo se aceptan n\u00fameros y caracteres de tel\u00e9fono (#,-,*,etc).\">\n\n\t\t\t\t\t\t<\/div>\n\t\t\t\t\t\t\t\t<div class=\"elementor-field-type-select elementor-field-group elementor-column elementor-field-group-field_60ba265 elementor-col-100 elementor-field-required\">\n\t\t\t\t\t\t\t\t\t\t\t\t<label for=\"form-field-field_60ba265\" class=\"elementor-field-label elementor-screen-only\">\n\t\t\t\t\t\t\t\tInteresado en:\t\t\t\t\t\t\t<\/label>\n\t\t\t\t\t\t\t\t<div class=\"elementor-field elementor-select-wrapper remove-before \">\n\t\t\t<div class=\"select-caret-down-wrapper\">\n\t\t\t\t<svg aria-hidden=\"true\" class=\"e-font-icon-svg e-eicon-caret-down\" viewBox=\"0 0 571.4 571.4\" xmlns=\"http:\/\/www.w3.org\/2000\/svg\"><path d=\"M571 393Q571 407 561 418L311 668Q300 679 286 679T261 668L11 418Q0 407 0 393T11 368 36 357H536Q550 357 561 368T571 393Z\"><\/path><\/svg>\t\t\t<\/div>\n\t\t\t<select name=\"form_fields[field_60ba265]\" id=\"form-field-field_60ba265\" class=\"elementor-field-textual elementor-size-sm\" required=\"required\">\n\t\t\t\t\t\t\t\t\t<option value=\"Estoy interesado en:\">Estoy interesado en:<\/option>\n\t\t\t\t\t\t\t\t\t<option value=\"Esta propiedad\">Esta propiedad<\/option>\n\t\t\t\t\t\t\t\t\t<option value=\"Solicitud de visita\">Solicitud de visita<\/option>\n\t\t\t\t\t\t\t\t\t<option value=\"Precio y disponibilidad\">Precio y disponibilidad<\/option>\n\t\t\t\t\t\t\t\t\t<option value=\"Proceso de compra en Espa\u00f1a\">Proceso de compra en Espa\u00f1a<\/option>\n\t\t\t\t\t\t\t\t\t<option value=\"Otra informaci\u00f3n\">Otra informaci\u00f3n<\/option>\n\t\t\t\t\t\t\t<\/select>\n\t\t<\/div>\n\t\t\t\t\t\t<\/div>\n\t\t\t\t\t\t\t\t<div class=\"elementor-field-type-textarea elementor-field-group elementor-column elementor-field-group-message elementor-col-100\">\n\t\t\t\t\t\t\t\t\t\t\t\t<label for=\"form-field-message\" class=\"elementor-field-label elementor-screen-only\">\n\t\t\t\t\t\t\t\tMensaje\t\t\t\t\t\t\t<\/label>\n\t\t\t\t\t\t<textarea class=\"elementor-field-textual elementor-field  elementor-size-sm\" name=\"form_fields[message]\" id=\"form-field-message\" rows=\"4\" placeholder=\"Your message: You can ask questions, request details, or tell us how we can help\"><\/textarea>\t\t\t\t<\/div>\n\t\t\t\t\t\t\t\t<div class=\"elementor-field-type-hidden elementor-field-group elementor-column elementor-field-group-page_or_property elementor-col-100\">\n\t\t\t\t\t\t\t\t\t\t\t\t\t<input size=\"1\" type=\"hidden\" name=\"form_fields[page_or_property]\" id=\"form-field-page_or_property\" class=\"elementor-field elementor-size-sm  elementor-field-textual\">\n\t\t\t\t\t\t\t\t\t\t\t<\/div>\n\t\t\t\t\t\t\t\t<div class=\"elementor-field-group elementor-column elementor-field-type-submit elementor-col-25 e-form__buttons\">\n\t\t\t\t\t<button class=\"elementor-button elementor-size-sm\" type=\"submit\">\n\t\t\t\t\t\t<span class=\"elementor-button-content-wrapper\">\n\t\t\t\t\t\t\t\t\t\t\t\t\t\t\t\t\t\t\t\t\t\t<span class=\"elementor-button-text\">enviar<\/span>\n\t\t\t\t\t\t\t\t\t\t\t\t\t<\/span>\n\t\t\t\t\t<\/button>\n\t\t\t\t<\/div>\n\t\t\t<\/div>\n\t\t<\/form>\n\t\t\t\t\t\t<\/div>\n\t\t\t\t\t<\/div>\n\t\t\t\t<\/div>\n\t\t\t\t<\/div>\n\t\t","protected":false},"excerpt":{"rendered":"<p>Benidorm es una de las ciudades costeras m\u00e1s consolidadas de la Costa Blanca, ofreciendo un estilo de vida mediterr\u00e1neo.<\/p>\n","protected":false},"author":1,"featured_media":29212,"parent":31635,"menu_order":10,"comment_status":"closed","ping_status":"closed","template":"elementor_header_footer","meta":{"footnotes":""},"class_list":["post-29213","page","type-page","status-publish","has-post-thumbnail","hentry"],"yoast_head":"<!-- This site is optimized with the Yoast SEO plugin v27.6 - https:\/\/yoast.com\/product\/yoast-seo-wordpress\/ -->\n<title>Benidorm - Costa Blanca Buyers by Yohanne &amp; Jacqueline Benidorm Costa Blanca Espa\u00f1a<\/title>\n<meta name=\"description\" content=\"Benidorm es una de las ciudades costeras m\u00e1s consolidadas de la Costa Blanca, ofreciendo un estilo de vida mediterr\u00e1neo.\" \/>\n<meta name=\"robots\" content=\"index, follow, max-snippet:-1, max-image-preview:large, max-video-preview:-1\" \/>\n<link rel=\"canonical\" href=\"https:\/\/costablancabuyers.com\/es\/costa-blanca\/benidorm\/\" \/>\n<meta property=\"og:locale\" content=\"es_ES\" \/>\n<meta property=\"og:type\" content=\"article\" \/>\n<meta property=\"og:title\" content=\"Benidorm - Costa Blanca Buyers by Yohanne &amp; Jacqueline Benidorm Costa Blanca Espa\u00f1a\" \/>\n<meta property=\"og:description\" content=\"Benidorm es una de las ciudades costeras m\u00e1s consolidadas de la Costa Blanca, ofreciendo un estilo de vida mediterr\u00e1neo.\" \/>\n<meta property=\"og:url\" content=\"https:\/\/costablancabuyers.com\/es\/costa-blanca\/benidorm\/\" \/>\n<meta property=\"og:site_name\" content=\"Costa Blanca Buyers by Yohanne &amp; Jacqueline\" \/>\n<meta property=\"article:modified_time\" content=\"2026-04-28T10:03:15+00:00\" \/>\n<meta property=\"og:image\" content=\"https:\/\/costablancabuyers.com\/wp-content\/uploads\/2026\/02\/Benidorm.jpg\" \/>\n\t<meta property=\"og:image:width\" content=\"1536\" \/>\n\t<meta property=\"og:image:height\" content=\"1024\" \/>\n\t<meta property=\"og:image:type\" content=\"image\/jpeg\" \/>\n<meta name=\"twitter:card\" content=\"summary_large_image\" \/>\n<meta name=\"twitter:label1\" content=\"Tiempo de lectura\" \/>\n\t<meta name=\"twitter:data1\" content=\"3 minutos\" \/>\n<script type=\"application\/ld+json\" class=\"yoast-schema-graph\">{\"@context\":\"https:\\\/\\\/schema.org\",\"@graph\":[{\"@type\":\"WebPage\",\"@id\":\"https:\\\/\\\/costablancabuyers.com\\\/es\\\/costa-blanca\\\/benidorm\\\/\",\"url\":\"https:\\\/\\\/costablancabuyers.com\\\/es\\\/costa-blanca\\\/benidorm\\\/\",\"name\":\"Benidorm - Costa Blanca Buyers by Yohanne &amp; Jacqueline Benidorm Costa Blanca Espa\u00f1a\",\"isPartOf\":{\"@id\":\"https:\\\/\\\/costablancabuyers.com\\\/es\\\/#website\"},\"primaryImageOfPage\":{\"@id\":\"https:\\\/\\\/costablancabuyers.com\\\/es\\\/costa-blanca\\\/benidorm\\\/#primaryimage\"},\"image\":{\"@id\":\"https:\\\/\\\/costablancabuyers.com\\\/es\\\/costa-blanca\\\/benidorm\\\/#primaryimage\"},\"thumbnailUrl\":\"https:\\\/\\\/costablancabuyers.com\\\/wp-content\\\/uploads\\\/2026\\\/02\\\/Benidorm.jpg\",\"datePublished\":\"2026-02-02T10:14:20+00:00\",\"dateModified\":\"2026-04-28T10:03:15+00:00\",\"description\":\"Benidorm es una de las ciudades costeras m\u00e1s consolidadas de la Costa Blanca, ofreciendo un estilo de vida mediterr\u00e1neo.\",\"breadcrumb\":{\"@id\":\"https:\\\/\\\/costablancabuyers.com\\\/es\\\/costa-blanca\\\/benidorm\\\/#breadcrumb\"},\"inLanguage\":\"es\",\"potentialAction\":[{\"@type\":\"ReadAction\",\"target\":[\"https:\\\/\\\/costablancabuyers.com\\\/es\\\/costa-blanca\\\/benidorm\\\/\"]}]},{\"@type\":\"ImageObject\",\"inLanguage\":\"es\",\"@id\":\"https:\\\/\\\/costablancabuyers.com\\\/es\\\/costa-blanca\\\/benidorm\\\/#primaryimage\",\"url\":\"https:\\\/\\\/costablancabuyers.com\\\/wp-content\\\/uploads\\\/2026\\\/02\\\/Benidorm.jpg\",\"contentUrl\":\"https:\\\/\\\/costablancabuyers.com\\\/wp-content\\\/uploads\\\/2026\\\/02\\\/Benidorm.jpg\",\"width\":1536,\"height\":1024},{\"@type\":\"BreadcrumbList\",\"@id\":\"https:\\\/\\\/costablancabuyers.com\\\/es\\\/costa-blanca\\\/benidorm\\\/#breadcrumb\",\"itemListElement\":[{\"@type\":\"ListItem\",\"position\":1,\"name\":\"Home\",\"item\":\"https:\\\/\\\/costablancabuyers.com\\\/es\\\/\"},{\"@type\":\"ListItem\",\"position\":2,\"name\":\"Costa Blanca\",\"item\":\"https:\\\/\\\/costablancabuyers.com\\\/es\\\/costa-blanca\\\/\"},{\"@type\":\"ListItem\",\"position\":3,\"name\":\"Benidorm\"}]},{\"@type\":\"WebSite\",\"@id\":\"https:\\\/\\\/costablancabuyers.com\\\/es\\\/#website\",\"url\":\"https:\\\/\\\/costablancabuyers.com\\\/es\\\/\",\"name\":\"Costa Blanca Buyers by Yohanne & Jacqueline\",\"description\":\"\",\"publisher\":{\"@id\":\"https:\\\/\\\/costablancabuyers.com\\\/es\\\/#organization\"},\"potentialAction\":[{\"@type\":\"SearchAction\",\"target\":{\"@type\":\"EntryPoint\",\"urlTemplate\":\"https:\\\/\\\/costablancabuyers.com\\\/es\\\/?s={search_term_string}\"},\"query-input\":{\"@type\":\"PropertyValueSpecification\",\"valueRequired\":true,\"valueName\":\"search_term_string\"}}],\"inLanguage\":\"es\"},{\"@type\":\"Organization\",\"@id\":\"https:\\\/\\\/costablancabuyers.com\\\/es\\\/#organization\",\"name\":\"Costa Blanca Buyers by Yohanne & Jacqueline\",\"url\":\"https:\\\/\\\/costablancabuyers.com\\\/es\\\/\",\"logo\":{\"@type\":\"ImageObject\",\"inLanguage\":\"es\",\"@id\":\"https:\\\/\\\/costablancabuyers.com\\\/es\\\/#\\\/schema\\\/logo\\\/image\\\/\",\"url\":\"https:\\\/\\\/costablancabuyers.com\\\/wp-content\\\/uploads\\\/2026\\\/01\\\/logo.svg\",\"contentUrl\":\"https:\\\/\\\/costablancabuyers.com\\\/wp-content\\\/uploads\\\/2026\\\/01\\\/logo.svg\",\"width\":500,\"height\":500,\"caption\":\"Costa Blanca Buyers by Yohanne & Jacqueline\"},\"image\":{\"@id\":\"https:\\\/\\\/costablancabuyers.com\\\/es\\\/#\\\/schema\\\/logo\\\/image\\\/\"}}]}<\/script>\n<!-- \/ Yoast SEO plugin. -->","yoast_head_json":{"title":"Benidorm - Costa Blanca Buyers by Yohanne &amp; Jacqueline Benidorm Costa Blanca Espa\u00f1a","description":"Benidorm es una de las ciudades costeras m\u00e1s consolidadas de la Costa Blanca, ofreciendo un estilo de vida mediterr\u00e1neo.","robots":{"index":"index","follow":"follow","max-snippet":"max-snippet:-1","max-image-preview":"max-image-preview:large","max-video-preview":"max-video-preview:-1"},"canonical":"https:\/\/costablancabuyers.com\/es\/costa-blanca\/benidorm\/","og_locale":"es_ES","og_type":"article","og_title":"Benidorm - Costa Blanca Buyers by Yohanne &amp; Jacqueline Benidorm Costa Blanca Espa\u00f1a","og_description":"Benidorm es una de las ciudades costeras m\u00e1s consolidadas de la Costa Blanca, ofreciendo un estilo de vida mediterr\u00e1neo.","og_url":"https:\/\/costablancabuyers.com\/es\/costa-blanca\/benidorm\/","og_site_name":"Costa Blanca Buyers by Yohanne &amp; Jacqueline","article_modified_time":"2026-04-28T10:03:15+00:00","og_image":[{"width":1536,"height":1024,"url":"https:\/\/costablancabuyers.com\/wp-content\/uploads\/2026\/02\/Benidorm.jpg","type":"image\/jpeg"}],"twitter_card":"summary_large_image","twitter_misc":{"Tiempo de lectura":"3 minutos"},"schema":{"@context":"https:\/\/schema.org","@graph":[{"@type":"WebPage","@id":"https:\/\/costablancabuyers.com\/es\/costa-blanca\/benidorm\/","url":"https:\/\/costablancabuyers.com\/es\/costa-blanca\/benidorm\/","name":"Benidorm - Costa Blanca Buyers by Yohanne &amp; Jacqueline Benidorm Costa Blanca Espa\u00f1a","isPartOf":{"@id":"https:\/\/costablancabuyers.com\/es\/#website"},"primaryImageOfPage":{"@id":"https:\/\/costablancabuyers.com\/es\/costa-blanca\/benidorm\/#primaryimage"},"image":{"@id":"https:\/\/costablancabuyers.com\/es\/costa-blanca\/benidorm\/#primaryimage"},"thumbnailUrl":"https:\/\/costablancabuyers.com\/wp-content\/uploads\/2026\/02\/Benidorm.jpg","datePublished":"2026-02-02T10:14:20+00:00","dateModified":"2026-04-28T10:03:15+00:00","description":"Benidorm es una de las ciudades costeras m\u00e1s consolidadas de la Costa Blanca, ofreciendo un estilo de vida mediterr\u00e1neo.","breadcrumb":{"@id":"https:\/\/costablancabuyers.com\/es\/costa-blanca\/benidorm\/#breadcrumb"},"inLanguage":"es","potentialAction":[{"@type":"ReadAction","target":["https:\/\/costablancabuyers.com\/es\/costa-blanca\/benidorm\/"]}]},{"@type":"ImageObject","inLanguage":"es","@id":"https:\/\/costablancabuyers.com\/es\/costa-blanca\/benidorm\/#primaryimage","url":"https:\/\/costablancabuyers.com\/wp-content\/uploads\/2026\/02\/Benidorm.jpg","contentUrl":"https:\/\/costablancabuyers.com\/wp-content\/uploads\/2026\/02\/Benidorm.jpg","width":1536,"height":1024},{"@type":"BreadcrumbList","@id":"https:\/\/costablancabuyers.com\/es\/costa-blanca\/benidorm\/#breadcrumb","itemListElement":[{"@type":"ListItem","position":1,"name":"Home","item":"https:\/\/costablancabuyers.com\/es\/"},{"@type":"ListItem","position":2,"name":"Costa Blanca","item":"https:\/\/costablancabuyers.com\/es\/costa-blanca\/"},{"@type":"ListItem","position":3,"name":"Benidorm"}]},{"@type":"WebSite","@id":"https:\/\/costablancabuyers.com\/es\/#website","url":"https:\/\/costablancabuyers.com\/es\/","name":"Costa Blanca Buyers by Yohanne & Jacqueline","description":"","publisher":{"@id":"https:\/\/costablancabuyers.com\/es\/#organization"},"potentialAction":[{"@type":"SearchAction","target":{"@type":"EntryPoint","urlTemplate":"https:\/\/costablancabuyers.com\/es\/?s={search_term_string}"},"query-input":{"@type":"PropertyValueSpecification","valueRequired":true,"valueName":"search_term_string"}}],"inLanguage":"es"},{"@type":"Organization","@id":"https:\/\/costablancabuyers.com\/es\/#organization","name":"Costa Blanca Buyers by Yohanne & Jacqueline","url":"https:\/\/costablancabuyers.com\/es\/","logo":{"@type":"ImageObject","inLanguage":"es","@id":"https:\/\/costablancabuyers.com\/es\/#\/schema\/logo\/image\/","url":"https:\/\/costablancabuyers.com\/wp-content\/uploads\/2026\/01\/logo.svg","contentUrl":"https:\/\/costablancabuyers.com\/wp-content\/uploads\/2026\/01\/logo.svg","width":500,"height":500,"caption":"Costa Blanca Buyers by Yohanne & Jacqueline"},"image":{"@id":"https:\/\/costablancabuyers.com\/es\/#\/schema\/logo\/image\/"}}]}},"_links":{"self":[{"href":"https:\/\/costablancabuyers.com\/es\/wp-json\/wp\/v2\/pages\/29213","targetHints":{"allow":["GET"]}}],"collection":[{"href":"https:\/\/costablancabuyers.com\/es\/wp-json\/wp\/v2\/pages"}],"about":[{"href":"https:\/\/costablancabuyers.com\/es\/wp-json\/wp\/v2\/types\/page"}],"author":[{"embeddable":true,"href":"https:\/\/costablancabuyers.com\/es\/wp-json\/wp\/v2\/users\/1"}],"replies":[{"embeddable":true,"href":"https:\/\/costablancabuyers.com\/es\/wp-json\/wp\/v2\/comments?post=29213"}],"version-history":[{"count":0,"href":"https:\/\/costablancabuyers.com\/es\/wp-json\/wp\/v2\/pages\/29213\/revisions"}],"up":[{"embeddable":true,"href":"https:\/\/costablancabuyers.com\/es\/wp-json\/wp\/v2\/pages\/31635"}],"wp:featuredmedia":[{"embeddable":true,"href":"https:\/\/costablancabuyers.com\/es\/wp-json\/wp\/v2\/media\/29212"}],"wp:attachment":[{"href":"https:\/\/costablancabuyers.com\/es\/wp-json\/wp\/v2\/media?parent=29213"}],"curies":[{"name":"wp","href":"https:\/\/api.w.org\/{rel}","templated":true}]}}