{"id":31433,"date":"2026-02-03T10:20:22","date_gmt":"2026-02-03T09:20:22","guid":{"rendered":"https:\/\/costablancabuyers.com\/javea\/"},"modified":"2026-03-13T19:01:16","modified_gmt":"2026-03-13T18:01:16","slug":"javea","status":"publish","type":"page","link":"https:\/\/costablancabuyers.com\/es\/costa-blanca\/javea\/","title":{"rendered":"J\u00e1vea"},"content":{"rendered":"\t\t<div data-elementor-type=\"wp-page\" data-elementor-id=\"31433\" class=\"elementor elementor-31433 elementor-8094\" data-elementor-post-type=\"page\">\n\t\t\t\t<div class=\"elementor-element elementor-element-4a6a5991 e-flex e-con-boxed e-con e-parent\" data-id=\"4a6a5991\" data-element_type=\"container\" data-e-type=\"container\">\n\t\t\t\t\t<div class=\"e-con-inner\">\n\t\t\t\t<div class=\"elementor-element elementor-element-c337062 elementor-widget elementor-widget-image\" data-id=\"c337062\" data-element_type=\"widget\" data-e-type=\"widget\" data-widget_type=\"image.default\">\n\t\t\t\t\t\t\t\t\t\t\t\t\t\t\t<img fetchpriority=\"high\" decoding=\"async\" width=\"1536\" height=\"1024\" src=\"https:\/\/costablancabuyers.com\/wp-content\/uploads\/2026\/02\/Javea.jpg\" class=\"attachment-full size-full wp-image-30072\" alt=\"Javea\" \/>\t\t\t\t\t\t\t\t\t\t\t\t\t\t\t<\/div>\n\t\t\t\t\t<\/div>\n\t\t\t\t<\/div>\n\t\t<div class=\"elementor-element elementor-element-95b8fe9 e-flex e-con-boxed e-con e-parent\" data-id=\"95b8fe9\" data-element_type=\"container\" data-e-type=\"container\">\n\t\t\t\t\t<div class=\"e-con-inner\">\n\t\t\t\t<div class=\"elementor-element elementor-element-01121f3 elementor-widget elementor-widget-heading\" data-id=\"01121f3\" data-element_type=\"widget\" data-e-type=\"widget\" data-widget_type=\"heading.default\">\n\t\t\t\t\t<h1 class=\"elementor-heading-title elementor-size-default\">J\u00e1vea (X\u00e0bia) \u2013 Costa Blanca<\/h1>\t\t\t\t<\/div>\n\t\t\t\t<div class=\"elementor-element elementor-element-9e2c88e elementor-widget elementor-widget-text-editor\" data-id=\"9e2c88e\" data-element_type=\"widget\" data-e-type=\"widget\" data-widget_type=\"text-editor.default\">\n\t\t\t\t\t\t\t\t\t<p>J\u00e1vea es una de las localidades m\u00e1s deseadas de la Costa Blanca, conocida por su belleza natural, costa protegida, zonas residenciales de alto nivel y un estilo de vida equilibrado. Ofrece una combinaci\u00f3n poco com\u00fan de playas, calas, vida nocturna, deporte y naturaleza, lo que la hace muy atractiva para compradores internacionales.<\/p>\n<h3>Vivir en J\u00e1vea<\/h3>\n<p>J\u00e1vea cuenta con unos 30.000 residentes permanentes y una fuerte comunidad internacional, especialmente de B\u00e9lgica, Pa\u00edses Bajos, Alemania, Francia y Reino Unido. La ciudad funciona todo el a\u00f1o, con excelentes servicios, sanidad, colegios y una alta calidad de vida.<\/p>\n<p>J\u00e1vea se divide en tres zonas principales:<br \/>\u2022 Casco antiguo \u2013 car\u00e1cter tradicional espa\u00f1ol, vida local<br \/>\u2022 Zona del puerto \u2013 marina, restaurantes, ambiente todo el a\u00f1o<br \/>\u2022 Playa del Arenal \u2013 playa de arena, vida nocturna, vida social<\/p>\n<p>Esta combinaci\u00f3n hace que J\u00e1vea sea ideal tanto para residentes permanentes como para segundas residencias.<\/p>\n<h3>Playa del Arenal y Vida Nocturna<\/h3>\n<p>Playa del Arenal es la \u00fanica playa de arena de J\u00e1vea y el centro social del municipio.<\/p>\n<p>Amplia playa de arena con paseo mar\u00edtimo<br \/>\u2022 Restaurantes, cafeter\u00edas y bares de c\u00f3cteles<br \/>\u2022 Ambiente animado, especialmente por la noche<br \/>\u2022 Popular entre residentes y visitantes<\/p>\n<p>Por la noche, Arenal ofrece una vida nocturna relajada con vinotecas, cocteler\u00edas y locales informales, sin grandes discotecas. Ideal para quienes buscan ambiente social sin turismo masivo.<\/p>\n<p>Informaci\u00f3n oficial:<br \/><a href=\"https:\/\/www.xabia.org\/\">https:\/\/www.xabia.org<\/a><\/p>\n<h3>Marina, Puerto y Vistas al Mar<\/h3>\n<p>La zona del puerto de J\u00e1vea ofrece un estilo de vida costero m\u00e1s tradicional y aut\u00e9ntico.<\/p>\n<p>Puerto pesquero y marina<br \/>\u2022 Restaurantes y caf\u00e9s frente al mar<br \/>\u2022 Vistas abiertas al Mediterr\u00e1neo y paseos diarios<\/p>\n<p>El puerto mantiene actividad durante todo el a\u00f1o y es muy apreciado por residentes permanentes.<\/p>\n<h3>Parque Natural del Montg\u00f3 \u2013 Monta\u00f1a y Naturaleza<\/h3>\n<p>Detr\u00e1s de J\u00e1vea se alza el Parque Natural del Montg\u00f3, un espacio protegido que define el paisaje y el estilo de vida.<\/p>\n<p>Rutas de senderismo<br \/>\u2022 Vistas panor\u00e1micas sobre J\u00e1vea y D\u00e9nia<br \/>\u2022 Protecci\u00f3n natural frente a la sobreconstrucci\u00f3n<br \/>\u2022 Ideal para amantes de la naturaleza y el aire libre<\/p>\n<p>Informaci\u00f3n oficial:<br \/><a href=\"https:\/\/parquesnaturales.gva.es\/es\/web\/pn-montgo\">https:\/\/parquesnaturales.gva.es\/es\/web\/pn-montgo<\/a><\/p>\n<h3>P\u00e1del y Vida Activa en J\u00e1vea<\/h3>\n<p>El p\u00e1del es muy popular en J\u00e1vea y parte importante de la vida social.<\/p>\n<ul>\n<li>Padel J\u00e1vea<br \/>\n<a href=\"https:\/\/padeljavea.com\/\">https:\/\/padeljavea.com<\/a><\/li>\n<\/ul>\n<p>Comunidad internacional y espa\u00f1ola activa<br \/>\u2022 Partidos sociales, ligas y entrenamientos<br \/>\u2022 Apto para principiantes y jugadores avanzados<\/p>\n<h3>Golf Cerca de J\u00e1vea<\/h3>\n<p><\/p>\n<ul>\n<li>Club de Golf J\u00e1vea \u2013 campo de 9 hoyos<br \/>\n<a href=\"https:\/\/www.clubgolfjavea.com\/\">https:\/\/www.clubgolfjavea.com<\/a><\/li>\n<li>La Sella Golf Resort \u2013 campo de 27 hoyos<br \/>\n<a href=\"https:\/\/www.lasellagolf.com\/\">https:\/\/www.lasellagolf.com<\/a><\/li>\n<\/ul>\n<p><\/p>\n<h3>Playas, Calas y Naturaleza<\/h3>\n<p>Adem\u00e1s del Arenal, J\u00e1vea ofrece algunas de las calas m\u00e1s bonitas de la Costa Blanca:<\/p>\n<ul>\n<li>Cala Granadella<br \/>\n\u2022 Cala Portixol (La Barraca)<br \/>\n\u2022 Cala Blanca<\/li>\n<\/ul>\n<p><\/p>\n<h3>Mercados y Vida Diaria<\/h3>\n<p>Mercado semanal \u2013 jueves por la ma\u00f1ana (casco antiguo)<br \/><a href=\"https:\/\/www.xabia.org\/\">https:\/\/www.xabia.org<\/a><\/p>\n<p>Mercado municipal abierto entre semana<\/p>\n<h3>Accesibilidad<\/h3>\n<p><\/p>\n<ul>\n<li>Aeropuerto Alicante\u2013Elche: aprox. 98 km \u00b7 ~1h 10 min<br \/>\n\u2022 Aeropuerto Valencia: aprox. 120 km \u00b7 ~1h 30 min<br \/>\n\u2022 Acceso por la autopista AP-7<\/li>\n<\/ul>\n<p><\/p>\n<h3>Comprar Propiedad en J\u00e1vea (Perspectiva del Comprador)<\/h3>\n<p>Ideal para compradores que buscan calidad, estilo de vida activo y valor a largo plazo.<\/p>\n\t\t\t\t\t\t\t\t<\/div>\n\t\t\t\t\t<\/div>\n\t\t\t\t<\/div>\n\t\t<div class=\"elementor-element elementor-element-7ad27646 e-flex e-con-boxed e-con e-parent\" data-id=\"7ad27646\" data-element_type=\"container\" data-e-type=\"container\">\n\t\t\t\t\t<div class=\"e-con-inner\">\n\t\t\t\t<div class=\"elementor-element elementor-element-663286b0 elementor-widget elementor-widget-heading\" data-id=\"663286b0\" data-element_type=\"widget\" data-e-type=\"widget\" data-widget_type=\"heading.default\">\n\t\t\t\t\t<h2 class=\"elementor-heading-title elementor-size-default\">Cont\u00e1ctanos<\/h2>\t\t\t\t<\/div>\n\t\t\t\t<div class=\"elementor-element elementor-element-20445ac3 elementor-button-align-start elementor-widget elementor-widget-global elementor-global-28106 elementor-global-8047 elementor-widget-form\" data-id=\"20445ac3\" data-element_type=\"widget\" data-e-type=\"widget\" data-settings=\"{&quot;button_width&quot;:&quot;25&quot;,&quot;step_next_label&quot;:&quot;Siguiente&quot;,&quot;step_previous_label&quot;:&quot;Anterior&quot;,&quot;step_type&quot;:&quot;number_text&quot;,&quot;step_icon_shape&quot;:&quot;circle&quot;}\" data-widget_type=\"form.default\">\n\t\t\t\t\t\t\t<form class=\"elementor-form\" method=\"post\" id=\"getintouch\" name=\"Cont\u00e1ctanos\" aria-label=\"Cont\u00e1ctanos\">\n\t\t\t<input type=\"hidden\" name=\"post_id\" value=\"31433\"\/>\n\t\t\t<input type=\"hidden\" name=\"form_id\" value=\"20445ac3\"\/>\n\t\t\t<input type=\"hidden\" name=\"referer_title\" value=\"Costa Blanca Buyers by Yohanne &amp; Jacqueline\" \/>\n\n\t\t\t\n\t\t\t<div class=\"elementor-form-fields-wrapper elementor-labels-\">\n\t\t\t\t\t\t\t\t<div class=\"elementor-field-type-text elementor-field-group elementor-column elementor-field-group-name elementor-col-100\">\n\t\t\t\t\t\t\t\t\t\t\t\t<label for=\"form-field-name\" class=\"elementor-field-label elementor-screen-only\">\n\t\t\t\t\t\t\t\tNombre\t\t\t\t\t\t\t<\/label>\n\t\t\t\t\t\t\t\t\t\t\t\t\t\t<input size=\"1\" type=\"text\" name=\"form_fields[name]\" id=\"form-field-name\" class=\"elementor-field elementor-size-sm  elementor-field-textual\" placeholder=\"Nombre y apellidos\">\n\t\t\t\t\t\t\t\t\t\t\t<\/div>\n\t\t\t\t\t\t\t\t<div class=\"elementor-field-type-email elementor-field-group elementor-column elementor-field-group-email elementor-col-100 elementor-field-required\">\n\t\t\t\t\t\t\t\t\t\t\t\t<label for=\"form-field-email\" class=\"elementor-field-label elementor-screen-only\">\n\t\t\t\t\t\t\t\tCorreo electr\u00f3nico\t\t\t\t\t\t\t<\/label>\n\t\t\t\t\t\t\t\t\t\t\t\t\t\t<input size=\"1\" type=\"email\" name=\"form_fields[email]\" id=\"form-field-email\" class=\"elementor-field elementor-size-sm  elementor-field-textual\" placeholder=\"Correo electr\u00f3nico\" required=\"required\">\n\t\t\t\t\t\t\t\t\t\t\t<\/div>\n\t\t\t\t\t\t\t\t<div class=\"elementor-field-type-tel elementor-field-group elementor-column elementor-field-group-phone elementor-col-100\">\n\t\t\t\t\t\t\t\t\t\t\t\t<label for=\"form-field-phone\" class=\"elementor-field-label elementor-screen-only\">\n\t\t\t\t\t\t\t\tTel\u00e9fono\t\t\t\t\t\t\t<\/label>\n\t\t\t\t\t\t\t\t<input size=\"1\" type=\"tel\" name=\"form_fields[phone]\" id=\"form-field-phone\" class=\"elementor-field elementor-size-sm  elementor-field-textual\" placeholder=\"Tel\u00e9fono \/ WhatsApp\" pattern=\"[0-9()#&amp;+*-=.]+\" title=\"Solo se aceptan n\u00fameros y caracteres de tel\u00e9fono (#,-,*,etc).\">\n\n\t\t\t\t\t\t<\/div>\n\t\t\t\t\t\t\t\t<div class=\"elementor-field-type-select elementor-field-group elementor-column elementor-field-group-field_60ba265 elementor-col-100 elementor-field-required\">\n\t\t\t\t\t\t\t\t\t\t\t\t<label for=\"form-field-field_60ba265\" class=\"elementor-field-label elementor-screen-only\">\n\t\t\t\t\t\t\t\tInteresado en:\t\t\t\t\t\t\t<\/label>\n\t\t\t\t\t\t\t\t<div class=\"elementor-field elementor-select-wrapper remove-before \">\n\t\t\t<div class=\"select-caret-down-wrapper\">\n\t\t\t\t<svg aria-hidden=\"true\" class=\"e-font-icon-svg e-eicon-caret-down\" viewBox=\"0 0 571.4 571.4\" xmlns=\"http:\/\/www.w3.org\/2000\/svg\"><path d=\"M571 393Q571 407 561 418L311 668Q300 679 286 679T261 668L11 418Q0 407 0 393T11 368 36 357H536Q550 357 561 368T571 393Z\"><\/path><\/svg>\t\t\t<\/div>\n\t\t\t<select name=\"form_fields[field_60ba265]\" id=\"form-field-field_60ba265\" class=\"elementor-field-textual elementor-size-sm\" required=\"required\">\n\t\t\t\t\t\t\t\t\t<option value=\"Estoy interesado en:\">Estoy interesado en:<\/option>\n\t\t\t\t\t\t\t\t\t<option value=\"Esta propiedad\">Esta propiedad<\/option>\n\t\t\t\t\t\t\t\t\t<option value=\"Solicitud de visita\">Solicitud de visita<\/option>\n\t\t\t\t\t\t\t\t\t<option value=\"Precio y disponibilidad\">Precio y disponibilidad<\/option>\n\t\t\t\t\t\t\t\t\t<option value=\"Proceso de compra en Espa\u00f1a\">Proceso de compra en Espa\u00f1a<\/option>\n\t\t\t\t\t\t\t\t\t<option value=\"Otra informaci\u00f3n\">Otra informaci\u00f3n<\/option>\n\t\t\t\t\t\t\t<\/select>\n\t\t<\/div>\n\t\t\t\t\t\t<\/div>\n\t\t\t\t\t\t\t\t<div class=\"elementor-field-type-textarea elementor-field-group elementor-column elementor-field-group-message elementor-col-100\">\n\t\t\t\t\t\t\t\t\t\t\t\t<label for=\"form-field-message\" class=\"elementor-field-label elementor-screen-only\">\n\t\t\t\t\t\t\t\tMensaje\t\t\t\t\t\t\t<\/label>\n\t\t\t\t\t\t<textarea class=\"elementor-field-textual elementor-field  elementor-size-sm\" name=\"form_fields[message]\" id=\"form-field-message\" rows=\"4\" placeholder=\"Your message: You can ask questions, request details, or tell us how we can help\"><\/textarea>\t\t\t\t<\/div>\n\t\t\t\t\t\t\t\t<div class=\"elementor-field-type-hidden elementor-field-group elementor-column elementor-field-group-page_or_property elementor-col-100\">\n\t\t\t\t\t\t\t\t\t\t\t\t\t<input size=\"1\" type=\"hidden\" name=\"form_fields[page_or_property]\" id=\"form-field-page_or_property\" class=\"elementor-field elementor-size-sm  elementor-field-textual\">\n\t\t\t\t\t\t\t\t\t\t\t<\/div>\n\t\t\t\t\t\t\t\t<div class=\"elementor-field-group elementor-column elementor-field-type-submit elementor-col-25 e-form__buttons\">\n\t\t\t\t\t<button class=\"elementor-button elementor-size-sm\" type=\"submit\">\n\t\t\t\t\t\t<span class=\"elementor-button-content-wrapper\">\n\t\t\t\t\t\t\t\t\t\t\t\t\t\t\t\t\t\t\t\t\t\t<span class=\"elementor-button-text\">enviar<\/span>\n\t\t\t\t\t\t\t\t\t\t\t\t\t<\/span>\n\t\t\t\t\t<\/button>\n\t\t\t\t<\/div>\n\t\t\t<\/div>\n\t\t<\/form>\n\t\t\t\t\t\t<\/div>\n\t\t\t\t\t<\/div>\n\t\t\t\t<\/div>\n\t\t\t\t<\/div>\n\t\t","protected":false},"excerpt":{"rendered":"<p>J\u00e1vea es una de las localidades m\u00e1s deseadas de la Costa Blanca, conocida por su belleza natural y un estilo de vida equilibrado.<\/p>\n","protected":false},"author":1,"featured_media":30072,"parent":31635,"menu_order":110,"comment_status":"closed","ping_status":"closed","template":"elementor_header_footer","meta":{"footnotes":""},"class_list":["post-31433","page","type-page","status-publish","has-post-thumbnail","hentry"],"yoast_head":"<!-- This site is optimized with the Yoast SEO plugin v27.6 - https:\/\/yoast.com\/product\/yoast-seo-wordpress\/ -->\n<title>J\u00e1vea - Costa Blanca Buyers by Yohanne &amp; Jacqueline<\/title>\n<meta name=\"description\" content=\"J\u00e1vea es una de las localidades m\u00e1s deseadas de la Costa Blanca, conocida por su belleza natural y un estilo de vida equilibrado.\" \/>\n<meta name=\"robots\" content=\"index, follow, max-snippet:-1, max-image-preview:large, max-video-preview:-1\" \/>\n<link rel=\"canonical\" href=\"https:\/\/costablancabuyers.com\/es\/costa-blanca\/javea\/\" \/>\n<meta property=\"og:locale\" content=\"es_ES\" \/>\n<meta property=\"og:type\" content=\"article\" \/>\n<meta property=\"og:title\" content=\"J\u00e1vea - Costa Blanca Buyers by Yohanne &amp; Jacqueline\" \/>\n<meta property=\"og:description\" content=\"J\u00e1vea es una de las localidades m\u00e1s deseadas de la Costa Blanca, conocida por su belleza natural y un estilo de vida equilibrado.\" \/>\n<meta property=\"og:url\" content=\"https:\/\/costablancabuyers.com\/es\/costa-blanca\/javea\/\" \/>\n<meta property=\"og:site_name\" content=\"Costa Blanca Buyers by Yohanne &amp; Jacqueline\" \/>\n<meta property=\"article:modified_time\" content=\"2026-03-13T18:01:16+00:00\" \/>\n<meta property=\"og:image\" content=\"https:\/\/costablancabuyers.com\/wp-content\/uploads\/2026\/02\/Javea.jpg\" \/>\n\t<meta property=\"og:image:width\" content=\"1536\" \/>\n\t<meta property=\"og:image:height\" content=\"1024\" \/>\n\t<meta property=\"og:image:type\" content=\"image\/jpeg\" \/>\n<meta name=\"twitter:card\" content=\"summary_large_image\" \/>\n<meta name=\"twitter:label1\" content=\"Tiempo de lectura\" \/>\n\t<meta name=\"twitter:data1\" content=\"3 minutos\" \/>\n<script type=\"application\/ld+json\" class=\"yoast-schema-graph\">{\"@context\":\"https:\\\/\\\/schema.org\",\"@graph\":[{\"@type\":\"WebPage\",\"@id\":\"https:\\\/\\\/costablancabuyers.com\\\/es\\\/costa-blanca\\\/javea\\\/\",\"url\":\"https:\\\/\\\/costablancabuyers.com\\\/es\\\/costa-blanca\\\/javea\\\/\",\"name\":\"J\u00e1vea - Costa Blanca Buyers by Yohanne &amp; Jacqueline\",\"isPartOf\":{\"@id\":\"https:\\\/\\\/costablancabuyers.com\\\/es\\\/#website\"},\"primaryImageOfPage\":{\"@id\":\"https:\\\/\\\/costablancabuyers.com\\\/es\\\/costa-blanca\\\/javea\\\/#primaryimage\"},\"image\":{\"@id\":\"https:\\\/\\\/costablancabuyers.com\\\/es\\\/costa-blanca\\\/javea\\\/#primaryimage\"},\"thumbnailUrl\":\"https:\\\/\\\/costablancabuyers.com\\\/wp-content\\\/uploads\\\/2026\\\/02\\\/Javea.jpg\",\"datePublished\":\"2026-02-03T09:20:22+00:00\",\"dateModified\":\"2026-03-13T18:01:16+00:00\",\"description\":\"J\u00e1vea es una de las localidades m\u00e1s deseadas de la Costa Blanca, conocida por su belleza natural y un estilo de vida equilibrado.\",\"breadcrumb\":{\"@id\":\"https:\\\/\\\/costablancabuyers.com\\\/es\\\/costa-blanca\\\/javea\\\/#breadcrumb\"},\"inLanguage\":\"es\",\"potentialAction\":[{\"@type\":\"ReadAction\",\"target\":[\"https:\\\/\\\/costablancabuyers.com\\\/es\\\/costa-blanca\\\/javea\\\/\"]}]},{\"@type\":\"ImageObject\",\"inLanguage\":\"es\",\"@id\":\"https:\\\/\\\/costablancabuyers.com\\\/es\\\/costa-blanca\\\/javea\\\/#primaryimage\",\"url\":\"https:\\\/\\\/costablancabuyers.com\\\/wp-content\\\/uploads\\\/2026\\\/02\\\/Javea.jpg\",\"contentUrl\":\"https:\\\/\\\/costablancabuyers.com\\\/wp-content\\\/uploads\\\/2026\\\/02\\\/Javea.jpg\",\"width\":1536,\"height\":1024,\"caption\":\"Javea\"},{\"@type\":\"BreadcrumbList\",\"@id\":\"https:\\\/\\\/costablancabuyers.com\\\/es\\\/costa-blanca\\\/javea\\\/#breadcrumb\",\"itemListElement\":[{\"@type\":\"ListItem\",\"position\":1,\"name\":\"Home\",\"item\":\"https:\\\/\\\/costablancabuyers.com\\\/es\\\/\"},{\"@type\":\"ListItem\",\"position\":2,\"name\":\"Costa Blanca\",\"item\":\"https:\\\/\\\/costablancabuyers.com\\\/es\\\/costa-blanca\\\/\"},{\"@type\":\"ListItem\",\"position\":3,\"name\":\"J\u00e1vea\"}]},{\"@type\":\"WebSite\",\"@id\":\"https:\\\/\\\/costablancabuyers.com\\\/es\\\/#website\",\"url\":\"https:\\\/\\\/costablancabuyers.com\\\/es\\\/\",\"name\":\"Costa Blanca Buyers by Yohanne & Jacqueline\",\"description\":\"\",\"publisher\":{\"@id\":\"https:\\\/\\\/costablancabuyers.com\\\/es\\\/#organization\"},\"potentialAction\":[{\"@type\":\"SearchAction\",\"target\":{\"@type\":\"EntryPoint\",\"urlTemplate\":\"https:\\\/\\\/costablancabuyers.com\\\/es\\\/?s={search_term_string}\"},\"query-input\":{\"@type\":\"PropertyValueSpecification\",\"valueRequired\":true,\"valueName\":\"search_term_string\"}}],\"inLanguage\":\"es\"},{\"@type\":\"Organization\",\"@id\":\"https:\\\/\\\/costablancabuyers.com\\\/es\\\/#organization\",\"name\":\"Costa Blanca Buyers by Yohanne & Jacqueline\",\"url\":\"https:\\\/\\\/costablancabuyers.com\\\/es\\\/\",\"logo\":{\"@type\":\"ImageObject\",\"inLanguage\":\"es\",\"@id\":\"https:\\\/\\\/costablancabuyers.com\\\/es\\\/#\\\/schema\\\/logo\\\/image\\\/\",\"url\":\"https:\\\/\\\/costablancabuyers.com\\\/wp-content\\\/uploads\\\/2026\\\/01\\\/logo.svg\",\"contentUrl\":\"https:\\\/\\\/costablancabuyers.com\\\/wp-content\\\/uploads\\\/2026\\\/01\\\/logo.svg\",\"width\":500,\"height\":500,\"caption\":\"Costa Blanca Buyers by Yohanne & Jacqueline\"},\"image\":{\"@id\":\"https:\\\/\\\/costablancabuyers.com\\\/es\\\/#\\\/schema\\\/logo\\\/image\\\/\"}}]}<\/script>\n<!-- \/ Yoast SEO plugin. -->","yoast_head_json":{"title":"J\u00e1vea - Costa Blanca Buyers by Yohanne &amp; Jacqueline","description":"J\u00e1vea es una de las localidades m\u00e1s deseadas de la Costa Blanca, conocida por su belleza natural y un estilo de vida equilibrado.","robots":{"index":"index","follow":"follow","max-snippet":"max-snippet:-1","max-image-preview":"max-image-preview:large","max-video-preview":"max-video-preview:-1"},"canonical":"https:\/\/costablancabuyers.com\/es\/costa-blanca\/javea\/","og_locale":"es_ES","og_type":"article","og_title":"J\u00e1vea - Costa Blanca Buyers by Yohanne &amp; Jacqueline","og_description":"J\u00e1vea es una de las localidades m\u00e1s deseadas de la Costa Blanca, conocida por su belleza natural y un estilo de vida equilibrado.","og_url":"https:\/\/costablancabuyers.com\/es\/costa-blanca\/javea\/","og_site_name":"Costa Blanca Buyers by Yohanne &amp; Jacqueline","article_modified_time":"2026-03-13T18:01:16+00:00","og_image":[{"width":1536,"height":1024,"url":"https:\/\/costablancabuyers.com\/wp-content\/uploads\/2026\/02\/Javea.jpg","type":"image\/jpeg"}],"twitter_card":"summary_large_image","twitter_misc":{"Tiempo de lectura":"3 minutos"},"schema":{"@context":"https:\/\/schema.org","@graph":[{"@type":"WebPage","@id":"https:\/\/costablancabuyers.com\/es\/costa-blanca\/javea\/","url":"https:\/\/costablancabuyers.com\/es\/costa-blanca\/javea\/","name":"J\u00e1vea - Costa Blanca Buyers by Yohanne &amp; Jacqueline","isPartOf":{"@id":"https:\/\/costablancabuyers.com\/es\/#website"},"primaryImageOfPage":{"@id":"https:\/\/costablancabuyers.com\/es\/costa-blanca\/javea\/#primaryimage"},"image":{"@id":"https:\/\/costablancabuyers.com\/es\/costa-blanca\/javea\/#primaryimage"},"thumbnailUrl":"https:\/\/costablancabuyers.com\/wp-content\/uploads\/2026\/02\/Javea.jpg","datePublished":"2026-02-03T09:20:22+00:00","dateModified":"2026-03-13T18:01:16+00:00","description":"J\u00e1vea es una de las localidades m\u00e1s deseadas de la Costa Blanca, conocida por su belleza natural y un estilo de vida equilibrado.","breadcrumb":{"@id":"https:\/\/costablancabuyers.com\/es\/costa-blanca\/javea\/#breadcrumb"},"inLanguage":"es","potentialAction":[{"@type":"ReadAction","target":["https:\/\/costablancabuyers.com\/es\/costa-blanca\/javea\/"]}]},{"@type":"ImageObject","inLanguage":"es","@id":"https:\/\/costablancabuyers.com\/es\/costa-blanca\/javea\/#primaryimage","url":"https:\/\/costablancabuyers.com\/wp-content\/uploads\/2026\/02\/Javea.jpg","contentUrl":"https:\/\/costablancabuyers.com\/wp-content\/uploads\/2026\/02\/Javea.jpg","width":1536,"height":1024,"caption":"Javea"},{"@type":"BreadcrumbList","@id":"https:\/\/costablancabuyers.com\/es\/costa-blanca\/javea\/#breadcrumb","itemListElement":[{"@type":"ListItem","position":1,"name":"Home","item":"https:\/\/costablancabuyers.com\/es\/"},{"@type":"ListItem","position":2,"name":"Costa Blanca","item":"https:\/\/costablancabuyers.com\/es\/costa-blanca\/"},{"@type":"ListItem","position":3,"name":"J\u00e1vea"}]},{"@type":"WebSite","@id":"https:\/\/costablancabuyers.com\/es\/#website","url":"https:\/\/costablancabuyers.com\/es\/","name":"Costa Blanca Buyers by Yohanne & Jacqueline","description":"","publisher":{"@id":"https:\/\/costablancabuyers.com\/es\/#organization"},"potentialAction":[{"@type":"SearchAction","target":{"@type":"EntryPoint","urlTemplate":"https:\/\/costablancabuyers.com\/es\/?s={search_term_string}"},"query-input":{"@type":"PropertyValueSpecification","valueRequired":true,"valueName":"search_term_string"}}],"inLanguage":"es"},{"@type":"Organization","@id":"https:\/\/costablancabuyers.com\/es\/#organization","name":"Costa Blanca Buyers by Yohanne & Jacqueline","url":"https:\/\/costablancabuyers.com\/es\/","logo":{"@type":"ImageObject","inLanguage":"es","@id":"https:\/\/costablancabuyers.com\/es\/#\/schema\/logo\/image\/","url":"https:\/\/costablancabuyers.com\/wp-content\/uploads\/2026\/01\/logo.svg","contentUrl":"https:\/\/costablancabuyers.com\/wp-content\/uploads\/2026\/01\/logo.svg","width":500,"height":500,"caption":"Costa Blanca Buyers by Yohanne & Jacqueline"},"image":{"@id":"https:\/\/costablancabuyers.com\/es\/#\/schema\/logo\/image\/"}}]}},"_links":{"self":[{"href":"https:\/\/costablancabuyers.com\/es\/wp-json\/wp\/v2\/pages\/31433","targetHints":{"allow":["GET"]}}],"collection":[{"href":"https:\/\/costablancabuyers.com\/es\/wp-json\/wp\/v2\/pages"}],"about":[{"href":"https:\/\/costablancabuyers.com\/es\/wp-json\/wp\/v2\/types\/page"}],"author":[{"embeddable":true,"href":"https:\/\/costablancabuyers.com\/es\/wp-json\/wp\/v2\/users\/1"}],"replies":[{"embeddable":true,"href":"https:\/\/costablancabuyers.com\/es\/wp-json\/wp\/v2\/comments?post=31433"}],"version-history":[{"count":0,"href":"https:\/\/costablancabuyers.com\/es\/wp-json\/wp\/v2\/pages\/31433\/revisions"}],"up":[{"embeddable":true,"href":"https:\/\/costablancabuyers.com\/es\/wp-json\/wp\/v2\/pages\/31635"}],"wp:featuredmedia":[{"embeddable":true,"href":"https:\/\/costablancabuyers.com\/es\/wp-json\/wp\/v2\/media\/30072"}],"wp:attachment":[{"href":"https:\/\/costablancabuyers.com\/es\/wp-json\/wp\/v2\/media?parent=31433"}],"curies":[{"name":"wp","href":"https:\/\/api.w.org\/{rel}","templated":true}]}}