{"id":31578,"date":"2026-02-02T11:17:48","date_gmt":"2026-02-02T10:17:48","guid":{"rendered":"https:\/\/costablancabuyers.com\/alicante\/"},"modified":"2026-03-04T19:08:44","modified_gmt":"2026-03-04T18:08:44","slug":"alicante","status":"publish","type":"page","link":"https:\/\/costablancabuyers.com\/es\/costa-blanca\/alicante\/","title":{"rendered":"Alicante"},"content":{"rendered":"\t\t<div data-elementor-type=\"wp-page\" data-elementor-id=\"31578\" class=\"elementor elementor-31578 elementor-7997\" data-elementor-post-type=\"page\">\n\t\t\t\t<div class=\"elementor-element elementor-element-775480d7 e-flex e-con-boxed e-con e-parent\" data-id=\"775480d7\" data-element_type=\"container\" data-e-type=\"container\">\n\t\t\t\t\t<div class=\"e-con-inner\">\n\t\t\t\t<div class=\"elementor-element elementor-element-8350018 elementor-widget elementor-widget-image\" data-id=\"8350018\" data-element_type=\"widget\" data-e-type=\"widget\" data-widget_type=\"image.default\">\n\t\t\t\t\t\t\t\t\t\t\t\t\t\t\t<img fetchpriority=\"high\" decoding=\"async\" width=\"1536\" height=\"1024\" src=\"https:\/\/costablancabuyers.com\/wp-content\/uploads\/2026\/02\/Alicante.jpg\" class=\"attachment-full size-full wp-image-30068\" alt=\"alicante\" \/>\t\t\t\t\t\t\t\t\t\t\t\t\t\t\t<\/div>\n\t\t\t\t\t<\/div>\n\t\t\t\t<\/div>\n\t\t<div class=\"elementor-element elementor-element-e07c753 e-flex e-con-boxed e-con e-parent\" data-id=\"e07c753\" data-element_type=\"container\" data-e-type=\"container\">\n\t\t\t\t\t<div class=\"e-con-inner\">\n\t\t\t\t<div class=\"elementor-element elementor-element-d412905 elementor-widget elementor-widget-heading\" data-id=\"d412905\" data-element_type=\"widget\" data-e-type=\"widget\" data-widget_type=\"heading.default\">\n\t\t\t\t\t<h2 class=\"elementor-heading-title elementor-size-default\">Alicante \u2013 Costa Blanca<\/h2>\t\t\t\t<\/div>\n\t\t\t\t<div class=\"elementor-element elementor-element-315b3a8 elementor-widget elementor-widget-text-editor\" data-id=\"315b3a8\" data-element_type=\"widget\" data-e-type=\"widget\" data-widget_type=\"text-editor.default\">\n\t\t\t\t\t\t\t\t\t<p>Alicante es la capital de la Costa Blanca y ofrece una combinaci\u00f3n perfecta de estilo de vida mediterr\u00e1neo, comodidad urbana, playas, cultura y una excelente infraestructura. Es especialmente atractiva para compradores internacionales que buscan vida urbana junto al mar, con f\u00e1cil acceso al aeropuerto y servicios durante todo el a\u00f1o.<\/p>\n<h3>Vivir en Alicante<\/h3>\n<p>Alicante cuenta con aproximadamente 335.000 residentes permanentes y una s\u00f3lida comunidad internacional procedente de toda Europa. La ciudad funciona plenamente todo el a\u00f1o, con hospitales, universidades, centros comerciales, eventos culturales y una vida social muy activa.<\/p>\n<p>Zonas residenciales populares:<\/p>\n<ul>\n<li>Centro ciudad y Casco Antiguo (El Barrio) \u2013 cultura, historia, vida a pie<\/li>\n<li>Playa de San Juan \u2013 estilo de vida de playa, familias, apartamentos modernos<\/li>\n<li>Cabo de las Huertas \u2013 vida costera de alto nivel<\/li>\n<li>Vistahermosa y Albufereta \u2013 zonas residenciales tranquilas y bien comunicadas<\/li>\n<\/ul>\n<p>Alicante es ideal para compradores que desean comodidad urbana sin renunciar a la playa.<\/p>\n<h3>Cultura, atracciones y vida urbana<\/h3>\n<p><strong>Castillo de Santa B\u00e1rbara<\/strong><\/p>\n<p>Uno de los monumentos m\u00e1s emblem\u00e1ticos de la Costa Blanca, situado en el monte Benacantil, con vistas panor\u00e1micas sobre la ciudad y el Mediterr\u00e1neo.<\/p>\n<p>El castillo es una atracci\u00f3n cultural clave y un s\u00edmbolo de identidad de la ciudad.<\/p>\n<p><strong>Mushroom Street (Calle Casta\u00f1os \/ Calle San Francisco)<\/strong><\/p>\n<p>La famosa \u201cCalle de las Setas\u201d de Alicante es una zona peatonal con un dise\u00f1o divertido, llena de caf\u00e9s y restaurantes, muy popular entre familias y visitantes.<\/p>\n<p>Refleja el ambiente animado y social de Alicante y su estilo de vida urbano y caminable.<\/p>\n<h3>Playas y estilo de vida frente al mar<\/h3>\n<p>Alicante ofrece acceso directo a playas desde la ciudad:<\/p>\n<ul>\n<li>Playa del Postiguet \u2013 playa urbana junto al puerto<\/li>\n<li>Playa de San Juan \u2013 larga playa de arena con paseo mar\u00edtimo y tranv\u00eda<\/li>\n<li>Albufereta \u2013 playa m\u00e1s tranquila en zona residencial<\/li>\n<\/ul>\n<p>La vida de playa forma parte del d\u00eda a d\u00eda, no solo del turismo estacional.<\/p>\n<h3>Deporte, p\u00e1del y golf en Alicante<\/h3>\n<p>El p\u00e1del es extremadamente popular en Alicante y se practica ampliamente entre residentes locales e internacionales.<\/p>\n<p>P\u00e1del en Alicante<\/p>\n<ul>\n<li>Padelpoint Alicante \u2013 uno de los principales referentes de p\u00e1del en la ciudad<\/li>\n<li>Numerosos clubes municipales y privados repartidos por toda la ciudad<\/li>\n<\/ul>\n<p>El p\u00e1del es apto para principiantes, jugadores sociales y niveles competitivos, y forma parte esencial del estilo de vida local.<\/p>\n<h3>Golf cerca de Alicante<\/h3>\n<p><\/p>\n<ul>\n<li>Alicante Golf (Playa San Juan) \u2013 campo de 18 hoyos dise\u00f1ado por Severiano Ballesteros<\/li>\n<li>Alenda Golf \u2013 a unos 25 minutos hacia el interior<\/li>\n<\/ul>\n<p><\/p>\n<h3>Mercados y productos frescos<\/h3>\n<p>Los mercados locales son una parte fundamental de la vida diaria en Alicante.<\/p>\n<p><strong>Mercado Central de Alicante<\/strong><\/p>\n<p>Abierto de lunes a s\u00e1bado, ofrece pescado fresco, carne, frutas, verduras y productos locales.<\/p>\n<p>Adem\u00e1s, hay mercados ambulantes de barrio durante toda la semana en distintas zonas de la ciudad.<\/p>\n<h3>Accesibilidad y transporte<\/h3>\n<p>Alicante cuenta con una de las mejores conexiones de transporte de la Costa Blanca:<\/p>\n<ul>\n<li>Aeropuerto Internacional Alicante\u2013Elche: aprox. 15\u201320 minutos<\/li>\n<li>Conexiones directas de TRAM y tren<\/li>\n<li>Tren de alta velocidad (AVE) a Madrid<\/li>\n<li>Excelente acceso por autopista (AP-7, A-70)<\/li>\n<\/ul>\n<p>Esto hace que Alicante sea especialmente atractiva para compradores que viajan con frecuencia.<\/p>\n<h3>Comprar vivienda en Alicante (perspectiva del comprador)<\/h3>\n<p>Alicante es ideal para compradores que buscan:<\/p>\n<ul>\n<li>una ciudad real con vida todo el a\u00f1o<\/li>\n<li>fuerte demanda de alquiler y reventa<\/li>\n<li>proximidad al aeropuerto internacional<\/li>\n<li>combinaci\u00f3n de playas, cultura y servicios<\/li>\n<li>p\u00e1del, golf y estilo de vida activo<\/li>\n<\/ul>\n<p>Las opciones inmobiliarias van desde apartamentos hist\u00f3ricos en el casco antiguo hasta viviendas modernas frente al mar y pisos familiares cerca de Playa San Juan.<\/p>\n<h3>\u00bfQuieres comprar una vivienda en Alicante o alrededores?<\/h3>\n<p>Si deseas comprar una propiedad en Alicante o en la Costa Blanca, nuestra agencia de compradores te acompa\u00f1a desde la primera b\u00fasqueda hasta la compra final. Ayudamos a compradores internacionales a encontrar viviendas que encajen con su estilo de vida, presupuesto y planes a largo plazo, siempre con representaci\u00f3n exclusiva del comprador.<\/p>\n<p>Contacta con nosotros para recibir asesoramiento personalizado, propiedades disponibles en Alicante y orientaci\u00f3n para comprar cerca de la playa, la Mushroom Street, el Castillo de Santa B\u00e1rbara, clubes de p\u00e1del, campos de golf, mercados locales y conexiones de transporte.<\/p>\n\t\t\t\t\t\t\t\t<\/div>\n\t\t\t\t\t<\/div>\n\t\t\t\t<\/div>\n\t\t<div class=\"elementor-element elementor-element-55490e33 e-flex e-con-boxed e-con e-parent\" data-id=\"55490e33\" data-element_type=\"container\" data-e-type=\"container\">\n\t\t\t\t\t<div class=\"e-con-inner\">\n\t\t\t\t<div class=\"elementor-element elementor-element-12322676 elementor-widget elementor-widget-heading\" data-id=\"12322676\" data-element_type=\"widget\" data-e-type=\"widget\" data-widget_type=\"heading.default\">\n\t\t\t\t\t<h2 class=\"elementor-heading-title elementor-size-default\">Cont\u00e1ctanos<\/h2>\t\t\t\t<\/div>\n\t\t\t\t<div class=\"elementor-element elementor-element-720168ee elementor-button-align-start elementor-widget elementor-widget-global elementor-global-28106 elementor-global-8047 elementor-widget-form\" data-id=\"720168ee\" data-element_type=\"widget\" data-e-type=\"widget\" data-settings=\"{&quot;button_width&quot;:&quot;25&quot;,&quot;step_next_label&quot;:&quot;Siguiente&quot;,&quot;step_previous_label&quot;:&quot;Anterior&quot;,&quot;step_type&quot;:&quot;number_text&quot;,&quot;step_icon_shape&quot;:&quot;circle&quot;}\" data-widget_type=\"form.default\">\n\t\t\t\t\t\t\t<form class=\"elementor-form\" method=\"post\" id=\"getintouch\" name=\"Cont\u00e1ctanos\" aria-label=\"Cont\u00e1ctanos\">\n\t\t\t<input type=\"hidden\" name=\"post_id\" value=\"31578\"\/>\n\t\t\t<input type=\"hidden\" name=\"form_id\" value=\"720168ee\"\/>\n\t\t\t<input type=\"hidden\" name=\"referer_title\" value=\"Costa Blanca Buyers by Yohanne &amp; Jacqueline\" \/>\n\n\t\t\t\n\t\t\t<div class=\"elementor-form-fields-wrapper elementor-labels-\">\n\t\t\t\t\t\t\t\t<div class=\"elementor-field-type-text elementor-field-group elementor-column elementor-field-group-name elementor-col-100\">\n\t\t\t\t\t\t\t\t\t\t\t\t<label for=\"form-field-name\" class=\"elementor-field-label elementor-screen-only\">\n\t\t\t\t\t\t\t\tNombre\t\t\t\t\t\t\t<\/label>\n\t\t\t\t\t\t\t\t\t\t\t\t\t\t<input size=\"1\" type=\"text\" name=\"form_fields[name]\" id=\"form-field-name\" class=\"elementor-field elementor-size-sm  elementor-field-textual\" placeholder=\"Nombre y apellidos\">\n\t\t\t\t\t\t\t\t\t\t\t<\/div>\n\t\t\t\t\t\t\t\t<div class=\"elementor-field-type-email elementor-field-group elementor-column elementor-field-group-email elementor-col-100 elementor-field-required\">\n\t\t\t\t\t\t\t\t\t\t\t\t<label for=\"form-field-email\" class=\"elementor-field-label elementor-screen-only\">\n\t\t\t\t\t\t\t\tCorreo electr\u00f3nico\t\t\t\t\t\t\t<\/label>\n\t\t\t\t\t\t\t\t\t\t\t\t\t\t<input size=\"1\" type=\"email\" name=\"form_fields[email]\" id=\"form-field-email\" class=\"elementor-field elementor-size-sm  elementor-field-textual\" placeholder=\"Correo electr\u00f3nico\" required=\"required\">\n\t\t\t\t\t\t\t\t\t\t\t<\/div>\n\t\t\t\t\t\t\t\t<div class=\"elementor-field-type-tel elementor-field-group elementor-column elementor-field-group-phone elementor-col-100\">\n\t\t\t\t\t\t\t\t\t\t\t\t<label for=\"form-field-phone\" class=\"elementor-field-label elementor-screen-only\">\n\t\t\t\t\t\t\t\tTel\u00e9fono\t\t\t\t\t\t\t<\/label>\n\t\t\t\t\t\t\t\t<input size=\"1\" type=\"tel\" name=\"form_fields[phone]\" id=\"form-field-phone\" class=\"elementor-field elementor-size-sm  elementor-field-textual\" placeholder=\"Tel\u00e9fono \/ WhatsApp\" pattern=\"[0-9()#&amp;+*-=.]+\" title=\"Solo se aceptan n\u00fameros y caracteres de tel\u00e9fono (#,-,*,etc).\">\n\n\t\t\t\t\t\t<\/div>\n\t\t\t\t\t\t\t\t<div class=\"elementor-field-type-select elementor-field-group elementor-column elementor-field-group-field_60ba265 elementor-col-100 elementor-field-required\">\n\t\t\t\t\t\t\t\t\t\t\t\t<label for=\"form-field-field_60ba265\" class=\"elementor-field-label elementor-screen-only\">\n\t\t\t\t\t\t\t\tInteresado en:\t\t\t\t\t\t\t<\/label>\n\t\t\t\t\t\t\t\t<div class=\"elementor-field elementor-select-wrapper remove-before \">\n\t\t\t<div class=\"select-caret-down-wrapper\">\n\t\t\t\t<svg aria-hidden=\"true\" class=\"e-font-icon-svg e-eicon-caret-down\" viewBox=\"0 0 571.4 571.4\" xmlns=\"http:\/\/www.w3.org\/2000\/svg\"><path d=\"M571 393Q571 407 561 418L311 668Q300 679 286 679T261 668L11 418Q0 407 0 393T11 368 36 357H536Q550 357 561 368T571 393Z\"><\/path><\/svg>\t\t\t<\/div>\n\t\t\t<select name=\"form_fields[field_60ba265]\" id=\"form-field-field_60ba265\" class=\"elementor-field-textual elementor-size-sm\" required=\"required\">\n\t\t\t\t\t\t\t\t\t<option value=\"Estoy interesado en:\">Estoy interesado en:<\/option>\n\t\t\t\t\t\t\t\t\t<option value=\"Esta propiedad\">Esta propiedad<\/option>\n\t\t\t\t\t\t\t\t\t<option value=\"Solicitud de visita\">Solicitud de visita<\/option>\n\t\t\t\t\t\t\t\t\t<option value=\"Precio y disponibilidad\">Precio y disponibilidad<\/option>\n\t\t\t\t\t\t\t\t\t<option value=\"Proceso de compra en Espa\u00f1a\">Proceso de compra en Espa\u00f1a<\/option>\n\t\t\t\t\t\t\t\t\t<option value=\"Otra informaci\u00f3n\">Otra informaci\u00f3n<\/option>\n\t\t\t\t\t\t\t<\/select>\n\t\t<\/div>\n\t\t\t\t\t\t<\/div>\n\t\t\t\t\t\t\t\t<div class=\"elementor-field-type-textarea elementor-field-group elementor-column elementor-field-group-message elementor-col-100\">\n\t\t\t\t\t\t\t\t\t\t\t\t<label for=\"form-field-message\" class=\"elementor-field-label elementor-screen-only\">\n\t\t\t\t\t\t\t\tMensaje\t\t\t\t\t\t\t<\/label>\n\t\t\t\t\t\t<textarea class=\"elementor-field-textual elementor-field  elementor-size-sm\" name=\"form_fields[message]\" id=\"form-field-message\" rows=\"4\" placeholder=\"Your message: You can ask questions, request details, or tell us how we can help\"><\/textarea>\t\t\t\t<\/div>\n\t\t\t\t\t\t\t\t<div class=\"elementor-field-type-hidden elementor-field-group elementor-column elementor-field-group-page_or_property elementor-col-100\">\n\t\t\t\t\t\t\t\t\t\t\t\t\t<input size=\"1\" type=\"hidden\" name=\"form_fields[page_or_property]\" id=\"form-field-page_or_property\" class=\"elementor-field elementor-size-sm  elementor-field-textual\">\n\t\t\t\t\t\t\t\t\t\t\t<\/div>\n\t\t\t\t\t\t\t\t<div class=\"elementor-field-group elementor-column elementor-field-type-submit elementor-col-25 e-form__buttons\">\n\t\t\t\t\t<button class=\"elementor-button elementor-size-sm\" type=\"submit\">\n\t\t\t\t\t\t<span class=\"elementor-button-content-wrapper\">\n\t\t\t\t\t\t\t\t\t\t\t\t\t\t\t\t\t\t\t\t\t\t<span class=\"elementor-button-text\">enviar<\/span>\n\t\t\t\t\t\t\t\t\t\t\t\t\t<\/span>\n\t\t\t\t\t<\/button>\n\t\t\t\t<\/div>\n\t\t\t<\/div>\n\t\t<\/form>\n\t\t\t\t\t\t<\/div>\n\t\t\t\t\t<\/div>\n\t\t\t\t<\/div>\n\t\t\t\t<\/div>\n\t\t","protected":false},"excerpt":{"rendered":"<p>Alicante es la capital de la Costa Blanca y ofrece una combinaci\u00f3n perfecta de estilo de vida mediterr\u00e1neo, playas, cultura y una excelente infraestructura. <\/p>\n","protected":false},"author":1,"featured_media":30068,"parent":31635,"menu_order":50,"comment_status":"closed","ping_status":"closed","template":"elementor_header_footer","meta":{"footnotes":""},"class_list":["post-31578","page","type-page","status-publish","has-post-thumbnail","hentry"],"yoast_head":"<!-- This site is optimized with the Yoast SEO plugin v27.6 - https:\/\/yoast.com\/product\/yoast-seo-wordpress\/ -->\n<title>Alicante - Costa Blanca Buyers by Yohanne &amp; Jacqueline<\/title>\n<meta name=\"description\" content=\"Alicante es la capital de la Costa Blanca y ofrece una combinaci\u00f3n perfecta de estilo de vida mediterr\u00e1neo, playas, cultura y una excelente infraestructura.\" \/>\n<meta name=\"robots\" content=\"index, follow, max-snippet:-1, max-image-preview:large, max-video-preview:-1\" \/>\n<link rel=\"canonical\" href=\"https:\/\/costablancabuyers.com\/es\/costa-blanca\/alicante\/\" \/>\n<meta property=\"og:locale\" content=\"es_ES\" \/>\n<meta property=\"og:type\" content=\"article\" \/>\n<meta property=\"og:title\" content=\"Alicante - Costa Blanca Buyers by Yohanne &amp; Jacqueline\" \/>\n<meta property=\"og:description\" content=\"Alicante es la capital de la Costa Blanca y ofrece una combinaci\u00f3n perfecta de estilo de vida mediterr\u00e1neo, playas, cultura y una excelente infraestructura.\" \/>\n<meta property=\"og:url\" content=\"https:\/\/costablancabuyers.com\/es\/costa-blanca\/alicante\/\" \/>\n<meta property=\"og:site_name\" content=\"Costa Blanca Buyers by Yohanne &amp; Jacqueline\" \/>\n<meta property=\"article:modified_time\" content=\"2026-03-04T18:08:44+00:00\" \/>\n<meta property=\"og:image\" content=\"https:\/\/costablancabuyers.com\/wp-content\/uploads\/2026\/02\/Alicante.jpg\" \/>\n\t<meta property=\"og:image:width\" content=\"1536\" \/>\n\t<meta property=\"og:image:height\" content=\"1024\" \/>\n\t<meta property=\"og:image:type\" content=\"image\/jpeg\" \/>\n<meta name=\"twitter:card\" content=\"summary_large_image\" \/>\n<meta name=\"twitter:label1\" content=\"Tiempo de lectura\" \/>\n\t<meta name=\"twitter:data1\" content=\"4 minutos\" \/>\n<script type=\"application\/ld+json\" class=\"yoast-schema-graph\">{\"@context\":\"https:\\\/\\\/schema.org\",\"@graph\":[{\"@type\":\"WebPage\",\"@id\":\"https:\\\/\\\/costablancabuyers.com\\\/es\\\/costa-blanca\\\/alicante\\\/\",\"url\":\"https:\\\/\\\/costablancabuyers.com\\\/es\\\/costa-blanca\\\/alicante\\\/\",\"name\":\"Alicante - Costa Blanca Buyers by Yohanne &amp; Jacqueline\",\"isPartOf\":{\"@id\":\"https:\\\/\\\/costablancabuyers.com\\\/es\\\/#website\"},\"primaryImageOfPage\":{\"@id\":\"https:\\\/\\\/costablancabuyers.com\\\/es\\\/costa-blanca\\\/alicante\\\/#primaryimage\"},\"image\":{\"@id\":\"https:\\\/\\\/costablancabuyers.com\\\/es\\\/costa-blanca\\\/alicante\\\/#primaryimage\"},\"thumbnailUrl\":\"https:\\\/\\\/costablancabuyers.com\\\/wp-content\\\/uploads\\\/2026\\\/02\\\/Alicante.jpg\",\"datePublished\":\"2026-02-02T10:17:48+00:00\",\"dateModified\":\"2026-03-04T18:08:44+00:00\",\"description\":\"Alicante es la capital de la Costa Blanca y ofrece una combinaci\u00f3n perfecta de estilo de vida mediterr\u00e1neo, playas, cultura y una excelente infraestructura.\",\"breadcrumb\":{\"@id\":\"https:\\\/\\\/costablancabuyers.com\\\/es\\\/costa-blanca\\\/alicante\\\/#breadcrumb\"},\"inLanguage\":\"es\",\"potentialAction\":[{\"@type\":\"ReadAction\",\"target\":[\"https:\\\/\\\/costablancabuyers.com\\\/es\\\/costa-blanca\\\/alicante\\\/\"]}]},{\"@type\":\"ImageObject\",\"inLanguage\":\"es\",\"@id\":\"https:\\\/\\\/costablancabuyers.com\\\/es\\\/costa-blanca\\\/alicante\\\/#primaryimage\",\"url\":\"https:\\\/\\\/costablancabuyers.com\\\/wp-content\\\/uploads\\\/2026\\\/02\\\/Alicante.jpg\",\"contentUrl\":\"https:\\\/\\\/costablancabuyers.com\\\/wp-content\\\/uploads\\\/2026\\\/02\\\/Alicante.jpg\",\"width\":1536,\"height\":1024,\"caption\":\"alicante\"},{\"@type\":\"BreadcrumbList\",\"@id\":\"https:\\\/\\\/costablancabuyers.com\\\/es\\\/costa-blanca\\\/alicante\\\/#breadcrumb\",\"itemListElement\":[{\"@type\":\"ListItem\",\"position\":1,\"name\":\"Home\",\"item\":\"https:\\\/\\\/costablancabuyers.com\\\/es\\\/\"},{\"@type\":\"ListItem\",\"position\":2,\"name\":\"Costa Blanca\",\"item\":\"https:\\\/\\\/costablancabuyers.com\\\/es\\\/costa-blanca\\\/\"},{\"@type\":\"ListItem\",\"position\":3,\"name\":\"Alicante\"}]},{\"@type\":\"WebSite\",\"@id\":\"https:\\\/\\\/costablancabuyers.com\\\/es\\\/#website\",\"url\":\"https:\\\/\\\/costablancabuyers.com\\\/es\\\/\",\"name\":\"Costa Blanca Buyers by Yohanne & Jacqueline\",\"description\":\"\",\"publisher\":{\"@id\":\"https:\\\/\\\/costablancabuyers.com\\\/es\\\/#organization\"},\"potentialAction\":[{\"@type\":\"SearchAction\",\"target\":{\"@type\":\"EntryPoint\",\"urlTemplate\":\"https:\\\/\\\/costablancabuyers.com\\\/es\\\/?s={search_term_string}\"},\"query-input\":{\"@type\":\"PropertyValueSpecification\",\"valueRequired\":true,\"valueName\":\"search_term_string\"}}],\"inLanguage\":\"es\"},{\"@type\":\"Organization\",\"@id\":\"https:\\\/\\\/costablancabuyers.com\\\/es\\\/#organization\",\"name\":\"Costa Blanca Buyers by Yohanne & Jacqueline\",\"url\":\"https:\\\/\\\/costablancabuyers.com\\\/es\\\/\",\"logo\":{\"@type\":\"ImageObject\",\"inLanguage\":\"es\",\"@id\":\"https:\\\/\\\/costablancabuyers.com\\\/es\\\/#\\\/schema\\\/logo\\\/image\\\/\",\"url\":\"https:\\\/\\\/costablancabuyers.com\\\/wp-content\\\/uploads\\\/2026\\\/01\\\/logo.svg\",\"contentUrl\":\"https:\\\/\\\/costablancabuyers.com\\\/wp-content\\\/uploads\\\/2026\\\/01\\\/logo.svg\",\"width\":500,\"height\":500,\"caption\":\"Costa Blanca Buyers by Yohanne & Jacqueline\"},\"image\":{\"@id\":\"https:\\\/\\\/costablancabuyers.com\\\/es\\\/#\\\/schema\\\/logo\\\/image\\\/\"}}]}<\/script>\n<!-- \/ Yoast SEO plugin. -->","yoast_head_json":{"title":"Alicante - Costa Blanca Buyers by Yohanne &amp; Jacqueline","description":"Alicante es la capital de la Costa Blanca y ofrece una combinaci\u00f3n perfecta de estilo de vida mediterr\u00e1neo, playas, cultura y una excelente infraestructura.","robots":{"index":"index","follow":"follow","max-snippet":"max-snippet:-1","max-image-preview":"max-image-preview:large","max-video-preview":"max-video-preview:-1"},"canonical":"https:\/\/costablancabuyers.com\/es\/costa-blanca\/alicante\/","og_locale":"es_ES","og_type":"article","og_title":"Alicante - Costa Blanca Buyers by Yohanne &amp; Jacqueline","og_description":"Alicante es la capital de la Costa Blanca y ofrece una combinaci\u00f3n perfecta de estilo de vida mediterr\u00e1neo, playas, cultura y una excelente infraestructura.","og_url":"https:\/\/costablancabuyers.com\/es\/costa-blanca\/alicante\/","og_site_name":"Costa Blanca Buyers by Yohanne &amp; Jacqueline","article_modified_time":"2026-03-04T18:08:44+00:00","og_image":[{"width":1536,"height":1024,"url":"https:\/\/costablancabuyers.com\/wp-content\/uploads\/2026\/02\/Alicante.jpg","type":"image\/jpeg"}],"twitter_card":"summary_large_image","twitter_misc":{"Tiempo de lectura":"4 minutos"},"schema":{"@context":"https:\/\/schema.org","@graph":[{"@type":"WebPage","@id":"https:\/\/costablancabuyers.com\/es\/costa-blanca\/alicante\/","url":"https:\/\/costablancabuyers.com\/es\/costa-blanca\/alicante\/","name":"Alicante - Costa Blanca Buyers by Yohanne &amp; Jacqueline","isPartOf":{"@id":"https:\/\/costablancabuyers.com\/es\/#website"},"primaryImageOfPage":{"@id":"https:\/\/costablancabuyers.com\/es\/costa-blanca\/alicante\/#primaryimage"},"image":{"@id":"https:\/\/costablancabuyers.com\/es\/costa-blanca\/alicante\/#primaryimage"},"thumbnailUrl":"https:\/\/costablancabuyers.com\/wp-content\/uploads\/2026\/02\/Alicante.jpg","datePublished":"2026-02-02T10:17:48+00:00","dateModified":"2026-03-04T18:08:44+00:00","description":"Alicante es la capital de la Costa Blanca y ofrece una combinaci\u00f3n perfecta de estilo de vida mediterr\u00e1neo, playas, cultura y una excelente infraestructura.","breadcrumb":{"@id":"https:\/\/costablancabuyers.com\/es\/costa-blanca\/alicante\/#breadcrumb"},"inLanguage":"es","potentialAction":[{"@type":"ReadAction","target":["https:\/\/costablancabuyers.com\/es\/costa-blanca\/alicante\/"]}]},{"@type":"ImageObject","inLanguage":"es","@id":"https:\/\/costablancabuyers.com\/es\/costa-blanca\/alicante\/#primaryimage","url":"https:\/\/costablancabuyers.com\/wp-content\/uploads\/2026\/02\/Alicante.jpg","contentUrl":"https:\/\/costablancabuyers.com\/wp-content\/uploads\/2026\/02\/Alicante.jpg","width":1536,"height":1024,"caption":"alicante"},{"@type":"BreadcrumbList","@id":"https:\/\/costablancabuyers.com\/es\/costa-blanca\/alicante\/#breadcrumb","itemListElement":[{"@type":"ListItem","position":1,"name":"Home","item":"https:\/\/costablancabuyers.com\/es\/"},{"@type":"ListItem","position":2,"name":"Costa Blanca","item":"https:\/\/costablancabuyers.com\/es\/costa-blanca\/"},{"@type":"ListItem","position":3,"name":"Alicante"}]},{"@type":"WebSite","@id":"https:\/\/costablancabuyers.com\/es\/#website","url":"https:\/\/costablancabuyers.com\/es\/","name":"Costa Blanca Buyers by Yohanne & Jacqueline","description":"","publisher":{"@id":"https:\/\/costablancabuyers.com\/es\/#organization"},"potentialAction":[{"@type":"SearchAction","target":{"@type":"EntryPoint","urlTemplate":"https:\/\/costablancabuyers.com\/es\/?s={search_term_string}"},"query-input":{"@type":"PropertyValueSpecification","valueRequired":true,"valueName":"search_term_string"}}],"inLanguage":"es"},{"@type":"Organization","@id":"https:\/\/costablancabuyers.com\/es\/#organization","name":"Costa Blanca Buyers by Yohanne & Jacqueline","url":"https:\/\/costablancabuyers.com\/es\/","logo":{"@type":"ImageObject","inLanguage":"es","@id":"https:\/\/costablancabuyers.com\/es\/#\/schema\/logo\/image\/","url":"https:\/\/costablancabuyers.com\/wp-content\/uploads\/2026\/01\/logo.svg","contentUrl":"https:\/\/costablancabuyers.com\/wp-content\/uploads\/2026\/01\/logo.svg","width":500,"height":500,"caption":"Costa Blanca Buyers by Yohanne & Jacqueline"},"image":{"@id":"https:\/\/costablancabuyers.com\/es\/#\/schema\/logo\/image\/"}}]}},"_links":{"self":[{"href":"https:\/\/costablancabuyers.com\/es\/wp-json\/wp\/v2\/pages\/31578","targetHints":{"allow":["GET"]}}],"collection":[{"href":"https:\/\/costablancabuyers.com\/es\/wp-json\/wp\/v2\/pages"}],"about":[{"href":"https:\/\/costablancabuyers.com\/es\/wp-json\/wp\/v2\/types\/page"}],"author":[{"embeddable":true,"href":"https:\/\/costablancabuyers.com\/es\/wp-json\/wp\/v2\/users\/1"}],"replies":[{"embeddable":true,"href":"https:\/\/costablancabuyers.com\/es\/wp-json\/wp\/v2\/comments?post=31578"}],"version-history":[{"count":0,"href":"https:\/\/costablancabuyers.com\/es\/wp-json\/wp\/v2\/pages\/31578\/revisions"}],"up":[{"embeddable":true,"href":"https:\/\/costablancabuyers.com\/es\/wp-json\/wp\/v2\/pages\/31635"}],"wp:featuredmedia":[{"embeddable":true,"href":"https:\/\/costablancabuyers.com\/es\/wp-json\/wp\/v2\/media\/30068"}],"wp:attachment":[{"href":"https:\/\/costablancabuyers.com\/es\/wp-json\/wp\/v2\/media?parent=31578"}],"curies":[{"name":"wp","href":"https:\/\/api.w.org\/{rel}","templated":true}]}}