{"id":31613,"date":"2026-02-02T11:17:17","date_gmt":"2026-02-02T10:17:17","guid":{"rendered":"https:\/\/costablancabuyers.com\/denia\/"},"modified":"2026-03-20T11:39:25","modified_gmt":"2026-03-20T10:39:25","slug":"denia","status":"publish","type":"page","link":"https:\/\/costablancabuyers.com\/es\/costa-blanca\/denia\/","title":{"rendered":"Denia"},"content":{"rendered":"\t\t<div data-elementor-type=\"wp-page\" data-elementor-id=\"31613\" class=\"elementor elementor-31613 elementor-7995\" data-elementor-post-type=\"page\">\n\t\t\t\t<div class=\"elementor-element elementor-element-7ad7b988 e-flex e-con-boxed e-con e-parent\" data-id=\"7ad7b988\" data-element_type=\"container\" data-e-type=\"container\">\n\t\t\t\t\t<div class=\"e-con-inner\">\n\t\t\t\t<div class=\"elementor-element elementor-element-44cc8435 elementor-widget elementor-widget-image\" data-id=\"44cc8435\" data-element_type=\"widget\" data-e-type=\"widget\" data-widget_type=\"image.default\">\n\t\t\t\t\t\t\t\t\t\t\t\t\t\t\t<img fetchpriority=\"high\" decoding=\"async\" width=\"1536\" height=\"1024\" src=\"https:\/\/costablancabuyers.com\/wp-content\/uploads\/2026\/02\/Denia.jpg\" class=\"attachment-full size-full wp-image-30067\" alt=\"denia\" \/>\t\t\t\t\t\t\t\t\t\t\t\t\t\t\t<\/div>\n\t\t\t\t\t<\/div>\n\t\t\t\t<\/div>\n\t\t<div class=\"elementor-element elementor-element-ae9ed46 e-con-full e-flex e-con e-parent\" data-id=\"ae9ed46\" data-element_type=\"container\" data-e-type=\"container\">\n\t\t\t\t<div class=\"elementor-element elementor-element-1114a99 elementor-widget elementor-widget-heading\" data-id=\"1114a99\" data-element_type=\"widget\" data-e-type=\"widget\" data-widget_type=\"heading.default\">\n\t\t\t\t\t<h2 class=\"elementor-heading-title elementor-size-default\">D\u00e9nia \u2013 Costa Blanca<\/h2>\t\t\t\t<\/div>\n\t\t\t\t<div class=\"elementor-element elementor-element-4c55a8c elementor-widget elementor-widget-text-editor\" data-id=\"4c55a8c\" data-element_type=\"widget\" data-e-type=\"widget\" data-widget_type=\"text-editor.default\">\n\t\t\t\t\t\t\t\t\t<p>D\u00e9nia es una de las ciudades m\u00e1s completas y equilibradas de la Costa Blanca, combinando vida portuaria, largas playas, gastronom\u00eda, naturaleza y vida durante todo el a\u00f1o. Es especialmente atractiva para compradores internacionales que buscan una aut\u00e9ntica ciudad espa\u00f1ola con excelentes servicios, instalaciones deportivas y un fuerte valor a largo plazo.<\/p>\n<h3>Vivir en D\u00e9nia<\/h3>\n<p>D\u00e9nia cuenta con aproximadamente 45.000 residentes permanentes y una comunidad internacional diversa, incluyendo residentes holandeses, belgas, alemanes, franceses y brit\u00e1nicos. A diferencia de las ciudades tur\u00edsticas estacionales, D\u00e9nia funciona todo el a\u00f1o, con colegios, hospitales, comercios y vida cultural activos incluso en invierno.<\/p>\n<p>Zonas residenciales principales:<\/p>\n<ul>\n<li>Centro &amp; puerto \u2013 vida a pie, restaurantes, marina<\/li>\n<li>Las Marinas \u2013 playas de arena, apartamentos, ideal para familias<\/li>\n<li>Las Rotas \u2013 calas naturales, villas, entorno tranquilo<\/li>\n<li>Zona Montg\u00f3 \u2013 villas con vistas, entorno natural<\/li>\n<\/ul>\n<p><\/p>\n<h3>Puerto, Marina y Conectividad<\/h3>\n<p>D\u00e9nia es una ciudad portuaria clave del Mediterr\u00e1neo.<\/p>\n<p>Marina de D\u00e9nia \u2013 marina moderna con restaurantes y servicios n\u00e1uticos<br \/><a href=\"https:\/\/www.marinadedenia.com\/\">https:\/\/www.marinadedeniya.com<\/a><\/p>\n<p>Conexiones en ferry a Ibiza y Formentera<br \/><a href=\"https:\/\/www.balearia.com\/\">https:\/\/www.balearia.com<\/a><\/p>\n<h3>Playas y Naturaleza<\/h3>\n<p><\/p>\n<ul>\n<li>Las Marinas \u2013 playas largas de arena<\/li>\n<li>Las Rotas \u2013 calas rocosas y naturaleza protegida<\/li>\n<\/ul>\n<p>Parque Natural del Montg\u00f3, con rutas de senderismo y vistas panor\u00e1micas<br \/><a href=\"https:\/\/parquesnaturales.gva.es\/es\/web\/pn-montgo\">https:\/\/parquesnaturales.gva.es\/es\/web\/pn-montgo<\/a><\/p>\n<h3>Deporte, Padel y Vida Activa<\/h3>\n<p>Padel Point D\u00e9nia es nuestro club favorito y donde jugamos habitualmente.<br \/><a href=\"https:\/\/padelpoint.es\/club\/denia\">https:\/\/padelpoint.es\/club\/denia<\/a><\/p>\n<h3>Golf cerca de D\u00e9nia<\/h3>\n<p><\/p>\n<ul>\n<li>La Sella Golf Resort \u2013 campo de golf de 27 hoyos<br \/>\n<a href=\"https:\/\/www.lasellagolf.com\/\">https:\/\/www.lasellagolf.com<\/a><\/li>\n<\/ul>\n<p><\/p>\n<h3>Mercados y Producto Fresco<\/h3>\n<p>Mercado Municipal de D\u00e9nia \u2013 lunes a s\u00e1bado<br \/><a href=\"https:\/\/www.visitdenia.com\/mercado-municipal\">https:\/\/www.visitdenia.com\/mercado-municipal<\/a><\/p>\n<h3>Gastronom\u00eda<\/h3>\n<p>D\u00e9nia es Ciudad Creativa de la Gastronom\u00eda por la UNESCO.<\/p>\n<h3>Comprar Propiedad en D\u00e9nia<\/h3>\n<p>Ideal para compradores que buscan ciudad real, vida todo el a\u00f1o y valor estable.<\/p>\n\t\t\t\t\t\t\t\t<\/div>\n\t\t\t\t<\/div>\n\t\t<div class=\"elementor-element elementor-element-4c5d33a8 e-flex e-con-boxed e-con e-parent\" data-id=\"4c5d33a8\" data-element_type=\"container\" data-e-type=\"container\">\n\t\t\t\t\t<div class=\"e-con-inner\">\n\t\t\t\t<div class=\"elementor-element elementor-element-6be5fece elementor-widget elementor-widget-heading\" data-id=\"6be5fece\" data-element_type=\"widget\" data-e-type=\"widget\" data-widget_type=\"heading.default\">\n\t\t\t\t\t<h2 class=\"elementor-heading-title elementor-size-default\">Cont\u00e1ctanos<\/h2>\t\t\t\t<\/div>\n\t\t\t\t<div class=\"elementor-element elementor-element-521b8727 elementor-button-align-start elementor-widget elementor-widget-global elementor-global-28106 elementor-global-8047 elementor-widget-form\" data-id=\"521b8727\" data-element_type=\"widget\" data-e-type=\"widget\" data-settings=\"{&quot;button_width&quot;:&quot;25&quot;,&quot;step_next_label&quot;:&quot;Siguiente&quot;,&quot;step_previous_label&quot;:&quot;Anterior&quot;,&quot;step_type&quot;:&quot;number_text&quot;,&quot;step_icon_shape&quot;:&quot;circle&quot;}\" data-widget_type=\"form.default\">\n\t\t\t\t\t\t\t<form class=\"elementor-form\" method=\"post\" id=\"getintouch\" name=\"Cont\u00e1ctanos\" aria-label=\"Cont\u00e1ctanos\">\n\t\t\t<input type=\"hidden\" name=\"post_id\" value=\"31613\"\/>\n\t\t\t<input type=\"hidden\" name=\"form_id\" value=\"521b8727\"\/>\n\t\t\t<input type=\"hidden\" name=\"referer_title\" value=\"Costa Blanca Buyers by Yohanne &amp; Jacqueline\" \/>\n\n\t\t\t\n\t\t\t<div class=\"elementor-form-fields-wrapper elementor-labels-\">\n\t\t\t\t\t\t\t\t<div class=\"elementor-field-type-text elementor-field-group elementor-column elementor-field-group-name elementor-col-100\">\n\t\t\t\t\t\t\t\t\t\t\t\t<label for=\"form-field-name\" class=\"elementor-field-label elementor-screen-only\">\n\t\t\t\t\t\t\t\tNombre\t\t\t\t\t\t\t<\/label>\n\t\t\t\t\t\t\t\t\t\t\t\t\t\t<input size=\"1\" type=\"text\" name=\"form_fields[name]\" id=\"form-field-name\" class=\"elementor-field elementor-size-sm  elementor-field-textual\" placeholder=\"Nombre y apellidos\">\n\t\t\t\t\t\t\t\t\t\t\t<\/div>\n\t\t\t\t\t\t\t\t<div class=\"elementor-field-type-email elementor-field-group elementor-column elementor-field-group-email elementor-col-100 elementor-field-required\">\n\t\t\t\t\t\t\t\t\t\t\t\t<label for=\"form-field-email\" class=\"elementor-field-label elementor-screen-only\">\n\t\t\t\t\t\t\t\tCorreo electr\u00f3nico\t\t\t\t\t\t\t<\/label>\n\t\t\t\t\t\t\t\t\t\t\t\t\t\t<input size=\"1\" type=\"email\" name=\"form_fields[email]\" id=\"form-field-email\" class=\"elementor-field elementor-size-sm  elementor-field-textual\" placeholder=\"Correo electr\u00f3nico\" required=\"required\">\n\t\t\t\t\t\t\t\t\t\t\t<\/div>\n\t\t\t\t\t\t\t\t<div class=\"elementor-field-type-tel elementor-field-group elementor-column elementor-field-group-phone elementor-col-100\">\n\t\t\t\t\t\t\t\t\t\t\t\t<label for=\"form-field-phone\" class=\"elementor-field-label elementor-screen-only\">\n\t\t\t\t\t\t\t\tTel\u00e9fono\t\t\t\t\t\t\t<\/label>\n\t\t\t\t\t\t\t\t<input size=\"1\" type=\"tel\" name=\"form_fields[phone]\" id=\"form-field-phone\" class=\"elementor-field elementor-size-sm  elementor-field-textual\" placeholder=\"Tel\u00e9fono \/ WhatsApp\" pattern=\"[0-9()#&amp;+*-=.]+\" title=\"Solo se aceptan n\u00fameros y caracteres de tel\u00e9fono (#,-,*,etc).\">\n\n\t\t\t\t\t\t<\/div>\n\t\t\t\t\t\t\t\t<div class=\"elementor-field-type-select elementor-field-group elementor-column elementor-field-group-field_60ba265 elementor-col-100 elementor-field-required\">\n\t\t\t\t\t\t\t\t\t\t\t\t<label for=\"form-field-field_60ba265\" class=\"elementor-field-label elementor-screen-only\">\n\t\t\t\t\t\t\t\tInteresado en:\t\t\t\t\t\t\t<\/label>\n\t\t\t\t\t\t\t\t<div class=\"elementor-field elementor-select-wrapper remove-before \">\n\t\t\t<div class=\"select-caret-down-wrapper\">\n\t\t\t\t<svg aria-hidden=\"true\" class=\"e-font-icon-svg e-eicon-caret-down\" viewBox=\"0 0 571.4 571.4\" xmlns=\"http:\/\/www.w3.org\/2000\/svg\"><path d=\"M571 393Q571 407 561 418L311 668Q300 679 286 679T261 668L11 418Q0 407 0 393T11 368 36 357H536Q550 357 561 368T571 393Z\"><\/path><\/svg>\t\t\t<\/div>\n\t\t\t<select name=\"form_fields[field_60ba265]\" id=\"form-field-field_60ba265\" class=\"elementor-field-textual elementor-size-sm\" required=\"required\">\n\t\t\t\t\t\t\t\t\t<option value=\"Estoy interesado en:\">Estoy interesado en:<\/option>\n\t\t\t\t\t\t\t\t\t<option value=\"Esta propiedad\">Esta propiedad<\/option>\n\t\t\t\t\t\t\t\t\t<option value=\"Solicitud de visita\">Solicitud de visita<\/option>\n\t\t\t\t\t\t\t\t\t<option value=\"Precio y disponibilidad\">Precio y disponibilidad<\/option>\n\t\t\t\t\t\t\t\t\t<option value=\"Proceso de compra en Espa\u00f1a\">Proceso de compra en Espa\u00f1a<\/option>\n\t\t\t\t\t\t\t\t\t<option value=\"Otra informaci\u00f3n\">Otra informaci\u00f3n<\/option>\n\t\t\t\t\t\t\t<\/select>\n\t\t<\/div>\n\t\t\t\t\t\t<\/div>\n\t\t\t\t\t\t\t\t<div class=\"elementor-field-type-textarea elementor-field-group elementor-column elementor-field-group-message elementor-col-100\">\n\t\t\t\t\t\t\t\t\t\t\t\t<label for=\"form-field-message\" class=\"elementor-field-label elementor-screen-only\">\n\t\t\t\t\t\t\t\tMensaje\t\t\t\t\t\t\t<\/label>\n\t\t\t\t\t\t<textarea class=\"elementor-field-textual elementor-field  elementor-size-sm\" name=\"form_fields[message]\" id=\"form-field-message\" rows=\"4\" placeholder=\"Your message: You can ask questions, request details, or tell us how we can help\"><\/textarea>\t\t\t\t<\/div>\n\t\t\t\t\t\t\t\t<div class=\"elementor-field-type-hidden elementor-field-group elementor-column elementor-field-group-page_or_property elementor-col-100\">\n\t\t\t\t\t\t\t\t\t\t\t\t\t<input size=\"1\" type=\"hidden\" name=\"form_fields[page_or_property]\" id=\"form-field-page_or_property\" class=\"elementor-field elementor-size-sm  elementor-field-textual\">\n\t\t\t\t\t\t\t\t\t\t\t<\/div>\n\t\t\t\t\t\t\t\t<div class=\"elementor-field-group elementor-column elementor-field-type-submit elementor-col-25 e-form__buttons\">\n\t\t\t\t\t<button class=\"elementor-button elementor-size-sm\" type=\"submit\">\n\t\t\t\t\t\t<span class=\"elementor-button-content-wrapper\">\n\t\t\t\t\t\t\t\t\t\t\t\t\t\t\t\t\t\t\t\t\t\t<span class=\"elementor-button-text\">enviar<\/span>\n\t\t\t\t\t\t\t\t\t\t\t\t\t<\/span>\n\t\t\t\t\t<\/button>\n\t\t\t\t<\/div>\n\t\t\t<\/div>\n\t\t<\/form>\n\t\t\t\t\t\t<\/div>\n\t\t\t\t\t<\/div>\n\t\t\t\t<\/div>\n\t\t\t\t<\/div>\n\t\t","protected":false},"excerpt":{"rendered":"<p>D\u00e9nia es una de las ciudades m\u00e1s equilibradas de la Costa Blanca, combinando vida portuaria, largas playas, gastronom\u00eda, naturaleza y vida durante todo el a\u00f1o. <\/p>\n","protected":false},"author":1,"featured_media":30067,"parent":31635,"menu_order":40,"comment_status":"closed","ping_status":"closed","template":"elementor_header_footer","meta":{"footnotes":""},"class_list":["post-31613","page","type-page","status-publish","has-post-thumbnail","hentry"],"yoast_head":"<!-- This site is optimized with the Yoast SEO plugin v27.6 - https:\/\/yoast.com\/product\/yoast-seo-wordpress\/ -->\n<title>Denia - Costa Blanca Buyers by Yohanne &amp; Jacqueline<\/title>\n<meta name=\"description\" content=\"D\u00e9nia es una de las ciudades m\u00e1s equilibradas de la Costa Blanca, combinando vida portuaria, largas playas, gastronom\u00eda, naturaleza y vida durante todo el a\u00f1o.\" \/>\n<meta name=\"robots\" content=\"index, follow, max-snippet:-1, max-image-preview:large, max-video-preview:-1\" \/>\n<link rel=\"canonical\" href=\"https:\/\/costablancabuyers.com\/es\/costa-blanca\/denia\/\" \/>\n<meta property=\"og:locale\" content=\"es_ES\" \/>\n<meta property=\"og:type\" content=\"article\" \/>\n<meta property=\"og:title\" content=\"Denia - Costa Blanca Buyers by Yohanne &amp; Jacqueline\" \/>\n<meta property=\"og:description\" content=\"D\u00e9nia es una de las ciudades m\u00e1s equilibradas de la Costa Blanca, combinando vida portuaria, largas playas, gastronom\u00eda, naturaleza y vida durante todo el a\u00f1o.\" \/>\n<meta property=\"og:url\" content=\"https:\/\/costablancabuyers.com\/es\/costa-blanca\/denia\/\" \/>\n<meta property=\"og:site_name\" content=\"Costa Blanca Buyers by Yohanne &amp; Jacqueline\" \/>\n<meta property=\"article:modified_time\" content=\"2026-03-20T10:39:25+00:00\" \/>\n<meta property=\"og:image\" content=\"https:\/\/costablancabuyers.com\/wp-content\/uploads\/2026\/02\/Denia.jpg\" \/>\n\t<meta property=\"og:image:width\" content=\"1536\" \/>\n\t<meta property=\"og:image:height\" content=\"1024\" \/>\n\t<meta property=\"og:image:type\" content=\"image\/jpeg\" \/>\n<meta name=\"twitter:card\" content=\"summary_large_image\" \/>\n<meta name=\"twitter:label1\" content=\"Tiempo de lectura\" \/>\n\t<meta name=\"twitter:data1\" content=\"2 minutos\" \/>\n<script type=\"application\/ld+json\" class=\"yoast-schema-graph\">{\"@context\":\"https:\\\/\\\/schema.org\",\"@graph\":[{\"@type\":\"WebPage\",\"@id\":\"https:\\\/\\\/costablancabuyers.com\\\/es\\\/costa-blanca\\\/denia\\\/\",\"url\":\"https:\\\/\\\/costablancabuyers.com\\\/es\\\/costa-blanca\\\/denia\\\/\",\"name\":\"Denia - Costa Blanca Buyers by Yohanne &amp; Jacqueline\",\"isPartOf\":{\"@id\":\"https:\\\/\\\/costablancabuyers.com\\\/es\\\/#website\"},\"primaryImageOfPage\":{\"@id\":\"https:\\\/\\\/costablancabuyers.com\\\/es\\\/costa-blanca\\\/denia\\\/#primaryimage\"},\"image\":{\"@id\":\"https:\\\/\\\/costablancabuyers.com\\\/es\\\/costa-blanca\\\/denia\\\/#primaryimage\"},\"thumbnailUrl\":\"https:\\\/\\\/costablancabuyers.com\\\/wp-content\\\/uploads\\\/2026\\\/02\\\/Denia.jpg\",\"datePublished\":\"2026-02-02T10:17:17+00:00\",\"dateModified\":\"2026-03-20T10:39:25+00:00\",\"description\":\"D\u00e9nia es una de las ciudades m\u00e1s equilibradas de la Costa Blanca, combinando vida portuaria, largas playas, gastronom\u00eda, naturaleza y vida durante todo el a\u00f1o.\",\"breadcrumb\":{\"@id\":\"https:\\\/\\\/costablancabuyers.com\\\/es\\\/costa-blanca\\\/denia\\\/#breadcrumb\"},\"inLanguage\":\"es\",\"potentialAction\":[{\"@type\":\"ReadAction\",\"target\":[\"https:\\\/\\\/costablancabuyers.com\\\/es\\\/costa-blanca\\\/denia\\\/\"]}]},{\"@type\":\"ImageObject\",\"inLanguage\":\"es\",\"@id\":\"https:\\\/\\\/costablancabuyers.com\\\/es\\\/costa-blanca\\\/denia\\\/#primaryimage\",\"url\":\"https:\\\/\\\/costablancabuyers.com\\\/wp-content\\\/uploads\\\/2026\\\/02\\\/Denia.jpg\",\"contentUrl\":\"https:\\\/\\\/costablancabuyers.com\\\/wp-content\\\/uploads\\\/2026\\\/02\\\/Denia.jpg\",\"width\":1536,\"height\":1024,\"caption\":\"denia\"},{\"@type\":\"BreadcrumbList\",\"@id\":\"https:\\\/\\\/costablancabuyers.com\\\/es\\\/costa-blanca\\\/denia\\\/#breadcrumb\",\"itemListElement\":[{\"@type\":\"ListItem\",\"position\":1,\"name\":\"Home\",\"item\":\"https:\\\/\\\/costablancabuyers.com\\\/es\\\/\"},{\"@type\":\"ListItem\",\"position\":2,\"name\":\"Costa Blanca\",\"item\":\"https:\\\/\\\/costablancabuyers.com\\\/es\\\/costa-blanca\\\/\"},{\"@type\":\"ListItem\",\"position\":3,\"name\":\"Denia\"}]},{\"@type\":\"WebSite\",\"@id\":\"https:\\\/\\\/costablancabuyers.com\\\/es\\\/#website\",\"url\":\"https:\\\/\\\/costablancabuyers.com\\\/es\\\/\",\"name\":\"Costa Blanca Buyers by Yohanne & Jacqueline\",\"description\":\"\",\"publisher\":{\"@id\":\"https:\\\/\\\/costablancabuyers.com\\\/es\\\/#organization\"},\"potentialAction\":[{\"@type\":\"SearchAction\",\"target\":{\"@type\":\"EntryPoint\",\"urlTemplate\":\"https:\\\/\\\/costablancabuyers.com\\\/es\\\/?s={search_term_string}\"},\"query-input\":{\"@type\":\"PropertyValueSpecification\",\"valueRequired\":true,\"valueName\":\"search_term_string\"}}],\"inLanguage\":\"es\"},{\"@type\":\"Organization\",\"@id\":\"https:\\\/\\\/costablancabuyers.com\\\/es\\\/#organization\",\"name\":\"Costa Blanca Buyers by Yohanne & Jacqueline\",\"url\":\"https:\\\/\\\/costablancabuyers.com\\\/es\\\/\",\"logo\":{\"@type\":\"ImageObject\",\"inLanguage\":\"es\",\"@id\":\"https:\\\/\\\/costablancabuyers.com\\\/es\\\/#\\\/schema\\\/logo\\\/image\\\/\",\"url\":\"https:\\\/\\\/costablancabuyers.com\\\/wp-content\\\/uploads\\\/2026\\\/01\\\/logo.svg\",\"contentUrl\":\"https:\\\/\\\/costablancabuyers.com\\\/wp-content\\\/uploads\\\/2026\\\/01\\\/logo.svg\",\"width\":500,\"height\":500,\"caption\":\"Costa Blanca Buyers by Yohanne & Jacqueline\"},\"image\":{\"@id\":\"https:\\\/\\\/costablancabuyers.com\\\/es\\\/#\\\/schema\\\/logo\\\/image\\\/\"}}]}<\/script>\n<!-- \/ Yoast SEO plugin. -->","yoast_head_json":{"title":"Denia - Costa Blanca Buyers by Yohanne &amp; Jacqueline","description":"D\u00e9nia es una de las ciudades m\u00e1s equilibradas de la Costa Blanca, combinando vida portuaria, largas playas, gastronom\u00eda, naturaleza y vida durante todo el a\u00f1o.","robots":{"index":"index","follow":"follow","max-snippet":"max-snippet:-1","max-image-preview":"max-image-preview:large","max-video-preview":"max-video-preview:-1"},"canonical":"https:\/\/costablancabuyers.com\/es\/costa-blanca\/denia\/","og_locale":"es_ES","og_type":"article","og_title":"Denia - Costa Blanca Buyers by Yohanne &amp; Jacqueline","og_description":"D\u00e9nia es una de las ciudades m\u00e1s equilibradas de la Costa Blanca, combinando vida portuaria, largas playas, gastronom\u00eda, naturaleza y vida durante todo el a\u00f1o.","og_url":"https:\/\/costablancabuyers.com\/es\/costa-blanca\/denia\/","og_site_name":"Costa Blanca Buyers by Yohanne &amp; Jacqueline","article_modified_time":"2026-03-20T10:39:25+00:00","og_image":[{"width":1536,"height":1024,"url":"https:\/\/costablancabuyers.com\/wp-content\/uploads\/2026\/02\/Denia.jpg","type":"image\/jpeg"}],"twitter_card":"summary_large_image","twitter_misc":{"Tiempo de lectura":"2 minutos"},"schema":{"@context":"https:\/\/schema.org","@graph":[{"@type":"WebPage","@id":"https:\/\/costablancabuyers.com\/es\/costa-blanca\/denia\/","url":"https:\/\/costablancabuyers.com\/es\/costa-blanca\/denia\/","name":"Denia - Costa Blanca Buyers by Yohanne &amp; Jacqueline","isPartOf":{"@id":"https:\/\/costablancabuyers.com\/es\/#website"},"primaryImageOfPage":{"@id":"https:\/\/costablancabuyers.com\/es\/costa-blanca\/denia\/#primaryimage"},"image":{"@id":"https:\/\/costablancabuyers.com\/es\/costa-blanca\/denia\/#primaryimage"},"thumbnailUrl":"https:\/\/costablancabuyers.com\/wp-content\/uploads\/2026\/02\/Denia.jpg","datePublished":"2026-02-02T10:17:17+00:00","dateModified":"2026-03-20T10:39:25+00:00","description":"D\u00e9nia es una de las ciudades m\u00e1s equilibradas de la Costa Blanca, combinando vida portuaria, largas playas, gastronom\u00eda, naturaleza y vida durante todo el a\u00f1o.","breadcrumb":{"@id":"https:\/\/costablancabuyers.com\/es\/costa-blanca\/denia\/#breadcrumb"},"inLanguage":"es","potentialAction":[{"@type":"ReadAction","target":["https:\/\/costablancabuyers.com\/es\/costa-blanca\/denia\/"]}]},{"@type":"ImageObject","inLanguage":"es","@id":"https:\/\/costablancabuyers.com\/es\/costa-blanca\/denia\/#primaryimage","url":"https:\/\/costablancabuyers.com\/wp-content\/uploads\/2026\/02\/Denia.jpg","contentUrl":"https:\/\/costablancabuyers.com\/wp-content\/uploads\/2026\/02\/Denia.jpg","width":1536,"height":1024,"caption":"denia"},{"@type":"BreadcrumbList","@id":"https:\/\/costablancabuyers.com\/es\/costa-blanca\/denia\/#breadcrumb","itemListElement":[{"@type":"ListItem","position":1,"name":"Home","item":"https:\/\/costablancabuyers.com\/es\/"},{"@type":"ListItem","position":2,"name":"Costa Blanca","item":"https:\/\/costablancabuyers.com\/es\/costa-blanca\/"},{"@type":"ListItem","position":3,"name":"Denia"}]},{"@type":"WebSite","@id":"https:\/\/costablancabuyers.com\/es\/#website","url":"https:\/\/costablancabuyers.com\/es\/","name":"Costa Blanca Buyers by Yohanne & Jacqueline","description":"","publisher":{"@id":"https:\/\/costablancabuyers.com\/es\/#organization"},"potentialAction":[{"@type":"SearchAction","target":{"@type":"EntryPoint","urlTemplate":"https:\/\/costablancabuyers.com\/es\/?s={search_term_string}"},"query-input":{"@type":"PropertyValueSpecification","valueRequired":true,"valueName":"search_term_string"}}],"inLanguage":"es"},{"@type":"Organization","@id":"https:\/\/costablancabuyers.com\/es\/#organization","name":"Costa Blanca Buyers by Yohanne & Jacqueline","url":"https:\/\/costablancabuyers.com\/es\/","logo":{"@type":"ImageObject","inLanguage":"es","@id":"https:\/\/costablancabuyers.com\/es\/#\/schema\/logo\/image\/","url":"https:\/\/costablancabuyers.com\/wp-content\/uploads\/2026\/01\/logo.svg","contentUrl":"https:\/\/costablancabuyers.com\/wp-content\/uploads\/2026\/01\/logo.svg","width":500,"height":500,"caption":"Costa Blanca Buyers by Yohanne & Jacqueline"},"image":{"@id":"https:\/\/costablancabuyers.com\/es\/#\/schema\/logo\/image\/"}}]}},"_links":{"self":[{"href":"https:\/\/costablancabuyers.com\/es\/wp-json\/wp\/v2\/pages\/31613","targetHints":{"allow":["GET"]}}],"collection":[{"href":"https:\/\/costablancabuyers.com\/es\/wp-json\/wp\/v2\/pages"}],"about":[{"href":"https:\/\/costablancabuyers.com\/es\/wp-json\/wp\/v2\/types\/page"}],"author":[{"embeddable":true,"href":"https:\/\/costablancabuyers.com\/es\/wp-json\/wp\/v2\/users\/1"}],"replies":[{"embeddable":true,"href":"https:\/\/costablancabuyers.com\/es\/wp-json\/wp\/v2\/comments?post=31613"}],"version-history":[{"count":0,"href":"https:\/\/costablancabuyers.com\/es\/wp-json\/wp\/v2\/pages\/31613\/revisions"}],"up":[{"embeddable":true,"href":"https:\/\/costablancabuyers.com\/es\/wp-json\/wp\/v2\/pages\/31635"}],"wp:featuredmedia":[{"embeddable":true,"href":"https:\/\/costablancabuyers.com\/es\/wp-json\/wp\/v2\/media\/30067"}],"wp:attachment":[{"href":"https:\/\/costablancabuyers.com\/es\/wp-json\/wp\/v2\/media?parent=31613"}],"curies":[{"name":"wp","href":"https:\/\/api.w.org\/{rel}","templated":true}]}}