{"id":31620,"date":"2026-02-03T09:56:18","date_gmt":"2026-02-03T08:56:18","guid":{"rendered":"https:\/\/costablancabuyers.com\/albir\/"},"modified":"2026-03-04T19:08:45","modified_gmt":"2026-03-04T18:08:45","slug":"albir","status":"publish","type":"page","link":"https:\/\/costablancabuyers.com\/es\/costa-blanca\/albir\/","title":{"rendered":"Albir"},"content":{"rendered":"\t\t<div data-elementor-type=\"wp-page\" data-elementor-id=\"31620\" class=\"elementor elementor-31620 elementor-8074\" data-elementor-post-type=\"page\">\n\t\t\t\t<div class=\"elementor-element elementor-element-6c8c1eac e-flex e-con-boxed e-con e-parent\" data-id=\"6c8c1eac\" data-element_type=\"container\" data-e-type=\"container\">\n\t\t\t\t\t<div class=\"e-con-inner\">\n\t\t\t\t<div class=\"elementor-element elementor-element-207491f7 elementor-widget elementor-widget-image\" data-id=\"207491f7\" data-element_type=\"widget\" data-e-type=\"widget\" data-widget_type=\"image.default\">\n\t\t\t\t\t\t\t\t\t\t\t\t\t\t\t<img fetchpriority=\"high\" decoding=\"async\" width=\"1536\" height=\"1024\" src=\"https:\/\/costablancabuyers.com\/wp-content\/uploads\/2026\/02\/Albir.jpg\" class=\"attachment-full size-full wp-image-30069\" alt=\"albir\" \/>\t\t\t\t\t\t\t\t\t\t\t\t\t\t\t<\/div>\n\t\t\t\t\t<\/div>\n\t\t\t\t<\/div>\n\t\t<div class=\"elementor-element elementor-element-1d6132f e-flex e-con-boxed e-con e-parent\" data-id=\"1d6132f\" data-element_type=\"container\" data-e-type=\"container\">\n\t\t\t\t\t<div class=\"e-con-inner\">\n\t\t\t\t<div class=\"elementor-element elementor-element-eed0416 elementor-widget elementor-widget-heading\" data-id=\"eed0416\" data-element_type=\"widget\" data-e-type=\"widget\" data-widget_type=\"heading.default\">\n\t\t\t\t\t<h2 class=\"elementor-heading-title elementor-size-default\">Albir \u2013 Costa Blanca<\/h2>\t\t\t\t<\/div>\n\t\t\t\t<div class=\"elementor-element elementor-element-a70df8c elementor-widget elementor-widget-text-editor\" data-id=\"a70df8c\" data-element_type=\"widget\" data-e-type=\"widget\" data-widget_type=\"text-editor.default\">\n\t\t\t\t\t\t\t\t\t<p>Albir (El Albir) es una encantadora localidad costera del municipio de Alfaz del Pi, conocida por su hermosa playa, su ambiente residencial tranquilo y su fuerte comunidad escandinava. Es especialmente popular entre compradores que buscan calidad de vida, naturaleza y un estilo de vida mediterr\u00e1neo relajado junto al mar.<\/p>\n<h3>Vivir en Albir<\/h3>\n<p>Albir cuenta con una poblaci\u00f3n internacional bien establecida y es especialmente conocida por su gran comunidad noruega y escandinava. Esto se refleja en una excelente infraestructura y servicios adaptados a residentes internacionales.<\/p>\n<p>Albir ofrece:<\/p>\n<ul>\n<li>un entorno seguro, limpio y bien organizado<\/li>\n<li>servicios m\u00e9dicos y cl\u00ednicas internacionales cercanas<\/li>\n<li>restaurantes y cafeter\u00edas abiertos todo el a\u00f1o<\/li>\n<li>un fuerte sentido de comunidad<\/li>\n<\/ul>\n<p>Muchos residentes eligen Albir para vivir de forma permanente o para estancias largas, especialmente jubilados y parejas que valoran la tranquilidad.<\/p>\n<h3>Comunidad noruega e internacional<\/h3>\n<p>Albir es uno de los principales n\u00facleos noruegos de la Costa Blanca.<\/p>\n<ul>\n<li>Colegio Noruego Costa Blanca cercano<\/li>\n<li>Asociaciones escandinavas y actividades culturales<\/li>\n<li>Servicios adaptados a residentes internacionales y seniors<\/li>\n<\/ul>\n<p><\/p>\n<h3>Playa rom\u00e1ntica y estilo de vida junto al mar<\/h3>\n<p>La playa de Albir es una de las m\u00e1s elegantes y rom\u00e1nticas de la Costa Blanca.<\/p>\n<ul>\n<li>Playa de cantos rodados con aguas cristalinas<\/li>\n<li>Paseo mar\u00edtimo con palmeras, caf\u00e9s y restaurantes<\/li>\n<li>Puestas de sol y vistas al mar<\/li>\n<li>Ambiente tranquilo, nunca masificado<\/li>\n<\/ul>\n<p><\/p>\n<h3>Parque Natural de Serra Gelada y paseo costero a Altea<\/h3>\n<p>Una de las caracter\u00edsticas m\u00e1s especiales de Albir es su acceso directo al Parque Natural de Serra Gelada.<\/p>\n<ul>\n<li>Espacio natural protegido con vistas al mar y la monta\u00f1a<\/li>\n<li>Rutas de senderismo<\/li>\n<li>Famoso paseo costero de Albir a Altea<\/li>\n<\/ul>\n<p><\/p>\n<h3>Golf cerca de Albir<\/h3>\n<p>Muy buena ubicaci\u00f3n para amantes del golf.<\/p>\n<ul>\n<li>Club de Golf Don Cayo \u2013 aprox. 15 minutos<\/li>\n<li>Villaitana Golf \u2013 dos campos de campeonato, aprox. 20 minutos<\/li>\n<\/ul>\n<p><\/p>\n<h3>Mercados y vida diaria<\/h3>\n<p><\/p>\n<ul>\n<li>Mercado semanal de Alfaz del Pi \u2013 viernes por la ma\u00f1ana<\/li>\n<li>Panader\u00edas, caf\u00e9s y supermercados abiertos todo el a\u00f1o<\/li>\n<\/ul>\n<p><\/p>\n<h3>Accesibilidad<\/h3>\n<p><\/p>\n<ul>\n<li>Aeropuerto Alicante\u2013Elche: aprox. 50 minutos (65 km)<\/li>\n<li>Acceso f\u00e1cil por N-332 y AP-7<\/li>\n<li>Cerca de Benidorm, Altea, La Nuc\u00eda y Villajoyosa<\/li>\n<\/ul>\n<p><\/p>\n<h3>Comprar vivienda en Albir (perspectiva del comprador)<\/h3>\n<p>Ideal para quienes buscan:<\/p>\n<ul>\n<li>vida residencial tranquila junto al mar<\/li>\n<li>fuerte comunidad noruega e internacional<\/li>\n<li>estilo de vida rom\u00e1ntico junto a la playa<\/li>\n<li>cercan\u00eda a la naturaleza y rutas costeras<\/li>\n<li>golf sin turismo masivo<\/li>\n<\/ul>\n\t\t\t\t\t\t\t\t<\/div>\n\t\t\t\t\t<\/div>\n\t\t\t\t<\/div>\n\t\t<div class=\"elementor-element elementor-element-3a94b5c2 e-flex e-con-boxed e-con e-parent\" data-id=\"3a94b5c2\" data-element_type=\"container\" data-e-type=\"container\">\n\t\t\t\t\t<div class=\"e-con-inner\">\n\t\t\t\t<div class=\"elementor-element elementor-element-5a204b84 elementor-widget elementor-widget-heading\" data-id=\"5a204b84\" data-element_type=\"widget\" data-e-type=\"widget\" data-widget_type=\"heading.default\">\n\t\t\t\t\t<h2 class=\"elementor-heading-title elementor-size-default\">Cont\u00e1ctanos<\/h2>\t\t\t\t<\/div>\n\t\t\t\t<div class=\"elementor-element elementor-element-759354e3 elementor-button-align-start elementor-widget elementor-widget-global elementor-global-28106 elementor-global-8047 elementor-widget-form\" data-id=\"759354e3\" data-element_type=\"widget\" data-e-type=\"widget\" data-settings=\"{&quot;button_width&quot;:&quot;25&quot;,&quot;step_next_label&quot;:&quot;Siguiente&quot;,&quot;step_previous_label&quot;:&quot;Anterior&quot;,&quot;step_type&quot;:&quot;number_text&quot;,&quot;step_icon_shape&quot;:&quot;circle&quot;}\" data-widget_type=\"form.default\">\n\t\t\t\t\t\t\t<form class=\"elementor-form\" method=\"post\" id=\"getintouch\" name=\"Cont\u00e1ctanos\" aria-label=\"Cont\u00e1ctanos\">\n\t\t\t<input type=\"hidden\" name=\"post_id\" value=\"31620\"\/>\n\t\t\t<input type=\"hidden\" name=\"form_id\" value=\"759354e3\"\/>\n\t\t\t<input type=\"hidden\" name=\"referer_title\" value=\"Costa Blanca Buyers by Yohanne &amp; Jacqueline\" \/>\n\n\t\t\t\n\t\t\t<div class=\"elementor-form-fields-wrapper elementor-labels-\">\n\t\t\t\t\t\t\t\t<div class=\"elementor-field-type-text elementor-field-group elementor-column elementor-field-group-name elementor-col-100\">\n\t\t\t\t\t\t\t\t\t\t\t\t<label for=\"form-field-name\" class=\"elementor-field-label elementor-screen-only\">\n\t\t\t\t\t\t\t\tNombre\t\t\t\t\t\t\t<\/label>\n\t\t\t\t\t\t\t\t\t\t\t\t\t\t<input size=\"1\" type=\"text\" name=\"form_fields[name]\" id=\"form-field-name\" class=\"elementor-field elementor-size-sm  elementor-field-textual\" placeholder=\"Nombre y apellidos\">\n\t\t\t\t\t\t\t\t\t\t\t<\/div>\n\t\t\t\t\t\t\t\t<div class=\"elementor-field-type-email elementor-field-group elementor-column elementor-field-group-email elementor-col-100 elementor-field-required\">\n\t\t\t\t\t\t\t\t\t\t\t\t<label for=\"form-field-email\" class=\"elementor-field-label elementor-screen-only\">\n\t\t\t\t\t\t\t\tCorreo electr\u00f3nico\t\t\t\t\t\t\t<\/label>\n\t\t\t\t\t\t\t\t\t\t\t\t\t\t<input size=\"1\" type=\"email\" name=\"form_fields[email]\" id=\"form-field-email\" class=\"elementor-field elementor-size-sm  elementor-field-textual\" placeholder=\"Correo electr\u00f3nico\" required=\"required\">\n\t\t\t\t\t\t\t\t\t\t\t<\/div>\n\t\t\t\t\t\t\t\t<div class=\"elementor-field-type-tel elementor-field-group elementor-column elementor-field-group-phone elementor-col-100\">\n\t\t\t\t\t\t\t\t\t\t\t\t<label for=\"form-field-phone\" class=\"elementor-field-label elementor-screen-only\">\n\t\t\t\t\t\t\t\tTel\u00e9fono\t\t\t\t\t\t\t<\/label>\n\t\t\t\t\t\t\t\t<input size=\"1\" type=\"tel\" name=\"form_fields[phone]\" id=\"form-field-phone\" class=\"elementor-field elementor-size-sm  elementor-field-textual\" placeholder=\"Tel\u00e9fono \/ WhatsApp\" pattern=\"[0-9()#&amp;+*-=.]+\" title=\"Solo se aceptan n\u00fameros y caracteres de tel\u00e9fono (#,-,*,etc).\">\n\n\t\t\t\t\t\t<\/div>\n\t\t\t\t\t\t\t\t<div class=\"elementor-field-type-select elementor-field-group elementor-column elementor-field-group-field_60ba265 elementor-col-100 elementor-field-required\">\n\t\t\t\t\t\t\t\t\t\t\t\t<label for=\"form-field-field_60ba265\" class=\"elementor-field-label elementor-screen-only\">\n\t\t\t\t\t\t\t\tInteresado en:\t\t\t\t\t\t\t<\/label>\n\t\t\t\t\t\t\t\t<div class=\"elementor-field elementor-select-wrapper remove-before \">\n\t\t\t<div class=\"select-caret-down-wrapper\">\n\t\t\t\t<svg aria-hidden=\"true\" class=\"e-font-icon-svg e-eicon-caret-down\" viewBox=\"0 0 571.4 571.4\" xmlns=\"http:\/\/www.w3.org\/2000\/svg\"><path d=\"M571 393Q571 407 561 418L311 668Q300 679 286 679T261 668L11 418Q0 407 0 393T11 368 36 357H536Q550 357 561 368T571 393Z\"><\/path><\/svg>\t\t\t<\/div>\n\t\t\t<select name=\"form_fields[field_60ba265]\" id=\"form-field-field_60ba265\" class=\"elementor-field-textual elementor-size-sm\" required=\"required\">\n\t\t\t\t\t\t\t\t\t<option value=\"Estoy interesado en:\">Estoy interesado en:<\/option>\n\t\t\t\t\t\t\t\t\t<option value=\"Esta propiedad\">Esta propiedad<\/option>\n\t\t\t\t\t\t\t\t\t<option value=\"Solicitud de visita\">Solicitud de visita<\/option>\n\t\t\t\t\t\t\t\t\t<option value=\"Precio y disponibilidad\">Precio y disponibilidad<\/option>\n\t\t\t\t\t\t\t\t\t<option value=\"Proceso de compra en Espa\u00f1a\">Proceso de compra en Espa\u00f1a<\/option>\n\t\t\t\t\t\t\t\t\t<option value=\"Otra informaci\u00f3n\">Otra informaci\u00f3n<\/option>\n\t\t\t\t\t\t\t<\/select>\n\t\t<\/div>\n\t\t\t\t\t\t<\/div>\n\t\t\t\t\t\t\t\t<div class=\"elementor-field-type-textarea elementor-field-group elementor-column elementor-field-group-message elementor-col-100\">\n\t\t\t\t\t\t\t\t\t\t\t\t<label for=\"form-field-message\" class=\"elementor-field-label elementor-screen-only\">\n\t\t\t\t\t\t\t\tMensaje\t\t\t\t\t\t\t<\/label>\n\t\t\t\t\t\t<textarea class=\"elementor-field-textual elementor-field  elementor-size-sm\" name=\"form_fields[message]\" id=\"form-field-message\" rows=\"4\" placeholder=\"Your message: You can ask questions, request details, or tell us how we can help\"><\/textarea>\t\t\t\t<\/div>\n\t\t\t\t\t\t\t\t<div class=\"elementor-field-type-hidden elementor-field-group elementor-column elementor-field-group-page_or_property elementor-col-100\">\n\t\t\t\t\t\t\t\t\t\t\t\t\t<input size=\"1\" type=\"hidden\" name=\"form_fields[page_or_property]\" id=\"form-field-page_or_property\" class=\"elementor-field elementor-size-sm  elementor-field-textual\">\n\t\t\t\t\t\t\t\t\t\t\t<\/div>\n\t\t\t\t\t\t\t\t<div class=\"elementor-field-group elementor-column elementor-field-type-submit elementor-col-25 e-form__buttons\">\n\t\t\t\t\t<button class=\"elementor-button elementor-size-sm\" type=\"submit\">\n\t\t\t\t\t\t<span class=\"elementor-button-content-wrapper\">\n\t\t\t\t\t\t\t\t\t\t\t\t\t\t\t\t\t\t\t\t\t\t<span class=\"elementor-button-text\">enviar<\/span>\n\t\t\t\t\t\t\t\t\t\t\t\t\t<\/span>\n\t\t\t\t\t<\/button>\n\t\t\t\t<\/div>\n\t\t\t<\/div>\n\t\t<\/form>\n\t\t\t\t\t\t<\/div>\n\t\t\t\t\t<\/div>\n\t\t\t\t<\/div>\n\t\t\t\t<\/div>\n\t\t","protected":false},"excerpt":{"rendered":"<p>Albir es una encantadora localidad costera, conocida por su hermosa playa, su ambiente residencial tranquilo y su fuerte comunidad escandinava.<\/p>\n","protected":false},"author":1,"featured_media":30069,"parent":31635,"menu_order":70,"comment_status":"closed","ping_status":"closed","template":"elementor_header_footer","meta":{"footnotes":""},"class_list":["post-31620","page","type-page","status-publish","has-post-thumbnail","hentry"],"yoast_head":"<!-- This site is optimized with the Yoast SEO plugin v27.6 - https:\/\/yoast.com\/product\/yoast-seo-wordpress\/ -->\n<title>Albir - Costa Blanca Buyers by Yohanne &amp; Jacqueline<\/title>\n<meta name=\"description\" content=\"Albir es una encantadora localidad costera, conocida por su hermosa playa, su ambiente residencial tranquilo y su fuerte comunidad escandinava.\" \/>\n<meta name=\"robots\" content=\"index, follow, max-snippet:-1, max-image-preview:large, max-video-preview:-1\" \/>\n<link rel=\"canonical\" href=\"https:\/\/costablancabuyers.com\/es\/costa-blanca\/albir\/\" \/>\n<meta property=\"og:locale\" content=\"es_ES\" \/>\n<meta property=\"og:type\" content=\"article\" \/>\n<meta property=\"og:title\" content=\"Albir - Costa Blanca Buyers by Yohanne &amp; Jacqueline\" \/>\n<meta property=\"og:description\" content=\"Albir es una encantadora localidad costera, conocida por su hermosa playa, su ambiente residencial tranquilo y su fuerte comunidad escandinava.\" \/>\n<meta property=\"og:url\" content=\"https:\/\/costablancabuyers.com\/es\/costa-blanca\/albir\/\" \/>\n<meta property=\"og:site_name\" content=\"Costa Blanca Buyers by Yohanne &amp; Jacqueline\" \/>\n<meta property=\"article:modified_time\" content=\"2026-03-04T18:08:45+00:00\" \/>\n<meta property=\"og:image\" content=\"https:\/\/costablancabuyers.com\/wp-content\/uploads\/2026\/02\/Albir.jpg\" \/>\n\t<meta property=\"og:image:width\" content=\"1536\" \/>\n\t<meta property=\"og:image:height\" content=\"1024\" \/>\n\t<meta property=\"og:image:type\" content=\"image\/jpeg\" \/>\n<meta name=\"twitter:card\" content=\"summary_large_image\" \/>\n<meta name=\"twitter:label1\" content=\"Tiempo de lectura\" \/>\n\t<meta name=\"twitter:data1\" content=\"2 minutos\" \/>\n<script type=\"application\/ld+json\" class=\"yoast-schema-graph\">{\"@context\":\"https:\\\/\\\/schema.org\",\"@graph\":[{\"@type\":\"WebPage\",\"@id\":\"https:\\\/\\\/costablancabuyers.com\\\/es\\\/costa-blanca\\\/albir\\\/\",\"url\":\"https:\\\/\\\/costablancabuyers.com\\\/es\\\/costa-blanca\\\/albir\\\/\",\"name\":\"Albir - Costa Blanca Buyers by Yohanne &amp; Jacqueline\",\"isPartOf\":{\"@id\":\"https:\\\/\\\/costablancabuyers.com\\\/es\\\/#website\"},\"primaryImageOfPage\":{\"@id\":\"https:\\\/\\\/costablancabuyers.com\\\/es\\\/costa-blanca\\\/albir\\\/#primaryimage\"},\"image\":{\"@id\":\"https:\\\/\\\/costablancabuyers.com\\\/es\\\/costa-blanca\\\/albir\\\/#primaryimage\"},\"thumbnailUrl\":\"https:\\\/\\\/costablancabuyers.com\\\/wp-content\\\/uploads\\\/2026\\\/02\\\/Albir.jpg\",\"datePublished\":\"2026-02-03T08:56:18+00:00\",\"dateModified\":\"2026-03-04T18:08:45+00:00\",\"description\":\"Albir es una encantadora localidad costera, conocida por su hermosa playa, su ambiente residencial tranquilo y su fuerte comunidad escandinava.\",\"breadcrumb\":{\"@id\":\"https:\\\/\\\/costablancabuyers.com\\\/es\\\/costa-blanca\\\/albir\\\/#breadcrumb\"},\"inLanguage\":\"es\",\"potentialAction\":[{\"@type\":\"ReadAction\",\"target\":[\"https:\\\/\\\/costablancabuyers.com\\\/es\\\/costa-blanca\\\/albir\\\/\"]}]},{\"@type\":\"ImageObject\",\"inLanguage\":\"es\",\"@id\":\"https:\\\/\\\/costablancabuyers.com\\\/es\\\/costa-blanca\\\/albir\\\/#primaryimage\",\"url\":\"https:\\\/\\\/costablancabuyers.com\\\/wp-content\\\/uploads\\\/2026\\\/02\\\/Albir.jpg\",\"contentUrl\":\"https:\\\/\\\/costablancabuyers.com\\\/wp-content\\\/uploads\\\/2026\\\/02\\\/Albir.jpg\",\"width\":1536,\"height\":1024,\"caption\":\"albir\"},{\"@type\":\"BreadcrumbList\",\"@id\":\"https:\\\/\\\/costablancabuyers.com\\\/es\\\/costa-blanca\\\/albir\\\/#breadcrumb\",\"itemListElement\":[{\"@type\":\"ListItem\",\"position\":1,\"name\":\"Home\",\"item\":\"https:\\\/\\\/costablancabuyers.com\\\/es\\\/\"},{\"@type\":\"ListItem\",\"position\":2,\"name\":\"Costa Blanca\",\"item\":\"https:\\\/\\\/costablancabuyers.com\\\/es\\\/costa-blanca\\\/\"},{\"@type\":\"ListItem\",\"position\":3,\"name\":\"Albir\"}]},{\"@type\":\"WebSite\",\"@id\":\"https:\\\/\\\/costablancabuyers.com\\\/es\\\/#website\",\"url\":\"https:\\\/\\\/costablancabuyers.com\\\/es\\\/\",\"name\":\"Costa Blanca Buyers by Yohanne & Jacqueline\",\"description\":\"\",\"publisher\":{\"@id\":\"https:\\\/\\\/costablancabuyers.com\\\/es\\\/#organization\"},\"potentialAction\":[{\"@type\":\"SearchAction\",\"target\":{\"@type\":\"EntryPoint\",\"urlTemplate\":\"https:\\\/\\\/costablancabuyers.com\\\/es\\\/?s={search_term_string}\"},\"query-input\":{\"@type\":\"PropertyValueSpecification\",\"valueRequired\":true,\"valueName\":\"search_term_string\"}}],\"inLanguage\":\"es\"},{\"@type\":\"Organization\",\"@id\":\"https:\\\/\\\/costablancabuyers.com\\\/es\\\/#organization\",\"name\":\"Costa Blanca Buyers by Yohanne & Jacqueline\",\"url\":\"https:\\\/\\\/costablancabuyers.com\\\/es\\\/\",\"logo\":{\"@type\":\"ImageObject\",\"inLanguage\":\"es\",\"@id\":\"https:\\\/\\\/costablancabuyers.com\\\/es\\\/#\\\/schema\\\/logo\\\/image\\\/\",\"url\":\"https:\\\/\\\/costablancabuyers.com\\\/wp-content\\\/uploads\\\/2026\\\/01\\\/logo.svg\",\"contentUrl\":\"https:\\\/\\\/costablancabuyers.com\\\/wp-content\\\/uploads\\\/2026\\\/01\\\/logo.svg\",\"width\":500,\"height\":500,\"caption\":\"Costa Blanca Buyers by Yohanne & Jacqueline\"},\"image\":{\"@id\":\"https:\\\/\\\/costablancabuyers.com\\\/es\\\/#\\\/schema\\\/logo\\\/image\\\/\"}}]}<\/script>\n<!-- \/ Yoast SEO plugin. -->","yoast_head_json":{"title":"Albir - Costa Blanca Buyers by Yohanne &amp; Jacqueline","description":"Albir es una encantadora localidad costera, conocida por su hermosa playa, su ambiente residencial tranquilo y su fuerte comunidad escandinava.","robots":{"index":"index","follow":"follow","max-snippet":"max-snippet:-1","max-image-preview":"max-image-preview:large","max-video-preview":"max-video-preview:-1"},"canonical":"https:\/\/costablancabuyers.com\/es\/costa-blanca\/albir\/","og_locale":"es_ES","og_type":"article","og_title":"Albir - Costa Blanca Buyers by Yohanne &amp; Jacqueline","og_description":"Albir es una encantadora localidad costera, conocida por su hermosa playa, su ambiente residencial tranquilo y su fuerte comunidad escandinava.","og_url":"https:\/\/costablancabuyers.com\/es\/costa-blanca\/albir\/","og_site_name":"Costa Blanca Buyers by Yohanne &amp; Jacqueline","article_modified_time":"2026-03-04T18:08:45+00:00","og_image":[{"width":1536,"height":1024,"url":"https:\/\/costablancabuyers.com\/wp-content\/uploads\/2026\/02\/Albir.jpg","type":"image\/jpeg"}],"twitter_card":"summary_large_image","twitter_misc":{"Tiempo de lectura":"2 minutos"},"schema":{"@context":"https:\/\/schema.org","@graph":[{"@type":"WebPage","@id":"https:\/\/costablancabuyers.com\/es\/costa-blanca\/albir\/","url":"https:\/\/costablancabuyers.com\/es\/costa-blanca\/albir\/","name":"Albir - Costa Blanca Buyers by Yohanne &amp; Jacqueline","isPartOf":{"@id":"https:\/\/costablancabuyers.com\/es\/#website"},"primaryImageOfPage":{"@id":"https:\/\/costablancabuyers.com\/es\/costa-blanca\/albir\/#primaryimage"},"image":{"@id":"https:\/\/costablancabuyers.com\/es\/costa-blanca\/albir\/#primaryimage"},"thumbnailUrl":"https:\/\/costablancabuyers.com\/wp-content\/uploads\/2026\/02\/Albir.jpg","datePublished":"2026-02-03T08:56:18+00:00","dateModified":"2026-03-04T18:08:45+00:00","description":"Albir es una encantadora localidad costera, conocida por su hermosa playa, su ambiente residencial tranquilo y su fuerte comunidad escandinava.","breadcrumb":{"@id":"https:\/\/costablancabuyers.com\/es\/costa-blanca\/albir\/#breadcrumb"},"inLanguage":"es","potentialAction":[{"@type":"ReadAction","target":["https:\/\/costablancabuyers.com\/es\/costa-blanca\/albir\/"]}]},{"@type":"ImageObject","inLanguage":"es","@id":"https:\/\/costablancabuyers.com\/es\/costa-blanca\/albir\/#primaryimage","url":"https:\/\/costablancabuyers.com\/wp-content\/uploads\/2026\/02\/Albir.jpg","contentUrl":"https:\/\/costablancabuyers.com\/wp-content\/uploads\/2026\/02\/Albir.jpg","width":1536,"height":1024,"caption":"albir"},{"@type":"BreadcrumbList","@id":"https:\/\/costablancabuyers.com\/es\/costa-blanca\/albir\/#breadcrumb","itemListElement":[{"@type":"ListItem","position":1,"name":"Home","item":"https:\/\/costablancabuyers.com\/es\/"},{"@type":"ListItem","position":2,"name":"Costa Blanca","item":"https:\/\/costablancabuyers.com\/es\/costa-blanca\/"},{"@type":"ListItem","position":3,"name":"Albir"}]},{"@type":"WebSite","@id":"https:\/\/costablancabuyers.com\/es\/#website","url":"https:\/\/costablancabuyers.com\/es\/","name":"Costa Blanca Buyers by Yohanne & Jacqueline","description":"","publisher":{"@id":"https:\/\/costablancabuyers.com\/es\/#organization"},"potentialAction":[{"@type":"SearchAction","target":{"@type":"EntryPoint","urlTemplate":"https:\/\/costablancabuyers.com\/es\/?s={search_term_string}"},"query-input":{"@type":"PropertyValueSpecification","valueRequired":true,"valueName":"search_term_string"}}],"inLanguage":"es"},{"@type":"Organization","@id":"https:\/\/costablancabuyers.com\/es\/#organization","name":"Costa Blanca Buyers by Yohanne & Jacqueline","url":"https:\/\/costablancabuyers.com\/es\/","logo":{"@type":"ImageObject","inLanguage":"es","@id":"https:\/\/costablancabuyers.com\/es\/#\/schema\/logo\/image\/","url":"https:\/\/costablancabuyers.com\/wp-content\/uploads\/2026\/01\/logo.svg","contentUrl":"https:\/\/costablancabuyers.com\/wp-content\/uploads\/2026\/01\/logo.svg","width":500,"height":500,"caption":"Costa Blanca Buyers by Yohanne & Jacqueline"},"image":{"@id":"https:\/\/costablancabuyers.com\/es\/#\/schema\/logo\/image\/"}}]}},"_links":{"self":[{"href":"https:\/\/costablancabuyers.com\/es\/wp-json\/wp\/v2\/pages\/31620","targetHints":{"allow":["GET"]}}],"collection":[{"href":"https:\/\/costablancabuyers.com\/es\/wp-json\/wp\/v2\/pages"}],"about":[{"href":"https:\/\/costablancabuyers.com\/es\/wp-json\/wp\/v2\/types\/page"}],"author":[{"embeddable":true,"href":"https:\/\/costablancabuyers.com\/es\/wp-json\/wp\/v2\/users\/1"}],"replies":[{"embeddable":true,"href":"https:\/\/costablancabuyers.com\/es\/wp-json\/wp\/v2\/comments?post=31620"}],"version-history":[{"count":0,"href":"https:\/\/costablancabuyers.com\/es\/wp-json\/wp\/v2\/pages\/31620\/revisions"}],"up":[{"embeddable":true,"href":"https:\/\/costablancabuyers.com\/es\/wp-json\/wp\/v2\/pages\/31635"}],"wp:featuredmedia":[{"embeddable":true,"href":"https:\/\/costablancabuyers.com\/es\/wp-json\/wp\/v2\/media\/30069"}],"wp:attachment":[{"href":"https:\/\/costablancabuyers.com\/es\/wp-json\/wp\/v2\/media?parent=31620"}],"curies":[{"name":"wp","href":"https:\/\/api.w.org\/{rel}","templated":true}]}}